{"id":3983,"date":"2023-02-23T00:28:43","date_gmt":"2023-02-23T06:28:43","guid":{"rendered":"https:\/\/tecsecmty.com\/index.php\/producto\/dsc-ss102-sensor-de-impacto-cableado-puede-monitorear-vibraciones-menores-e-impacto-al-mismo-tiempo-losprincipales\/"},"modified":"2023-03-22T23:23:26","modified_gmt":"2023-03-23T05:23:26","slug":"dsc-ss102-sensor-de-impacto-cableado-puede-monitorear-vibraciones-menores-e-impacto-al-mismo-tiempo-losprincipales","status":"publish","type":"product","link":"https:\/\/tecsecmty.com\/index.php\/producto\/dsc-ss102-sensor-de-impacto-cableado-puede-monitorear-vibraciones-menores-e-impacto-al-mismo-tiempo-losprincipales\/","title":{"rendered":"DSC SS102 &#8211; Sensor de Impacto cableado puede monitorear vibraciones menores e impacto al mismo tiempo #LosPrincipales"},"content":{"rendered":"<div class=\"row aling-items-center padding-bottom-2x\">\n<div class=\"col-lg-12\">\n<h5 class=\"card-title text-center\">Informaci\u00f3n general<\/h5>\n<p>Los sensores de choque DSC SS-102 tienen el capacidad de detectar y analizar vibraciones s\u00edsmicas causadas por intentos de allanamiento antes de que el intruso pueda entrar en la premisa Estos sensores son ideales para uso residencial, Edificios comerciales, gubernamentales e instalaciones financieras. Cuentan con un LED bicolor \u00fanico para indicar menor o<\/p>\n<p>ataques importantes, protecci\u00f3n antisabotaje completa, un m\u00f3dulo electr\u00f3nico resistente a la humedad y un analizador que permite ajuste de sensibilidad de los sensores. Los sensores tienen un Alta inmunidad a falsas alarmas de baja frecuencia y radio interferencia y son compatibles con todas las marcas de control paneles. El SS-102 puede monitorear vibraciones menores (y contarlos hasta un l\u00edmite preestablecido) y para ataques importantes en el Mismo tiempo.<\/p>\n<p><img decoding=\"async\" class=\"overview-center-img-web\" src=\"https:\/\/tvc.mx\/media\/29043\/BANNER.png\" alt=\"\" \/><\/div>\n<\/div>\n<div class=\"row align-items-center padding-bottom-2x\">\n<div class=\"col-md-5\"><img decoding=\"async\" class=\"d-block m-auto img-thumbnail\" src=\"https:\/\/tvc.mx\/media\/29044\/OVL1.png\" alt=\" \" \/><\/div>\n<div class=\"col-md-7 text-md-left text-center\">\n<h2>Caracter\u00edsticas del producto<\/h2>\n<p class=\"text-muted\">\n<ul>\n<li>Detecci\u00f3n temprana efectiva de intentos de robo<\/li>\n<li>Compatibilidad con panel de control universal<\/li>\n<li>LED bicolor \u00fanico<\/li>\n<li>Protecci\u00f3n antisabotaje completa<\/li>\n<li>M\u00f3dulo electr\u00f3nico resistente a la humedad.<\/li>\n<li>Ajuste de sensibilidad lineal de doble etapa<\/li>\n<li>Alta inmunidad a falsas alarmas e interferencias de radio.<\/li>\n<li>Restablecimiento autom\u00e1tico del rel\u00e9<\/li>\n<li>Conteo de pulso ajustable (2, 4 o 6) (solo SS-102)<\/li>\n<li>Cumple con los requisitos de B.S 4737<\/li>\n<li>CE aprobado, C-Tek, listado por la FCC<\/li>\n<\/ul>\n<p>&nbsp;<\/p>\n<\/div>\n<\/div>\n<hr class=\"padding-bottom-2x\" \/>\n<div class=\"row align-items-center padding-bottom-2x\">\n<div class=\"col-md-5 order-md-2\"><img decoding=\"async\" class=\"d-block m-auto img-thumbnail\" src=\"https:\/\/tvc.mx\/media\/29045\/OVL2.png\" alt=\" \" \/><\/div>\n<div class=\"col-md-7 order-md-1 text-md-left text-center\">\n<h2>Especificaciones.<\/h2>\n<p class=\"text-muted\">\n<pre class=\"ql-syntax\">Dimensiones. . . . . . . . . . . . . . 1 \"x 11\/12\" x 3 1\/3 \"(25 mm x 23 mm x 85 mm)\r\nConsumo de corriente . . . . . . . . . . . . . . . . . . . . . . 16 mA (m\u00e1x.)\r\nAjuste de sensibilidad. . . . . .Potenci\u00f3metro de doble etapa\r\nEnganche . . . . . . . . . . . (SS-102) 1er + subsiguiente o cualquier + 6 hilos\r\nIndicador . . . . . . . . . . . . . . . . . . . . . . . . . . LED de dos colores\r\nClasificaci\u00f3n de contacto de rel\u00e9. . . . . . . . . . . . . . 150 mA, 24 V resistiva,\r\n                                                              10 ohmios 1\/4 vatios\r\nRel\u00e9 de tiempo abierto en alarma. . . . . . . . . 1 segundo (min)\r\nEntorno operativo . . . . . . . . . . . . -4 \u00b0 a 140 \u00b0 F (-20 \u00b0 a 60 \u00b0 C)\r\nHumedad relativa . . . . . . . . . . . . . . . . . . 0% a 90%\r\n\r\n<\/pre>\n<h4>Rango de detecci\u00f3n<\/h4>\n<pre class=\"ql-syntax\">Pared de ladrillo: 2.5 m\r\nAcero: 3 m\r\nMadera: 3.5 m\r\nHormig\u00f3n: 1.5 m\r\nContrachapado: 4 m\r\nGyproc: 2,5 m\r\nVidrio: 3.5 m<\/pre>\n<\/div>\n<\/div>\n","protected":false},"excerpt":{"rendered":"<p>Informaci\u00f3n general Los sensores de choque DSC SS-102 tienen el capacidad de detectar y analizar vibraciones s\u00edsmicas causadas por intentos de allanamiento antes de que el intruso pueda entrar en la premisa Estos sensores son ideales para uso residencial, Edificios comerciales, gubernamentales e instalaciones financieras.&hellip;<\/p>\n","protected":false},"featured_media":3982,"comment_status":"open","ping_status":"closed","template":"","meta":{"om_disable_all_campaigns":false,"_monsterinsights_skip_tracking":false,"_monsterinsights_sitenote_active":false,"_monsterinsights_sitenote_note":"","_monsterinsights_sitenote_category":0},"product_brand":[],"product_cat":[283],"product_tag":[212,211,151],"class_list":{"0":"post-3983","1":"product","2":"type-product","3":"status-publish","4":"has-post-thumbnail","6":"product_cat-sensores-de-alarma-alarmas-dsc","7":"product_tag-alarmas","8":"product_tag-alarmas-e-intrusion","9":"product_tag-seguridad","11":"first","12":"instock","13":"sale","14":"taxable","15":"shipping-taxable","16":"purchasable","17":"product-type-simple"},"aioseo_notices":[],"_links":{"self":[{"href":"https:\/\/tecsecmty.com\/index.php\/wp-json\/wp\/v2\/product\/3983","targetHints":{"allow":["GET"]}}],"collection":[{"href":"https:\/\/tecsecmty.com\/index.php\/wp-json\/wp\/v2\/product"}],"about":[{"href":"https:\/\/tecsecmty.com\/index.php\/wp-json\/wp\/v2\/types\/product"}],"replies":[{"embeddable":true,"href":"https:\/\/tecsecmty.com\/index.php\/wp-json\/wp\/v2\/comments?post=3983"}],"version-history":[{"count":0,"href":"https:\/\/tecsecmty.com\/index.php\/wp-json\/wp\/v2\/product\/3983\/revisions"}],"wp:featuredmedia":[{"embeddable":true,"href":"https:\/\/tecsecmty.com\/index.php\/wp-json\/wp\/v2\/media\/3982"}],"wp:attachment":[{"href":"https:\/\/tecsecmty.com\/index.php\/wp-json\/wp\/v2\/media?parent=3983"}],"wp:term":[{"taxonomy":"product_brand","embeddable":true,"href":"https:\/\/tecsecmty.com\/index.php\/wp-json\/wp\/v2\/product_brand?post=3983"},{"taxonomy":"product_cat","embeddable":true,"href":"https:\/\/tecsecmty.com\/index.php\/wp-json\/wp\/v2\/product_cat?post=3983"},{"taxonomy":"product_tag","embeddable":true,"href":"https:\/\/tecsecmty.com\/index.php\/wp-json\/wp\/v2\/product_tag?post=3983"}],"curies":[{"name":"wp","href":"https:\/\/api.w.org\/{rel}","templated":true}]}}