{"id":3987,"date":"2023-02-23T00:28:46","date_gmt":"2023-02-23T06:28:46","guid":{"rendered":"https:\/\/tecsecmty.com\/index.php\/producto\/dsc-ws4904pm-detector-de-movimiento-infrarrojo-inalambrico-compatible-con-power-series-impassa-y-maxsys-losprincipales\/"},"modified":"2023-03-22T23:23:27","modified_gmt":"2023-03-23T05:23:27","slug":"dsc-ws4904pm-detector-de-movimiento-infrarrojo-inalambrico-compatible-con-power-series-impassa-y-maxsys-losprincipales","status":"publish","type":"product","link":"https:\/\/tecsecmty.com\/index.php\/producto\/dsc-ws4904pm-detector-de-movimiento-infrarrojo-inalambrico-compatible-con-power-series-impassa-y-maxsys-losprincipales\/","title":{"rendered":"DSC WS4904PM &#8211; Detector de Movimiento infrarrojo Inal\u00e1mbrico compatible con Power Series, Impassa y Maxsys #LosPrincipales"},"content":{"rendered":"<div class=\"row aling-items-center padding-bottom-2x\">\n<div class=\"col-lg-12\">\n<h5 class=\"card-title text-center\">Informaci\u00f3n General<\/h5>\n<h1 class=\"ql-align-center\">Detector Movimiento Inal\u00e0mbrico 12X12M Antimascotas para Power \/ IMPASSA<\/h1>\n<p><img decoding=\"async\" class=\"overview-center-img-web\" src=\"https:\/\/tvc.mx\/media\/28928\/principalcomer.jpg\" alt=\"\" \/><\/div>\n<\/div>\n<div class=\"row align-items-center padding-bottom-2x\">\n<div class=\"col-md-5 order-md-2\"><img decoding=\"async\" class=\"d-block m-auto img-thumbnail\" src=\"https:\/\/tvc.mx\/media\/28929\/mov.jpg\" alt=\" \" \/><\/div>\n<div class=\"col-md-7 order-md-1 text-md-left text-center\">\n<h2>Principales Caracteristicas<\/h2>\n<p class=\"text-muted\">\n<ul>\n<li>Reemplaza el WLS904PL-433<\/li>\n<li>Basado en el detector de movimiento por cable 3D Bravo\u00ae<\/li>\n<li>Apagado de alto tr\u00e1fico<\/li>\n<li>Cuenta con inmunidad para mascotas de hasta 60 lb (27 kg)<\/li>\n<li>1 bater\u00eda de litio incluida<\/li>\n<\/ul>\n<p>WS4904PM incluye todas las caracter\u00edsticas que ofrece WS4904P, as\u00ed como mejoras que mejoran la comunicaci\u00f3n inal\u00e1mbrica en regiones que tienen altos niveles de ruido de RF.\u00a0Con varias caracter\u00edsticas distintivas, estos dispositivos robustos y est\u00e9ticamente agradables ofrecen una instalaci\u00f3n r\u00e1pida y f\u00e1cil.<\/p>\n<\/div>\n<\/div>\n","protected":false},"excerpt":{"rendered":"<p>Informaci\u00f3n General Detector Movimiento Inal\u00e0mbrico 12X12M Antimascotas para Power \/ IMPASSA Principales Caracteristicas Reemplaza el WLS904PL-433 Basado en el detector de movimiento por cable 3D Bravo\u00ae Apagado de alto tr\u00e1fico Cuenta con inmunidad para mascotas de hasta 60 lb (27 kg) 1 bater\u00eda de litio&hellip;<\/p>\n","protected":false},"featured_media":3986,"comment_status":"open","ping_status":"closed","template":"","meta":{"om_disable_all_campaigns":false,"_monsterinsights_skip_tracking":false,"_monsterinsights_sitenote_active":false,"_monsterinsights_sitenote_note":"","_monsterinsights_sitenote_category":0},"product_brand":[],"product_cat":[283],"product_tag":[212,211,151],"class_list":{"0":"post-3987","1":"product","2":"type-product","3":"status-publish","4":"has-post-thumbnail","6":"product_cat-sensores-de-alarma-alarmas-dsc","7":"product_tag-alarmas","8":"product_tag-alarmas-e-intrusion","9":"product_tag-seguridad","11":"first","12":"instock","13":"sale","14":"taxable","15":"shipping-taxable","16":"purchasable","17":"product-type-simple"},"aioseo_notices":[],"_links":{"self":[{"href":"https:\/\/tecsecmty.com\/index.php\/wp-json\/wp\/v2\/product\/3987","targetHints":{"allow":["GET"]}}],"collection":[{"href":"https:\/\/tecsecmty.com\/index.php\/wp-json\/wp\/v2\/product"}],"about":[{"href":"https:\/\/tecsecmty.com\/index.php\/wp-json\/wp\/v2\/types\/product"}],"replies":[{"embeddable":true,"href":"https:\/\/tecsecmty.com\/index.php\/wp-json\/wp\/v2\/comments?post=3987"}],"version-history":[{"count":0,"href":"https:\/\/tecsecmty.com\/index.php\/wp-json\/wp\/v2\/product\/3987\/revisions"}],"wp:featuredmedia":[{"embeddable":true,"href":"https:\/\/tecsecmty.com\/index.php\/wp-json\/wp\/v2\/media\/3986"}],"wp:attachment":[{"href":"https:\/\/tecsecmty.com\/index.php\/wp-json\/wp\/v2\/media?parent=3987"}],"wp:term":[{"taxonomy":"product_brand","embeddable":true,"href":"https:\/\/tecsecmty.com\/index.php\/wp-json\/wp\/v2\/product_brand?post=3987"},{"taxonomy":"product_cat","embeddable":true,"href":"https:\/\/tecsecmty.com\/index.php\/wp-json\/wp\/v2\/product_cat?post=3987"},{"taxonomy":"product_tag","embeddable":true,"href":"https:\/\/tecsecmty.com\/index.php\/wp-json\/wp\/v2\/product_tag?post=3987"}],"curies":[{"name":"wp","href":"https:\/\/api.w.org\/{rel}","templated":true}]}}