{"id":3995,"date":"2023-02-23T00:28:51","date_gmt":"2023-02-23T06:28:51","guid":{"rendered":"https:\/\/tecsecmty.com\/index.php\/producto\/dsc-ws4985-detector-de-inundacion-inalambrico-con-frecuencia-433-mhz-compatible-con-power-series-impassa-y-maxsys\/"},"modified":"2023-03-22T23:23:27","modified_gmt":"2023-03-23T05:23:27","slug":"dsc-ws4985-detector-de-inundacion-inalambrico-con-frecuencia-433-mhz-compatible-con-power-series-impassa-y-maxsys","status":"publish","type":"product","link":"https:\/\/tecsecmty.com\/index.php\/producto\/dsc-ws4985-detector-de-inundacion-inalambrico-con-frecuencia-433-mhz-compatible-con-power-series-impassa-y-maxsys\/","title":{"rendered":"DSC WS4985 &#8211; Detector de Inundaci\u00f3n Inal\u00e1mbrico con frecuencia 433 Mhz compatible con Power Series, Impassa y Maxsys"},"content":{"rendered":"<div class=\"row aling-items-center padding-bottom-2x\">\n<div class=\"col-lg-12\">\n<h5 class=\"card-title text-center\">Descripci\u00f3n<\/h5>\n<p>Detector de inundaci\u00f3n inal\u00e1mbrico modelo WS4985 de utilidad en instalaciones que requieran alertar cuando un nivel de agua ha alcanzado el limite o simplemente alertar cuando exista presencia de liquido en la superficie o espacio instalado, funciona de forma inal\u00e1mbrica en cuanto a la comunicaci\u00f3n con el panel y potenciado por bater\u00edas.<\/p>\n<p><img decoding=\"async\" class=\"overview-center-img-web\" src=\"https:\/\/tvc.mx\/media\/68016\/sonda-para-detector-de-temp-centra-overview.jpg\" alt=\"\" \/><\/div>\n<\/div>\n<div class=\"row align-items-center padding-bottom-2x\">\n<div class=\"col-md-5\"><img decoding=\"async\" class=\"d-block m-auto img-thumbnail\" src=\"https:\/\/tvc.mx\/media\/68037\/23676lateraloverviewlateral.jpg\" alt=\" \" \/><\/div>\n<div class=\"col-md-7 text-md-left text-center\">\n<h2>Especificaciones<\/h2>\n<p class=\"text-muted\">\n<ul>\n<li><strong>Humedad de funcionamiento:\u00a0<\/strong>85% RH (m\u00e1x.), s\u00f3lo para el transmisor<\/li>\n<li><strong>Frecuencia de funcionamiento:\u00a0<\/strong>433.9MHz<\/li>\n<li><strong>Temperatura de funcionamiento:\u00a0<\/strong>-10\u00b0C hasta +55\u00b0C s\u00f3lo para el transmisor<\/li>\n<li><strong>Bater\u00eda:\u00a0<\/strong>CR2 Litio (Panasonic o Duracell)<\/li>\n<li><strong>Vida de bater\u00eda:\u00a0<\/strong>4 a\u00f1os (condiciones optimas)<\/li>\n<li><strong>Receptores compatibles:\u00a0<\/strong>RF132-433\/868 | SCW9045\/47-433\/868 | RFK55XX-433\/868 | |PC4164 | PC9155<\/li>\n<\/ul>\n<\/div>\n<\/div>\n","protected":false},"excerpt":{"rendered":"<p>Descripci\u00f3n Detector de inundaci\u00f3n inal\u00e1mbrico modelo WS4985 de utilidad en instalaciones que requieran alertar cuando un nivel de agua ha alcanzado el limite o simplemente alertar cuando exista presencia de liquido en la superficie o espacio instalado, funciona de forma inal\u00e1mbrica en cuanto a la&hellip;<\/p>\n","protected":false},"featured_media":3994,"comment_status":"open","ping_status":"closed","template":"","meta":{"om_disable_all_campaigns":false,"_monsterinsights_skip_tracking":false,"_monsterinsights_sitenote_active":false,"_monsterinsights_sitenote_note":"","_monsterinsights_sitenote_category":0},"product_brand":[],"product_cat":[283],"product_tag":[212,211,151],"class_list":{"0":"post-3995","1":"product","2":"type-product","3":"status-publish","4":"has-post-thumbnail","6":"product_cat-sensores-de-alarma-alarmas-dsc","7":"product_tag-alarmas","8":"product_tag-alarmas-e-intrusion","9":"product_tag-seguridad","11":"first","12":"instock","13":"sale","14":"taxable","15":"shipping-taxable","16":"purchasable","17":"product-type-simple"},"aioseo_notices":[],"_links":{"self":[{"href":"https:\/\/tecsecmty.com\/index.php\/wp-json\/wp\/v2\/product\/3995","targetHints":{"allow":["GET"]}}],"collection":[{"href":"https:\/\/tecsecmty.com\/index.php\/wp-json\/wp\/v2\/product"}],"about":[{"href":"https:\/\/tecsecmty.com\/index.php\/wp-json\/wp\/v2\/types\/product"}],"replies":[{"embeddable":true,"href":"https:\/\/tecsecmty.com\/index.php\/wp-json\/wp\/v2\/comments?post=3995"}],"version-history":[{"count":0,"href":"https:\/\/tecsecmty.com\/index.php\/wp-json\/wp\/v2\/product\/3995\/revisions"}],"wp:featuredmedia":[{"embeddable":true,"href":"https:\/\/tecsecmty.com\/index.php\/wp-json\/wp\/v2\/media\/3994"}],"wp:attachment":[{"href":"https:\/\/tecsecmty.com\/index.php\/wp-json\/wp\/v2\/media?parent=3995"}],"wp:term":[{"taxonomy":"product_brand","embeddable":true,"href":"https:\/\/tecsecmty.com\/index.php\/wp-json\/wp\/v2\/product_brand?post=3995"},{"taxonomy":"product_cat","embeddable":true,"href":"https:\/\/tecsecmty.com\/index.php\/wp-json\/wp\/v2\/product_cat?post=3995"},{"taxonomy":"product_tag","embeddable":true,"href":"https:\/\/tecsecmty.com\/index.php\/wp-json\/wp\/v2\/product_tag?post=3995"}],"curies":[{"name":"wp","href":"https:\/\/api.w.org\/{rel}","templated":true}]}}