{"id":3997,"date":"2023-02-23T00:28:52","date_gmt":"2023-02-23T06:28:52","guid":{"rendered":"https:\/\/tecsecmty.com\/index.php\/producto\/horn-ho03c-contacto-magnetico-alambrico-de-empotrar-compatible-con-dsc-risco-ihorn-salida-n-c\/"},"modified":"2023-03-22T23:23:28","modified_gmt":"2023-03-23T05:23:28","slug":"horn-ho03c-contacto-magnetico-alambrico-de-empotrar-compatible-con-dsc-risco-ihorn-salida-n-c","status":"publish","type":"product","link":"https:\/\/tecsecmty.com\/index.php\/producto\/horn-ho03c-contacto-magnetico-alambrico-de-empotrar-compatible-con-dsc-risco-ihorn-salida-n-c\/","title":{"rendered":"HORN HO03C- Contacto Magn\u00e9tico Al\u00e1mbrico de Empotrar \/ Compatible Con DSC \/ RISCO \/ IHORN \/ Salida N.C."},"content":{"rendered":"<div class=\"row aling-items-center padding-bottom-2x\">\n<div class=\"col-lg-12\">\n<h5 class=\"card-title text-center\">Descripci\u00f3n general<\/h5>\n<p><strong>Serie integrada HO-03C<\/strong><\/p>\n<p>Con un tama\u00f1o muy peque\u00f1o, este sensor de puerta se puede instalar de forma flexible para diferentes entornos.<\/p>\n<p><img decoding=\"async\" class=\"overview-center-img-web\" src=\"https:\/\/tvc.mx\/media\/71028\/LGH1180001-1.jpg\" alt=\"\" \/><\/div>\n<\/div>\n<div class=\"row align-items-center padding-bottom-2x\">\n<div class=\"col-md-5\"><img decoding=\"async\" class=\"d-block m-auto img-thumbnail\" src=\"https:\/\/tvc.mx\/media\/71031\/LGH1180001-2.jpg\" alt=\" \" \/><\/div>\n<div class=\"col-md-7 text-md-left text-center\">\n<h2>Caracter\u00edsticas<\/h2>\n<p class=\"text-muted\">\n<ul>\n<li>Peque\u00f1o volumen, instalaci\u00f3n conveniente<\/li>\n<li>Funci\u00f3n a prueba de golpes<\/li>\n<li>Dise\u00f1o de ahorro de energ\u00eda<\/li>\n<\/ul>\n<p>&nbsp;<\/p>\n<\/div>\n<\/div>\n<hr class=\"padding-bottom-2x\" \/>\n<div class=\"row align-items-center padding-bottom-2x\">\n<div class=\"col-md-5 order-md-2\"><img decoding=\"async\" class=\"d-block m-auto img-thumbnail\" src=\"https:\/\/tvc.mx\/media\/71046\/LGH1180001-3.jpg\" alt=\" \" \/><\/div>\n<div class=\"col-md-7 order-md-1 text-md-left text-center\">\n<h2>Especificaciones<\/h2>\n<p class=\"text-muted\">\n<ul>\n<li>Modelo: HO-03C<\/li>\n<li>Material: ABS<\/li>\n<li>Voltaje (V DC): \u2264100<\/li>\n<li>Corriente de funcionamiento (mA): \u2264500<\/li>\n<li>Modo de contacto: N.C.<\/li>\n<li>Brecha activa (mm): \u226515<\/li>\n<\/ul>\n<\/div>\n<\/div>\n","protected":false},"excerpt":{"rendered":"<p>Descripci\u00f3n general Serie integrada HO-03C Con un tama\u00f1o muy peque\u00f1o, este sensor de puerta se puede instalar de forma flexible para diferentes entornos. Caracter\u00edsticas Peque\u00f1o volumen, instalaci\u00f3n conveniente Funci\u00f3n a prueba de golpes Dise\u00f1o de ahorro de energ\u00eda &nbsp; Especificaciones Modelo: HO-03C Material: ABS Voltaje&hellip;<\/p>\n","protected":false},"featured_media":3996,"comment_status":"open","ping_status":"closed","template":"","meta":{"om_disable_all_campaigns":false,"_monsterinsights_skip_tracking":false,"_monsterinsights_sitenote_active":false,"_monsterinsights_sitenote_note":"","_monsterinsights_sitenote_category":0},"product_brand":[],"product_cat":[284],"product_tag":[212,211,151],"class_list":{"0":"post-3997","1":"product","2":"type-product","3":"status-publish","4":"has-post-thumbnail","6":"product_cat-sensores-de-alarma-alarmas-horn","7":"product_tag-alarmas","8":"product_tag-alarmas-e-intrusion","9":"product_tag-seguridad","11":"first","12":"instock","13":"sale","14":"taxable","15":"shipping-taxable","16":"purchasable","17":"product-type-simple"},"aioseo_notices":[],"_links":{"self":[{"href":"https:\/\/tecsecmty.com\/index.php\/wp-json\/wp\/v2\/product\/3997","targetHints":{"allow":["GET"]}}],"collection":[{"href":"https:\/\/tecsecmty.com\/index.php\/wp-json\/wp\/v2\/product"}],"about":[{"href":"https:\/\/tecsecmty.com\/index.php\/wp-json\/wp\/v2\/types\/product"}],"replies":[{"embeddable":true,"href":"https:\/\/tecsecmty.com\/index.php\/wp-json\/wp\/v2\/comments?post=3997"}],"version-history":[{"count":0,"href":"https:\/\/tecsecmty.com\/index.php\/wp-json\/wp\/v2\/product\/3997\/revisions"}],"wp:featuredmedia":[{"embeddable":true,"href":"https:\/\/tecsecmty.com\/index.php\/wp-json\/wp\/v2\/media\/3996"}],"wp:attachment":[{"href":"https:\/\/tecsecmty.com\/index.php\/wp-json\/wp\/v2\/media?parent=3997"}],"wp:term":[{"taxonomy":"product_brand","embeddable":true,"href":"https:\/\/tecsecmty.com\/index.php\/wp-json\/wp\/v2\/product_brand?post=3997"},{"taxonomy":"product_cat","embeddable":true,"href":"https:\/\/tecsecmty.com\/index.php\/wp-json\/wp\/v2\/product_cat?post=3997"},{"taxonomy":"product_tag","embeddable":true,"href":"https:\/\/tecsecmty.com\/index.php\/wp-json\/wp\/v2\/product_tag?post=3997"}],"curies":[{"name":"wp","href":"https:\/\/api.w.org\/{rel}","templated":true}]}}