{"id":3999,"date":"2023-02-23T00:28:54","date_gmt":"2023-02-23T06:28:54","guid":{"rendered":"https:\/\/tecsecmty.com\/index.php\/producto\/horn-ho03f-contacto-magnetico-alambrico-de-metal-compatible-con-dsc-risco-ihorn-salida-n-c\/"},"modified":"2023-03-22T23:23:28","modified_gmt":"2023-03-23T05:23:28","slug":"horn-ho03f-contacto-magnetico-alambrico-de-metal-compatible-con-dsc-risco-ihorn-salida-n-c","status":"publish","type":"product","link":"https:\/\/tecsecmty.com\/index.php\/producto\/horn-ho03f-contacto-magnetico-alambrico-de-metal-compatible-con-dsc-risco-ihorn-salida-n-c\/","title":{"rendered":"HORN HO03F &#8211; Contacto Magn\u00e9tico Al\u00e1mbrico de Metal. Compatible Con DSC \/ RISCO \/ IHORN \/ Salida N.C."},"content":{"rendered":"<div class=\"row aling-items-center padding-bottom-2x\">\n<div class=\"col-lg-12\">\n<h5 class=\"card-title text-center\">Descripci\u00f3n general<\/h5>\n<p>Serie de puerta de hierro HO-03F<\/p>\n<p>Con recubrimiento de metal, este sensor de puerta podr\u00eda instalarse en la puerta m\u00f3vil del garaje y tiendas, etc.<\/p>\n<p><img decoding=\"async\" class=\"overview-center-img-web\" src=\"https:\/\/tvc.mx\/media\/71106\/HOR1180002-1.jpg\" alt=\"\" \/><\/div>\n<\/div>\n<div class=\"row align-items-center padding-bottom-2x\">\n<div class=\"col-md-5\"><img decoding=\"async\" class=\"d-block m-auto img-thumbnail\" src=\"https:\/\/tvc.mx\/media\/71109\/HOR1180002--2.jpg\" alt=\" \" \/><\/div>\n<div class=\"col-md-7 text-md-left text-center\">\n<h2>Caracter\u00edsticas<\/h2>\n<p class=\"text-muted\">\n<ul>\n<li>Peque\u00f1o volumen, instalaci\u00f3n conveniente<\/li>\n<li>funci\u00f3n a prueba de golpes<\/li>\n<li>Dise\u00f1o de ahorro de energ\u00eda<\/li>\n<\/ul>\n<p>&nbsp;<\/p>\n<\/div>\n<\/div>\n<hr class=\"padding-bottom-2x\" \/>\n<div class=\"row align-items-center padding-bottom-2x\">\n<div class=\"col-md-5 order-md-2\"><img decoding=\"async\" class=\"d-block m-auto img-thumbnail\" src=\"https:\/\/tvc.mx\/media\/71112\/HOR1180002-3.jpg\" alt=\" \" \/><\/div>\n<div class=\"col-md-7 order-md-1 text-md-left text-center\">\n<h2>Especificaciones<\/h2>\n<p class=\"text-muted\">\n<ul>\n<li>Modelo: HO-03F<\/li>\n<li>Material: chapado de metal<\/li>\n<li>Voltaje (V DC): \u2264100<\/li>\n<li>Corriente de funcionamiento (mA): \u2264500<\/li>\n<li>Modo de contacto: N.C.<\/li>\n<li>Brecha activa (mm): \u226535<\/li>\n<\/ul>\n<\/div>\n<\/div>\n","protected":false},"excerpt":{"rendered":"<p>Descripci\u00f3n general Serie de puerta de hierro HO-03F Con recubrimiento de metal, este sensor de puerta podr\u00eda instalarse en la puerta m\u00f3vil del garaje y tiendas, etc. Caracter\u00edsticas Peque\u00f1o volumen, instalaci\u00f3n conveniente funci\u00f3n a prueba de golpes Dise\u00f1o de ahorro de energ\u00eda &nbsp; Especificaciones Modelo:&hellip;<\/p>\n","protected":false},"featured_media":3998,"comment_status":"open","ping_status":"closed","template":"","meta":{"om_disable_all_campaigns":false,"_monsterinsights_skip_tracking":false,"_monsterinsights_sitenote_active":false,"_monsterinsights_sitenote_note":"","_monsterinsights_sitenote_category":0},"product_brand":[],"product_cat":[284],"product_tag":[212,211,151],"class_list":{"0":"post-3999","1":"product","2":"type-product","3":"status-publish","4":"has-post-thumbnail","6":"product_cat-sensores-de-alarma-alarmas-horn","7":"product_tag-alarmas","8":"product_tag-alarmas-e-intrusion","9":"product_tag-seguridad","11":"first","12":"instock","13":"sale","14":"taxable","15":"shipping-taxable","16":"purchasable","17":"product-type-simple"},"aioseo_notices":[],"_links":{"self":[{"href":"https:\/\/tecsecmty.com\/index.php\/wp-json\/wp\/v2\/product\/3999","targetHints":{"allow":["GET"]}}],"collection":[{"href":"https:\/\/tecsecmty.com\/index.php\/wp-json\/wp\/v2\/product"}],"about":[{"href":"https:\/\/tecsecmty.com\/index.php\/wp-json\/wp\/v2\/types\/product"}],"replies":[{"embeddable":true,"href":"https:\/\/tecsecmty.com\/index.php\/wp-json\/wp\/v2\/comments?post=3999"}],"version-history":[{"count":0,"href":"https:\/\/tecsecmty.com\/index.php\/wp-json\/wp\/v2\/product\/3999\/revisions"}],"wp:featuredmedia":[{"embeddable":true,"href":"https:\/\/tecsecmty.com\/index.php\/wp-json\/wp\/v2\/media\/3998"}],"wp:attachment":[{"href":"https:\/\/tecsecmty.com\/index.php\/wp-json\/wp\/v2\/media?parent=3999"}],"wp:term":[{"taxonomy":"product_brand","embeddable":true,"href":"https:\/\/tecsecmty.com\/index.php\/wp-json\/wp\/v2\/product_brand?post=3999"},{"taxonomy":"product_cat","embeddable":true,"href":"https:\/\/tecsecmty.com\/index.php\/wp-json\/wp\/v2\/product_cat?post=3999"},{"taxonomy":"product_tag","embeddable":true,"href":"https:\/\/tecsecmty.com\/index.php\/wp-json\/wp\/v2\/product_tag?post=3999"}],"curies":[{"name":"wp","href":"https:\/\/api.w.org\/{rel}","templated":true}]}}