{"id":4005,"date":"2023-02-23T00:28:59","date_gmt":"2023-02-23T06:28:59","guid":{"rendered":"https:\/\/tecsecmty.com\/index.php\/producto\/ihorn-ho03-contacto-magnetico-alambrico-compatible-con-dsc-risco-ihorn-salida-nc\/"},"modified":"2023-03-22T23:23:29","modified_gmt":"2023-03-23T05:23:29","slug":"ihorn-ho03-contacto-magnetico-alambrico-compatible-con-dsc-risco-ihorn-salida-nc","status":"publish","type":"product","link":"https:\/\/tecsecmty.com\/index.php\/producto\/ihorn-ho03-contacto-magnetico-alambrico-compatible-con-dsc-risco-ihorn-salida-nc\/","title":{"rendered":"IHORN HO03 &#8211; Contacto Magnetico Alambrico \/ Compatible Con DSC \/ RISCO \/ IHORN \/ Salida NC"},"content":{"rendered":"<div class=\"row aling-items-center padding-bottom-2x\">\n<div class=\"col-lg-12\">\n<h5 class=\"card-title text-center\">Descripci\u00f3n<\/h5>\n<p class=\"ql-align-justify\">Contacto magn\u00e9tico cableado tradicional modelo\u00a0<strong>HO-03<\/strong>\u00a0de iHorn para proteger puertas y ventanas en paneles de intrusi\u00f3n que soporten zonas cableadas en su tarjeta de conexiones. compatible con todo tipo de panel de alarma en soluciones de tipo cableado tradicional.<\/p>\n<p><img decoding=\"async\" class=\"overview-center-img-web\" src=\"https:\/\/tvc.mx\/media\/85456\/magnetic-contact-horn.jpg\" alt=\"\" \/><\/p>\n<\/div>\n<\/div>\n<div class=\"row align-items-center padding-bottom-2x\">\n<div class=\"col-md-5\"><img decoding=\"async\" class=\"d-block m-auto img-thumbnail\" src=\"https:\/\/tvc.mx\/media\/85460\/lateral-side-view.jpg\" alt=\" \" \/><\/div>\n<div class=\"col-md-7 text-md-left text-center\">\n<h2>Especificaciones<\/h2>\n<ul>\n<li>Contactos magn\u00e9ticos de montaje en superficie<\/li>\n<li>Sensor Normalmente Cerrado N.C.<\/li>\n<li>GAD &gt;= 17 mm<\/li>\n<li>Montaje adhesivo<\/li>\n<li>Terminales chapados en oro para una vida \u00fatil y confiabilidad m\u00e1s prolongadas<\/li>\n<li>Terminales de tornillo<\/li>\n<li>La cubierta oculta los tornillos de montaje, el bloque de terminales y los cables.<\/li>\n<li>Interruptor de un solo polo tiro doble, chapado en iridio para tener un alto punto de fusi\u00f3n y dureza Vickers para un mayor manejo de la potencia y una vida \u00fatil m\u00e1s larga<\/li>\n<li>Para circuitos cerrados.<\/li>\n<li>Voltaje &lt;= 500 mA@ &lt;= 100 VDC, 3 W<\/li>\n<li>Color blanco<\/li>\n<\/ul>\n<p>&nbsp;<\/p>\n<\/div>\n<\/div>\n<hr class=\"padding-bottom-2x\" \/>\n<div class=\"row align-items-center padding-bottom-2x\">\n<div class=\"col-md-5\"><img decoding=\"async\" class=\"d-block m-auto img-thumbnail\" src=\"https:\/\/tvc.mx\/media\/85464\/dimensiones%2C-magnetic-contact.jpg\" alt=\" \" \/><\/div>\n<div class=\"col-md-7 text-md-left text-center\">\n<h2>Funcionamiento<\/h2>\n<h4 class=\"ql-align-center\"><strong>DIAGRAMA DEL DISPOSITIVO<\/strong><\/h4>\n<p>Instrucciones de instalaci\u00f3n<\/p>\n<ol>\n<li>Ubicar el sensor en la posici\u00f3n\u00a0requerida, ya sea ventana o puerta.<\/li>\n<li>Utilizar cable de 2 hilos 2X22 no polarizado para alarma.<\/li>\n<li>Conectar los hilos desde el sensor hasta la zona determinada y terminal GND dentro del Panel de alarma.<\/li>\n<li class=\"ql-align-justify\">Revisar que los dos hilos queden perfectamente conectados a los tornillos en el contacto magn\u00e9tico.<\/li>\n<li>Conectar en serie la resistencia requerida para compatibilidad del panel de alarma y el funcionamiento sea el correcto.<\/li>\n<li class=\"ql-align-justify\">Cuando la separaci\u00f3n\u00a0ente ambos cuerpos magn\u00e9ticos\u00a0sea mayor a los 20\u00a0mm, se activara la alarma<\/li>\n<li class=\"ql-align-justify\">Activa la sirena hasta que sea atendida la emergencia como corresponda\u00a0en el sitio de la intrusi\u00f3n.<\/li>\n<li class=\"ql-align-justify\">La instalaci\u00f3n correcta evitara visitas no necesarias.<\/li>\n<\/ol>\n<\/div>\n<\/div>\n","protected":false},"excerpt":{"rendered":"<p>Descripci\u00f3n Contacto magn\u00e9tico cableado tradicional modelo\u00a0HO-03\u00a0de iHorn para proteger puertas y ventanas en paneles de intrusi\u00f3n que soporten zonas cableadas en su tarjeta de conexiones. compatible con todo tipo de panel de alarma en soluciones de tipo cableado tradicional. Especificaciones Contactos magn\u00e9ticos de montaje en&hellip;<\/p>\n","protected":false},"featured_media":4004,"comment_status":"open","ping_status":"closed","template":"","meta":{"om_disable_all_campaigns":false,"_monsterinsights_skip_tracking":false,"_monsterinsights_sitenote_active":false,"_monsterinsights_sitenote_note":"","_monsterinsights_sitenote_category":0},"product_brand":[],"product_cat":[284],"product_tag":[212,211,151],"class_list":{"0":"post-4005","1":"product","2":"type-product","3":"status-publish","4":"has-post-thumbnail","6":"product_cat-sensores-de-alarma-alarmas-horn","7":"product_tag-alarmas","8":"product_tag-alarmas-e-intrusion","9":"product_tag-seguridad","11":"first","12":"instock","13":"sale","14":"taxable","15":"shipping-taxable","16":"purchasable","17":"product-type-simple"},"aioseo_notices":[],"_links":{"self":[{"href":"https:\/\/tecsecmty.com\/index.php\/wp-json\/wp\/v2\/product\/4005","targetHints":{"allow":["GET"]}}],"collection":[{"href":"https:\/\/tecsecmty.com\/index.php\/wp-json\/wp\/v2\/product"}],"about":[{"href":"https:\/\/tecsecmty.com\/index.php\/wp-json\/wp\/v2\/types\/product"}],"replies":[{"embeddable":true,"href":"https:\/\/tecsecmty.com\/index.php\/wp-json\/wp\/v2\/comments?post=4005"}],"version-history":[{"count":0,"href":"https:\/\/tecsecmty.com\/index.php\/wp-json\/wp\/v2\/product\/4005\/revisions"}],"wp:featuredmedia":[{"embeddable":true,"href":"https:\/\/tecsecmty.com\/index.php\/wp-json\/wp\/v2\/media\/4004"}],"wp:attachment":[{"href":"https:\/\/tecsecmty.com\/index.php\/wp-json\/wp\/v2\/media?parent=4005"}],"wp:term":[{"taxonomy":"product_brand","embeddable":true,"href":"https:\/\/tecsecmty.com\/index.php\/wp-json\/wp\/v2\/product_brand?post=4005"},{"taxonomy":"product_cat","embeddable":true,"href":"https:\/\/tecsecmty.com\/index.php\/wp-json\/wp\/v2\/product_cat?post=4005"},{"taxonomy":"product_tag","embeddable":true,"href":"https:\/\/tecsecmty.com\/index.php\/wp-json\/wp\/v2\/product_tag?post=4005"}],"curies":[{"name":"wp","href":"https:\/\/api.w.org\/{rel}","templated":true}]}}