{"id":4007,"date":"2023-02-23T00:29:02","date_gmt":"2023-02-23T06:29:02","guid":{"rendered":"https:\/\/tecsecmty.com\/index.php\/producto\/ihorn-ho03i-sensor-magnetico-de-cortina-metalico-nc-compatible-con-paneles-ihorn-risco-dsc-bosch\/"},"modified":"2023-03-22T23:23:29","modified_gmt":"2023-03-23T05:23:29","slug":"ihorn-ho03i-sensor-magnetico-de-cortina-metalico-nc-compatible-con-paneles-ihorn-risco-dsc-bosch","status":"publish","type":"product","link":"https:\/\/tecsecmty.com\/index.php\/producto\/ihorn-ho03i-sensor-magnetico-de-cortina-metalico-nc-compatible-con-paneles-ihorn-risco-dsc-bosch\/","title":{"rendered":"IHORN HO03I &#8211; Sensor Magnetico de Cortina Metalico \/NC compatible con paneles IHORN \/ RISCO \/ DSC \/ BOSCH ."},"content":{"rendered":"<div class=\"row aling-items-center padding-bottom-2x\">\n<div class=\"col-lg-12\">\n<h5 class=\"card-title text-center\">Descripci\u00f3n<\/h5>\n<h4 class=\"ql-align-center\"><strong>CONTACTO MAGN\u00c9TICO OVER HEAD HO-03I<\/strong><\/h4>\n<p>Caracter\u00edsticas:<\/p>\n<ul>\n<li class=\"ql-align-justify\">Se utiliza para puertas\/ portones\/ cortinas\u00a0en situaciones industriales y residenciales donde existe una amplia brecha<\/li>\n<li class=\"ql-align-justify\">Sensor Normalmente Cerrado N.C.<\/li>\n<li class=\"ql-align-justify\">GAD &gt;= 40 mm<\/li>\n<li class=\"ql-align-justify\">Im\u00e1n encerrado en compuesto epoxi dentro de la caja de aluminio para instalaci\u00f3n directa en la puerta del garaje<\/li>\n<li class=\"ql-align-justify\">Cables de 24\u2033 (61cm) encerrados en un cable blindado<\/li>\n<li class=\"ql-align-justify\">Ajustable para adaptarse a la mayor\u00eda de los anchos de canal de puerta<\/li>\n<\/ul>\n<p class=\"ql-align-justify\">Especificaciones:<\/p>\n<ul>\n<li class=\"ql-align-justify\">Para circuitos cerrados.<\/li>\n<li class=\"ql-align-justify\">\u00a0Voltaje &lt;= 500 mA@ &lt;= 100 VDC, 10 W<\/li>\n<li class=\"ql-align-justify\">IP68 &#8211; Sellado con epoxI<\/li>\n<li class=\"ql-align-justify\">Chapado de metal<\/li>\n<\/ul>\n<p><img decoding=\"async\" class=\"overview-center-img-web\" src=\"https:\/\/tvc.mx\/media\/85788\/contacto-de-cortina.jpg\" alt=\"\" \/><\/div>\n<\/div>\n<div class=\"row align-items-center padding-bottom-2x\">\n<div class=\"col-md-5\"><img decoding=\"async\" class=\"d-block m-auto img-thumbnail\" src=\"https:\/\/tvc.mx\/media\/85792\/magnetic-conntactlateral.jpg\" alt=\" \" \/><\/div>\n<div class=\"col-md-7 text-md-left text-center\">\n<h2>Especificaciones<\/h2>\n<p class=\"text-muted\">\n<ul>\n<li class=\"ql-align-justify\">Para circuitos cerrados.<\/li>\n<li class=\"ql-align-justify\">\u00a0Voltaje &lt;= 500 mA@ &lt;= 100 VDC, 10 W<\/li>\n<li class=\"ql-align-justify\">IP68 &#8211; Sellado con epoxI<\/li>\n<li class=\"ql-align-justify\">Chapado de metal<\/li>\n<\/ul>\n<p>&nbsp;<\/p>\n<\/div>\n<\/div>\n<hr class=\"padding-bottom-2x\" \/>\n<div class=\"row align-items-center padding-bottom-2x\">\n<div class=\"col-md-5\"><img decoding=\"async\" class=\"d-block m-auto img-thumbnail\" src=\"https:\/\/tvc.mx\/media\/85796\/contacto-magn%C3%A9tico-de-cortina.jpg\" alt=\" \" \/><\/div>\n<div class=\"col-md-7 text-md-left text-center\">\n<h2>Funci\u00f3n<\/h2>\n<p class=\"text-muted\">\n<h4 class=\"ql-align-center\"><strong>DIAGRAMA DE DISPOSITIVO<\/strong><\/h4>\n<p>Recomendaciones de instalaci\u00f3n:<\/p>\n<ol>\n<li>Ubicar el sensor en la posici\u00f3n\u00a0requerida, ya sea puerta\u00a0\/ cortina \/ portones.<\/li>\n<li>Utilizar cable de 2 hilos 2X22 no polarizado para alarma.<\/li>\n<li class=\"ql-align-justify\">Conectar los hilos desde el sensor hasta la zona determinada y terminal GND dentro del Panel de alarma.<\/li>\n<li class=\"ql-align-justify\">Revisar que los dos hilos queden perfectamente conectados a los tornillos en el contacto magn\u00e9tico.<\/li>\n<li>Conectar en serie la resistencia requerida para compatibilidad del panel de alarma y el funcionamiento sea el correcto.<\/li>\n<li class=\"ql-align-justify\">Cuando la separaci\u00f3n\u00a0ente ambos cuerpos magn\u00e9ticos\u00a0sea mayor a los 40\u00a0mm, se activara la alarma<\/li>\n<li class=\"ql-align-justify\">Activa la sirena hasta que sea atendida la emergencia como corresponda\u00a0en el sitio de la intrusi\u00f3n.<\/li>\n<li class=\"ql-align-justify\">La instalaci\u00f3n correcta evitara visitas no necesarias.<\/li>\n<\/ol>\n<\/div>\n<\/div>\n","protected":false},"excerpt":{"rendered":"<p>Descripci\u00f3n CONTACTO MAGN\u00c9TICO OVER HEAD HO-03I Caracter\u00edsticas: Se utiliza para puertas\/ portones\/ cortinas\u00a0en situaciones industriales y residenciales donde existe una amplia brecha Sensor Normalmente Cerrado N.C. GAD &gt;= 40 mm Im\u00e1n encerrado en compuesto epoxi dentro de la caja de aluminio para instalaci\u00f3n directa en&hellip;<\/p>\n","protected":false},"featured_media":4006,"comment_status":"open","ping_status":"closed","template":"","meta":{"om_disable_all_campaigns":false,"_monsterinsights_skip_tracking":false,"_monsterinsights_sitenote_active":false,"_monsterinsights_sitenote_note":"","_monsterinsights_sitenote_category":0},"product_brand":[],"product_cat":[284],"product_tag":[212,211,151],"class_list":{"0":"post-4007","1":"product","2":"type-product","3":"status-publish","4":"has-post-thumbnail","6":"product_cat-sensores-de-alarma-alarmas-horn","7":"product_tag-alarmas","8":"product_tag-alarmas-e-intrusion","9":"product_tag-seguridad","11":"first","12":"instock","13":"sale","14":"taxable","15":"shipping-taxable","16":"purchasable","17":"product-type-simple"},"aioseo_notices":[],"_links":{"self":[{"href":"https:\/\/tecsecmty.com\/index.php\/wp-json\/wp\/v2\/product\/4007","targetHints":{"allow":["GET"]}}],"collection":[{"href":"https:\/\/tecsecmty.com\/index.php\/wp-json\/wp\/v2\/product"}],"about":[{"href":"https:\/\/tecsecmty.com\/index.php\/wp-json\/wp\/v2\/types\/product"}],"replies":[{"embeddable":true,"href":"https:\/\/tecsecmty.com\/index.php\/wp-json\/wp\/v2\/comments?post=4007"}],"version-history":[{"count":0,"href":"https:\/\/tecsecmty.com\/index.php\/wp-json\/wp\/v2\/product\/4007\/revisions"}],"wp:featuredmedia":[{"embeddable":true,"href":"https:\/\/tecsecmty.com\/index.php\/wp-json\/wp\/v2\/media\/4006"}],"wp:attachment":[{"href":"https:\/\/tecsecmty.com\/index.php\/wp-json\/wp\/v2\/media?parent=4007"}],"wp:term":[{"taxonomy":"product_brand","embeddable":true,"href":"https:\/\/tecsecmty.com\/index.php\/wp-json\/wp\/v2\/product_brand?post=4007"},{"taxonomy":"product_cat","embeddable":true,"href":"https:\/\/tecsecmty.com\/index.php\/wp-json\/wp\/v2\/product_cat?post=4007"},{"taxonomy":"product_tag","embeddable":true,"href":"https:\/\/tecsecmty.com\/index.php\/wp-json\/wp\/v2\/product_tag?post=4007"}],"curies":[{"name":"wp","href":"https:\/\/api.w.org\/{rel}","templated":true}]}}