{"id":4009,"date":"2023-02-23T00:29:06","date_gmt":"2023-02-23T06:29:06","guid":{"rendered":"https:\/\/tecsecmty.com\/index.php\/producto\/ihorn-ho09af-sensor-de-puerta-inalambrico-433-mhz-compatible-con-panel-nd1-y-n8003\/"},"modified":"2023-03-22T23:23:29","modified_gmt":"2023-03-23T05:23:29","slug":"ihorn-ho09af-sensor-de-puerta-inalambrico-433-mhz-compatible-con-panel-nd1-y-n8003","status":"publish","type":"product","link":"https:\/\/tecsecmty.com\/index.php\/producto\/ihorn-ho09af-sensor-de-puerta-inalambrico-433-mhz-compatible-con-panel-nd1-y-n8003\/","title":{"rendered":"IHORN HO09AF &#8211; Sensor de puerta inalambrico \/ 433 Mhz \/ Compatible con panel ND1 y N8003"},"content":{"rendered":"<div class=\"row aling-items-center padding-bottom-2x\">\n<div class=\"col-lg-12\">\n<h5 class=\"card-title text-center\">Descripci\u00f3n<\/h5>\n<p class=\"ql-align-justify\">El sensor\u00a0<strong>HO09AF<\/strong>es un sensor magn\u00e9tico para puerta o ventana inal\u00e1mbrico el cual es compatible con el panel Longhorn LHD8003 por su tama\u00f1o y practicidad es excelente para las instalaciones m\u00e1s rigurosas y requisadas ya que su forma est\u00e9tica y delgada, es excelente para cualquier tipo de superficie y puede ser pegado con su cinta doble cara.\u00a0El sistema de alarmas Longhorn, proporciona a los usuarios por comunicaci\u00f3n de red telef\u00f3nica y controlada remotamente para tratar las emergencias en tiempo, asegurando a los usuarios seguridad personal y de sus propiedades. Con funciones completas, im\u00e1genes flexibles, protegido de destrucciones fuertes y operaci\u00f3n\u00a0conveniente, es muy adecuado para residencias, tiendas, f\u00e1bricas, almacenes, bancos, escuelas y hospitales, etc.<\/p>\n<p><img decoding=\"async\" class=\"overview-center-img-web\" src=\"https:\/\/tvc.mx\/media\/87204\/magnetic-contact.jpg\" alt=\"\" \/><\/div>\n<\/div>\n<div class=\"row align-items-center padding-bottom-2x\">\n<div class=\"col-md-5\"><img decoding=\"async\" class=\"d-block m-auto img-thumbnail\" src=\"https:\/\/tvc.mx\/media\/86832\/LGH018018lateral.jpg\" alt=\" \" \/><\/div>\n<div class=\"col-md-7 text-md-left text-center\">\n<h2>Especificaciones<\/h2>\n<p class=\"text-muted\">\n<ul>\n<li>Protocolo inal\u00e1mbrico: ASK433Mhz.<\/li>\n<li>Funcionamiento voltaje: DC3V.<\/li>\n<li>Corriente de trabajo:\u00a017mA.<\/li>\n<li>Temperatura de trabajo:\u00a0-10 \u00b0 C * ~ 55 \u00b0 C.<\/li>\n<li>Distancia inal\u00e1mbrica:\u00a0\u00a050m.<\/li>\n<li>Baja tensi\u00f3n: 2.5V.<\/li>\n<li>Trasmici\u00f3n: 14dBm.<\/li>\n<li>Recibiendo: -108dBm.<\/li>\n<li>Tama\u00f1o: 80x54x18mm.<\/li>\n<\/ul>\n<\/div>\n<\/div>\n","protected":false},"excerpt":{"rendered":"<p>Descripci\u00f3n El sensor\u00a0HO09AFes un sensor magn\u00e9tico para puerta o ventana inal\u00e1mbrico el cual es compatible con el panel Longhorn LHD8003 por su tama\u00f1o y practicidad es excelente para las instalaciones m\u00e1s rigurosas y requisadas ya que su forma est\u00e9tica y delgada, es excelente para cualquier&hellip;<\/p>\n","protected":false},"featured_media":4008,"comment_status":"open","ping_status":"closed","template":"","meta":{"om_disable_all_campaigns":false,"_monsterinsights_skip_tracking":false,"_monsterinsights_sitenote_active":false,"_monsterinsights_sitenote_note":"","_monsterinsights_sitenote_category":0},"product_brand":[],"product_cat":[284],"product_tag":[212,211,151],"class_list":{"0":"post-4009","1":"product","2":"type-product","3":"status-publish","4":"has-post-thumbnail","6":"product_cat-sensores-de-alarma-alarmas-horn","7":"product_tag-alarmas","8":"product_tag-alarmas-e-intrusion","9":"product_tag-seguridad","11":"first","12":"instock","13":"sale","14":"taxable","15":"shipping-taxable","16":"purchasable","17":"product-type-simple"},"aioseo_notices":[],"_links":{"self":[{"href":"https:\/\/tecsecmty.com\/index.php\/wp-json\/wp\/v2\/product\/4009","targetHints":{"allow":["GET"]}}],"collection":[{"href":"https:\/\/tecsecmty.com\/index.php\/wp-json\/wp\/v2\/product"}],"about":[{"href":"https:\/\/tecsecmty.com\/index.php\/wp-json\/wp\/v2\/types\/product"}],"replies":[{"embeddable":true,"href":"https:\/\/tecsecmty.com\/index.php\/wp-json\/wp\/v2\/comments?post=4009"}],"version-history":[{"count":0,"href":"https:\/\/tecsecmty.com\/index.php\/wp-json\/wp\/v2\/product\/4009\/revisions"}],"wp:featuredmedia":[{"embeddable":true,"href":"https:\/\/tecsecmty.com\/index.php\/wp-json\/wp\/v2\/media\/4008"}],"wp:attachment":[{"href":"https:\/\/tecsecmty.com\/index.php\/wp-json\/wp\/v2\/media?parent=4009"}],"wp:term":[{"taxonomy":"product_brand","embeddable":true,"href":"https:\/\/tecsecmty.com\/index.php\/wp-json\/wp\/v2\/product_brand?post=4009"},{"taxonomy":"product_cat","embeddable":true,"href":"https:\/\/tecsecmty.com\/index.php\/wp-json\/wp\/v2\/product_cat?post=4009"},{"taxonomy":"product_tag","embeddable":true,"href":"https:\/\/tecsecmty.com\/index.php\/wp-json\/wp\/v2\/product_tag?post=4009"}],"curies":[{"name":"wp","href":"https:\/\/api.w.org\/{rel}","templated":true}]}}