{"id":4011,"date":"2023-02-23T00:29:07","date_gmt":"2023-02-23T06:29:07","guid":{"rendered":"https:\/\/tecsecmty.com\/index.php\/producto\/ihorn-lh29f-detector-de-temperatura-inalambrico-433-mhz-compatible-con-panel-nd1-y-n8003\/"},"modified":"2023-03-22T23:23:29","modified_gmt":"2023-03-23T05:23:29","slug":"ihorn-lh29f-detector-de-temperatura-inalambrico-433-mhz-compatible-con-panel-nd1-y-n8003","status":"publish","type":"product","link":"https:\/\/tecsecmty.com\/index.php\/producto\/ihorn-lh29f-detector-de-temperatura-inalambrico-433-mhz-compatible-con-panel-nd1-y-n8003\/","title":{"rendered":"IHORN LH29F &#8211; Detector de temperatura inalambrico \/ 433 Mhz \/ Compatible con panel ND1 y N8003"},"content":{"rendered":"<div class=\"row aling-items-center padding-bottom-2x\">\n<div class=\"col-lg-12\">\n<h5 class=\"card-title text-center\">Descripci\u00f3n<\/h5>\n<p>El sensor de temperatura\u00a0<strong>LH-29F<\/strong>\u00a0es de utilidad cuando la temperatura detectada excede el alcance de la configuraci\u00f3n, el detector env\u00eda una se\u00f1al de alarma al panel, se env\u00eda una notificaci\u00f3n a su tel\u00e9fono m\u00f3vil al mismo tiempo, puede saberlo a tiempo y notificarlo.<\/p>\n<p><img decoding=\"async\" class=\"overview-center-img-web\" src=\"https:\/\/tvc.mx\/media\/87180\/LH29F.jpg\" alt=\"\" \/><\/div>\n<\/div>\n<div class=\"row align-items-center padding-bottom-2x\">\n<div class=\"col-md-5\"><img decoding=\"async\" class=\"d-block m-auto img-thumbnail\" src=\"https:\/\/tvc.mx\/media\/87184\/LH-29F.jpg\" alt=\" \" \/><\/div>\n<div class=\"col-md-7 text-md-left text-center\">\n<h2>Especificaciones<\/h2>\n<p class=\"text-muted\">\n<ul>\n<li><strong>Modelo<\/strong>: LH-29FLH-<\/li>\n<li><strong>Protocolo de comunicaci\u00f3n:\u00a0<\/strong>ASK 433MHz<\/li>\n<li><strong>Voltaje de operaci\u00f3n:\u00a0<\/strong>3V DC<\/li>\n<li><strong>Corriente de operaci\u00f3n:\u00a0<\/strong>\u226430\u00a0mA\u226430<\/li>\n<li><strong>Temperatura de operaci\u00f3n:\u00a0<\/strong>-20\u2103~70\u2103<\/li>\n<li><strong>Distancia inal\u00e1mbrica:\u00a0<\/strong>\u00a0\u2265100m\u00a0\u226580m Low<\/li>\n<li><strong>Alerta de bajo voltaje:\u00a0<\/strong>2.5V\u00b10.2V<\/li>\n<li><strong>Transmisi\u00f3n:\u00a0<\/strong>\u226414dBm<\/li>\n<li><strong>Recepci\u00f3n:\u00a0<\/strong>-108dBm<\/li>\n<li><strong>Dimensiones:\u00a0<\/strong>73x52x21mm<\/li>\n<\/ul>\n<\/div>\n<\/div>\n","protected":false},"excerpt":{"rendered":"<p>Descripci\u00f3n El sensor de temperatura\u00a0LH-29F\u00a0es de utilidad cuando la temperatura detectada excede el alcance de la configuraci\u00f3n, el detector env\u00eda una se\u00f1al de alarma al panel, se env\u00eda una notificaci\u00f3n a su tel\u00e9fono m\u00f3vil al mismo tiempo, puede saberlo a tiempo y notificarlo. Especificaciones Modelo:&hellip;<\/p>\n","protected":false},"featured_media":4010,"comment_status":"open","ping_status":"closed","template":"","meta":{"om_disable_all_campaigns":false,"_monsterinsights_skip_tracking":false,"_monsterinsights_sitenote_active":false,"_monsterinsights_sitenote_note":"","_monsterinsights_sitenote_category":0},"product_brand":[],"product_cat":[284],"product_tag":[212,211,151],"class_list":{"0":"post-4011","1":"product","2":"type-product","3":"status-publish","4":"has-post-thumbnail","6":"product_cat-sensores-de-alarma-alarmas-horn","7":"product_tag-alarmas","8":"product_tag-alarmas-e-intrusion","9":"product_tag-seguridad","11":"first","12":"instock","13":"sale","14":"taxable","15":"shipping-taxable","16":"purchasable","17":"product-type-simple"},"aioseo_notices":[],"_links":{"self":[{"href":"https:\/\/tecsecmty.com\/index.php\/wp-json\/wp\/v2\/product\/4011","targetHints":{"allow":["GET"]}}],"collection":[{"href":"https:\/\/tecsecmty.com\/index.php\/wp-json\/wp\/v2\/product"}],"about":[{"href":"https:\/\/tecsecmty.com\/index.php\/wp-json\/wp\/v2\/types\/product"}],"replies":[{"embeddable":true,"href":"https:\/\/tecsecmty.com\/index.php\/wp-json\/wp\/v2\/comments?post=4011"}],"version-history":[{"count":0,"href":"https:\/\/tecsecmty.com\/index.php\/wp-json\/wp\/v2\/product\/4011\/revisions"}],"wp:featuredmedia":[{"embeddable":true,"href":"https:\/\/tecsecmty.com\/index.php\/wp-json\/wp\/v2\/media\/4010"}],"wp:attachment":[{"href":"https:\/\/tecsecmty.com\/index.php\/wp-json\/wp\/v2\/media?parent=4011"}],"wp:term":[{"taxonomy":"product_brand","embeddable":true,"href":"https:\/\/tecsecmty.com\/index.php\/wp-json\/wp\/v2\/product_brand?post=4011"},{"taxonomy":"product_cat","embeddable":true,"href":"https:\/\/tecsecmty.com\/index.php\/wp-json\/wp\/v2\/product_cat?post=4011"},{"taxonomy":"product_tag","embeddable":true,"href":"https:\/\/tecsecmty.com\/index.php\/wp-json\/wp\/v2\/product_tag?post=4011"}],"curies":[{"name":"wp","href":"https:\/\/api.w.org\/{rel}","templated":true}]}}