{"id":4013,"date":"2023-02-23T00:29:08","date_gmt":"2023-02-23T06:29:08","guid":{"rendered":"https:\/\/tecsecmty.com\/index.php\/producto\/ihorn-lh69f-detector-de-agua-inalambrico-433-mhz-compatible-con-panel-nd1-y-n8003\/"},"modified":"2023-03-22T23:23:29","modified_gmt":"2023-03-23T05:23:29","slug":"ihorn-lh69f-detector-de-agua-inalambrico-433-mhz-compatible-con-panel-nd1-y-n8003","status":"publish","type":"product","link":"https:\/\/tecsecmty.com\/index.php\/producto\/ihorn-lh69f-detector-de-agua-inalambrico-433-mhz-compatible-con-panel-nd1-y-n8003\/","title":{"rendered":"IHORN LH69F &#8211; Detector de agua inalambrico \/ 433 Mhz \/ Compatible con panel ND1 y N8003"},"content":{"rendered":"<div class=\"row aling-items-center padding-bottom-2x\">\n<div class=\"col-lg-12\">\n<h5 class=\"card-title text-center\">Descripci\u00f3n<\/h5>\n<p class=\"ql-align-justify\">El detector de agua\u00a0Horn LH69\u00a0Es un dispositivo inal\u00e1mbrico que nos ayuda a tener un mayor control y gesti\u00f3n de nuestras instalaciones en cuanto al control del fugas de agua o incidentes relacionados a tuber\u00edas rotas, fugas de agua o llaves olvidadas en posicion de apertura. Por su dise\u00f1o, el sensor LH69 es flexible y resistente, su dise\u00f1o y color lo hacen un dispositivo impecable y elegante, sin dejar atr\u00e1s su funcionalidad. Al detectar o sensar alguna fuga de agua nos alartar\u00e1 en tiempo real\u00a0medio de la APP en\u00a0nuestro smartphone que una fuga est\u00e1 ocurriendo<\/p>\n<p><img decoding=\"async\" class=\"overview-center-img-web\" src=\"https:\/\/tvc.mx\/media\/27721\/LGH018021.jpg\" alt=\"\" \/><\/div>\n<\/div>\n<div class=\"row align-items-center padding-bottom-2x\">\n<div class=\"col-md-5\"><img decoding=\"async\" class=\"d-block m-auto img-thumbnail\" src=\"https:\/\/tvc.mx\/media\/87728\/wattersensor-lateral.jpg\" alt=\" \" \/><\/div>\n<div class=\"col-md-7 text-md-left text-center\">\n<h2>Especificaciones<\/h2>\n<p class=\"text-muted\">\n<ul>\n<li><strong>Protocolo de comunicaci\u00f3n:\u00a0<\/strong>ASK433Mhz<\/li>\n<li><strong>Volaje de operaci\u00f3n:\u00a0<\/strong>3V DC<\/li>\n<li><strong>Corriente de trabajo:\u00a0<\/strong>\u226430mA<\/li>\n<li><strong>Temperatura de Operaci\u00f3n:\u00a0<\/strong>-10\u00b0C ~ 55\u00b0C<\/li>\n<li><strong>Alcance inal\u00e1mbrico:\u00a0<\/strong>50m<\/li>\n<li><strong>Alerta de bajo voltaje:\u00a0<\/strong>.25 \u00b10.2V<\/li>\n<li><strong>Transmisi\u00f3n:\u00a0<\/strong>\u2264 14dBm<\/li>\n<li><strong>Recepci\u00f3n:\u00a0<\/strong>-108 dB<\/li>\n<li><strong>Tama\u00f1o:\u00a0<\/strong>73 * 52 * 51 mm<\/li>\n<\/ul>\n<p>&nbsp;<\/p>\n<\/div>\n<\/div>\n<hr class=\"padding-bottom-2x\" \/>\n<div class=\"row aling-items-center padding-bottom-2x\">\n<div class=\"col-lg-12\">\n<h5 class=\"card-title text-center\">Funci\u00f3n<\/h5>\n<p>Reciba en tiempo real la notificaci\u00f3n de los incidentes por medio de la APP a su Smartphone<\/p>\n<p>El indicador LED parpadea r\u00e1pidamente y la se\u00f1al inal\u00e1mbrica se enviar\u00e1 al concentrador de alarma. El mensaje instant\u00e1neo se enviar\u00e1 a su tel\u00e9fono y obtener m\u00e1s tiempo para tratar con accidentes inesperados.<\/p>\n<p>&nbsp;<\/p>\n<p><img decoding=\"async\" class=\"overview-center-img-web\" src=\"https:\/\/tvc.mx\/media\/87732\/funci%C3%B3n.jpg\" alt=\"\" \/><\/div>\n<\/div>\n","protected":false},"excerpt":{"rendered":"<p>Descripci\u00f3n El detector de agua\u00a0Horn LH69\u00a0Es un dispositivo inal\u00e1mbrico que nos ayuda a tener un mayor control y gesti\u00f3n de nuestras instalaciones en cuanto al control del fugas de agua o incidentes relacionados a tuber\u00edas rotas, fugas de agua o llaves olvidadas en posicion de&hellip;<\/p>\n","protected":false},"featured_media":4012,"comment_status":"open","ping_status":"closed","template":"","meta":{"om_disable_all_campaigns":false,"_monsterinsights_skip_tracking":false,"_monsterinsights_sitenote_active":false,"_monsterinsights_sitenote_note":"","_monsterinsights_sitenote_category":0},"product_brand":[],"product_cat":[284],"product_tag":[212,211,151],"class_list":{"0":"post-4013","1":"product","2":"type-product","3":"status-publish","4":"has-post-thumbnail","6":"product_cat-sensores-de-alarma-alarmas-horn","7":"product_tag-alarmas","8":"product_tag-alarmas-e-intrusion","9":"product_tag-seguridad","11":"first","12":"instock","13":"sale","14":"taxable","15":"shipping-taxable","16":"purchasable","17":"product-type-simple"},"aioseo_notices":[],"_links":{"self":[{"href":"https:\/\/tecsecmty.com\/index.php\/wp-json\/wp\/v2\/product\/4013","targetHints":{"allow":["GET"]}}],"collection":[{"href":"https:\/\/tecsecmty.com\/index.php\/wp-json\/wp\/v2\/product"}],"about":[{"href":"https:\/\/tecsecmty.com\/index.php\/wp-json\/wp\/v2\/types\/product"}],"replies":[{"embeddable":true,"href":"https:\/\/tecsecmty.com\/index.php\/wp-json\/wp\/v2\/comments?post=4013"}],"version-history":[{"count":0,"href":"https:\/\/tecsecmty.com\/index.php\/wp-json\/wp\/v2\/product\/4013\/revisions"}],"wp:featuredmedia":[{"embeddable":true,"href":"https:\/\/tecsecmty.com\/index.php\/wp-json\/wp\/v2\/media\/4012"}],"wp:attachment":[{"href":"https:\/\/tecsecmty.com\/index.php\/wp-json\/wp\/v2\/media?parent=4013"}],"wp:term":[{"taxonomy":"product_brand","embeddable":true,"href":"https:\/\/tecsecmty.com\/index.php\/wp-json\/wp\/v2\/product_brand?post=4013"},{"taxonomy":"product_cat","embeddable":true,"href":"https:\/\/tecsecmty.com\/index.php\/wp-json\/wp\/v2\/product_cat?post=4013"},{"taxonomy":"product_tag","embeddable":true,"href":"https:\/\/tecsecmty.com\/index.php\/wp-json\/wp\/v2\/product_tag?post=4013"}],"curies":[{"name":"wp","href":"https:\/\/api.w.org\/{rel}","templated":true}]}}