{"id":4015,"date":"2023-02-23T00:29:10","date_gmt":"2023-02-23T06:29:10","guid":{"rendered":"https:\/\/tecsecmty.com\/index.php\/producto\/ihorn-lh89f-sensor-de-gas-inalambrico-433-mhz-compatible-con-panel-nd1-y-n8003\/"},"modified":"2023-03-22T23:23:29","modified_gmt":"2023-03-23T05:23:29","slug":"ihorn-lh89f-sensor-de-gas-inalambrico-433-mhz-compatible-con-panel-nd1-y-n8003","status":"publish","type":"product","link":"https:\/\/tecsecmty.com\/index.php\/producto\/ihorn-lh89f-sensor-de-gas-inalambrico-433-mhz-compatible-con-panel-nd1-y-n8003\/","title":{"rendered":"IHORN LH89F &#8211; Sensor de gas inalambrico \/ 433 Mhz \/ Compatible con panel ND1 y N8003"},"content":{"rendered":"<div class=\"row aling-items-center padding-bottom-2x\">\n<div class=\"col-lg-12\">\n<h5 class=\"card-title text-center\">Descripci\u00f3n<\/h5>\n<p>Detector de gas inal\u00e1mbrico Horn modelo\u00a0LH89F\u00a0este detector de gas trabaja de manera\u00a0constante. Puede detectar fugas de gas en el tiempo y enviar la se\u00f1al de alarma a los sistemas de notificaci\u00f3n .El sonido audible de 85Db permite o\u00edr el sonido claro de la alarma sobre 3 cuartos.<\/p>\n<p>&nbsp;<\/p>\n<p><img decoding=\"async\" class=\"overview-center-img-web\" src=\"https:\/\/tvc.mx\/media\/87764\/LH89F.jpg\" alt=\"\" \/><\/div>\n<\/div>\n<div class=\"row align-items-center padding-bottom-2x\">\n<div class=\"col-md-5\"><img decoding=\"async\" class=\"d-block m-auto img-thumbnail\" src=\"https:\/\/tvc.mx\/media\/87768\/gasdetector-lateral-view.jpg\" alt=\" \" \/><\/div>\n<div class=\"col-md-7 text-md-left text-center\">\n<h2>Especificaciones<\/h2>\n<p class=\"text-muted\">\n<h2><\/h2>\n<h2 class=\"ql-align-center\"><strong>Especificaciones<\/strong><\/h2>\n<h2 class=\"ql-align-center\"><\/h2>\n<ul>\n<li><strong>Protocolo inal\u00e1mbrico:<\/strong>\u00a0ASKMhz.<\/li>\n<li><strong>Voltaje de trabajo:\u00a0<\/strong>DC12V.<\/li>\n<li><strong>Corriente de trabajo:<\/strong>\u00a0&lt;80mA.<\/li>\n<li><strong>Temperatura de trabajo:\u00a0<\/strong>-10\u00b0C ~ +55\u00b0C.<\/li>\n<li><strong>Humildad de trabajo:<\/strong>\u00a0&lt;95% HR.<\/li>\n<li><strong>Umbral de gas:<\/strong>\u00a0\u00b1 5%LEL.<\/li>\n<li><strong>Concentraci\u00f3n de la alarma:<\/strong>\u00a08%LEL\u00b13%LEL.<\/li>\n<li><strong>Transmisi\u00f3n:<\/strong>\u00a0&lt;14dBm.<\/li>\n<li><strong>Recepci\u00f3n:<\/strong>\u00a0-108dBm.<\/li>\n<\/ul>\n<p>&nbsp;<\/p>\n<p>&nbsp;<\/p>\n<\/div>\n<\/div>\n<hr class=\"padding-bottom-2x\" \/>\n<div class=\"row aling-items-center padding-bottom-2x\">\n<div class=\"col-lg-12\">\n<h5 class=\"card-title text-center\">Funci\u00f3n<\/h5>\n<ul>\n<li>\u00a0Se da de alta por medio del c\u00f3digo QR en la aplicaci\u00f3n Horn D1.<\/li>\n<li>Su volumen se maneja a 85dB.<\/li>\n<li>Trabaja 7 dias las 24 hras, los 365 dias del a\u00f1o.<\/li>\n<li>Env\u00edo del mensaje de alarma al concentrador de alarma cuando hay fugas de gas.<\/li>\n<li>Buz\u00f3n de alarma recibido mensaje.<\/li>\n<li>Conocer fugas de gas inmediatamente.<\/li>\n<\/ul>\n<p><img decoding=\"async\" class=\"overview-center-img-web\" src=\"https:\/\/tvc.mx\/media\/87772\/funciones-gasdetector.jpg\" alt=\"\" \/><\/div>\n<\/div>\n","protected":false},"excerpt":{"rendered":"<p>Descripci\u00f3n Detector de gas inal\u00e1mbrico Horn modelo\u00a0LH89F\u00a0este detector de gas trabaja de manera\u00a0constante. Puede detectar fugas de gas en el tiempo y enviar la se\u00f1al de alarma a los sistemas de notificaci\u00f3n .El sonido audible de 85Db permite o\u00edr el sonido claro de la alarma&hellip;<\/p>\n","protected":false},"featured_media":4014,"comment_status":"open","ping_status":"closed","template":"","meta":{"om_disable_all_campaigns":false,"_monsterinsights_skip_tracking":false,"_monsterinsights_sitenote_active":false,"_monsterinsights_sitenote_note":"","_monsterinsights_sitenote_category":0},"product_brand":[],"product_cat":[284],"product_tag":[212,211,151],"class_list":{"0":"post-4015","1":"product","2":"type-product","3":"status-publish","4":"has-post-thumbnail","6":"product_cat-sensores-de-alarma-alarmas-horn","7":"product_tag-alarmas","8":"product_tag-alarmas-e-intrusion","9":"product_tag-seguridad","11":"first","12":"instock","13":"sale","14":"taxable","15":"shipping-taxable","16":"purchasable","17":"product-type-simple"},"aioseo_notices":[],"_links":{"self":[{"href":"https:\/\/tecsecmty.com\/index.php\/wp-json\/wp\/v2\/product\/4015","targetHints":{"allow":["GET"]}}],"collection":[{"href":"https:\/\/tecsecmty.com\/index.php\/wp-json\/wp\/v2\/product"}],"about":[{"href":"https:\/\/tecsecmty.com\/index.php\/wp-json\/wp\/v2\/types\/product"}],"replies":[{"embeddable":true,"href":"https:\/\/tecsecmty.com\/index.php\/wp-json\/wp\/v2\/comments?post=4015"}],"version-history":[{"count":0,"href":"https:\/\/tecsecmty.com\/index.php\/wp-json\/wp\/v2\/product\/4015\/revisions"}],"wp:featuredmedia":[{"embeddable":true,"href":"https:\/\/tecsecmty.com\/index.php\/wp-json\/wp\/v2\/media\/4014"}],"wp:attachment":[{"href":"https:\/\/tecsecmty.com\/index.php\/wp-json\/wp\/v2\/media?parent=4015"}],"wp:term":[{"taxonomy":"product_brand","embeddable":true,"href":"https:\/\/tecsecmty.com\/index.php\/wp-json\/wp\/v2\/product_brand?post=4015"},{"taxonomy":"product_cat","embeddable":true,"href":"https:\/\/tecsecmty.com\/index.php\/wp-json\/wp\/v2\/product_cat?post=4015"},{"taxonomy":"product_tag","embeddable":true,"href":"https:\/\/tecsecmty.com\/index.php\/wp-json\/wp\/v2\/product_tag?post=4015"}],"curies":[{"name":"wp","href":"https:\/\/api.w.org\/{rel}","templated":true}]}}