{"id":4017,"date":"2023-02-23T00:29:11","date_gmt":"2023-02-23T06:29:11","guid":{"rendered":"https:\/\/tecsecmty.com\/index.php\/producto\/ihorn-lh901bplus-sensor-de-movimiento-alambrico-compatible-con-paneles-ihorn-risco-dsc-bosch\/"},"modified":"2023-03-22T23:23:29","modified_gmt":"2023-03-23T05:23:29","slug":"ihorn-lh901bplus-sensor-de-movimiento-alambrico-compatible-con-paneles-ihorn-risco-dsc-bosch","status":"publish","type":"product","link":"https:\/\/tecsecmty.com\/index.php\/producto\/ihorn-lh901bplus-sensor-de-movimiento-alambrico-compatible-con-paneles-ihorn-risco-dsc-bosch\/","title":{"rendered":"IHORN LH901BPLUS &#8211; Sensor de Movimiento Alambrico compatible con paneles IHORN \/ RISCO \/ DSC \/ BOSCH."},"content":{"rendered":"<div class=\"row aling-items-center padding-bottom-2x\">\n<div class=\"col-lg-12\">\n<h5 class=\"card-title text-center\">Descripci\u00f3n<\/h5>\n<p class=\"ql-align-justify\">El sensor de movimiento\u00a0<strong>LH901B+<\/strong>\u00a0plus es un\u00a0detector infrarrojo con doble inmunidad para mascotas, es para uso en interiores, est\u00e1tico\u00a0para el gusto residencial, esta dise\u00f1ado para evitar informaci\u00f3n err\u00f3nea\u00a0a causa de las mascotas. El detector funciona cuando detecta seres humanos ingresando al \u00e1rea\u00a0de detecci\u00f3n. Este producto prev\u00e9 efectivamente informaci\u00f3n err\u00f3nea\u00a0a causa de las mascotas.<\/p>\n<p class=\"ql-align-justify\">El detector infrarrojo pasivo dual funciona mediante la detecci\u00f3n del espectro infrarrojo de los cuerpos humanos. Mientras recibe la se\u00f1al de la fuente de calor del movimiento de los cuerpos en el \u00e1rea de detecci\u00f3n, el sensor se ampliar\u00e1 y calcular\u00e1, luego enviar\u00e1 la se\u00f1al.<\/p>\n<p><img decoding=\"async\" class=\"overview-center-img-web\" src=\"https:\/\/tvc.mx\/media\/87972\/LGH901B%2B.jpg\" alt=\"\" \/><\/div>\n<\/div>\n<div class=\"row align-items-center padding-bottom-2x\">\n<div class=\"col-md-5\"><img decoding=\"async\" class=\"d-block m-auto img-thumbnail\" src=\"https:\/\/tvc.mx\/media\/87976\/lgh901b%2Blateral.jpg\" alt=\" \" \/><\/div>\n<div class=\"col-md-7 text-md-left text-center\">\n<h2>Especificaciones<\/h2>\n<p class=\"text-muted\">\n<ul>\n<li>Inmunidad de mascotas: 25KG<\/li>\n<li>Se\u00f1al de procesamiento digital<\/li>\n<li>Rango de detecci\u00f3n: 12m<\/li>\n<li>Angulo de detecci\u00f3n: 110\u00b0<\/li>\n<li>Tecnolog\u00eda\u00a0de auto\u00a0compensaci\u00f3n\u00a0de temperatura<\/li>\n<li>Inmunidad a luz blanca hasta 10000 Lux<\/li>\n<li>Operaci\u00f3n de voltaje de 9 &#8211; 16 vcd<\/li>\n<li>Corriente en operaci\u00f3n pasivo 15 mA activo 20 mA<\/li>\n<li>Cuerpo de pl\u00e1stico ABS.<\/li>\n<li>Contacto Normalmente Cerrado<\/li>\n<li>Instalaci\u00f3n del sensor 1.8 m a 2.2m de la superficie del suelo<\/li>\n<\/ul>\n<p>&nbsp;<\/p>\n<\/div>\n<\/div>\n<hr class=\"padding-bottom-2x\" \/>\n<div class=\"row aling-items-center padding-bottom-2x\">\n<div class=\"col-lg-12\">\n<h5 class=\"card-title text-center\">Funci\u00f3n<\/h5>\n<p><strong>INSTALACI\u00d3N<\/strong>:<\/p>\n<ol>\n<li>Elegir la posici\u00f3n adecuada, colocando el soporte con tornillos, luego inserte el detector.<\/li>\n<li>La altura de instalaci\u00f3n recomendada es de aproximadamente DE 1.8 m a 2.2 m y el \u00e1ngulo entre el detector y la pared es de 6 \u00b0 ~ 12 \u00b0.<\/li>\n<li>Evite instalar el detector cerca de las siguientes fuentes de interferencia: superficies reflectantes, flujo de aire directo, ventilaciones, ventiladores, ventanas, fuentes de vapor, vapor de aceite, fuentes de luz infrarroja y objetos que causan cambios de temperatura como calentadores, refrigeradores y hornos.<\/li>\n<li>Evite cualquier objeto que se encuentre frente a la lente del detector.<\/li>\n<\/ol>\n<p><strong>Nota: el LED de alarma debe estar debajo de la lente.<\/strong><\/p>\n<ol>\n<li>Colocar la cubierta frontal en la base despu\u00e9s del cableado de acuerdo con manual.<\/li>\n<li>Con una fuente de alimentaci\u00f3n de 12 V CC, el brazo est\u00e1 en auto comprobaci\u00f3n, el LED encendido y enviar se\u00f1al de alarma.<\/li>\n<li>Luego, el detector est\u00e1 en estado operativo despu\u00e9s de que el LED se apaga en 60 segundos; Si alguien se mueve en el rango de detecci\u00f3n cobertura, el LED est\u00e1 encendido.<\/li>\n<li>d) Para lograr el mejor efecto ajustando el \u00e1ngulo de instalaci\u00f3n de detector.<\/li>\n<li>e) El puente \u00abLED ON\u00bb controla la operaci\u00f3n del LED sin ning\u00fan efecto en La operaci\u00f3n del detector.<\/li>\n<\/ol>\n<p><img decoding=\"async\" class=\"overview-center-img-web\" src=\"https:\/\/tvc.mx\/media\/87980\/pirhorn.jpg\" alt=\"\" \/><\/div>\n<div><\/div>\n<\/div>\n","protected":false},"excerpt":{"rendered":"<p>Descripci\u00f3n El sensor de movimiento\u00a0LH901B+\u00a0plus es un\u00a0detector infrarrojo con doble inmunidad para mascotas, es para uso en interiores, est\u00e1tico\u00a0para el gusto residencial, esta dise\u00f1ado para evitar informaci\u00f3n err\u00f3nea\u00a0a causa de las mascotas. El detector funciona cuando detecta seres humanos ingresando al \u00e1rea\u00a0de detecci\u00f3n. Este producto&hellip;<\/p>\n","protected":false},"featured_media":4016,"comment_status":"open","ping_status":"closed","template":"","meta":{"om_disable_all_campaigns":false,"_monsterinsights_skip_tracking":false,"_monsterinsights_sitenote_active":false,"_monsterinsights_sitenote_note":"","_monsterinsights_sitenote_category":0},"product_brand":[],"product_cat":[284],"product_tag":[212,211,151],"class_list":{"0":"post-4017","1":"product","2":"type-product","3":"status-publish","4":"has-post-thumbnail","6":"product_cat-sensores-de-alarma-alarmas-horn","7":"product_tag-alarmas","8":"product_tag-alarmas-e-intrusion","9":"product_tag-seguridad","11":"first","12":"instock","13":"sale","14":"taxable","15":"shipping-taxable","16":"purchasable","17":"product-type-simple"},"aioseo_notices":[],"_links":{"self":[{"href":"https:\/\/tecsecmty.com\/index.php\/wp-json\/wp\/v2\/product\/4017","targetHints":{"allow":["GET"]}}],"collection":[{"href":"https:\/\/tecsecmty.com\/index.php\/wp-json\/wp\/v2\/product"}],"about":[{"href":"https:\/\/tecsecmty.com\/index.php\/wp-json\/wp\/v2\/types\/product"}],"replies":[{"embeddable":true,"href":"https:\/\/tecsecmty.com\/index.php\/wp-json\/wp\/v2\/comments?post=4017"}],"version-history":[{"count":0,"href":"https:\/\/tecsecmty.com\/index.php\/wp-json\/wp\/v2\/product\/4017\/revisions"}],"wp:featuredmedia":[{"embeddable":true,"href":"https:\/\/tecsecmty.com\/index.php\/wp-json\/wp\/v2\/media\/4016"}],"wp:attachment":[{"href":"https:\/\/tecsecmty.com\/index.php\/wp-json\/wp\/v2\/media?parent=4017"}],"wp:term":[{"taxonomy":"product_brand","embeddable":true,"href":"https:\/\/tecsecmty.com\/index.php\/wp-json\/wp\/v2\/product_brand?post=4017"},{"taxonomy":"product_cat","embeddable":true,"href":"https:\/\/tecsecmty.com\/index.php\/wp-json\/wp\/v2\/product_cat?post=4017"},{"taxonomy":"product_tag","embeddable":true,"href":"https:\/\/tecsecmty.com\/index.php\/wp-json\/wp\/v2\/product_tag?post=4017"}],"curies":[{"name":"wp","href":"https:\/\/api.w.org\/{rel}","templated":true}]}}