{"id":4019,"date":"2023-02-23T00:29:13","date_gmt":"2023-02-23T06:29:13","guid":{"rendered":"https:\/\/tecsecmty.com\/index.php\/producto\/ihorn-lh990f-sensor-de-movimiento-inalambrico-433-mhz-compatible-con-panel-nd1-y-n8003\/"},"modified":"2023-03-22T23:23:29","modified_gmt":"2023-03-23T05:23:29","slug":"ihorn-lh990f-sensor-de-movimiento-inalambrico-433-mhz-compatible-con-panel-nd1-y-n8003","status":"publish","type":"product","link":"https:\/\/tecsecmty.com\/index.php\/producto\/ihorn-lh990f-sensor-de-movimiento-inalambrico-433-mhz-compatible-con-panel-nd1-y-n8003\/","title":{"rendered":"IHORN LH990F &#8211; Sensor de movimiento inalambrico \/ 433 Mhz \/ Compatible con panel ND1 y N8003"},"content":{"rendered":"<div class=\"row aling-items-center padding-bottom-2x\">\n<div class=\"col-lg-12\">\n<h5 class=\"card-title text-center\">Descripci\u00f3n<\/h5>\n<p>Este producto detectar\u00e1 el movimiento humano y si hay una intrusi\u00f3n ilegal, enviar\u00e1 un mensaje de alerta al sistema para que tome las medidas adecuadas. compatible con paneles de alamra N28003<\/p>\n<p><img decoding=\"async\" class=\"overview-center-img-web\" src=\"https:\/\/tvc.mx\/media\/88096\/LH990.jpg\" alt=\"\" \/><\/div>\n<\/div>\n<div class=\"row align-items-center padding-bottom-2x\">\n<div class=\"col-md-5\"><img decoding=\"async\" class=\"d-block m-auto img-thumbnail\" src=\"https:\/\/tvc.mx\/media\/88100\/lh990lateral.jpg\" alt=\" \" \/><\/div>\n<div class=\"col-md-7 text-md-left text-center\">\n<h2>Especificaciones<\/h2>\n<p class=\"text-muted\">\n<ul>\n<li><strong>Modelo:<\/strong>\u00a0LH-990F<\/li>\n<li><strong>Protocolo de comunicaci\u00f3n:\u00a0<\/strong>ask433 MHz<\/li>\n<li><strong>Voltaje de operaci\u00f3n:\u00a0<\/strong>3V DC<\/li>\n<li><strong>Corriente de operaci\u00f3n:\u00a0<\/strong>\u226415 mA<\/li>\n<li><strong>Temperatura de operaci\u00f3n:\u00a0<\/strong>-10\u00b0C ~ 55\u00b0C<\/li>\n<li><strong>Alcance inal\u00e1mbrico:\u00a0<\/strong>\u2265100m<\/li>\n<li><strong>Alerta de bajo voltaje:\u00a0<\/strong>2.5 \u00b1 0.2 V<\/li>\n<li><strong>Transmisi\u00f3n:\u00a0<\/strong>\u226414dB<\/li>\n<li><strong>Recepci\u00f3n:\u00a0<\/strong>-108dB<\/li>\n<li><strong>Dimensiones:<\/strong>\u00a0106 * 60 * 36mm<\/li>\n<\/ul>\n<p>&nbsp;<\/p>\n<\/div>\n<\/div>\n<hr class=\"padding-bottom-2x\" \/>\n<div class=\"row align-items-center padding-bottom-2x\">\n<div class=\"col-md-5\"><img decoding=\"async\" class=\"d-block m-auto img-thumbnail\" src=\"https:\/\/tvc.mx\/media\/88104\/functions-LH990.jpg\" alt=\" \" \/><\/div>\n<div class=\"col-md-7 text-md-left text-center\">\n<h2>Funci\u00f3n<\/h2>\n<p class=\"text-muted\">\n<ul>\n<li>Vinculaci\u00f3n inteligente<\/li>\n<li>Ahorro de bater\u00edas<\/li>\n<li>Detecci\u00f3n sensible<\/li>\n<li>Switch Tamper<\/li>\n<li>110\u00b0 de visi\u00f3n de detecci\u00f3n<\/li>\n<\/ul>\n<\/div>\n<\/div>\n","protected":false},"excerpt":{"rendered":"<p>Descripci\u00f3n Este producto detectar\u00e1 el movimiento humano y si hay una intrusi\u00f3n ilegal, enviar\u00e1 un mensaje de alerta al sistema para que tome las medidas adecuadas. compatible con paneles de alamra N28003 Especificaciones Modelo:\u00a0LH-990F Protocolo de comunicaci\u00f3n:\u00a0ask433 MHz Voltaje de operaci\u00f3n:\u00a03V DC Corriente de operaci\u00f3n:\u00a0\u226415&hellip;<\/p>\n","protected":false},"featured_media":4018,"comment_status":"open","ping_status":"closed","template":"","meta":{"om_disable_all_campaigns":false,"_monsterinsights_skip_tracking":false,"_monsterinsights_sitenote_active":false,"_monsterinsights_sitenote_note":"","_monsterinsights_sitenote_category":0},"product_brand":[],"product_cat":[284],"product_tag":[212,211,151],"class_list":{"0":"post-4019","1":"product","2":"type-product","3":"status-publish","4":"has-post-thumbnail","6":"product_cat-sensores-de-alarma-alarmas-horn","7":"product_tag-alarmas","8":"product_tag-alarmas-e-intrusion","9":"product_tag-seguridad","11":"first","12":"instock","13":"sale","14":"taxable","15":"shipping-taxable","16":"purchasable","17":"product-type-simple"},"aioseo_notices":[],"_links":{"self":[{"href":"https:\/\/tecsecmty.com\/index.php\/wp-json\/wp\/v2\/product\/4019","targetHints":{"allow":["GET"]}}],"collection":[{"href":"https:\/\/tecsecmty.com\/index.php\/wp-json\/wp\/v2\/product"}],"about":[{"href":"https:\/\/tecsecmty.com\/index.php\/wp-json\/wp\/v2\/types\/product"}],"replies":[{"embeddable":true,"href":"https:\/\/tecsecmty.com\/index.php\/wp-json\/wp\/v2\/comments?post=4019"}],"version-history":[{"count":0,"href":"https:\/\/tecsecmty.com\/index.php\/wp-json\/wp\/v2\/product\/4019\/revisions"}],"wp:featuredmedia":[{"embeddable":true,"href":"https:\/\/tecsecmty.com\/index.php\/wp-json\/wp\/v2\/media\/4018"}],"wp:attachment":[{"href":"https:\/\/tecsecmty.com\/index.php\/wp-json\/wp\/v2\/media?parent=4019"}],"wp:term":[{"taxonomy":"product_brand","embeddable":true,"href":"https:\/\/tecsecmty.com\/index.php\/wp-json\/wp\/v2\/product_brand?post=4019"},{"taxonomy":"product_cat","embeddable":true,"href":"https:\/\/tecsecmty.com\/index.php\/wp-json\/wp\/v2\/product_cat?post=4019"},{"taxonomy":"product_tag","embeddable":true,"href":"https:\/\/tecsecmty.com\/index.php\/wp-json\/wp\/v2\/product_tag?post=4019"}],"curies":[{"name":"wp","href":"https:\/\/api.w.org\/{rel}","templated":true}]}}