{"id":4023,"date":"2023-02-23T00:29:18","date_gmt":"2023-02-23T06:29:18","guid":{"rendered":"https:\/\/tecsecmty.com\/index.php\/producto\/imou-motion-detector-ard1231-sw-imou-sensor-de-movimiento-inalambrico-433-mhz-rango-de-deteccion-12-mts-tamper\/"},"modified":"2023-03-22T23:23:31","modified_gmt":"2023-03-23T05:23:31","slug":"imou-motion-detector-ard1231-sw-imou-sensor-de-movimiento-inalambrico-433-mhz-rango-de-deteccion-12-mts-tamper","status":"publish","type":"product","link":"https:\/\/tecsecmty.com\/index.php\/producto\/imou-motion-detector-ard1231-sw-imou-sensor-de-movimiento-inalambrico-433-mhz-rango-de-deteccion-12-mts-tamper\/","title":{"rendered":"IMOU MOTION DETECTOR (ARD1231-SW-imou) &#8211; Sensor de Movimiento Inalambrico\/ 433 MHz\/ Rango de deteccion 12 Mts\/ Tamper"},"content":{"rendered":"<div class=\"row aling-items-center padding-bottom-2x\">\n<div class=\"col-lg-12\">\n<h5 class=\"card-title text-center\">Informaci\u00f3n general.<\/h5>\n<p>El\u00a0<strong>Imou Motion Detector<\/strong>, es un sensor de movimiento para interior que permite mantener seguro su hogar con los beneficios de una instalaci\u00f3n totalmente inal\u00e1mbrica\u00a0(requiere enrolarse con el\u00a0<strong>Alarm Station<\/strong>\u00a0de Imou). La detecci\u00f3n PIR detecta con precisi\u00f3n la intrusi\u00f3n humana y\u00a0<strong>evita falsas alarmas<\/strong>\u00a0de mascotas de menos de 18 kg. Cuenta con un \u00e1ngulo de cobertura de\u00a0<strong>90\u00b0<\/strong>\u00a0y un rango de hasta\u00a0<strong>12m.<\/strong><\/p>\n<p><img decoding=\"async\" class=\"overview-center-img-web\" src=\"https:\/\/tvc.mx\/media\/404251\/imou-motion-detetctor-sensor-de-movimiento-inalambrico.png\" alt=\"\" \/><\/p>\n<\/div>\n<\/div>\n<div class=\"row align-items-center padding-bottom-2x\">\n<div class=\"col-md-5\"><img decoding=\"async\" class=\"d-block m-auto img-thumbnail\" src=\"https:\/\/tvc.mx\/media\/404255\/imou-siren-bajo-consumo-energia.png\" alt=\" \" \/><\/div>\n<div class=\"col-md-7 text-md-left text-center\">\n<h2>Bajo consumo de energ\u00eda.<\/h2>\n<p>El Motion Detector de Imou garantiza una conexi\u00f3n 100% libre de cables gracias a que es alimentado con una bater\u00eda CR123A que, gracias a su tecnolog\u00eda de bajo consumo le otorga hasta 3 a\u00f1os de autonom\u00eda\u00a0(Las alertas frecuentes pueden acelerar el consumo de la bater\u00eda. La vida \u00fatil real depende del escenario real de instalaci\u00f3n).<\/p>\n<p>&nbsp;<\/p>\n<\/div>\n<\/div>\n<hr class=\"padding-bottom-2x\" \/>\n<div class=\"row align-items-center padding-bottom-2x\">\n<div class=\"col-md-5 order-md-2\"><img decoding=\"async\" class=\"d-block m-auto img-thumbnail\" src=\"https:\/\/tvc.mx\/media\/404259\/imou-siren-soluciones-para-el-hogar.png\" alt=\" \" \/><\/div>\n<div class=\"col-md-7 order-md-1 text-md-left text-center\">\n<h2>Airfly.<\/h2>\n<p>Se le denomina\u00a0<strong>Airfly<\/strong>\u00a0a la tecnolog\u00eda de enrolamiento inteligente entre sensores\u00a0<strong>Imou<\/strong>\u00a0y la\u00a0<strong>Alarm Station<\/strong>\u00a0de Imou. Los sensores Imou cuentan con una frecuencia de transmisi\u00f3n de\u00a0<strong>433MHz<\/strong>\u00a0que les permite tener una\u00a0<strong>distancia de transmisi\u00f3n de hasta 200m<\/strong>\u00a0en condiciones \u00f3ptimas gracias a su potencia de transmisi\u00f3n de\u00a0<strong>10dBm<\/strong>.<\/p>\n<p>&nbsp;<\/p>\n<\/div>\n<\/div>\n<hr class=\"padding-bottom-2x\" \/>\n<div class=\"row align-items-center padding-bottom-2x\">\n<div class=\"col-md-5\"><img decoding=\"async\" class=\"d-block m-auto img-thumbnail\" src=\"https:\/\/tvc.mx\/media\/404263\/notificacion-de-alarma-imou.png\" alt=\" \" \/><\/div>\n<div class=\"col-md-7 text-md-left text-center\">\n<h2>Notificaciones de alarma.<\/h2>\n<p>Una vez enrolado al panel\u00a0<strong>Alarm Station<\/strong>, y complementando la protecci\u00f3n de su hogar con los diferentes sensores de la familia Imou, el panel permite el env\u00edo de\u00a0<strong>alertas en tiempo<\/strong>\u00a0real a un\u00a0<strong>Smart Phone<\/strong>\u00a0a trav\u00e9s de su aplicaci\u00f3n m\u00f3vil disponible para Android y iOs brind\u00e1ndole la seguridad de saber que sus activos m\u00e1s preciados est\u00e1n siempre vigilados.<\/p>\n<p>&nbsp;<\/p>\n<\/div>\n<\/div>\n<hr class=\"padding-bottom-2x\" \/>\n<div class=\"row align-items-center padding-bottom-2x\">\n<div class=\"col-md-5 order-md-2\"><img decoding=\"async\" class=\"d-block m-auto img-thumbnail\" src=\"https:\/\/tvc.mx\/media\/404267\/imou-motion-detetctor-sensor-de-movimiento-inalambrico-caracterisricas.png\" alt=\" \" \/><\/div>\n<div class=\"col-md-7 order-md-1 text-md-left text-center\">\n<h2>Principales caracter\u00edsticas.<\/h2>\n<ul>\n<li>Detecci\u00f3n: infrarrojo pasivo Rango de detecci\u00f3n: 12 m \/ 90 \u00b0 No hay detecci\u00f3n de mascotas: \u2264 18 kg Pantalla LED.<\/li>\n<li>Alertas m\u00f3viles a trav\u00e9s de una central de alarmas disponible por separado<\/li>\n<li>Frecuencias de radio: 433 MHz<\/li>\n<li>Potencia de transmisi\u00f3n: 10dBm<\/li>\n<li>Distancia de transmisi\u00f3n: 200 m en zona abierta<\/li>\n<\/ul>\n<p>&nbsp;<\/p>\n<\/div>\n<\/div>\n<hr class=\"padding-bottom-2x\" \/>\n<div class=\"row align-items-center padding-bottom-2x\">\n<div class=\"col-md-5\"><img decoding=\"async\" class=\"d-block m-auto img-thumbnail\" src=\"https:\/\/tvc.mx\/media\/404271\/imou-motion-detetctor-sensor-de-movimiento-inalambrico-especificaciones.png\" alt=\" \" \/><\/div>\n<div class=\"col-md-7 text-md-left text-center\">\n<h2>Especificaciones<\/h2>\n<ul>\n<li>Sensor infra rojo pasivo.<\/li>\n<li>Rango de 12m de detecci\u00f3n.<\/li>\n<li>2 niveles de detecci\u00f3n (switch selector).<\/li>\n<li>Inmunidad para mascotas &lt;18kg.<\/li>\n<li>Frecuencia inal\u00e1mbrica 433MHz.<\/li>\n<li>Potencia de transmisi\u00f3n 10dBm.<\/li>\n<li>Distancia de transmisi\u00f3n de hasta 200m\u00a0(en condiciones \u00f3ptimas).<\/li>\n<li>Bater\u00eda CR123A de hasta 3 a\u00f1os de autonom\u00eda\u00a0(El tiempo real de autonom\u00eda depende directamente de las condiciones de sitio).<\/li>\n<li>Condiciones de trabajo -10\u00b0C ~ 55\u00b0C.<\/li>\n<\/ul>\n<p>&nbsp;<\/p>\n<\/div>\n<\/div>\n<hr class=\"padding-bottom-2x\" \/>\n<div class=\"row align-items-center padding-bottom-2x\">\n<div class=\"col-md-5 order-md-2\"><img decoding=\"async\" class=\"d-block m-auto img-thumbnail\" src=\"https:\/\/tvc.mx\/media\/404275\/logo-imou.png\" alt=\" \" \/><\/div>\n<div class=\"col-md-7 order-md-1 text-md-left text-center\">\n<h2>Incluye<\/h2>\n<ul>\n<li>1x Sensor de movimiento<\/li>\n<li>1xbateria<\/li>\n<li>1xpaquete de tornillos<\/li>\n<\/ul>\n<\/div>\n<\/div>\n","protected":false},"excerpt":{"rendered":"<p>Informaci\u00f3n general. El\u00a0Imou Motion Detector, es un sensor de movimiento para interior que permite mantener seguro su hogar con los beneficios de una instalaci\u00f3n totalmente inal\u00e1mbrica\u00a0(requiere enrolarse con el\u00a0Alarm Station\u00a0de Imou). La detecci\u00f3n PIR detecta con precisi\u00f3n la intrusi\u00f3n humana y\u00a0evita falsas alarmas\u00a0de mascotas de&hellip;<\/p>\n","protected":false},"featured_media":4022,"comment_status":"open","ping_status":"closed","template":"","meta":{"om_disable_all_campaigns":false,"_monsterinsights_skip_tracking":false,"_monsterinsights_sitenote_active":false,"_monsterinsights_sitenote_note":"","_monsterinsights_sitenote_category":0},"product_brand":[],"product_cat":[282],"product_tag":[212,211,151],"class_list":{"0":"post-4023","1":"product","2":"type-product","3":"status-publish","4":"has-post-thumbnail","6":"product_cat-sensores-de-alarma-alarmas-dahua-alarmas-intrusion","7":"product_tag-alarmas","8":"product_tag-alarmas-e-intrusion","9":"product_tag-seguridad","11":"first","12":"instock","13":"sale","14":"taxable","15":"shipping-taxable","16":"purchasable","17":"product-type-simple"},"aioseo_notices":[],"_links":{"self":[{"href":"https:\/\/tecsecmty.com\/index.php\/wp-json\/wp\/v2\/product\/4023","targetHints":{"allow":["GET"]}}],"collection":[{"href":"https:\/\/tecsecmty.com\/index.php\/wp-json\/wp\/v2\/product"}],"about":[{"href":"https:\/\/tecsecmty.com\/index.php\/wp-json\/wp\/v2\/types\/product"}],"replies":[{"embeddable":true,"href":"https:\/\/tecsecmty.com\/index.php\/wp-json\/wp\/v2\/comments?post=4023"}],"version-history":[{"count":0,"href":"https:\/\/tecsecmty.com\/index.php\/wp-json\/wp\/v2\/product\/4023\/revisions"}],"wp:featuredmedia":[{"embeddable":true,"href":"https:\/\/tecsecmty.com\/index.php\/wp-json\/wp\/v2\/media\/4022"}],"wp:attachment":[{"href":"https:\/\/tecsecmty.com\/index.php\/wp-json\/wp\/v2\/media?parent=4023"}],"wp:term":[{"taxonomy":"product_brand","embeddable":true,"href":"https:\/\/tecsecmty.com\/index.php\/wp-json\/wp\/v2\/product_brand?post=4023"},{"taxonomy":"product_cat","embeddable":true,"href":"https:\/\/tecsecmty.com\/index.php\/wp-json\/wp\/v2\/product_cat?post=4023"},{"taxonomy":"product_tag","embeddable":true,"href":"https:\/\/tecsecmty.com\/index.php\/wp-json\/wp\/v2\/product_tag?post=4023"}],"curies":[{"name":"wp","href":"https:\/\/api.w.org\/{rel}","templated":true}]}}