{"id":4025,"date":"2023-02-23T00:29:20","date_gmt":"2023-02-23T06:29:20","guid":{"rendered":"https:\/\/tecsecmty.com\/index.php\/producto\/risco-el5803-detector-de-humo-inalambrico-2-vias-compatible-con-secuplace-ofertasaaa\/"},"modified":"2023-03-22T23:23:46","modified_gmt":"2023-03-23T05:23:46","slug":"risco-el5803-detector-de-humo-inalambrico-2-vias-compatible-con-secuplace-ofertasaaa","status":"publish","type":"product","link":"https:\/\/tecsecmty.com\/index.php\/producto\/risco-el5803-detector-de-humo-inalambrico-2-vias-compatible-con-secuplace-ofertasaaa\/","title":{"rendered":"RISCO EL5803-Detector De Humo Inal\u00e1mbrico 2 V\u00edas Compatible Con Secuplace #OfertasAAA"},"content":{"rendered":"<div class=\"row aling-items-center padding-bottom-2x\">\n<div class=\"col-lg-12\">\n<h5 class=\"card-title text-center\">Descripci\u00f3n general<\/h5>\n<p>El Detector de Humo y Calor Inal\u00e1mbrico EL-5803 de Risco Group combina tecnolog\u00edas avanzadas dentro de un dise\u00f1o compacto y moderno, siendo la elecci\u00f3n ideal para los propietarios de viviendas que buscan los m\u00e1s altos est\u00e1ndares de seguridad. El humo es detectado empleando una c\u00e1mara fotoel\u00e9ctrica avanzada, mientras la temperatura es monitorizada con cuatro sensores de calor separados que miden la tasa de aumento y la temperatura absoluta. Con la opci\u00f3n de poder elegir entre detecci\u00f3n de humo, de calor o una combinaci\u00f3n de las dos, el detector de humo y calor ofrece un producto m\u00e1s sensible y fiable para la detecci\u00f3n precoz de riesgos de incendio en diferentes entornos, con una alta inmunidad a falsas alarmas. El detector de humo y calor tiene certificado EN14604:2005\/AC:2008, es f\u00e1cil de instalar, y es compatible con los sistemas Secuplace<\/p>\n<p><img decoding=\"async\" class=\"overview-center-img-web\" src=\"https:\/\/tvc.mx\/media\/357927\/Panel-de-Alarma-Hibrido-Modular-Grado-2-Sin-Teclado-LCD-8-50-Zonas-Cableadas-Inal%C3%A1mbricas-BUS-Fuente-de-14.40-v-DC-Gabinete-policarbonato4-%289%29-%281%29.png\" alt=\"\" \/><\/p>\n<\/div>\n<\/div>\n<div class=\"row align-items-center padding-bottom-2x\">\n<div class=\"col-md-5\"><img decoding=\"async\" class=\"d-block m-auto img-thumbnail\" src=\"https:\/\/tvc.mx\/media\/357951\/RISCO-EL5803-Detector-De-Humo-Inal%C3%A1mbrico-2-V%C3%ADas-Compatible-Con-Secuplace.png\" alt=\" \" \/><\/div>\n<div class=\"col-md-7 text-md-left text-center\">\n<h2>Caracter\u00edsticas<\/h2>\n<ul>\n<li>Detector inal\u00e1mbrico, combinando detecci\u00f3n de humo y calor<\/li>\n<li>El modo de \u201cS\u00f3lo calor\u201d permite la instalaci\u00f3n en entornos dif\u00edciles, como cocinas o ba\u00f1os.<\/li>\n<li>Se logra una detecci\u00f3n temprana a partir de una tasa de aumento r\u00e1pida de la temperatura, antes de que se detecte el humo.<\/li>\n<li>Sencilla sustituci\u00f3n de las bater\u00edas por el usuario.<\/li>\n<li>Cuatro sensores de calor miden la temperatura fija y la tasa de aumento, proporcionando lecturas precisas y evitando falsas alarmas.<\/li>\n<li>Compatible con los sistemas inal\u00e1mbricos Secuplace.<\/li>\n<li>LED para la se\u00f1alizaci\u00f3n visual de las alarmas, modo de reposo y bater\u00eda baja.<\/li>\n<li>Bot\u00f3n de test integrado que activa una comprobaci\u00f3n autom\u00e1tica y el sonido de alarma<\/li>\n<li>Sonido de alarma de 85 Db<\/li>\n<li>Alimentado por dos bater\u00edas de litio CR123 de 3V (incluidas).<\/li>\n<li>Tampers de tapa y pared<\/li>\n<\/ul>\n<p>&nbsp;<\/p>\n<\/div>\n<\/div>\n<hr class=\"padding-bottom-2x\" \/>\n<div class=\"row align-items-center padding-bottom-2x\">\n<div class=\"col-md-5 order-md-2\"><img decoding=\"async\" class=\"d-block m-auto img-thumbnail\" src=\"https:\/\/tvc.mx\/media\/357959\/RISCO-EL5803-Detector-De-Humo-Inal%C3%A1mbrico-2-V%C3%ADas-Compatible-Con-Secuplace-1.png\" alt=\" \" \/><\/div>\n<div class=\"col-md-7 order-md-1 text-md-left text-center\">\n<h2>Especificaciones<\/h2>\n<ul>\n<li>Frecuencia: 433 MHz<\/li>\n<li>Indicaci\u00f3n LEDs: Alarma, se\u00f1al, bater\u00eda<\/li>\n<li>Bater\u00eda: 2 x 3V CR123A<\/li>\n<li>Temp. funcionamiento: -10\u00ba C ~ 40\u00ba C<\/li>\n<li>Grado de protecci\u00f3n: Interior<\/li>\n<li>Dimensiones: 108(\u00d8) x 53 (Fo) mm<\/li>\n<li>Nivel sonoro: 85 dB a 3m<\/li>\n<li>Tamper anti-apertura<\/li>\n<li>Antena interna<\/li>\n<li>Uso interior<\/li>\n<li>Modos de trabajo: Humo o Temperatura \/ Humo solo \/ Temperatura solo<\/li>\n<\/ul>\n<p>&nbsp;<\/p>\n<\/div>\n<\/div>\n<hr class=\"padding-bottom-2x\" \/>\n<div class=\"row align-items-center padding-bottom-2x\">\n<div class=\"col-md-5\"><img decoding=\"async\" class=\"d-block m-auto img-thumbnail\" src=\"https:\/\/tvc.mx\/media\/357991\/RISCO-EL5803-Detector-De-Humo-Inal%C3%A1mbrico-2-V%C3%ADas-Compatible-Con-Secuplace-10.png\" alt=\" \" \/><\/div>\n<div class=\"col-md-7 text-md-left text-center\">\n<h2>SELECCI\u00d3N DE LA UBICACI\u00d3N<\/h2>\n<p>Los detectores de humo y calor deben instalarse seg\u00fan la norma NFPA 74 (Asociaci\u00f3n Nacional de Protecci\u00f3n contra Incendios, Batterymarch Park, Quincy, MA 02169). Para una completa cobertura en viviendas, los detectores de humo y calor deben instalarse en todas las habitaciones, halls, \u00e1reas de almacenaje, s\u00f3tanos y \u00e1ticos de cada vivienda familiar. La cobertura m\u00ednima es un detector en cada piso y uno en cada zona de dormitorios y \u00e1tico de cada vivienda familiar.<\/p>\n<p>&nbsp;<\/p>\n<\/div>\n<\/div>\n<hr class=\"padding-bottom-2x\" \/>\n<div class=\"row align-items-center padding-bottom-2x\">\n<div class=\"col-md-5 order-md-2\"><img decoding=\"async\" class=\"d-block m-auto img-thumbnail\" src=\"https:\/\/tvc.mx\/media\/357995\/RISCO-EL5803-Detector-De-Humo-Inal%C3%A1mbrico-2-V%C3%ADas-Compatible-Con-Secuplace-11.png\" alt=\" \" \/><\/div>\n<div class=\"col-md-7 order-md-1 text-md-left text-center\">\n<h2>Alerta temprana de la detecci\u00f3n de una alarma de incendio<\/h2>\n<p>\u201cLa alerta temprana de la detecci\u00f3n de una alarma de incendio se conseguir\u00e1 con la instalaci\u00f3n de equipos de detecci\u00f3n de incendios en todas las habitaciones y \u00e1reas de la residencia, de la siguiente manera: (1) Un detector de humo y calor instalado en cada zona de dormitorios (cerca, pero fuera de los dormitorios), y (2) Detectores de calor, o de humo y calor, en salones, comedores, dormitorios, cocinas, pasillos, \u00e1ticos, sala de calderas, roperos, trasteros, despensas, s\u00f3tanos y garajes adosados.\u201d<\/p>\n<\/div>\n<\/div>\n","protected":false},"excerpt":{"rendered":"<p>Descripci\u00f3n general El Detector de Humo y Calor Inal\u00e1mbrico EL-5803 de Risco Group combina tecnolog\u00edas avanzadas dentro de un dise\u00f1o compacto y moderno, siendo la elecci\u00f3n ideal para los propietarios de viviendas que buscan los m\u00e1s altos est\u00e1ndares de seguridad. El humo es detectado empleando&hellip;<\/p>\n","protected":false},"featured_media":4024,"comment_status":"open","ping_status":"closed","template":"","meta":{"om_disable_all_campaigns":false,"_monsterinsights_skip_tracking":false,"_monsterinsights_sitenote_active":false,"_monsterinsights_sitenote_note":"","_monsterinsights_sitenote_category":0},"product_brand":[],"product_cat":[285],"product_tag":[212,211,151],"class_list":{"0":"post-4025","1":"product","2":"type-product","3":"status-publish","4":"has-post-thumbnail","6":"product_cat-sensores-de-alarma-alarmas-risco","7":"product_tag-alarmas","8":"product_tag-alarmas-e-intrusion","9":"product_tag-seguridad","11":"first","12":"instock","13":"sale","14":"taxable","15":"shipping-taxable","16":"purchasable","17":"product-type-simple"},"aioseo_notices":[],"_links":{"self":[{"href":"https:\/\/tecsecmty.com\/index.php\/wp-json\/wp\/v2\/product\/4025","targetHints":{"allow":["GET"]}}],"collection":[{"href":"https:\/\/tecsecmty.com\/index.php\/wp-json\/wp\/v2\/product"}],"about":[{"href":"https:\/\/tecsecmty.com\/index.php\/wp-json\/wp\/v2\/types\/product"}],"replies":[{"embeddable":true,"href":"https:\/\/tecsecmty.com\/index.php\/wp-json\/wp\/v2\/comments?post=4025"}],"version-history":[{"count":0,"href":"https:\/\/tecsecmty.com\/index.php\/wp-json\/wp\/v2\/product\/4025\/revisions"}],"wp:featuredmedia":[{"embeddable":true,"href":"https:\/\/tecsecmty.com\/index.php\/wp-json\/wp\/v2\/media\/4024"}],"wp:attachment":[{"href":"https:\/\/tecsecmty.com\/index.php\/wp-json\/wp\/v2\/media?parent=4025"}],"wp:term":[{"taxonomy":"product_brand","embeddable":true,"href":"https:\/\/tecsecmty.com\/index.php\/wp-json\/wp\/v2\/product_brand?post=4025"},{"taxonomy":"product_cat","embeddable":true,"href":"https:\/\/tecsecmty.com\/index.php\/wp-json\/wp\/v2\/product_cat?post=4025"},{"taxonomy":"product_tag","embeddable":true,"href":"https:\/\/tecsecmty.com\/index.php\/wp-json\/wp\/v2\/product_tag?post=4025"}],"curies":[{"name":"wp","href":"https:\/\/api.w.org\/{rel}","templated":true}]}}