{"id":4029,"date":"2023-02-23T00:29:24","date_gmt":"2023-02-23T06:29:24","guid":{"rendered":"https:\/\/tecsecmty.com\/index.php\/producto\/risco-rk150dtg3-lunar-sensor-de-movimiento-de-techo-360o-cableado-convencional-doble-tecnologia-anti-masking-compatible-con-las-marcas-dsc-bosch-ajax-multitransmiter\/"},"modified":"2023-03-22T23:23:46","modified_gmt":"2023-03-23T05:23:46","slug":"risco-rk150dtg3-lunar-sensor-de-movimiento-de-techo-360o-cableado-convencional-doble-tecnologia-anti-masking-compatible-con-las-marcas-dsc-bosch-ajax-multitransmiter","status":"publish","type":"product","link":"https:\/\/tecsecmty.com\/index.php\/producto\/risco-rk150dtg3-lunar-sensor-de-movimiento-de-techo-360o-cableado-convencional-doble-tecnologia-anti-masking-compatible-con-las-marcas-dsc-bosch-ajax-multitransmiter\/","title":{"rendered":"RISCO RK150DTG3 -LUNAR Sensor De Movimiento De Techo 360\u00ba \/ Cableado Convencional \/ Doble Tecnolog\u00eda Anti-Masking \/ Compatible con las Marcas DSC-BOSCH-AJAX (MULTITRANSMITER)"},"content":{"rendered":"<div class=\"row aling-items-center padding-bottom-2x\">\n<div class=\"col-lg-12\">\n<h5 class=\"card-title text-center\">Descripci\u00f3n<\/h5>\n<p class=\"ql-align-justify\">La Serie LuNAR es la soluci\u00f3n ideal para las \u00e1reas en las cuales el montaje en pared y rinc\u00f3n es inadecuado. Los detectores LuNAR son particularmente \u00fatiles en ambientes donde la colocaci\u00f3n en pared har\u00eda que los detectores fueran bloqueados por estantes, armarios, o \u00e1reas de almacenamiento. Combinando una sofisticada capacidad de detecci\u00f3n con un dise\u00f1o fino y atractivo, estos avanzados detectores emplean una lente Fresnel esf\u00e9rica especial con gran angular de 110\u00ba que proporciona una cobertura completa de 360\u00ba. Los detectores LuNAR DT y PR son adecuados a cada interior y son ideales para todos los usos del montaje en cielo raso en ambientes comerciales y residenciales. El detector cuenta con un gran lente de Fresnel \u00ba 110 \u00e1ngulo de cobertura de 360 \u00ba.<\/p>\n<p><img decoding=\"async\" class=\"overview-center-img-web\" src=\"https:\/\/tvc.mx\/media\/357683\/RISCO-RK150DTG3-LUNAR-Sensor-De-Movimiento-De-Techo-360%C2%BA-Cableado-Convencional-Doble-Tecnolog%C3%ADa-Anti-Masking-Resistencia-EOL-integrada-Compatible-con-las-Marcas-DSC-BOSCH-18.png\" alt=\"\" \/><\/div>\n<\/div>\n<div class=\"row align-items-center padding-bottom-2x\">\n<div class=\"col-md-5\"><img decoding=\"async\" class=\"d-block m-auto img-thumbnail\" src=\"https:\/\/tvc.mx\/media\/357687\/RISCO-RK150DTG3-LUNAR-Sensor-De-Movimiento-De-Techo-360%C2%BA-Cableado-Convencional-Doble-Tecnolog%C3%ADa-Anti-Masking-Resistencia-EOL-integrada-Compatible-con-las-Marcas-DSC-BOSCH-2.png\" alt=\" \" \/><\/div>\n<div class=\"col-md-7 text-md-left text-center\">\n<h2>Caracter\u00edsticas<\/h2>\n<p class=\"text-muted\">\n<ul>\n<li class=\"ql-align-justify\">Tecnolog\u00eda Dual (MW y PIR)<\/li>\n<li class=\"ql-align-justify\">Cobertura 12m (40 &#8216;) de di\u00e1metro<\/li>\n<li class=\"ql-align-justify\">Tecnolog\u00eda Anti-Cloak (ACT &amp;trade)<\/li>\n<li class=\"ql-align-justify\">Green Line &amp;trade para desactivar el MW durante el desarme<\/li>\n<li class=\"ql-align-justify\">Capacidad de resistencias EOL, seleccionable por jumper<\/li>\n<li class=\"ql-align-justify\">Tamper Cubierta<\/li>\n<li class=\"ql-align-justify\">Dise\u00f1o de bajo perfil<\/li>\n<\/ul>\n<p>&nbsp;<\/p>\n<\/div>\n<\/div>\n<hr class=\"padding-bottom-2x\" \/>\n<div class=\"row aling-items-center padding-bottom-2x\">\n<div class=\"col-lg-12\">\n<h5 class=\"card-title text-center\">Especificaciones<\/h5>\n<ul>\n<li>Tipo: Techo<\/li>\n<li>PD6662, EN50131: Grado 2<\/li>\n<li>Tecnolog\u00eda PIR de elemento Dual<\/li>\n<li>Procesamiento Digital Inteligente de la Se\u00f1al<\/li>\n<li>Detector Digital con Compensaci\u00f3n Verdadera de Temperatura<\/li>\n<li>Incorpora Resistencias Final de L\u00ednea (RFL)<\/li>\n<li>Cobertura: 360\u00b0, 12m (40\u2019) di\u00e1metro<\/li>\n<li>Altura de Montaje: 2.8m-4m (9&#8242;-13&#8242;)<\/li>\n<\/ul>\n<h3><\/h3>\n<p><img decoding=\"async\" class=\"overview-center-img-web\" src=\"https:\/\/tvc.mx\/media\/357691\/RISCO-RK150DTG3-LUNAR-Sensor-De-Movimiento-De-Techo-360%C2%BA-Cableado-Convencional-Doble-Tecnolog%C3%ADa-Anti-Masking-Resistencia-EOL-integrada-Compatible-con-las-Marcas-DSC-BOSCH-20.png\" alt=\"\" \/><\/div>\n<\/div>\n","protected":false},"excerpt":{"rendered":"<p>Descripci\u00f3n La Serie LuNAR es la soluci\u00f3n ideal para las \u00e1reas en las cuales el montaje en pared y rinc\u00f3n es inadecuado. Los detectores LuNAR son particularmente \u00fatiles en ambientes donde la colocaci\u00f3n en pared har\u00eda que los detectores fueran bloqueados por estantes, armarios, o&hellip;<\/p>\n","protected":false},"featured_media":4028,"comment_status":"open","ping_status":"closed","template":"","meta":{"om_disable_all_campaigns":false,"_monsterinsights_skip_tracking":false,"_monsterinsights_sitenote_active":false,"_monsterinsights_sitenote_note":"","_monsterinsights_sitenote_category":0},"product_brand":[],"product_cat":[285],"product_tag":[212,211,151],"class_list":{"0":"post-4029","1":"product","2":"type-product","3":"status-publish","4":"has-post-thumbnail","6":"product_cat-sensores-de-alarma-alarmas-risco","7":"product_tag-alarmas","8":"product_tag-alarmas-e-intrusion","9":"product_tag-seguridad","11":"first","12":"instock","13":"sale","14":"taxable","15":"shipping-taxable","16":"purchasable","17":"product-type-simple"},"aioseo_notices":[],"_links":{"self":[{"href":"https:\/\/tecsecmty.com\/index.php\/wp-json\/wp\/v2\/product\/4029","targetHints":{"allow":["GET"]}}],"collection":[{"href":"https:\/\/tecsecmty.com\/index.php\/wp-json\/wp\/v2\/product"}],"about":[{"href":"https:\/\/tecsecmty.com\/index.php\/wp-json\/wp\/v2\/types\/product"}],"replies":[{"embeddable":true,"href":"https:\/\/tecsecmty.com\/index.php\/wp-json\/wp\/v2\/comments?post=4029"}],"version-history":[{"count":0,"href":"https:\/\/tecsecmty.com\/index.php\/wp-json\/wp\/v2\/product\/4029\/revisions"}],"wp:featuredmedia":[{"embeddable":true,"href":"https:\/\/tecsecmty.com\/index.php\/wp-json\/wp\/v2\/media\/4028"}],"wp:attachment":[{"href":"https:\/\/tecsecmty.com\/index.php\/wp-json\/wp\/v2\/media?parent=4029"}],"wp:term":[{"taxonomy":"product_brand","embeddable":true,"href":"https:\/\/tecsecmty.com\/index.php\/wp-json\/wp\/v2\/product_brand?post=4029"},{"taxonomy":"product_cat","embeddable":true,"href":"https:\/\/tecsecmty.com\/index.php\/wp-json\/wp\/v2\/product_cat?post=4029"},{"taxonomy":"product_tag","embeddable":true,"href":"https:\/\/tecsecmty.com\/index.php\/wp-json\/wp\/v2\/product_tag?post=4029"}],"curies":[{"name":"wp","href":"https:\/\/api.w.org\/{rel}","templated":true}]}}