{"id":4031,"date":"2023-02-23T00:29:26","date_gmt":"2023-02-23T06:29:26","guid":{"rendered":"https:\/\/tecsecmty.com\/index.php\/producto\/risco-rk200dtg3-industrial-lunar-sensor-de-movimiento-de-techo-360-cableado-convencional-y-por-bus-grado-3-compatible-con-las-marcas-dsc-bosch-ajax-multitransmiter\/"},"modified":"2023-03-22T23:23:46","modified_gmt":"2023-03-23T05:23:46","slug":"risco-rk200dtg3-industrial-lunar-sensor-de-movimiento-de-techo-360-cableado-convencional-y-por-bus-grado-3-compatible-con-las-marcas-dsc-bosch-ajax-multitransmiter","status":"publish","type":"product","link":"https:\/\/tecsecmty.com\/index.php\/producto\/risco-rk200dtg3-industrial-lunar-sensor-de-movimiento-de-techo-360-cableado-convencional-y-por-bus-grado-3-compatible-con-las-marcas-dsc-bosch-ajax-multitransmiter\/","title":{"rendered":"RISCO RK200DTG3-INDUSTRIAL LUNAR Sensor De Movimiento De Techo 360\u00b0 Cableado Convencional Y Por BUS \/ Grado 3 \/ Compatible con las Marcas DSC-BOSCH-AJAX (MULTITRANSMITER)"},"content":{"rendered":"<div class=\"row aling-items-center padding-bottom-2x\">\n<div class=\"col-lg-12\">\n<h5 class=\"card-title text-center\">Descripci\u00f3n<\/h5>\n<p class=\"ql-align-justify\">LuNAR Industrial es el detector de techo m\u00e1s inteligente del Mercado,\u00a0utilizando una revolucionaria tecnolog\u00eda a y permitiendo una altura de\u00a0montaje de 8.6 metros (28 pies).<\/p>\n<p class=\"ql-align-justify\">LuNAR Industrial es el \u00fanico detector de techo con Tecnolog\u00eda Anti-\u00a0Cloak\u2122 del mercado, el cual detecta incluso cuando el intruso intenta\u00a0camuflar su radiaci\u00f3n infrarroja, y en el caso que se produzcan altas\u00a0temperaturas en las \u00e1reas de almacenamiento. \u00a0El detector cuenta con un gran lente de Fresnel \u00ba 110 \u00e1ngulo de cobertura de 360 \u00ba.<\/p>\n<p><img decoding=\"async\" class=\"overview-center-img-web\" src=\"https:\/\/tvc.mx\/media\/331904\/RISCO-RK200DTG3-INDUSTRIAL-LUNAR-Sensor-Movimiento-Techo-360-Cableado-Convencional-bUS-Cobertura-360-Grados-Profesional-Grado-3-Compatible-Marcas-DSC-BOSCH-%2810%29-%281%29-%281%29-%281%29-%281%29-%281%29-%281%29-%281%29-%281%29-%281%29.png\" alt=\"\" \/><\/div>\n<\/div>\n<div class=\"row align-items-center padding-bottom-2x\">\n<div class=\"col-md-5\"><img decoding=\"async\" class=\"d-block m-auto img-thumbnail\" src=\"https:\/\/tvc.mx\/media\/109437\/LUNAR-LATERAL-VIEW.jpg\" alt=\" \" \/><\/div>\n<div class=\"col-md-7 text-md-left text-center\">\n<h2>Caracter\u00edsticas<\/h2>\n<p class=\"text-muted\">\n<ul>\n<li>Detector instalable en Bus de RISCO con Tecnolog\u00eda Anti-Cloak\u2122<\/li>\n<li>Altura de montaje: Hasta 8,60m (28\u2019)<\/li>\n<li>Cobertura: 360\u00b0 con di\u00e1metro de 18m (60\u2019)<\/li>\n<li>3 canales PIR ajustables, independientemente para cobertura a medida<\/li>\n<li>El Bus de RISCO reduce dr\u00e1sticamente el cableado, costes de equipos de instalaci\u00f3n y mano de obra, mientras proporciona los beneficios derivados de los servicios remotos<\/li>\n<li>Anti-Enmascaramiento por IR Activo en los tres canales<\/li>\n<li>RFL triple incorporadas, seleccionables por puente<\/li>\n<li>Control y Diagn\u00f3sticos remotos a trav\u00e9s del software del PC o mediante un control remoto bidireccional<\/li>\n<li class=\"ql-align-justify\"><\/li>\n<\/ul>\n<p>&nbsp;<\/p>\n<\/div>\n<\/div>\n<hr class=\"padding-bottom-2x\" \/>\n<div class=\"row align-items-center padding-bottom-2x\">\n<div class=\"col-md-5 order-md-2\"><img decoding=\"async\" class=\"d-block m-auto img-thumbnail\" src=\"https:\/\/tvc.mx\/media\/109441\/inside-view-LuNar.jpg\" alt=\" \" \/><\/div>\n<div class=\"col-md-7 order-md-1 text-md-left text-center\">\n<h2>Especificaciones<\/h2>\n<p class=\"text-muted\">\n<ul>\n<li>Cobertura: 360\u00b0 y 18m (60\u2019) de di\u00e1metro. Consta de 192 zonas (96 zonas de lente Fresnel), divididas en 3 secciones de lentes. Cada secci\u00f3n de lente tiene 4 posiciones verticales para altura variable de montaje y cobertura personalizada.<\/li>\n<li>Altura de Montaje: De 2,70m a 8,60m (9\u2019 a 28\u2019) 4 posiciones de lente seg\u00fan la altura de la instalaci\u00f3n<\/li>\n<li>M\u00e9todo de Detecci\u00f3n de Intrusos: Tecnolog\u00eda Dual (PIR+MW) con Anti-Cloak\u2122<\/li>\n<li>Tecnolog\u00eda Green Line<\/li>\n<li>Anti-Enmascaramiento: 3 canales IR Activos<\/li>\n<li>Resistencias Final de L\u00ednea incorporadas: Triple RFL<\/li>\n<li>Verdadera Compensaci\u00f3n de Temperatura<\/li>\n<li>Alimentaci\u00f3n: De 9 a 16 Vcc<\/li>\n<li>Consumo: 20mA a 12Vcc, 30mA a 16 Vcc<\/li>\n<li>en reposo. M\u00e1ximo 40mA, con todos los LEDs iluminados<\/li>\n<li>Filtrado \u00f3ptico para protecci\u00f3n contra luz blanca: Filtro PIR de tapa<\/li>\n<li>Inmunidad contra RF: 40 V\/m de 10MHz a 1GHz<\/li>\n<li>Temperatura de funcionamiento: De -20\u00b0C a 55\u00b0C (-4\u00b0F a 131\u00b0F)<\/li>\n<li>Temperatura de almacenamiento: De -20\u00b0C a 60\u00b0C (-4\u00b0 F a 140\u00b0 F)<\/li>\n<li>Dimensiones: 99 x 194mm (3.9\u201d x 7.6\u201d)<\/li>\n<\/ul>\n<p>&nbsp;<\/p>\n<\/div>\n<\/div>\n<hr class=\"padding-bottom-2x\" \/>\n<div class=\"row align-items-center padding-bottom-2x\">\n<div class=\"col-md-5\"><img decoding=\"async\" class=\"d-block m-auto img-thumbnail\" src=\"https:\/\/tvc.mx\/media\/331913\/RISCO-RK200DTG3-INDUSTRIAL-LUNAR-Sensor-Movimiento-Techo-360-Cableado-Convencional-bUS-Cobertura-360-Grados-Profesional-Grado-3-Compatible-Marcas-DSC-BOSCH-%2812%29.png\" alt=\" \" \/><\/div>\n<div class=\"col-md-7 text-md-left text-center\">\n<h2>Industrial LuNAR\u2122 Grado 3<\/h2>\n<p class=\"text-muted\">\n<p>Detector volum\u00e9trico dise\u00f1ado para instalaciones comerciales con techos altos (hasta 8.6m), tales como almacenes, f\u00e1bricas o centros comerciales. El detector Industrial LuNAR\u2122 proporciona una cobertura de 360\u00ba con tres canales PIR independientes ajustables , proporcionando una total cobertura en ambientes con dise\u00f1os no convencionales, adem\u00e1s posee la tecnolog\u00eda Anti-Cloak\u2122. Dispone de control remoto bidireccional permitiendo el control y diagn\u00f3sticos del detector montado a una gran altura.<\/p>\n<p>&nbsp;<\/p>\n<\/div>\n<\/div>\n<hr class=\"padding-bottom-2x\" \/>\n<div class=\"row align-items-center padding-bottom-2x\">\n<div class=\"col-md-5\"><img decoding=\"async\" class=\"d-block m-auto img-thumbnail\" src=\"https:\/\/tvc.mx\/media\/331916\/RISCO-RK200DTG3-INDUSTRIAL-LUNAR-Sensor-Movimiento-Techo-360-Cableado-Convencional-bUS-Cobertura-360-Grados-Profesional-Grado-3-Compatible-Marcas-DSC-BOSCH-%2813%29.png\" alt=\" \" \/><\/div>\n<div class=\"col-md-7 text-md-left text-center\">\n<h2>Tecnolog\u00eda Green Line\u2122<\/h2>\n<p class=\"text-muted\">\n<p>Siguiendo las directrices medioambientales elimina las emisiones de radiaci\u00f3n excedentes protegiendo a las personas cuando el sistema es desarmado mediante la desactivaci\u00f3n del canal de microondas activo.<\/p>\n<p>&nbsp;<\/p>\n<\/div>\n<\/div>\n<hr class=\"padding-bottom-2x\" \/>\n<div class=\"row align-items-center padding-bottom-2x\">\n<div class=\"col-md-5\"><img decoding=\"async\" class=\"d-block m-auto img-thumbnail\" src=\"https:\/\/tvc.mx\/media\/331919\/RISCO-RK200DTG3-INDUSTRIAL-LUNAR-Sensor-Movimiento-Techo-360-Cableado-Convencional-bUS-Cobertura-360-Grados-Profesional-Grado-3-Compatible-Marcas-DSC-BOSCH-%2814%29.png\" alt=\" \" \/><\/div>\n<div class=\"col-md-7 text-md-left text-center\">\n<h2>IR Activo para Anti-enmascaramiento<\/h2>\n<p class=\"text-muted\">\n<p>El m\u00e9todo anti-enmascaramiento m\u00e1s fiable que comprueba continuamente la capacidad f\u00edsica del detector para ver a trav\u00e9s de la lente, incluso en modo desarmado<\/p>\n<p>&nbsp;<\/p>\n<\/div>\n<\/div>\n<hr class=\"padding-bottom-2x\" \/>\n<div class=\"row align-items-center padding-bottom-2x\">\n<div class=\"col-md-5\"><img decoding=\"async\" class=\"d-block m-auto img-thumbnail\" src=\"https:\/\/tvc.mx\/media\/331922\/RISCO-RK200DTG3-INDUSTRIAL-LUNAR-Sensor-Movimiento-Techo-360-Cableado-Convencional-bUS-Cobertura-360-Grados-Profesional-Grado-3-Compatible-Marcas-DSC-BOSCH-%2815%29.png\" alt=\" \" \/><\/div>\n<div class=\"col-md-7 text-md-left text-center\">\n<h2>Tecnolog\u00eda Anti-Cloak\u2122<\/h2>\n<p class=\"text-muted\">\n<p>Aumenta radicalmente el rendimiento de captura en situaciones donde la se\u00f1al de PIR se vuelve demasiado d\u00e9bil para detectar un intruso, tales como cuando intrusos tratan de \u201cencubrir a s\u00ed mismos\u201d, o en olas de calor cuando la temperatura ambiente se aproxima a 37\u00b0 C.<\/p>\n<p>&nbsp;<\/p>\n<\/div>\n<\/div>\n<hr class=\"padding-bottom-2x\" \/>\n<div class=\"row align-items-center padding-bottom-2x\">\n<div class=\"col-md-5\"><img decoding=\"async\" class=\"d-block m-auto img-thumbnail\" src=\"https:\/\/tvc.mx\/media\/331925\/RISCO-RK200DTG3-INDUSTRIAL-LUNAR-Sensor-Movimiento-Techo-360-Cableado-Convencional-bUS-Cobertura-360-Grados-Profesional-Grado-3-Compatible-Marcas-DSC-BOSCH-%2816%29.png\" alt=\" \" \/><\/div>\n<div class=\"col-md-7 text-md-left text-center\">\n<h2>Incorpora resistencias RFL para facilitar la instalaci\u00f3n<\/h2>\n<p class=\"text-muted\">\n<p>Los detectores en rel\u00e9 BWare\u2122 incorporan resistencias final de l\u00ednea eliminando la necesidad de los instaladores de incorporar resistencias en el detector, simplificando la instalaci\u00f3n y ahorrando tiempo.<\/p>\n<p>&nbsp;<\/p>\n<\/div>\n<\/div>\n<hr class=\"padding-bottom-2x\" \/>\n<div class=\"row align-items-center padding-bottom-2x\">\n<div class=\"col-md-5\"><img decoding=\"async\" class=\"d-block m-auto img-thumbnail\" src=\"https:\/\/tvc.mx\/media\/331928\/RISCO-RK200DTG3-INDUSTRIAL-LUNAR-Sensor-Movimiento-Techo-360-Cableado-Convencional-bUS-Cobertura-360-Grados-Profesional-Grado-3-Compatible-Marcas-DSC-BOSCH-%2817%29.png\" alt=\" \" \/><\/div>\n<div class=\"col-md-7 text-md-left text-center\">\n<h2>El Bus de RISCO<\/h2>\n<p class=\"text-muted\">\n<p>Una simplificada arquitectura de cableado en Bus a trav\u00e9s de una \u00fanica manguera de cable de 4 hilos para cablear todo el sistema de alarma. Las instalaciones en el Bus de RISCO cablea los detectores en una misma l\u00ednea en lugar del cableado est\u00e1ndar, siendo adecuado para largos pasillos y para el sector comercial.<\/p>\n<\/div>\n<\/div>\n","protected":false},"excerpt":{"rendered":"<p>Descripci\u00f3n LuNAR Industrial es el detector de techo m\u00e1s inteligente del Mercado,\u00a0utilizando una revolucionaria tecnolog\u00eda a y permitiendo una altura de\u00a0montaje de 8.6 metros (28 pies). LuNAR Industrial es el \u00fanico detector de techo con Tecnolog\u00eda Anti-\u00a0Cloak\u2122 del mercado, el cual detecta incluso cuando el&hellip;<\/p>\n","protected":false},"featured_media":4030,"comment_status":"open","ping_status":"closed","template":"","meta":{"om_disable_all_campaigns":false,"_monsterinsights_skip_tracking":false,"_monsterinsights_sitenote_active":false,"_monsterinsights_sitenote_note":"","_monsterinsights_sitenote_category":0},"product_brand":[],"product_cat":[285],"product_tag":[212,211,151],"class_list":{"0":"post-4031","1":"product","2":"type-product","3":"status-publish","4":"has-post-thumbnail","6":"product_cat-sensores-de-alarma-alarmas-risco","7":"product_tag-alarmas","8":"product_tag-alarmas-e-intrusion","9":"product_tag-seguridad","11":"first","12":"instock","13":"sale","14":"taxable","15":"shipping-taxable","16":"purchasable","17":"product-type-simple"},"aioseo_notices":[],"_links":{"self":[{"href":"https:\/\/tecsecmty.com\/index.php\/wp-json\/wp\/v2\/product\/4031","targetHints":{"allow":["GET"]}}],"collection":[{"href":"https:\/\/tecsecmty.com\/index.php\/wp-json\/wp\/v2\/product"}],"about":[{"href":"https:\/\/tecsecmty.com\/index.php\/wp-json\/wp\/v2\/types\/product"}],"replies":[{"embeddable":true,"href":"https:\/\/tecsecmty.com\/index.php\/wp-json\/wp\/v2\/comments?post=4031"}],"version-history":[{"count":0,"href":"https:\/\/tecsecmty.com\/index.php\/wp-json\/wp\/v2\/product\/4031\/revisions"}],"wp:featuredmedia":[{"embeddable":true,"href":"https:\/\/tecsecmty.com\/index.php\/wp-json\/wp\/v2\/media\/4030"}],"wp:attachment":[{"href":"https:\/\/tecsecmty.com\/index.php\/wp-json\/wp\/v2\/media?parent=4031"}],"wp:term":[{"taxonomy":"product_brand","embeddable":true,"href":"https:\/\/tecsecmty.com\/index.php\/wp-json\/wp\/v2\/product_brand?post=4031"},{"taxonomy":"product_cat","embeddable":true,"href":"https:\/\/tecsecmty.com\/index.php\/wp-json\/wp\/v2\/product_cat?post=4031"},{"taxonomy":"product_tag","embeddable":true,"href":"https:\/\/tecsecmty.com\/index.php\/wp-json\/wp\/v2\/product_tag?post=4031"}],"curies":[{"name":"wp","href":"https:\/\/api.w.org\/{rel}","templated":true}]}}