{"id":4033,"date":"2023-02-23T00:29:32","date_gmt":"2023-02-23T06:29:32","guid":{"rendered":"https:\/\/tecsecmty.com\/index.php\/producto\/risco-rk415pr0000c-digisense-sensor-de-movimiento-cableado-convencional-rango-de-cobertura-15-mts-compatible-con-las-marcas-dsc-bosch-ajax-multitransmiter\/"},"modified":"2023-03-22T23:23:47","modified_gmt":"2023-03-23T05:23:47","slug":"risco-rk415pr0000c-digisense-sensor-de-movimiento-cableado-convencional-rango-de-cobertura-15-mts-compatible-con-las-marcas-dsc-bosch-ajax-multitransmiter","status":"publish","type":"product","link":"https:\/\/tecsecmty.com\/index.php\/producto\/risco-rk415pr0000c-digisense-sensor-de-movimiento-cableado-convencional-rango-de-cobertura-15-mts-compatible-con-las-marcas-dsc-bosch-ajax-multitransmiter\/","title":{"rendered":"RISCO RK415PR0000C-DigiSense Sensor de Movimiento Cableado Convencional \/ Rango De Cobertura 15 Mts \/ Compatible con las Marcas DSC-BOSCH-AJAX (MULTITRANSMITER)"},"content":{"rendered":"<div class=\"row aling-items-center padding-bottom-2x\">\n<div class=\"col-lg-12\">\n<h5 class=\"card-title text-center\">DigiSense\u2122 RK415PR<\/h5>\n<p>DigiSense es la elecci\u00f3n ideal para instalaciones tanto comerciales como residenciales. Basado en las avanzadas tecnolog\u00edas de detecci\u00f3n de RISCO Group, DigiSense ha sido dise\u00f1ado para asegurar un desempe\u00f1o superior de detecci\u00f3n e inmunidad contra falsas alarmas<\/p>\n<p><img decoding=\"async\" class=\"overview-center-img-web\" src=\"https:\/\/tvc.mx\/media\/249547\/RSC1180005-RISCO-RK415PR-DigiSense-Sensor-de-Movimiento-Cableado-Convencional-Rango-De-Cobertura-15-Mts-Compatible-con-las-Marcas-DSC-BOSCH.3.png\" alt=\"\" \/><\/div>\n<\/div>\n<div class=\"row align-items-center padding-bottom-2x\">\n<div class=\"col-md-5\"><img decoding=\"async\" class=\"d-block m-auto img-thumbnail\" src=\"https:\/\/tvc.mx\/media\/249551\/RSC1180005-RISCO-RK415PR-DigiSense-Sensor-de-Movimiento-Cableado-Convencional-Rango-De-Cobertura-15-Mts-Compatible-con-las-Marcas-DSC-BOSCH.png\" alt=\" \" \/><\/div>\n<div class=\"col-md-7 text-md-left text-center\">\n<h2>Caracter\u00edsticas<\/h2>\n<p class=\"text-muted\">\n<ul>\n<li>Grado de seguridad 2 EN50131<\/li>\n<li>Cobertura de 15 m (50 &#8216;)<\/li>\n<li>Procesamiento de se\u00f1al digital basado en microprocesador<\/li>\n<li>Compensaci\u00f3n de temperatura real<\/li>\n<li>Amplio espacio de cableado para una f\u00e1cil instalaci\u00f3n.<\/li>\n<\/ul>\n<p>&nbsp;<\/p>\n<\/div>\n<\/div>\n<hr class=\"padding-bottom-2x\" \/>\n<div class=\"row align-items-center padding-bottom-2x\">\n<div class=\"col-md-5 order-md-2\"><img decoding=\"async\" class=\"d-block m-auto img-thumbnail\" src=\"https:\/\/tvc.mx\/media\/249555\/RSC1180005-RISCO-RK415PR-DigiSense-Sensor-de-Movimiento-Cableado-Convencional-Rango-De-Cobertura-15-Mts-Compatible-con-las-Marcas-DSC-BOSCH-1.png\" alt=\" \" \/><\/div>\n<div class=\"col-md-7 order-md-1 text-md-left text-center\">\n<h2>Especificaciones t\u00e9cnicas<\/h2>\n<p class=\"text-muted\">\n<ul>\n<li>Grado de seguridad 2 EN50131<\/li>\n<li>Rango de cobertura: 15 mx 15 m (50&#8217;x50 &#8216;)<\/li>\n<li>Altura de instalaci\u00f3n: 2-2,7 m (6&#8217;7&#8243; -9 &#8216;)<\/li>\n<li>L\u00f3gica de detecci\u00f3n: PIR<\/li>\n<\/ul>\n<p>&nbsp;<\/p>\n<\/div>\n<\/div>\n<hr class=\"padding-bottom-2x\" \/>\n<div class=\"row align-items-center padding-bottom-2x\">\n<div class=\"col-md-5 order-md-2\"><img decoding=\"async\" class=\"d-block m-auto img-thumbnail\" src=\"https:\/\/tvc.mx\/media\/249559\/RSC1180005-RISCO-RK415PR-DigiSense-Sensor-de-Movimiento-Cableado-Convencional-Rango-De-Cobertura-15-Mts-Compatible-con-las-Marcas-DSC-BOSCH.4.png\" alt=\" \" \/><\/div>\n<div class=\"col-md-7 order-md-1 text-md-left text-center\">\n<h2>.<\/h2>\n<p class=\"text-muted\">\n<ul>\n<li>Voltaje de funcionamiento: 9 a 16 VCC<\/li>\n<li>Filtrado \u00f3ptico: protecci\u00f3n contra la luz blanca, lente pigmentada<\/li>\n<li>Temperatura de funcionamiento: -20 \u00b0 C a 55 \u00b0 C (-4 \u00b0 F a 131 \u00b0 F)<\/li>\n<li>Dimensiones: 106 x 60 x 47 mm (4,17 \u00abx 2,36\u00bb x 1,85 \u00ab)<\/li>\n<\/ul>\n<\/div>\n<\/div>\n","protected":false},"excerpt":{"rendered":"<p>DigiSense\u2122 RK415PR DigiSense es la elecci\u00f3n ideal para instalaciones tanto comerciales como residenciales. Basado en las avanzadas tecnolog\u00edas de detecci\u00f3n de RISCO Group, DigiSense ha sido dise\u00f1ado para asegurar un desempe\u00f1o superior de detecci\u00f3n e inmunidad contra falsas alarmas Caracter\u00edsticas Grado de seguridad 2 EN50131&hellip;<\/p>\n","protected":false},"featured_media":4032,"comment_status":"open","ping_status":"closed","template":"","meta":{"om_disable_all_campaigns":false,"_monsterinsights_skip_tracking":false,"_monsterinsights_sitenote_active":false,"_monsterinsights_sitenote_note":"","_monsterinsights_sitenote_category":0},"product_brand":[],"product_cat":[285],"product_tag":[212,211,151],"class_list":{"0":"post-4033","1":"product","2":"type-product","3":"status-publish","4":"has-post-thumbnail","6":"product_cat-sensores-de-alarma-alarmas-risco","7":"product_tag-alarmas","8":"product_tag-alarmas-e-intrusion","9":"product_tag-seguridad","11":"first","12":"instock","13":"sale","14":"taxable","15":"shipping-taxable","16":"purchasable","17":"product-type-simple"},"aioseo_notices":[],"_links":{"self":[{"href":"https:\/\/tecsecmty.com\/index.php\/wp-json\/wp\/v2\/product\/4033","targetHints":{"allow":["GET"]}}],"collection":[{"href":"https:\/\/tecsecmty.com\/index.php\/wp-json\/wp\/v2\/product"}],"about":[{"href":"https:\/\/tecsecmty.com\/index.php\/wp-json\/wp\/v2\/types\/product"}],"replies":[{"embeddable":true,"href":"https:\/\/tecsecmty.com\/index.php\/wp-json\/wp\/v2\/comments?post=4033"}],"version-history":[{"count":0,"href":"https:\/\/tecsecmty.com\/index.php\/wp-json\/wp\/v2\/product\/4033\/revisions"}],"wp:featuredmedia":[{"embeddable":true,"href":"https:\/\/tecsecmty.com\/index.php\/wp-json\/wp\/v2\/media\/4032"}],"wp:attachment":[{"href":"https:\/\/tecsecmty.com\/index.php\/wp-json\/wp\/v2\/media?parent=4033"}],"wp:term":[{"taxonomy":"product_brand","embeddable":true,"href":"https:\/\/tecsecmty.com\/index.php\/wp-json\/wp\/v2\/product_brand?post=4033"},{"taxonomy":"product_cat","embeddable":true,"href":"https:\/\/tecsecmty.com\/index.php\/wp-json\/wp\/v2\/product_cat?post=4033"},{"taxonomy":"product_tag","embeddable":true,"href":"https:\/\/tecsecmty.com\/index.php\/wp-json\/wp\/v2\/product_tag?post=4033"}],"curies":[{"name":"wp","href":"https:\/\/api.w.org\/{rel}","templated":true}]}}