{"id":4035,"date":"2023-02-23T00:29:34","date_gmt":"2023-02-23T06:29:34","guid":{"rendered":"https:\/\/tecsecmty.com\/index.php\/producto\/risco-rk515dtbg3-bware-dt-am-sensor-de-movimiento-doble-tecnologia-cableado-por-bus-grado-3\/"},"modified":"2023-03-22T23:23:47","modified_gmt":"2023-03-23T05:23:47","slug":"risco-rk515dtbg3-bware-dt-am-sensor-de-movimiento-doble-tecnologia-cableado-por-bus-grado-3","status":"publish","type":"product","link":"https:\/\/tecsecmty.com\/index.php\/producto\/risco-rk515dtbg3-bware-dt-am-sensor-de-movimiento-doble-tecnologia-cableado-por-bus-grado-3\/","title":{"rendered":"RISCO RK515DTBG3 &#8211; BWARE DT AM Sensor De Movimiento Doble Tecnolog\u00eda Cableado por BUS Grado 3"},"content":{"rendered":"<div class=\"row aling-items-center padding-bottom-2x\">\n<div class=\"col-lg-12\">\n<h5 class=\"card-title text-center\">RISCO RK515DTBG3 &#8211; BWARE DT AM Sensor De Movimiento Doble Tecnolog\u00eda Cableado por BUS Grado 3<\/h5>\n<h4 class=\"ql-align-justify\"><\/h4>\n<p class=\"ql-align-justify\">BWare&amp;trade es la m\u00e1s avanzada familia de detectores comerciales de RISCO Group. Al incorporar todas las tecnolog\u00edas de detecci\u00f3n de RISCO, estos detectores elegantes y f\u00e1ciles de instalar son ideales para instalaciones comerciales, institucionales y residenciales de alto nivel.<\/p>\n<p class=\"ql-align-justify\">Los detectores volum\u00e9tricos BWare&amp;trade son extremadamente fiables gracias a la utilizaci\u00f3n de microondas de banda-K y a sus\u00a0inigualables\u00a0tecnolog\u00edas de detecci\u00f3n . Disponen de una lente convexa, la cual proporciona una mejor capacidad de detecci\u00f3n y de tampers de pared y de tapa dorados para una mayor fiabilidad.<\/p>\n<p><img decoding=\"async\" class=\"overview-center-img-web\" src=\"https:\/\/tvc.mx\/media\/371499\/RISCO-RK515DTBG3-BWARE-DT-AM-Sensor-De-Movimiento-Doble-Tecnolog%C3%ADa-Cableado-por-BUS-Grado-3.png\" alt=\"\" \/><\/div>\n<\/div>\n<div class=\"row align-items-center padding-bottom-2x\">\n<div class=\"col-md-5 order-md-2\"><img decoding=\"async\" class=\"d-block m-auto img-thumbnail\" src=\"https:\/\/tvc.mx\/media\/372251\/RISCO-RK515DTBG3-BWARE-DT-AM-Sensor-De-Movimiento-Doble-Tecnolog%C3%ADa-Cableado-por-BUS-Grado-9.png\" alt=\" \" \/><\/div>\n<div class=\"col-md-7 order-md-1 text-md-left text-center\">\n<h2>Caracteristicas<\/h2>\n<p class=\"text-muted\">\n<ul>\n<li>Microondas de banda-K para mejor capacidad de detecci\u00f3n e inmunidad contra falsas alarmas<\/li>\n<li>Protecci\u00f3n interna de la PCB<\/li>\n<li>Dise\u00f1o sencillo y elegante con una \u00fanica lente convexa<\/li>\n<li>Doble tecnolog\u00eda: MW y PIR<\/li>\n<li>Alcance: 15m (50\u2019)<\/li>\n<li>Tecnolog\u00eda Anti-Cloak&amp;trade (ACT&amp;trade)<\/li>\n<li>Green Line&amp;trade para deshabilitar la MW durante el desarmado<\/li>\n<li>Anti-Enmascaramiento por IR Activo en los modelos de Grado 3<\/li>\n<li>RFL triple incorporada, seleccionables mediante puente<\/li>\n<li>Opto-rel\u00e9s para protecci\u00f3n contra el ataque de grandes imanes<\/li>\n<li>Tampers: De tapa y pared\/rinc\u00f3n<\/li>\n<li>Lentes de Pasillo y Cortina (opcionales)<\/li>\n<li>Modelos: RK515DTG3: BWare&amp;trade DT AM Grado 3 15m (50\u2019) \/\/ RK 515DTGL: BWare&amp;trade DT Grado 2 15m (50\u2019) \/\/ RA51000000A: R\u00f3tula de Pared\/Techo BWare&amp;trade<\/li>\n<\/ul>\n<p>&nbsp;<\/p>\n<\/div>\n<\/div>\n<hr class=\"padding-bottom-2x\" \/>\n<div class=\"row align-items-center padding-bottom-2x\">\n<div class=\"col-md-5\"><img decoding=\"async\" class=\"d-block m-auto img-thumbnail\" src=\"https:\/\/tvc.mx\/media\/372139\/RISCO-RK515DTBG3-BWARE-DT-AM-Sensor-De-Movimiento-Doble-Tecnolog%C3%ADa-Cableado-por-BUS-Grado-7.png\" alt=\" \" \/><\/div>\n<div class=\"col-md-7 text-md-left text-center\">\n<h2>Especificaciones T\u00e9cnicas<\/h2>\n<p class=\"text-muted\">\n<ul>\n<li>Tipo: DT de Interior<\/li>\n<li>PD6662, EN50131-2-4: Grado 3<\/li>\n<li>RISCO Bus: Modelos Especiales en Bus de BWare<\/li>\n<li>Microondas: Banda-K<\/li>\n<li>Sensor PIR (elemento doble)<\/li>\n<li>Tecnolog\u00eda Anti-Cloak&amp;trade (ACT&amp;trade)<\/li>\n<li>Green Line<\/li>\n<li>Procesado Inteligente de la Se\u00f1al Digital<\/li>\n<li>Verdadera compensaci\u00f3n de temperatura<\/li>\n<li>RFL incorporadas, seleccionables mediante puente<\/li>\n<li>M\u00e9todo anti-enmascaramiento: IR Activo<\/li>\n<li>Alcance: 15m (50\u2019) gran angular<\/li>\n<li>Lentes opcionales: \u2013 Lente de Pasillo 23m (75\u2019) &#8211; Lente de Cortina (15m (50\u2019)<\/li>\n<li>Altura de montaje: 2,10\/2,70m (6\u201911\u201d-8\u201910\u201d)<\/li>\n<li>Accesorio opcional: R\u00f3tula<\/li>\n<li>Consumo: 16mA a 12Vcc (t\u00edpico) 41mA a 12Vcc (m\u00e1x.)<\/li>\n<li>Alimentaci\u00f3n: De 9 a 16Vcc<\/li>\n<li>Inmunidad contra RF: Seg\u00fan EN50130-4<\/li>\n<li>Temperatura funcionamiento: &#8211; 10\u00b0C a 55\u00b0C (14\u00b0F a 131\u00b0F)<\/li>\n<li>Temperatura de almacenamiento: &#8211; 20\u00b0C a 66\u00b0C (-4\u00b0F a 140\u00b0F)<\/li>\n<li>Protecci\u00f3n de filtrado contra luz blanca<\/li>\n<li>Dimensiones: 127,60 x 64,60mm (5&#215;2.5&#215;18.4 pulg.)<\/li>\n<li>Peso: 120gr. (4.2 oz.)<\/li>\n<\/ul>\n<p>&nbsp;<\/p>\n<\/div>\n<\/div>\n<hr class=\"padding-bottom-2x\" \/>\n<div class=\"row align-items-center padding-bottom-2x\">\n<div class=\"col-md-5 order-md-2\"><img decoding=\"async\" class=\"d-block m-auto img-thumbnail\" src=\"https:\/\/tvc.mx\/media\/372123\/Sin-t%C3%ADtulo-6.png\" alt=\" \" \/><\/div>\n<div class=\"col-md-7 order-md-1 text-md-left text-center\">\n<h2>Incluye:<\/h2>\n<p class=\"text-muted\">\n<ul>\n<li>Sensor De Movimiento Doble Tecnolog\u00eda Cableado por BUS.<\/li>\n<li>Tornillos de fijaci\u00f3n.<\/li>\n<li>Manual de instalaci\u00f3n.<\/li>\n<\/ul>\n<p>&nbsp;<\/p>\n<\/div>\n<\/div>\n<hr class=\"padding-bottom-2x\" \/>\n<div class=\"row aling-items-center padding-bottom-2x\">\n<div class=\"col-lg-12\">\n<h5 class=\"card-title text-center\">Instalaci\u00f3n<\/h5>\n<p>Respete por favor el sentido y altura de instalaci\u00f3n del Sensor BWare de RISCO<\/p>\n<p><img decoding=\"async\" class=\"overview-center-img-\" src=\"https:\/\/tvc.mx\/media\/2189\/Instalacion-del-sensor-Bware.jpg\" alt=\"\" \/><\/div>\n<\/div>\n<div class=\"row aling-items-center padding-bottom-2x\">\n<div class=\"col-lg-12\">\n<h5 class=\"card-title text-center\">Indicaciones<\/h5>\n<p>Por favor respete las indicaciones y cuidados del sensor BWare de RISCO<\/p>\n<p><img decoding=\"async\" class=\"overview-center-img-\" src=\"https:\/\/tvc.mx\/media\/2194\/BWare-indicaciones.jpg\" alt=\"\" \/><\/div>\n<\/div>\n","protected":false},"excerpt":{"rendered":"<p>RISCO RK515DTBG3 &#8211; BWARE DT AM Sensor De Movimiento Doble Tecnolog\u00eda Cableado por BUS Grado 3 BWare&amp;trade es la m\u00e1s avanzada familia de detectores comerciales de RISCO Group. Al incorporar todas las tecnolog\u00edas de detecci\u00f3n de RISCO, estos detectores elegantes y f\u00e1ciles de instalar son&hellip;<\/p>\n","protected":false},"featured_media":4034,"comment_status":"open","ping_status":"closed","template":"","meta":{"om_disable_all_campaigns":false,"_monsterinsights_skip_tracking":false,"_monsterinsights_sitenote_active":false,"_monsterinsights_sitenote_note":"","_monsterinsights_sitenote_category":0},"product_brand":[],"product_cat":[285],"product_tag":[212,211,151],"class_list":{"0":"post-4035","1":"product","2":"type-product","3":"status-publish","4":"has-post-thumbnail","6":"product_cat-sensores-de-alarma-alarmas-risco","7":"product_tag-alarmas","8":"product_tag-alarmas-e-intrusion","9":"product_tag-seguridad","11":"first","12":"instock","13":"sale","14":"taxable","15":"shipping-taxable","16":"purchasable","17":"product-type-simple"},"aioseo_notices":[],"_links":{"self":[{"href":"https:\/\/tecsecmty.com\/index.php\/wp-json\/wp\/v2\/product\/4035","targetHints":{"allow":["GET"]}}],"collection":[{"href":"https:\/\/tecsecmty.com\/index.php\/wp-json\/wp\/v2\/product"}],"about":[{"href":"https:\/\/tecsecmty.com\/index.php\/wp-json\/wp\/v2\/types\/product"}],"replies":[{"embeddable":true,"href":"https:\/\/tecsecmty.com\/index.php\/wp-json\/wp\/v2\/comments?post=4035"}],"version-history":[{"count":0,"href":"https:\/\/tecsecmty.com\/index.php\/wp-json\/wp\/v2\/product\/4035\/revisions"}],"wp:featuredmedia":[{"embeddable":true,"href":"https:\/\/tecsecmty.com\/index.php\/wp-json\/wp\/v2\/media\/4034"}],"wp:attachment":[{"href":"https:\/\/tecsecmty.com\/index.php\/wp-json\/wp\/v2\/media?parent=4035"}],"wp:term":[{"taxonomy":"product_brand","embeddable":true,"href":"https:\/\/tecsecmty.com\/index.php\/wp-json\/wp\/v2\/product_brand?post=4035"},{"taxonomy":"product_cat","embeddable":true,"href":"https:\/\/tecsecmty.com\/index.php\/wp-json\/wp\/v2\/product_cat?post=4035"},{"taxonomy":"product_tag","embeddable":true,"href":"https:\/\/tecsecmty.com\/index.php\/wp-json\/wp\/v2\/product_tag?post=4035"}],"curies":[{"name":"wp","href":"https:\/\/api.w.org\/{rel}","templated":true}]}}