{"id":4037,"date":"2023-02-23T00:29:36","date_gmt":"2023-02-23T06:29:36","guid":{"rendered":"https:\/\/tecsecmty.com\/index.php\/producto\/risco-rk600s-shocktec-sensor-de-impacto-cableado-convencional-muros-techos-piezo-electrico-capsula-de-cristales-grado-3-compatible-con-las-marcas-dsc-bosch-ajax-multitransmiter\/"},"modified":"2023-03-22T23:23:47","modified_gmt":"2023-03-23T05:23:47","slug":"risco-rk600s-shocktec-sensor-de-impacto-cableado-convencional-muros-techos-piezo-electrico-capsula-de-cristales-grado-3-compatible-con-las-marcas-dsc-bosch-ajax-multitransmiter","status":"publish","type":"product","link":"https:\/\/tecsecmty.com\/index.php\/producto\/risco-rk600s-shocktec-sensor-de-impacto-cableado-convencional-muros-techos-piezo-electrico-capsula-de-cristales-grado-3-compatible-con-las-marcas-dsc-bosch-ajax-multitransmiter\/","title":{"rendered":"RISCO RK600S &#8211; SHOCKTEC Sensor De Impacto Cableado Convencional \/ Muros-Techos \/ Piezo-El\u00e9ctrico-Capsula De Cristales \/ Grado 3 \/ Compatible con las Marcas DSC-BOSCH-AJAX (MULTITRANSMITER)"},"content":{"rendered":"<div class=\"row aling-items-center padding-bottom-2x\">\n<div class=\"col-lg-12\">\n<h5 class=\"card-title text-center\">Descripci\u00f3n<\/h5>\n<p class=\"ql-align-justify\">ShockTec \u2122 de Risco\u00a0<strong>modelo\u00a0RK600S<\/strong>\u00a0es un detector de descargas digitales que proporciona protecci\u00f3n perimetral fiable las 24 horas. El ataque es detectado tan pronto el intruso intenta forzar, romper, perforar o incluso ver a trav\u00e9s de la ventana, puerta, pared o techo protegidos. ShockTec \u2122 de Risco modelo\u00a0<strong>RK600S<\/strong>\u00a0emplea un microprocesador digital avanzado para analizar la se\u00f1al de vibraci\u00f3n recibida desde el sensor piezoel\u00e9ctrico. El muestreo digital de la se\u00f1al simult\u00e1neamente en dos canales distintos, cada uno amplificado con diferente ganancia, es una caracter\u00edstica \u00fanica del ShockTec\u2122 600S. Esto proporciona un enorme alcance din\u00e1mico de la se\u00f1al muestreada, lo que permite la medici\u00f3n precisa y el an\u00e1lisis de la se\u00f1al de los golpes.<\/p>\n<p><img decoding=\"async\" class=\"overview-center-img-web\" src=\"https:\/\/tvc.mx\/media\/277531\/RISCO-RK601SM0000C-SHOCKTEC-PLUS-Sensor-De-Impacto-Digital-Con-Contacto-Magn%C3%A9tico-Cableado-Convencional-Para-Muros-Puertas-O-Ventanas-Grado-3-Compatible-con-las-Marcas-DSC-BOSCH-12.png\" alt=\"\" \/><\/div>\n<\/div>\n<div class=\"row align-items-center padding-bottom-2x\">\n<div class=\"col-md-5\"><img decoding=\"async\" class=\"d-block m-auto img-thumbnail\" src=\"https:\/\/tvc.mx\/media\/277803\/RISCO-RK601SM0000C-SHOCKTEC-PLUS-Sensor-De-Impacto-Digital-Con-Contacto-Magn%C3%A9tico-Cableado-Convencional-Para-Muros-Puertas-O-Ventanas-Grado-3-Compatible-con-las-Marcas-DSC-BOSCH-8.png\" alt=\" \" \/><\/div>\n<div class=\"col-md-7 text-md-left text-center\">\n<h2>Caracter\u00edsticas<\/h2>\n<p class=\"text-muted\">\n<ul>\n<li>Microprocesador Digital con Procesamiento Inteligente de la Se\u00f1al Digital.<\/li>\n<li>Detecci\u00f3n de Ataque Bruto.<\/li>\n<li>Procesamiento Inteligente de la Se\u00f1al Digital \u2013 distingue entre las vibraciones producidas por causas naturales y las provocadas por se\u00f1ales de frecuencia que son causadas por un intento de intrusi\u00f3n.<\/li>\n<li>Ideal para ventanas, puertas, paredes y techos.<\/li>\n<li>Sensor piezoel\u00e9ctrico encapsulado bi-morfo.<\/li>\n<li>Modelo: RK600S Detector Digital de Golpes ShockTec\u2122.<\/li>\n<\/ul>\n<p>&nbsp;<\/p>\n<\/div>\n<\/div>\n<hr class=\"padding-bottom-2x\" \/>\n<div class=\"row align-items-center padding-bottom-2x\">\n<div class=\"col-md-5 order-md-2\"><img decoding=\"async\" class=\"d-block m-auto img-thumbnail\" src=\"https:\/\/tvc.mx\/media\/277827\/RISCO-RK601SM0000C-SHOCKTEC-PLUS-Sensor-De-Impacto-Digital-Con-Contacto-Magn%C3%A9tico-Cableado-Convencional-Para-Muros-Puertas-O-Ventanas-Grado-3-Compatible-con-las-Marcas-DSC-BOSCH-13.png\" alt=\" \" \/><\/div>\n<div class=\"col-md-7 order-md-1 text-md-left text-center\">\n<h2>Especificaciones<\/h2>\n<p class=\"text-muted\">\n<ul>\n<li class=\"ql-align-justify\">Consumo de corriente (t\u00edpico) 12.5 mA.<\/li>\n<li class=\"ql-align-justify\">Temperatura de funcionamiento: -20 \u00b0 C a 60 \u00b0 C.<\/li>\n<li class=\"ql-align-justify\">Humedad m\u00e1xima: 95% sin condensaci\u00f3n.<\/li>\n<li class=\"ql-align-justify\">Ajuste de sensibilidad: potenci\u00f3metro de fase dual.<\/li>\n<li class=\"ql-align-justify\">Indicador tricolor LED: Naranja-over-sensible, verde: alarma y calibraci\u00f3n correcta, rojo: menos sensible.<\/li>\n<li class=\"ql-align-justify\">pacidad del contacto:<\/li>\n<li class=\"ql-align-justify\">Rel\u00e9 de alarma: 100mA a 24VDC, NC.<\/li>\n<li class=\"ql-align-justify\">Sabotaje rel\u00e9: 500mA a 24VDC, NC.<\/li>\n<li class=\"ql-align-justify\">Hora de alarma: 2,5 segundos.<\/li>\n<li class=\"ql-align-justify\">Modos de retenci\u00f3n: Cualquiera o primero para enganchar modos de funcionamiento.<\/li>\n<li class=\"ql-align-justify\">N \u00ba m\u00e1ximo de unidades en bucle AnyLatch: 80.<\/li>\n<li class=\"ql-align-justify\">Max no de une el primero en Latch loop: 10.<\/li>\n<li class=\"ql-align-justify\">Protecci\u00f3n Falsa alarma: el procesamiento de se\u00f1ales microprocesador digital y reducci\u00f3n de ruido on el plano del terreno m\u00e1xima.<\/li>\n<li class=\"ql-align-justify\">Descarga electrost\u00e1tica: No hay falsas alarmas hasta 8 kV.<\/li>\n<li class=\"ql-align-justify\">Inmunidad a RF: 40 V \/ m de 80 MHz a 1 GHz.<\/li>\n<li class=\"ql-align-justify\">Material de la caja: ABS ign\u00edfugo.<\/li>\n<li class=\"ql-align-justify\">Dimensiones de la caja: 25x28x95mm.<\/li>\n<\/ul>\n<p class=\"ql-align-center\"><strong>\u00a0<\/strong><\/p>\n<\/div>\n<\/div>\n","protected":false},"excerpt":{"rendered":"<p>Descripci\u00f3n ShockTec \u2122 de Risco\u00a0modelo\u00a0RK600S\u00a0es un detector de descargas digitales que proporciona protecci\u00f3n perimetral fiable las 24 horas. El ataque es detectado tan pronto el intruso intenta forzar, romper, perforar o incluso ver a trav\u00e9s de la ventana, puerta, pared o techo protegidos. ShockTec \u2122&hellip;<\/p>\n","protected":false},"featured_media":4036,"comment_status":"open","ping_status":"closed","template":"","meta":{"om_disable_all_campaigns":false,"_monsterinsights_skip_tracking":false,"_monsterinsights_sitenote_active":false,"_monsterinsights_sitenote_note":"","_monsterinsights_sitenote_category":0},"product_brand":[],"product_cat":[285],"product_tag":[212,211,151],"class_list":{"0":"post-4037","1":"product","2":"type-product","3":"status-publish","4":"has-post-thumbnail","6":"product_cat-sensores-de-alarma-alarmas-risco","7":"product_tag-alarmas","8":"product_tag-alarmas-e-intrusion","9":"product_tag-seguridad","11":"first","12":"instock","13":"sale","14":"taxable","15":"shipping-taxable","16":"purchasable","17":"product-type-simple"},"aioseo_notices":[],"_links":{"self":[{"href":"https:\/\/tecsecmty.com\/index.php\/wp-json\/wp\/v2\/product\/4037","targetHints":{"allow":["GET"]}}],"collection":[{"href":"https:\/\/tecsecmty.com\/index.php\/wp-json\/wp\/v2\/product"}],"about":[{"href":"https:\/\/tecsecmty.com\/index.php\/wp-json\/wp\/v2\/types\/product"}],"replies":[{"embeddable":true,"href":"https:\/\/tecsecmty.com\/index.php\/wp-json\/wp\/v2\/comments?post=4037"}],"version-history":[{"count":0,"href":"https:\/\/tecsecmty.com\/index.php\/wp-json\/wp\/v2\/product\/4037\/revisions"}],"wp:featuredmedia":[{"embeddable":true,"href":"https:\/\/tecsecmty.com\/index.php\/wp-json\/wp\/v2\/media\/4036"}],"wp:attachment":[{"href":"https:\/\/tecsecmty.com\/index.php\/wp-json\/wp\/v2\/media?parent=4037"}],"wp:term":[{"taxonomy":"product_brand","embeddable":true,"href":"https:\/\/tecsecmty.com\/index.php\/wp-json\/wp\/v2\/product_brand?post=4037"},{"taxonomy":"product_cat","embeddable":true,"href":"https:\/\/tecsecmty.com\/index.php\/wp-json\/wp\/v2\/product_cat?post=4037"},{"taxonomy":"product_tag","embeddable":true,"href":"https:\/\/tecsecmty.com\/index.php\/wp-json\/wp\/v2\/product_tag?post=4037"}],"curies":[{"name":"wp","href":"https:\/\/api.w.org\/{rel}","templated":true}]}}