{"id":4039,"date":"2023-02-23T00:29:38","date_gmt":"2023-02-23T06:29:38","guid":{"rendered":"https:\/\/tecsecmty.com\/index.php\/producto\/risco-rk601sm0000c-shocktec-plus-sensor-de-impacto-digital-con-contacto-magnetico-cableado-convencional-grado-3-compatible-con-las-marcas-dsc-bosch-ajax-multitransmiter\/"},"modified":"2023-03-22T23:23:47","modified_gmt":"2023-03-23T05:23:47","slug":"risco-rk601sm0000c-shocktec-plus-sensor-de-impacto-digital-con-contacto-magnetico-cableado-convencional-grado-3-compatible-con-las-marcas-dsc-bosch-ajax-multitransmiter","status":"publish","type":"product","link":"https:\/\/tecsecmty.com\/index.php\/producto\/risco-rk601sm0000c-shocktec-plus-sensor-de-impacto-digital-con-contacto-magnetico-cableado-convencional-grado-3-compatible-con-las-marcas-dsc-bosch-ajax-multitransmiter\/","title":{"rendered":"RISCO RK601SM0000C-SHOCKTEC PLUS Sensor De Impacto Digital Con Contacto Magn\u00e9tico \/ Cableado Convencional \/ Grado 3 \/ Compatible con las Marcas DSC-BOSCH-AJAX (MULTITRANSMITER)"},"content":{"rendered":"<div class=\"row aling-items-center padding-bottom-2x\">\n<div class=\"col-lg-12\">\n<h5 class=\"card-title text-center\">Descripci\u00f3n<\/h5>\n<p class=\"ql-align-justify\">El detector profesional de golpes ShockTec\u2122 Plus proporciona una protecci\u00f3n fiable las 24 horas para ventanas, puertas, paredes y techos, mientras que permite el movimiento sin restricciones en todo el recinto. ShockTec\u2122 Plus detecta las vibraciones causadas por los intentos de intrusi\u00f3n por la fuerza y se activa la alarma mientras el intruso a\u00fan est\u00e1 en el exterior, ofreciendo una protecci\u00f3n perimetral sin precedentes y sin interrupciones. Incorpora un contacto magn\u00e9tico de puerta\/ventana que proporciona una seguridad adicional combinando dos detectores en uno solo.<\/p>\n<p class=\"ql-align-justify\">El ShockTec\u2122 Plus de Risco modelo\u00a0<strong>RK601SMPLUS<\/strong>\u00a0es un detector de descargas digitales con una puerta \/ ventana de contacto magn\u00e9tico para el uso interno que proporciona protecci\u00f3n perimetral fiable las 24 horas. Un robo se detecta tan pronto como el intruso intenta forzar, romper, perforar o incluso vio por la ventana protegida, puerta, pared o techo. El modelo de ShockTec \u2122 Plus tiene un interruptor magn\u00e9tico de l\u00e1minas para la doble protecci\u00f3n de choque m\u00e1s apertura de ventanas o puertas , conectados a dos zonas separadas en el panel . Cualquier intento de derrotar al detector mediante el uso de imanes grandes, tal como se define en la norma EN &#8211; 50131 -2- 6 Seguridad de los requisitos de grado 2 , causar\u00e1 una violaci\u00f3n.<\/p>\n<p class=\"ql-align-justify\">\n<p><img decoding=\"async\" class=\"overview-center-img-web\" src=\"https:\/\/tvc.mx\/media\/109021\/det-ruptura.jpg\" alt=\"\" \/><\/div>\n<\/div>\n<div class=\"row align-items-center padding-bottom-2x\">\n<div class=\"col-md-5\"><img decoding=\"async\" class=\"d-block m-auto img-thumbnail\" src=\"https:\/\/tvc.mx\/media\/277367\/RISCO-RK601SM0000C-SHOCKTEC-PLUS-Sensor-De-Impacto-Digital-Con-Contacto-Magn%C3%A9tico-Cableado-Convencional-Para-Muros-Puertas-O-Ventanas-Grado-3-Compatible-con-las-Marcas-DSC-BOSCH-1.png\" alt=\" \" \/><\/div>\n<div class=\"col-md-7 text-md-left text-center\">\n<h2>Usos Comunes<\/h2>\n<p class=\"text-muted\">\n<ul>\n<li>Ampliamente utilizado para proteger los cajeros autom\u00e1ticos, de robo y vandalismo.<\/li>\n<li>Mayor seguridad con el tamper de pared integrado.<\/li>\n<li>Calibraci\u00f3n sencilla y personalizada para la instalaci\u00f3n mediante LED tricolor e indicador de: \u00abExceso de sensibilidad\u00bb y \u00abBaja sensibilidad\u00bb.<\/li>\n<li>Tambi\u00e9n est\u00e1 disponible el modelo ShockTec\u2122 sin contacto magn\u00e9tico.<\/li>\n<\/ul>\n<p>&nbsp;<\/p>\n<\/div>\n<\/div>\n<hr class=\"padding-bottom-2x\" \/>\n<div class=\"row align-items-center padding-bottom-2x\">\n<div class=\"col-md-5 order-md-2\"><img decoding=\"async\" class=\"d-block m-auto img-thumbnail\" src=\"https:\/\/tvc.mx\/media\/277371\/RISCO-RK601SM0000C-SHOCKTEC-PLUS-Sensor-De-Impacto-Digital-Con-Contacto-Magn%C3%A9tico-Cableado-Convencional-Para-Muros-Puertas-O-Ventanas-Grado-3-Compatible-con-las-Marcas-DSC-BOSCH-2.png\" alt=\" \" \/><\/div>\n<div class=\"col-md-7 order-md-1 text-md-left text-center\">\n<h2>Avanzado Microprocesador Digital con una excepcional Inmunidad a las Falsas Alarmas<\/h2>\n<p class=\"text-muted\">\n<p>ShockTec\u2122 Plus emplea un sensor piezoel\u00e9ctrico encapsulado y un microprocesador digital avanzado que analiza la se\u00f1al de vibraci\u00f3n en dos canales separados, cada uno amplificado con una ganancia diferente. Por tanto, el detector es capaz de discriminar entre los ataques reales y las vibraciones causadas por actividades regulares, disminuyendo as\u00ed la incidencia de falsas alarmas.<\/p>\n<p>&nbsp;<\/p>\n<\/div>\n<\/div>\n<hr class=\"padding-bottom-2x\" \/>\n<div class=\"row align-items-center padding-bottom-2x\">\n<div class=\"col-md-5\"><img decoding=\"async\" class=\"d-block m-auto img-thumbnail\" src=\"https:\/\/tvc.mx\/media\/277403\/RISCO-RK601SM0000C-SHOCKTEC-PLUS-Sensor-De-Impacto-Digital-Con-Contacto-Magn%C3%A9tico-Cableado-Convencional-Para-Muros-Puertas-O-Ventanas-Grado-3-Compatible-con-las-Marcas-DSC-BOSCH-3.png\" alt=\" \" \/><\/div>\n<div class=\"col-md-7 text-md-left text-center\">\n<h2>Caracter\u00edsticas<\/h2>\n<p class=\"text-muted\">\n<ul>\n<li>Microprocesador Digital con Procesamiento Inteligente de la Se\u00f1al Digital<\/li>\n<li>Detecci\u00f3n de Ataque Bruto<\/li>\n<li>Incorpora un contacto magn\u00e9tico de puerta\/ventana para la protecci\u00f3n contra golpes y apertura (zonas separadas)<\/li>\n<li>Protecci\u00f3n contra intentos de anulaci\u00f3n del detector mediante potentes imanes. El ataque provocar\u00e1 una alarma de tamper<\/li>\n<li>Procesamiento Inteligente de la Se\u00f1al Digital \u2013 distingue entre las vibraciones producidas por causas naturales y las provocadas por se\u00f1ales de frecuencia que son causadas por un intento de intrusi\u00f3n<\/li>\n<li>Ideal para ventanas, puertas, paredes y techos<\/li>\n<li>Sensor piezoel\u00e9ctrico encapsulado bi-morfo<\/li>\n<li>Modelo: RK601SM Shocktec\u2122 Plus con Contacto Magn\u00e9tico<\/li>\n<\/ul>\n<p>&nbsp;<\/p>\n<\/div>\n<\/div>\n<hr class=\"padding-bottom-2x\" \/>\n<div class=\"row align-items-center padding-bottom-2x\">\n<div class=\"col-md-5 order-md-2\"><img decoding=\"async\" class=\"d-block m-auto img-thumbnail\" src=\"https:\/\/tvc.mx\/media\/277407\/RISCO-RK601SM0000C-SHOCKTEC-PLUS-Sensor-De-Impacto-Digital-Con-Contacto-Magn%C3%A9tico-Cableado-Convencional-Para-Muros-Puertas-O-Ventanas-Grado-3-Compatible-con-las-Marcas-DSC-BOSCH-4.png\" alt=\" \" \/><\/div>\n<div class=\"col-md-7 order-md-1 text-md-left text-center\">\n<h2>Especificaciones T\u00e9cnicas<\/h2>\n<p class=\"text-muted\">\n<ul>\n<li>Alimentaci\u00f3n: De 9 a 16Vcc<\/li>\n<li>Consumo (t\u00edpico): 7,5mA<\/li>\n<li>Temperatura de funcionamiento: De -20\u00b0C a 60\u00b0C<\/li>\n<li>Humedad m\u00e1xima: 95% sin condensaci\u00f3n<\/li>\n<li>Ajuste de sensibilidad: Potenci\u00f3metro de doble etapa<\/li>\n<li>Indicador LED tricolor: Naranja: exceso de sensibilidad. Verde: Alarma y calibraci\u00f3n correcta. Rojo: Baja sensibilidad<\/li>\n<li>Contactos: Rel\u00e9 de alarma: 100mA a 24Vcc, NC, Opto rel\u00e9 \/\/ Rel\u00e9 de tamper: 500mA a 24Vcc, NC \/\/ Rel\u00e9 de contacto magn\u00e9tico: 100mA a 24 Vcc, NC<\/li>\n<li>Tiempo de alarma: 2,5sg<\/li>\n<li>Modos de Alarma: Al primer disparo o programable<\/li>\n<li>M\u00e1x. n\u00famero de unidades por lazo: 80<\/li>\n<li>M\u00e1x. n\u00famero de unidades en el 1er lazo: 10<\/li>\n<li>Protecci\u00f3n contra falsas alarmas: Procesamiento de la se\u00f1al digital del microprocesador y reducci\u00f3n del ruido con el nivel del terreno<\/li>\n<li>Descarga electrost\u00e1tica: No se producen falsas alarmas hasta 8kV<\/li>\n<li>Inmunidad contra RF: 40V\/m de 80MHz a 1GHz<\/li>\n<li>Carcasa: ABS resistente al fuego<\/li>\n<li>Dimensiones: 25 x 28 x 95mm (detector), 10 x 12 x 58mm (im\u00e1n)<\/li>\n<\/ul>\n<\/div>\n<\/div>\n","protected":false},"excerpt":{"rendered":"<p>Descripci\u00f3n El detector profesional de golpes ShockTec\u2122 Plus proporciona una protecci\u00f3n fiable las 24 horas para ventanas, puertas, paredes y techos, mientras que permite el movimiento sin restricciones en todo el recinto. ShockTec\u2122 Plus detecta las vibraciones causadas por los intentos de intrusi\u00f3n por la&hellip;<\/p>\n","protected":false},"featured_media":4038,"comment_status":"open","ping_status":"closed","template":"","meta":{"om_disable_all_campaigns":false,"_monsterinsights_skip_tracking":false,"_monsterinsights_sitenote_active":false,"_monsterinsights_sitenote_note":"","_monsterinsights_sitenote_category":0},"product_brand":[],"product_cat":[285],"product_tag":[212,211,151],"class_list":{"0":"post-4039","1":"product","2":"type-product","3":"status-publish","4":"has-post-thumbnail","6":"product_cat-sensores-de-alarma-alarmas-risco","7":"product_tag-alarmas","8":"product_tag-alarmas-e-intrusion","9":"product_tag-seguridad","11":"first","12":"instock","13":"sale","14":"taxable","15":"shipping-taxable","16":"purchasable","17":"product-type-simple"},"aioseo_notices":[],"_links":{"self":[{"href":"https:\/\/tecsecmty.com\/index.php\/wp-json\/wp\/v2\/product\/4039","targetHints":{"allow":["GET"]}}],"collection":[{"href":"https:\/\/tecsecmty.com\/index.php\/wp-json\/wp\/v2\/product"}],"about":[{"href":"https:\/\/tecsecmty.com\/index.php\/wp-json\/wp\/v2\/types\/product"}],"replies":[{"embeddable":true,"href":"https:\/\/tecsecmty.com\/index.php\/wp-json\/wp\/v2\/comments?post=4039"}],"version-history":[{"count":0,"href":"https:\/\/tecsecmty.com\/index.php\/wp-json\/wp\/v2\/product\/4039\/revisions"}],"wp:featuredmedia":[{"embeddable":true,"href":"https:\/\/tecsecmty.com\/index.php\/wp-json\/wp\/v2\/media\/4038"}],"wp:attachment":[{"href":"https:\/\/tecsecmty.com\/index.php\/wp-json\/wp\/v2\/media?parent=4039"}],"wp:term":[{"taxonomy":"product_brand","embeddable":true,"href":"https:\/\/tecsecmty.com\/index.php\/wp-json\/wp\/v2\/product_brand?post=4039"},{"taxonomy":"product_cat","embeddable":true,"href":"https:\/\/tecsecmty.com\/index.php\/wp-json\/wp\/v2\/product_cat?post=4039"},{"taxonomy":"product_tag","embeddable":true,"href":"https:\/\/tecsecmty.com\/index.php\/wp-json\/wp\/v2\/product_tag?post=4039"}],"curies":[{"name":"wp","href":"https:\/\/api.w.org\/{rel}","templated":true}]}}