{"id":4041,"date":"2023-02-23T00:29:41","date_gmt":"2023-02-23T06:29:41","guid":{"rendered":"https:\/\/tecsecmty.com\/index.php\/producto\/risco-rk66s-sismico-detector-piezo-electrico-de-impacto-y-temperatura-cableado-convencional-y-por-bus-procesamiento-digital-cajas-fuertes-cajeros-automaticos-habitaciones-blindadas-compatible-co\/"},"modified":"2023-03-22T23:23:47","modified_gmt":"2023-03-23T05:23:47","slug":"risco-rk66s-sismico-detector-piezo-electrico-de-impacto-y-temperatura-cableado-convencional-y-por-bus-procesamiento-digital-cajas-fuertes-cajeros-automaticos-habitaciones-blindadas-compatible-co","status":"publish","type":"product","link":"https:\/\/tecsecmty.com\/index.php\/producto\/risco-rk66s-sismico-detector-piezo-electrico-de-impacto-y-temperatura-cableado-convencional-y-por-bus-procesamiento-digital-cajas-fuertes-cajeros-automaticos-habitaciones-blindadas-compatible-co\/","title":{"rendered":"RISCO RK66S-SISMICO Detector Piezo-El\u00e9ctrico De Impacto y Temperatura Cableado Convencional y Por BUS \/ Procesamiento Digital \/ Cajas Fuertes-Cajeros Automaticos-Habitaciones Blindadas \/ Compatible con las Marcas DSC-BOSCH-AJAX (MULTITRANSMITER)"},"content":{"rendered":"<div class=\"row aling-items-center padding-bottom-2x\">\n<div class=\"col-lg-12\">\n<h5 class=\"card-title text-center\">Descripci\u00f3n<\/h5>\n<p class=\"ql-align-justify\">\u00a0El Detector S\u00edsmico de alta seguridad de RISCO Group es la m\u00e1s novedosa elecci\u00f3n para proteger, durante 24 horas al d\u00eda, c\u00e1maras acorazadas, cajas fuertes, cajeros autom\u00e1ticos, paredes de hormig\u00f3n armado y habitaciones blindadas, armarios de acero, m\u00e1quinas de vending y puertas acorazadas. Dise\u00f1ado con las m\u00e1s avanzadas tecnolog\u00edas, el detector controla la vibraci\u00f3n y la temperatura de la superficie protegida, detectando cualquier tipo de ataque de intrusi\u00f3n conocido producido por grandes mazas o alm\u00e1denas, taladradoras de cabeza de diamante, explosivos, herramientas de presi\u00f3n hidr\u00e1ulica o herramientas t\u00e9rmicas.<\/p>\n<p><img decoding=\"async\" class=\"overview-center-img-web\" src=\"https:\/\/tvc.mx\/media\/357515\/RWX35S00400C-Sensor-de-Humo-Calor-Inalambrico-2-vias-433-Mhz-Compatible-Wicomm-Lightsys-Prosys-Plus-4-%281%29-%281%29-%281%29-%281%29-%281%29-%281%29-%282%29-%281%29-%282%29.png\" alt=\"\" \/><\/div>\n<\/div>\n<div class=\"row align-items-center padding-bottom-2x\">\n<div class=\"col-md-5\"><img decoding=\"async\" class=\"d-block m-auto img-thumbnail\" src=\"https:\/\/tvc.mx\/media\/357503\/RISCO-_2.png\" alt=\" \" \/><\/div>\n<div class=\"col-md-7 text-md-left text-center\">\n<h2>Caracter\u00edsticas<\/h2>\n<p class=\"text-muted\">\n<ul>\n<li class=\"ql-align-justify\">Sensor piezoel\u00e9ctrico con Procesamiento de Se\u00f1al Digital<\/li>\n<li class=\"ql-align-justify\">Sensores para detectar temperaturas extremas de ataque, tanto de fr\u00edo como de calor<\/li>\n<li class=\"ql-align-justify\">Alcance de detecci\u00f3n hasta 5m de radio (16\u2019)<\/li>\n<li class=\"ql-align-justify\">Se entrega con protecci\u00f3n anti-taladro<\/li>\n<li class=\"ql-align-justify\">Entrada de reducci\u00f3n remota de sensibilidad para permitir el funcionamiento en cajeros autom\u00e1ticos y m\u00e1quinas de vending<\/li>\n<li class=\"ql-align-justify\">Tamper de tapa y pared<\/li>\n<li class=\"ql-align-justify\">Generador de test externo y placa de montaje entregados con cada detector<\/li>\n<li class=\"ql-align-justify\">Con salida a rel\u00e9 o funcionamiento en el Bus de RISCO<\/li>\n<li class=\"ql-align-justify\">RK66S Detector S\u00edsmico, con placa de montaje, generador de test y protecci\u00f3n anti-taladro<\/li>\n<\/ul>\n<p class=\"ql-align-justify\">\n<p class=\"ql-align-justify\">\n<p class=\"ql-align-justify\">\n<p>&nbsp;<\/p>\n<\/div>\n<\/div>\n<hr class=\"padding-bottom-2x\" \/>\n<div class=\"row align-items-center padding-bottom-2x\">\n<div class=\"col-md-5 order-md-2\"><img decoding=\"async\" class=\"d-block m-auto img-thumbnail\" src=\"https:\/\/tvc.mx\/media\/357507\/RISCO-_4.png\" alt=\" \" \/><\/div>\n<div class=\"col-md-7 order-md-1 text-md-left text-center\">\n<h2>Cobertura y Sensibilidad:<\/h2>\n<p class=\"text-muted\">\n<ul>\n<li class=\"ql-align-justify\">Cobertura de detecci\u00f3n: Hasta 5m (16.5&#8217;\u2019)<\/li>\n<li class=\"ql-align-justify\">Ajuste de la sensibilidad de la vibraci\u00f3n: 8 niveles por interruptor DIP<\/li>\n<li class=\"ql-align-justify\">Ajuste de duraci\u00f3n de la se\u00f1al de vibraci\u00f3n: 4 niveles por interruptor DIP<\/li>\n<li class=\"ql-align-justify\">Explosi\u00f3n y detecci\u00f3n de alm\u00e1denas: Seleccionable por interruptor DIP<\/li>\n<li class=\"ql-align-justify\">Instalaci\u00f3n y herramientas de mantenimiento<\/li>\n<li class=\"ql-align-justify\">Generaci\u00f3n de Vibraci\u00f3n: Generador de test externo o interno<\/li>\n<li class=\"ql-align-justify\">Indicador de Sensibilidad: LEDs de gr\u00e1ficos de barras<\/li>\n<li class=\"ql-align-justify\">Indicadores del auto-test: Problema de alimentaci\u00f3n, Fallo de alimentaci\u00f3n interno, Memoria de registro de fallos, Fallo del sensor Piezo, Fallo del sensor de Temperatura, sin uso.<\/li>\n<li class=\"ql-align-justify\">Bus de RISCO: Par\u00e1metros de configuraci\u00f3n remota para un diagn\u00f3stico del sistema de seguridad a trav\u00e9s de los teclados de RISCO Group y a trav\u00e9s del Software de Configuraci\u00f3n remota para PC.<\/li>\n<\/ul>\n<p>&nbsp;<\/p>\n<\/div>\n<\/div>\n<hr class=\"padding-bottom-2x\" \/>\n<div class=\"row align-items-center padding-bottom-2x\">\n<div class=\"col-md-5\"><img decoding=\"async\" class=\"d-block m-auto img-thumbnail\" src=\"https:\/\/tvc.mx\/media\/357511\/RI4D0A~1.PNG\" alt=\" \" \/><\/div>\n<div class=\"col-md-7 text-md-left text-center\">\n<h2>Especificaciones<\/h2>\n<p class=\"text-muted\">\n<ul>\n<li>Bus de RISCO: Par\u00e1metros de configuraci\u00f3n remota para un diagn\u00f3stico del sistema de seguridad a trav\u00e9s de los teclados de RISCO Group y a trav\u00e9s del Software de Configuraci\u00f3n remota para PC<\/li>\n<li>Resistencias RFL: Incluidas en la placa, seleccionables por puentes<\/li>\n<li>Requisitos de alimentaci\u00f3n<\/li>\n<li>Tensi\u00f3n de funcionamiento: 9 to 16Vcc<\/li>\n<li>Consumo de corriente: 20mA @ 12Vcc<\/li>\n<li>Salidas:<\/li>\n<li>Contacto de Alarma: 24 Vcc, O.1A, N\/C y N\/A<\/li>\n<li>Contacto de Tamper: 24 Vcc, 0.1A<\/li>\n<li>Tiempo de contacto de alarma: 2.5 segundos<\/li>\n<li>Salida de se\u00f1al anal\u00f3gica: Para el an\u00e1lisis de la se\u00f1al y de calibraci\u00f3n<\/li>\n<li>Entradas:<\/li>\n<li>Entrada de test remoto<\/li>\n<li>Reducci\u00f3n de la sensibilidad de entrada<\/li>\n<li>Bus de RISCO: RS485<\/li>\n<li>Caracter\u00edsticas Ambientales<\/li>\n<li>Temperatura de funcionamiento: -40\u00b0C a +70\u00b0C (-40\u00b0F a 158\u00b0F)<\/li>\n<li>Temperatura de almacenaje: -50\u00b0C a +70\u00b0C (-58\u00b0 a 158\u00b0F)<\/li>\n<li>Grado de Protecci\u00f3n: IP43<\/li>\n<li>Grado de Protecci\u00f3n contra Impacto: IK08<\/li>\n<li>Inmunidad RFI: Conforme a la Normativa EN50130-4<\/li>\n<li>Caracter\u00edsticas F\u00edsicas:<\/li>\n<li>Dimensiones (Al x An x Pr): 102 x 80.2 x 27.5 mm (4.0\u201d x 1.1\u201d x 3.2\u201d)<\/li>\n<\/ul>\n<p>&nbsp;<\/p>\n<\/div>\n<\/div>\n<hr class=\"padding-bottom-2x\" \/>\n<div class=\"row aling-items-center padding-bottom-2x\">\n<div class=\"col-lg-12\">\n<h5 class=\"card-title text-center\">KIT DE INSTALACI\u00d3N<\/h5>\n<p>Cada kit incluye:<\/p>\n<p><img decoding=\"async\" class=\"overview-center-img-web\" src=\"https:\/\/tvc.mx\/media\/357519\/Sin-t%C3%ADtulo4-%282%29.png\" alt=\"\" \/><\/div>\n<\/div>\n","protected":false},"excerpt":{"rendered":"<p>Descripci\u00f3n \u00a0El Detector S\u00edsmico de alta seguridad de RISCO Group es la m\u00e1s novedosa elecci\u00f3n para proteger, durante 24 horas al d\u00eda, c\u00e1maras acorazadas, cajas fuertes, cajeros autom\u00e1ticos, paredes de hormig\u00f3n armado y habitaciones blindadas, armarios de acero, m\u00e1quinas de vending y puertas acorazadas. Dise\u00f1ado&hellip;<\/p>\n","protected":false},"featured_media":4040,"comment_status":"open","ping_status":"closed","template":"","meta":{"om_disable_all_campaigns":false,"_monsterinsights_skip_tracking":false,"_monsterinsights_sitenote_active":false,"_monsterinsights_sitenote_note":"","_monsterinsights_sitenote_category":0},"product_brand":[],"product_cat":[285],"product_tag":[212,211,151],"class_list":{"0":"post-4041","1":"product","2":"type-product","3":"status-publish","4":"has-post-thumbnail","6":"product_cat-sensores-de-alarma-alarmas-risco","7":"product_tag-alarmas","8":"product_tag-alarmas-e-intrusion","9":"product_tag-seguridad","11":"first","12":"instock","13":"sale","14":"taxable","15":"shipping-taxable","16":"purchasable","17":"product-type-simple"},"aioseo_notices":[],"_links":{"self":[{"href":"https:\/\/tecsecmty.com\/index.php\/wp-json\/wp\/v2\/product\/4041","targetHints":{"allow":["GET"]}}],"collection":[{"href":"https:\/\/tecsecmty.com\/index.php\/wp-json\/wp\/v2\/product"}],"about":[{"href":"https:\/\/tecsecmty.com\/index.php\/wp-json\/wp\/v2\/types\/product"}],"replies":[{"embeddable":true,"href":"https:\/\/tecsecmty.com\/index.php\/wp-json\/wp\/v2\/comments?post=4041"}],"version-history":[{"count":0,"href":"https:\/\/tecsecmty.com\/index.php\/wp-json\/wp\/v2\/product\/4041\/revisions"}],"wp:featuredmedia":[{"embeddable":true,"href":"https:\/\/tecsecmty.com\/index.php\/wp-json\/wp\/v2\/media\/4040"}],"wp:attachment":[{"href":"https:\/\/tecsecmty.com\/index.php\/wp-json\/wp\/v2\/media?parent=4041"}],"wp:term":[{"taxonomy":"product_brand","embeddable":true,"href":"https:\/\/tecsecmty.com\/index.php\/wp-json\/wp\/v2\/product_brand?post=4041"},{"taxonomy":"product_cat","embeddable":true,"href":"https:\/\/tecsecmty.com\/index.php\/wp-json\/wp\/v2\/product_cat?post=4041"},{"taxonomy":"product_tag","embeddable":true,"href":"https:\/\/tecsecmty.com\/index.php\/wp-json\/wp\/v2\/product_tag?post=4041"}],"curies":[{"name":"wp","href":"https:\/\/api.w.org\/{rel}","templated":true}]}}