{"id":4043,"date":"2023-02-23T00:29:42","date_gmt":"2023-02-23T06:29:42","guid":{"rendered":"https:\/\/tecsecmty.com\/index.php\/producto\/risco-rk6f-detector-de-inundacion-cableado-convencional-compatible-con-las-marcas-dsc-bosch-ajax-multitransmiter\/"},"modified":"2023-03-22T23:23:47","modified_gmt":"2023-03-23T05:23:47","slug":"risco-rk6f-detector-de-inundacion-cableado-convencional-compatible-con-las-marcas-dsc-bosch-ajax-multitransmiter","status":"publish","type":"product","link":"https:\/\/tecsecmty.com\/index.php\/producto\/risco-rk6f-detector-de-inundacion-cableado-convencional-compatible-con-las-marcas-dsc-bosch-ajax-multitransmiter\/","title":{"rendered":"RISCO RK6F- Detector De Inundaci\u00f3n Cableado Convencional \/ Compatible con las Marcas DSC-BOSCH-AJAX (MULTITRANSMITER)"},"content":{"rendered":"<div class=\"row aling-items-center padding-bottom-2x\">\n<div class=\"col-lg-12\">\n<h5 class=\"card-title text-center\">Descripci\u00f3n general<\/h5>\n<h3>Detector de Inundaci\u00f3n cableado<\/h3>\n<p>El Detector de Inundaci\u00f3n cableado es utilizado para detectar la presencia de l\u00edquidos a base de agua en cualquier lugar como s\u00f3tanos, ba\u00f1os o tanques de agua. El Detector de Inundaci\u00f3n Inal\u00e1mbrico avisa al panel de control en caso de una inundaci\u00f3n, permitiendo una r\u00e1pida respuesta.<\/p>\n<p><img decoding=\"async\" class=\"overview-center-img-web\" src=\"https:\/\/tvc.mx\/media\/72093\/RSC1180001-6.jpg\" alt=\"\" \/><\/div>\n<\/div>\n<div class=\"row align-items-center padding-bottom-2x\">\n<div class=\"col-md-5\"><img decoding=\"async\" class=\"d-block m-auto img-thumbnail\" src=\"https:\/\/tvc.mx\/media\/72096\/RSC1180001-5.jpg\" alt=\" \" \/><\/div>\n<div class=\"col-md-7 text-md-left text-center\">\n<h2>Caracter\u00edsticas<\/h2>\n<p class=\"text-muted\">\n<ul>\n<li>Alarma en caso de inundaci\u00f3n por encima del nivel del sensor<\/li>\n<li>Grado de protecci\u00f3n: IP67<\/li>\n<li>RK6F Detector de Inundaci\u00f3n cabledado<\/li>\n<\/ul>\n<p>&nbsp;<\/p>\n<\/div>\n<\/div>\n<hr class=\"padding-bottom-2x\" \/>\n<div class=\"row align-items-center padding-bottom-2x\">\n<div class=\"col-md-5 order-md-2\"><img decoding=\"async\" class=\"d-block m-auto img-thumbnail\" src=\"https:\/\/tvc.mx\/media\/72099\/RSC1180001-7.jpg\" alt=\" \" \/><\/div>\n<div class=\"col-md-7 order-md-1 text-md-left text-center\">\n<h2>Especificaciones<\/h2>\n<p class=\"text-muted\">\n<ul>\n<li>Alimentaci\u00f3n requerida: 12Vcc T\u00edpico &#8211; 5Vcc &#8211; 16Vcc<\/li>\n<li>Consumo corriente: 3.5mA T\u00edpico &#8211; 5mA (Max)<\/li>\n<li>Peso: 60g<\/li>\n<li>Dimensiones: (LargoxAnchoxProfundo) 51.7 x 16 x 12mm<\/li>\n<li>Logitud del cable: 1.5m<\/li>\n<li>Capacidad de los contactos de rel\u00e9: 16Vcc 50mA (M\u00e1x.)<\/li>\n<li>Temperatura de funcionamiento: 0\u00b0C to 60\u00b0C (32\u00b0F to 140\u00b0F)<\/li>\n<li>Temperatura de almacenamiento: -20\u00b0C to 60\u00b0C (-4\u00b0F to 140\u00b0F)<\/li>\n<li>Grado de protecci\u00f3n: IP67<\/li>\n<\/ul>\n<\/div>\n<\/div>\n","protected":false},"excerpt":{"rendered":"<p>Descripci\u00f3n general Detector de Inundaci\u00f3n cableado El Detector de Inundaci\u00f3n cableado es utilizado para detectar la presencia de l\u00edquidos a base de agua en cualquier lugar como s\u00f3tanos, ba\u00f1os o tanques de agua. El Detector de Inundaci\u00f3n Inal\u00e1mbrico avisa al panel de control en caso&hellip;<\/p>\n","protected":false},"featured_media":4042,"comment_status":"open","ping_status":"closed","template":"","meta":{"om_disable_all_campaigns":false,"_monsterinsights_skip_tracking":false,"_monsterinsights_sitenote_active":false,"_monsterinsights_sitenote_note":"","_monsterinsights_sitenote_category":0},"product_brand":[],"product_cat":[285],"product_tag":[212,211,151],"class_list":{"0":"post-4043","1":"product","2":"type-product","3":"status-publish","4":"has-post-thumbnail","6":"product_cat-sensores-de-alarma-alarmas-risco","7":"product_tag-alarmas","8":"product_tag-alarmas-e-intrusion","9":"product_tag-seguridad","11":"first","12":"instock","13":"sale","14":"taxable","15":"shipping-taxable","16":"purchasable","17":"product-type-simple"},"aioseo_notices":[],"_links":{"self":[{"href":"https:\/\/tecsecmty.com\/index.php\/wp-json\/wp\/v2\/product\/4043","targetHints":{"allow":["GET"]}}],"collection":[{"href":"https:\/\/tecsecmty.com\/index.php\/wp-json\/wp\/v2\/product"}],"about":[{"href":"https:\/\/tecsecmty.com\/index.php\/wp-json\/wp\/v2\/types\/product"}],"replies":[{"embeddable":true,"href":"https:\/\/tecsecmty.com\/index.php\/wp-json\/wp\/v2\/comments?post=4043"}],"version-history":[{"count":0,"href":"https:\/\/tecsecmty.com\/index.php\/wp-json\/wp\/v2\/product\/4043\/revisions"}],"wp:featuredmedia":[{"embeddable":true,"href":"https:\/\/tecsecmty.com\/index.php\/wp-json\/wp\/v2\/media\/4042"}],"wp:attachment":[{"href":"https:\/\/tecsecmty.com\/index.php\/wp-json\/wp\/v2\/media?parent=4043"}],"wp:term":[{"taxonomy":"product_brand","embeddable":true,"href":"https:\/\/tecsecmty.com\/index.php\/wp-json\/wp\/v2\/product_brand?post=4043"},{"taxonomy":"product_cat","embeddable":true,"href":"https:\/\/tecsecmty.com\/index.php\/wp-json\/wp\/v2\/product_cat?post=4043"},{"taxonomy":"product_tag","embeddable":true,"href":"https:\/\/tecsecmty.com\/index.php\/wp-json\/wp\/v2\/product_tag?post=4043"}],"curies":[{"name":"wp","href":"https:\/\/api.w.org\/{rel}","templated":true}]}}