{"id":4045,"date":"2023-02-23T00:29:44","date_gmt":"2023-02-23T06:29:44","guid":{"rendered":"https:\/\/tecsecmty.com\/index.php\/producto\/risco-rk815dtgl-iwise-dt-sensor-de-movimiento-cableado-convencional-ir-mw-15-mts-green-line-anticloack-compatible-con-las-marcas-dsc-bosch-ajax-multitransmiter\/"},"modified":"2023-03-22T23:23:47","modified_gmt":"2023-03-23T05:23:47","slug":"risco-rk815dtgl-iwise-dt-sensor-de-movimiento-cableado-convencional-ir-mw-15-mts-green-line-anticloack-compatible-con-las-marcas-dsc-bosch-ajax-multitransmiter","status":"publish","type":"product","link":"https:\/\/tecsecmty.com\/index.php\/producto\/risco-rk815dtgl-iwise-dt-sensor-de-movimiento-cableado-convencional-ir-mw-15-mts-green-line-anticloack-compatible-con-las-marcas-dsc-bosch-ajax-multitransmiter\/","title":{"rendered":"RISCO RK815DTGL &#8211; IWISE DT Sensor De Movimiento Cableado Convencional \/ IR- MW 15 Mts \/ Green Line-Anticloack \/ Compatible con las Marcas DSC-BOSCH-AJAX (MULTITRANSMITER)"},"content":{"rendered":"<h5 class=\"card-title text-center\">Descripci\u00f3n<\/h5>\n<p class=\"ql-align-justify\">Incorporando las Tecnolog\u00edas Anti-Cloak\u2122 y Green Line\u2122, el iWISE DT de Grado 2 es la opci\u00f3n ideal para cualquier instalaci\u00f3n. Desde la activaci\u00f3n de alarma por microondas de doble canal hasta de un solo canal. El innovador ACT \u2122 de Rokonet permite beneficiarse de ambos mundos: la inmunidad de la tecnolog\u00eda dual a las falsas alarmas, junto con la mayor capacidad de detecci\u00f3n de microondas.<\/p>\n<p class=\"ql-align-justify\">\n<p><img decoding=\"async\" class=\"overview-center-img-web\" src=\"https:\/\/tvc.mx\/media\/110057\/iWISE.jpg\" alt=\"\" \/><\/p>\n","protected":false},"excerpt":{"rendered":"<p>Descripci\u00f3n Incorporando las Tecnolog\u00edas Anti-Cloak\u2122 y Green Line\u2122, el iWISE DT de Grado 2 es la opci\u00f3n ideal para cualquier instalaci\u00f3n. Desde la activaci\u00f3n de alarma por microondas de doble canal hasta de un solo canal. El innovador ACT \u2122 de Rokonet permite beneficiarse de&hellip;<\/p>\n","protected":false},"featured_media":4044,"comment_status":"open","ping_status":"closed","template":"","meta":{"om_disable_all_campaigns":false,"_monsterinsights_skip_tracking":false,"_monsterinsights_sitenote_active":false,"_monsterinsights_sitenote_note":"","_monsterinsights_sitenote_category":0},"product_brand":[],"product_cat":[285],"product_tag":[212,211,151],"class_list":{"0":"post-4045","1":"product","2":"type-product","3":"status-publish","4":"has-post-thumbnail","6":"product_cat-sensores-de-alarma-alarmas-risco","7":"product_tag-alarmas","8":"product_tag-alarmas-e-intrusion","9":"product_tag-seguridad","11":"first","12":"instock","13":"sale","14":"taxable","15":"shipping-taxable","16":"purchasable","17":"product-type-simple"},"aioseo_notices":[],"_links":{"self":[{"href":"https:\/\/tecsecmty.com\/index.php\/wp-json\/wp\/v2\/product\/4045","targetHints":{"allow":["GET"]}}],"collection":[{"href":"https:\/\/tecsecmty.com\/index.php\/wp-json\/wp\/v2\/product"}],"about":[{"href":"https:\/\/tecsecmty.com\/index.php\/wp-json\/wp\/v2\/types\/product"}],"replies":[{"embeddable":true,"href":"https:\/\/tecsecmty.com\/index.php\/wp-json\/wp\/v2\/comments?post=4045"}],"version-history":[{"count":0,"href":"https:\/\/tecsecmty.com\/index.php\/wp-json\/wp\/v2\/product\/4045\/revisions"}],"wp:featuredmedia":[{"embeddable":true,"href":"https:\/\/tecsecmty.com\/index.php\/wp-json\/wp\/v2\/media\/4044"}],"wp:attachment":[{"href":"https:\/\/tecsecmty.com\/index.php\/wp-json\/wp\/v2\/media?parent=4045"}],"wp:term":[{"taxonomy":"product_brand","embeddable":true,"href":"https:\/\/tecsecmty.com\/index.php\/wp-json\/wp\/v2\/product_brand?post=4045"},{"taxonomy":"product_cat","embeddable":true,"href":"https:\/\/tecsecmty.com\/index.php\/wp-json\/wp\/v2\/product_cat?post=4045"},{"taxonomy":"product_tag","embeddable":true,"href":"https:\/\/tecsecmty.com\/index.php\/wp-json\/wp\/v2\/product_tag?post=4045"}],"curies":[{"name":"wp","href":"https:\/\/api.w.org\/{rel}","templated":true}]}}