{"id":4047,"date":"2023-02-23T00:29:46","date_gmt":"2023-02-23T06:29:46","guid":{"rendered":"https:\/\/tecsecmty.com\/index.php\/producto\/risco-rwt6g043300c-sensor-inalambrico-de-ruptura-de-cristal-433mhz-compatible-con-wicomm-lightsys-plus\/"},"modified":"2023-03-22T23:23:48","modified_gmt":"2023-03-23T05:23:48","slug":"risco-rwt6g043300c-sensor-inalambrico-de-ruptura-de-cristal-433mhz-compatible-con-wicomm-lightsys-plus","status":"publish","type":"product","link":"https:\/\/tecsecmty.com\/index.php\/producto\/risco-rwt6g043300c-sensor-inalambrico-de-ruptura-de-cristal-433mhz-compatible-con-wicomm-lightsys-plus\/","title":{"rendered":"RISCO RWT6G043300C &#8211; Sensor Inalambrico de Ruptura de Cristal \/ 433Mhz \/ Compatible con Wicomm-LightSYS Plus+"},"content":{"rendered":"<div class=\"row aling-items-center padding-bottom-2x\">\n<div class=\"col-lg-12\">\n<h5 class=\"card-title text-center\">RWT6G043300C &#8211; Sensor Inalambrico de Ruptura de Cristal<\/h5>\n<p>El Detector Inal\u00e1mbrico de Rotura de Cristales es una soluci\u00f3n adicional para la protecci\u00f3n perimetral, que detecta intrusos cuando a\u00fan est\u00e1n fuera del recinto protegido.<\/p>\n<p>Basado en un avanzado an\u00e1lisis del patr\u00f3n de rotura de cristales de canales de baja y alta frecuencia, detecta las roturas comunes de todo tipo y grosor de vidrios, mientras ignora la rotura de vidrio no identificado y otras fuentes de falsas alarmas.<\/p>\n<p>Dise\u00f1ado para ambientes residenciales y comerciales, el Detector Inal\u00e1mbrico de Rotura de Cristales es f\u00e1cil de instalar y es suministrado con la r\u00f3tula para pared\/techo para un \u00f3ptimo montaje y funcionamiento.<\/p>\n<p>El Probador de Rotura de Cristales de RISCO puede ser usado para ayuda durante la instalaci\u00f3n. Simula el sonido de cristales rotos y verifica si el detector ha sido instalado correctamente.<\/p>\n<p><img decoding=\"async\" class=\"overview-center-img-web\" src=\"https:\/\/tvc.mx\/media\/372659\/RISCO-RWT62W43300C-Sensor-Inalambrico-2-en-1-Contacto-Magnetico-e-Impacto-433Mhz-Compatible-con-Wicomm-Lightsys-Prosys-Plus5-%281%29.png\" alt=\"\" \/><\/div>\n<\/div>\n<div class=\"row align-items-center padding-bottom-2x\">\n<div class=\"col-md-5 order-md-2\"><img decoding=\"async\" class=\"d-block m-auto img-thumbnail\" src=\"https:\/\/tvc.mx\/media\/372663\/RISCO-RWT6G043300C-Sensor-Inalambrico-de-Ruptura-de-Cristal-433Mhz-Compatible-con-Wicomm-Lightsys-Prosys-Plus-3.png\" alt=\" \" \/><\/div>\n<div class=\"col-md-7 order-md-1 text-md-left text-center\">\n<h2>Caracter\u00edsticas<\/h2>\n<p class=\"text-muted\">\n<ul>\n<li>Protege contra la rotura de todo tipo de vidrio: simple, templado, laminado y armado<\/li>\n<li>Alta fiabilidad de reconocimiento de falsas alarmas si el cristal se rompe desde el interior o si se deja caer el vidrio en el suelo.<\/li>\n<li>Reconocimiento de patrones de frecuencia dual<\/li>\n<li>Alcance: Hasta 9m (30\u2019)<\/li>\n<li>Tamper: De frontal y de pared<\/li>\n<li>Prueba completa usando el simulador de rotura de cristal RG65<\/li>\n<li>Suministrado con r\u00f3tula para pared\/techo para \u00f3ptimo montaje y funcionamiento<\/li>\n<li>Hasta 3 a\u00f1os de duraci\u00f3n de la bater\u00eda usando una bater\u00eda de Litio de 3V de larga vida<\/li>\n<li>Compatible con los siguientes sistemas de RISCO: Wicomm\u2122 , ProSYS\u2122, LightSYS\u2122 .<\/li>\n<li>Frecuencias: 433MHz<\/li>\n<\/ul>\n<p>&nbsp;<\/p>\n<\/div>\n<\/div>\n<hr class=\"padding-bottom-2x\" \/>\n<div class=\"row align-items-center padding-bottom-2x\">\n<div class=\"col-md-5\"><img decoding=\"async\" class=\"d-block m-auto img-thumbnail\" src=\"https:\/\/tvc.mx\/media\/372667\/RISCO-RWT6G043300C-Sensor-Inalambrico-de-Ruptura-de-Cristal-433Mhz-Compatible-con-Wicomm-Lightsys-Prosys-Plus.png\" alt=\" \" \/><\/div>\n<div class=\"col-md-7 text-md-left text-center\">\n<h2>Especificaciones T\u00e9cnicas<\/h2>\n<p class=\"text-muted\">\n<ul>\n<li>El\u00e9ctricas<\/li>\n<li>Bater\u00eda: 1 de Litio de 3V CR123,<\/li>\n<li>Consumo: 22\u00b5A en reposo<\/li>\n<li>Frecuencias: 868,65MHz \/ 433,92MHz<\/li>\n<li>Transmisi\u00f3n de supervisi\u00f3n: 15\/65 minutos.<\/li>\n<li>Alcance: 300m (1000 pies)<\/li>\n<li>Vida media de la bater\u00eda: 3 a\u00f1os<\/li>\n<li>F\u00edsicas<\/li>\n<li>Dimensiones: (LxAxP) 87 x 50,7 x 28,6mm (3.4 x 2.0 x 1.1 pulg.)<\/li>\n<li>Ambientales<\/li>\n<li>Temperatura de funcionamiento\/almacenamiento:<\/li>\n<li>De 0\u00b0C a 50\u00b0C (-32\u00b0F a 122\u00b0F)<\/li>\n<li>Inmunidad contra RF: Seg\u00fan EN 50130-4<\/li>\n<\/ul>\n<p>&nbsp;<\/p>\n<\/div>\n<\/div>\n<hr class=\"padding-bottom-2x\" \/>\n<div class=\"row align-items-center padding-bottom-2x\">\n<div class=\"col-md-5 order-md-2\"><img decoding=\"async\" class=\"d-block m-auto img-thumbnail\" src=\"https:\/\/tvc.mx\/media\/372671\/RISCO-RWT6G043300C-Sensor-Inalambrico-de-Ruptura-de-Cristal-433Mhz-Compatible-con-Wicomm-Lightsys-Prosys-Plus-2.png\" alt=\" \" \/><\/div>\n<div class=\"col-md-7 order-md-1 text-md-left text-center\">\n<h2>Incluye:<\/h2>\n<p class=\"text-muted\">\n<ul>\n<li>Sensor Inalambrico de Ruptura de Cristal.<\/li>\n<li>R\u00f3tula para pared\/techo.<\/li>\n<li>Bateria CR123.<\/li>\n<li>Tornillos de fijaci\u00f3n.<\/li>\n<li>Manual de instalaci\u00f3n.<\/li>\n<\/ul>\n<\/div>\n<\/div>\n","protected":false},"excerpt":{"rendered":"<p>RWT6G043300C &#8211; Sensor Inalambrico de Ruptura de Cristal El Detector Inal\u00e1mbrico de Rotura de Cristales es una soluci\u00f3n adicional para la protecci\u00f3n perimetral, que detecta intrusos cuando a\u00fan est\u00e1n fuera del recinto protegido. Basado en un avanzado an\u00e1lisis del patr\u00f3n de rotura de cristales de&hellip;<\/p>\n","protected":false},"featured_media":4046,"comment_status":"open","ping_status":"closed","template":"","meta":{"om_disable_all_campaigns":false,"_monsterinsights_skip_tracking":false,"_monsterinsights_sitenote_active":false,"_monsterinsights_sitenote_note":"","_monsterinsights_sitenote_category":0},"product_brand":[],"product_cat":[285],"product_tag":[212,211,151],"class_list":{"0":"post-4047","1":"product","2":"type-product","3":"status-publish","4":"has-post-thumbnail","6":"product_cat-sensores-de-alarma-alarmas-risco","7":"product_tag-alarmas","8":"product_tag-alarmas-e-intrusion","9":"product_tag-seguridad","11":"first","12":"instock","13":"sale","14":"taxable","15":"shipping-taxable","16":"purchasable","17":"product-type-simple"},"aioseo_notices":[],"_links":{"self":[{"href":"https:\/\/tecsecmty.com\/index.php\/wp-json\/wp\/v2\/product\/4047","targetHints":{"allow":["GET"]}}],"collection":[{"href":"https:\/\/tecsecmty.com\/index.php\/wp-json\/wp\/v2\/product"}],"about":[{"href":"https:\/\/tecsecmty.com\/index.php\/wp-json\/wp\/v2\/types\/product"}],"replies":[{"embeddable":true,"href":"https:\/\/tecsecmty.com\/index.php\/wp-json\/wp\/v2\/comments?post=4047"}],"version-history":[{"count":0,"href":"https:\/\/tecsecmty.com\/index.php\/wp-json\/wp\/v2\/product\/4047\/revisions"}],"wp:featuredmedia":[{"embeddable":true,"href":"https:\/\/tecsecmty.com\/index.php\/wp-json\/wp\/v2\/media\/4046"}],"wp:attachment":[{"href":"https:\/\/tecsecmty.com\/index.php\/wp-json\/wp\/v2\/media?parent=4047"}],"wp:term":[{"taxonomy":"product_brand","embeddable":true,"href":"https:\/\/tecsecmty.com\/index.php\/wp-json\/wp\/v2\/product_brand?post=4047"},{"taxonomy":"product_cat","embeddable":true,"href":"https:\/\/tecsecmty.com\/index.php\/wp-json\/wp\/v2\/product_cat?post=4047"},{"taxonomy":"product_tag","embeddable":true,"href":"https:\/\/tecsecmty.com\/index.php\/wp-json\/wp\/v2\/product_tag?post=4047"}],"curies":[{"name":"wp","href":"https:\/\/api.w.org\/{rel}","templated":true}]}}