{"id":4049,"date":"2023-02-23T00:29:51","date_gmt":"2023-02-23T06:29:51","guid":{"rendered":"https:\/\/tecsecmty.com\/index.php\/producto\/risco-rwx35s00400c-sensor-de-humo-y-calor-inalambrico-2-vias-433-mhz-compatible-con-wicomm-lightsys-plus\/"},"modified":"2023-03-22T23:23:48","modified_gmt":"2023-03-23T05:23:48","slug":"risco-rwx35s00400c-sensor-de-humo-y-calor-inalambrico-2-vias-433-mhz-compatible-con-wicomm-lightsys-plus","status":"publish","type":"product","link":"https:\/\/tecsecmty.com\/index.php\/producto\/risco-rwx35s00400c-sensor-de-humo-y-calor-inalambrico-2-vias-433-mhz-compatible-con-wicomm-lightsys-plus\/","title":{"rendered":"RISCO RWX35S00400C &#8211; Sensor de Humo y Calor Inal\u00e1mbrico 2 V\u00edas \/ 433 Mhz \/ Compatible con Wicomm-LightSYS Plus+"},"content":{"rendered":"<div class=\"row aling-items-center padding-bottom-2x\">\n<div class=\"col-lg-12\">\n<h5 class=\"card-title text-center\">RISCO RWX35S00400C &#8211; Sensor de Humo y Calor Inalambrico 2 vias<\/h5>\n<p>El nuevo detector de Humo y Calor de RISCO, ahora con un nuevo dise\u00f1o elegante y sencillo, est\u00e1 desarrollado para integrarse perfectamente en cualquier hogar y proporcionar el m\u00e1s alto nivel de seguridad para entornos dom\u00e9sticos.<\/p>\n<p>El dise\u00f1o innovador permite una instalaci\u00f3n r\u00e1pida y sencilla y es compatible con todos los sistemas h\u00edbridos e inal\u00e1mbricos de RISCO Group.<\/p>\n<p>Gracias al nuevo y avanzado sensor fotoel\u00e9ctrico y a los \u00faltimos algoritmos de detecci\u00f3n, el RWX35 detecta el humo de acuerdo con la normativa EN14604. Paralelamente, la temperatura se controla con cuatro sensores de calor separados, que miden la tasa de aumento, as\u00ed como la temperatura absoluta.<\/p>\n<p><img decoding=\"async\" class=\"overview-center-img-web\" src=\"https:\/\/tvc.mx\/media\/335523\/RWX35S00400C-Sensor-de-Humo-Calor-Inalambrico-2-vias-433-Mhz-Compatible-Wicomm-Lightsys-Prosys-Plus-4-%283%29.png\" alt=\"\" \/><\/div>\n<\/div>\n<div class=\"row align-items-center padding-bottom-2x\">\n<div class=\"col-md-5\"><img decoding=\"async\" class=\"d-block m-auto img-thumbnail\" src=\"https:\/\/tvc.mx\/media\/335527\/RWX35S00400C-Sensor-de-Humo-Calor-Inalambrico-2-vias-433-Mhz-Compatible-Wicomm-Lightsys-Prosys-Plus10.png\" alt=\" \" \/><\/div>\n<div class=\"col-md-7 text-md-left text-center\">\n<h2>Tecnolog\u00edas avanzadas, dise\u00f1o elegante<\/h2>\n<p class=\"text-muted\">\n<p>El detector est\u00e1 equipado con cuatro bater\u00edas para una mayor duraci\u00f3n y vida \u00fatil, ofreciendo la detecci\u00f3n temprana con la m\u00ednima tasa de falsas alarmas. Presionando ligeramente sobre la tapa frontal del detector se confirma que funciona correctamente.<\/p>\n<p>&nbsp;<\/p>\n<\/div>\n<\/div>\n<hr class=\"padding-bottom-2x\" \/>\n<div class=\"row align-items-center padding-bottom-2x\">\n<div class=\"col-md-5 order-md-2\"><img decoding=\"async\" class=\"d-block m-auto img-thumbnail\" src=\"https:\/\/tvc.mx\/media\/335531\/RWX35S00400C-Sensor-de-Humo-Calor-Inalambrico-2-vias-433-Mhz-Compatible-Wicomm-Lightsys-Prosys-Plus11.png\" alt=\" \" \/><\/div>\n<div class=\"col-md-7 order-md-1 text-md-left text-center\">\n<h2>Funciones<\/h2>\n<p class=\"text-muted\">\n<ul>\n<li>Detector combinado inal\u00e1mbrico de humo y calor \u2013 modo s\u00f3lo calor: para uso en \u00e1reas cr\u00edticas como cocinas o ba\u00f1os.<\/li>\n<li>Los m\u00faltiples sensores permiten una temprana detecci\u00f3n, detectando un r\u00e1pido incremento de la temperatura antes de que el humo haga su aparici\u00f3n, as\u00ed como lecturas precisas, ofreciendo las m\u00ednimas falsas alarmas.<\/li>\n<li>La nueva tapa frontal permite auto test y activaci\u00f3n de sonido de alarma.<\/li>\n<li>Reemplazo sencillo de las bater\u00edas por el usuario.<\/li>\n<li>Compatible con todos los sistemas de RISCO Group.<\/li>\n<\/ul>\n<p>&nbsp;<\/p>\n<\/div>\n<\/div>\n<hr class=\"padding-bottom-2x\" \/>\n<div class=\"row align-items-center padding-bottom-2x\">\n<div class=\"col-md-5\"><img decoding=\"async\" class=\"d-block m-auto img-thumbnail\" src=\"https:\/\/tvc.mx\/media\/17133\/XDXD.jpg\" alt=\" \" \/><\/div>\n<div class=\"col-md-7 text-md-left text-center\">\n<h2>Funci\u00f3n de auto test r\u00e1pido y sencillo<\/h2>\n<p class=\"text-muted\">\n<p class=\"ql-align-justify\">Para realizar una inspecci\u00f3n peri\u00f3dica, tan solo presione firmemente la tapa frontal y se activar\u00e1 la alarma de incendio, confirmando que el detector funciona correctamente.<\/p>\n<p class=\"ql-align-justify\">Libere la presi\u00f3n de la tapa para restablecer la activaci\u00f3n de la alarma.<\/p>\n<p>&nbsp;<\/p>\n<\/div>\n<\/div>\n<hr class=\"padding-bottom-2x\" \/>\n<div class=\"row align-items-center padding-bottom-2x\">\n<div class=\"col-md-5 order-md-2\"><img decoding=\"async\" class=\"d-block m-auto img-thumbnail\" src=\"https:\/\/tvc.mx\/media\/335791\/RWX35S00400C-Sensor-de-Humo-Calor-Inalambrico-2-vias-433-Mhz-Compatible-Wicomm-Lightsys-Prosys-Plus-17.png\" alt=\" \" \/><\/div>\n<div class=\"col-md-7 order-md-1 text-md-left text-center\">\n<h2>Especificaciones T\u00e9cnicas<\/h2>\n<p class=\"text-muted\">\n<ul>\n<li>Detecci\u00f3n de humo: Sensor fotoel\u00e9ctrico<\/li>\n<li>Duraci\u00f3n de la bater\u00eda: 3 a\u00f1os<\/li>\n<li>Detector de Calor: Cuatro sensores de temperatura, medici\u00f3n de temperatura absoluta y tasa de aumento<\/li>\n<li>Consumo en reposo: 0.02mA<\/li>\n<li>Modos de funcionamiento: Humo + Calor (l\u00f3gica OR), solo humo, solo calor<\/li>\n<li>Temperatura de funcionamiento: 0\u00b0C a 55\u00b0C (32\u00b0F a 131\u00b0F)<\/li>\n<li>Nivel del sonido de alarma: M\u00ednimo 85dB a 3m (10&#8242;)<\/li>\n<li>Humedad de funcionamiento: 10% a 85% Humedad relativa, sin condensaci\u00f3n ni formaci\u00f3n de hielo<\/li>\n<li>Bater\u00edas: 4 bater\u00edas de litio, CR123 3V<\/li>\n<li>Dimensiones (Di\u00e1metro x Altura): \u00d8 133.8 x 50.2 mm (\u00d8 5.27 x 1.98\u2019)<\/li>\n<\/ul>\n<\/div>\n<\/div>\n","protected":false},"excerpt":{"rendered":"<p>RISCO RWX35S00400C &#8211; Sensor de Humo y Calor Inalambrico 2 vias El nuevo detector de Humo y Calor de RISCO, ahora con un nuevo dise\u00f1o elegante y sencillo, est\u00e1 desarrollado para integrarse perfectamente en cualquier hogar y proporcionar el m\u00e1s alto nivel de seguridad para&hellip;<\/p>\n","protected":false},"featured_media":4048,"comment_status":"open","ping_status":"closed","template":"","meta":{"om_disable_all_campaigns":false,"_monsterinsights_skip_tracking":false,"_monsterinsights_sitenote_active":false,"_monsterinsights_sitenote_note":"","_monsterinsights_sitenote_category":0},"product_brand":[],"product_cat":[285],"product_tag":[212,211,151],"class_list":{"0":"post-4049","1":"product","2":"type-product","3":"status-publish","4":"has-post-thumbnail","6":"product_cat-sensores-de-alarma-alarmas-risco","7":"product_tag-alarmas","8":"product_tag-alarmas-e-intrusion","9":"product_tag-seguridad","11":"first","12":"instock","13":"sale","14":"taxable","15":"shipping-taxable","16":"purchasable","17":"product-type-simple"},"aioseo_notices":[],"_links":{"self":[{"href":"https:\/\/tecsecmty.com\/index.php\/wp-json\/wp\/v2\/product\/4049","targetHints":{"allow":["GET"]}}],"collection":[{"href":"https:\/\/tecsecmty.com\/index.php\/wp-json\/wp\/v2\/product"}],"about":[{"href":"https:\/\/tecsecmty.com\/index.php\/wp-json\/wp\/v2\/types\/product"}],"replies":[{"embeddable":true,"href":"https:\/\/tecsecmty.com\/index.php\/wp-json\/wp\/v2\/comments?post=4049"}],"version-history":[{"count":0,"href":"https:\/\/tecsecmty.com\/index.php\/wp-json\/wp\/v2\/product\/4049\/revisions"}],"wp:featuredmedia":[{"embeddable":true,"href":"https:\/\/tecsecmty.com\/index.php\/wp-json\/wp\/v2\/media\/4048"}],"wp:attachment":[{"href":"https:\/\/tecsecmty.com\/index.php\/wp-json\/wp\/v2\/media?parent=4049"}],"wp:term":[{"taxonomy":"product_brand","embeddable":true,"href":"https:\/\/tecsecmty.com\/index.php\/wp-json\/wp\/v2\/product_brand?post=4049"},{"taxonomy":"product_cat","embeddable":true,"href":"https:\/\/tecsecmty.com\/index.php\/wp-json\/wp\/v2\/product_cat?post=4049"},{"taxonomy":"product_tag","embeddable":true,"href":"https:\/\/tecsecmty.com\/index.php\/wp-json\/wp\/v2\/product_tag?post=4049"}],"curies":[{"name":"wp","href":"https:\/\/api.w.org\/{rel}","templated":true}]}}