{"id":4051,"date":"2023-02-23T00:29:56","date_gmt":"2023-02-23T06:29:56","guid":{"rendered":"https:\/\/tecsecmty.com\/index.php\/producto\/risco-rwx73m43300d-contacto-magnetico-inalambrico-2-vias-para-puertas-o-ventanas-433-mhz-compatible-con-wicomm-lightsys-plus\/"},"modified":"2023-03-22T23:23:48","modified_gmt":"2023-03-23T05:23:48","slug":"risco-rwx73m43300d-contacto-magnetico-inalambrico-2-vias-para-puertas-o-ventanas-433-mhz-compatible-con-wicomm-lightsys-plus","status":"publish","type":"product","link":"https:\/\/tecsecmty.com\/index.php\/producto\/risco-rwx73m43300d-contacto-magnetico-inalambrico-2-vias-para-puertas-o-ventanas-433-mhz-compatible-con-wicomm-lightsys-plus\/","title":{"rendered":"RISCO RWX73M43300D &#8211; Contacto Magnetico Inalambrico 2 vias \/Para Puertas o Ventanas \/ 433 Mhz \/ Compatible con Wicomm-LightSYS Plus+"},"content":{"rendered":"<div class=\"row aling-items-center padding-bottom-2x\">\n<div class=\"col-lg-12\">\n<h5 class=\"card-title text-center\">Contacto Magn\u00e9tico Bidireccional inal\u00e1mbrico<\/h5>\n<p>El Contacto Magn\u00e9tico de Puerta\/Ventana Inal\u00e1mbrico Bidireccional RWX73M de RISCO es un transmisor supervisado ideal para la protecci\u00f3n inal\u00e1mbrica de puertas\/ventanas en aplicaciones residenciales y en peque\u00f1os negocios.<\/p>\n<p>Su comunicaci\u00f3n inal\u00e1mbrica bidireccional con la central proporciona una mayor seguridad de comunicaci\u00f3n con la central al reducirse el riesgo de colisiones y disponer de la capacidad de poder ser configurado y diagnosticado remotamente.<\/p>\n<p>El RWX73M es muy f\u00e1cil de instalar en paredes al disponer de un pr\u00e1ctico soporte y f\u00e1cil de programar y configurar usando el software de programaci\u00f3n remota de RISCO.<\/p>\n<p><img decoding=\"async\" class=\"overview-center-img-web\" src=\"https:\/\/tvc.mx\/media\/392967\/RISCO-RWX73M43300D-Contacto-Magnetico-Inalambrico-2-vias-Para-Puertas-o-Ventanas-433-Mhz-Compatible-con-Wicomm-Lightsys-Prosys-Plus-2.png\" alt=\"\" \/><\/div>\n<\/div>\n<div class=\"row align-items-center padding-bottom-2x\">\n<div class=\"col-md-5 order-md-2\"><img decoding=\"async\" class=\"d-block m-auto img-thumbnail\" src=\"https:\/\/tvc.mx\/media\/394203\/RISCO-RWX73M43300D-Contacto-Magnetico-Inalambrico-2-vias-Para-Puertas-o-Ventanas-433-Mhz-Compatible-con-Wicomm-Lightsys-Prosys-Plus-28.png\" alt=\" \" \/><\/div>\n<div class=\"col-md-7 order-md-1 text-md-left text-center\">\n<h2>Incluye:<\/h2>\n<p class=\"text-muted\">\n<ul>\n<li>Contacto Magnetico Inal\u00e1mbrico<\/li>\n<li>Base de montaje<\/li>\n<li>Bateria CR123<\/li>\n<li>Tornillos de fijaci\u00f3n<\/li>\n<li>Manual de instalaci\u00f3n<\/li>\n<\/ul>\n<p>&nbsp;<\/p>\n<\/div>\n<\/div>\n<hr class=\"padding-bottom-2x\" \/>\n<div class=\"row align-items-center padding-bottom-2x\">\n<div class=\"col-md-5\"><img decoding=\"async\" class=\"d-block m-auto img-thumbnail\" src=\"https:\/\/tvc.mx\/media\/394171\/RISCO-RWX73M43300D-Contacto-Magnetico-Inalambrico-2-vias-Para-Puertas-o-Ventanas-433-Mhz-Compatible-con-Wicomm-Lightsys-Prosys-Plus-20.png\" alt=\" \" \/><\/div>\n<div class=\"col-md-7 text-md-left text-center\">\n<h2>DESCRIPCI\u00d3N GENERAL<\/h2>\n<p class=\"text-muted\">\n<p>El transmisor tiene un contacto magn\u00e9tico incorporado y una entrada adicional de zona, a la que se le puede conectar otros contactos magn\u00e9ticos o detectores cableados, los cuales pueden ser utilizados para diferentes aplicaciones de control o seguridad. Puede funcionar con cualquier sistema inal\u00e1mbrico bidireccional de RISCO Group y es alimentado por una bater\u00eda est\u00e1ndar de Litio de 3V.<\/p>\n<p>&nbsp;<\/p>\n<\/div>\n<\/div>\n<hr class=\"padding-bottom-2x\" \/>\n<div class=\"row align-items-center padding-bottom-2x\">\n<div class=\"col-md-5 order-md-2\"><img decoding=\"async\" class=\"d-block m-auto img-thumbnail\" src=\"https:\/\/tvc.mx\/media\/394175\/RISCO-RWX73M43300D-Contacto-Magnetico-Inalambrico-2-vias-Para-Puertas-o-Ventanas-433-Mhz-Compatible-con-Wicomm-Lightsys-Prosys-Plus-31.png\" alt=\" \" \/><\/div>\n<div class=\"col-md-7 order-md-1 text-md-left text-center\">\n<h2>CARACTER\u00cdSTICAS PRINCIPALES<\/h2>\n<p class=\"text-muted\">\n<p>\u2022 Comunicaci\u00f3n: Bidireccional.<\/p>\n<p>\u2022 Alcance: Hasta 300 metros (1.000 pies) de alcance (en exterior)<\/p>\n<p>\u2022 Supervisi\u00f3n: Hasta 255 minutos<\/p>\n<p>\u2022 Tamper de protecci\u00f3n: Trasero + Tapa<\/p>\n<p>\u2022 Terminaci\u00f3n de entrada seleccionable: NA, NC, DRFL, pulsos<\/p>\n<p>\u2022 Tiempo de respuesta de entrada seleccionable:10\/500ms<\/p>\n<p>&nbsp;<\/p>\n<\/div>\n<\/div>\n<hr class=\"padding-bottom-2x\" \/>\n<div class=\"row align-items-center padding-bottom-2x\">\n<div class=\"col-md-5\"><img decoding=\"async\" class=\"d-block m-auto img-thumbnail\" src=\"https:\/\/tvc.mx\/media\/394179\/RISCO-RWX73M43300D-Contacto-Magnetico-Inalambrico-2-vias-Para-Puertas-o-Ventanas-433-Mhz-Compatible-con-Wicomm-Lightsys-Prosys-Plus-23.png\" alt=\" \" \/><\/div>\n<div class=\"col-md-7 text-md-left text-center\">\n<h2>MODO DE FUNCIONAMIENTO<\/h2>\n<p class=\"text-muted\">\n<p>El RWX73M env\u00eda los eventos de alarma que se producen en la entrada universal entrada 2 (IN2) y en el contacto magn\u00e9tico. En el modo de funcionamiento normal se env\u00eda la alarma cuando se dispara la entrada o el contacto magn\u00e9tico. Cuando se restaura, transmite un mensaje de restauraci\u00f3n.<\/p>\n<p>*Para instalaciones en madera o aleaci\u00f3n, la distancia m\u00e1xima para una operaci\u00f3n normal es 10 mm (1 cm), mientras que para materiales met\u00e1licos ferromagn\u00e9ticos (como el acero) es 5 mm<\/p>\n<\/div>\n<\/div>\n","protected":false},"excerpt":{"rendered":"<p>Contacto Magn\u00e9tico Bidireccional inal\u00e1mbrico El Contacto Magn\u00e9tico de Puerta\/Ventana Inal\u00e1mbrico Bidireccional RWX73M de RISCO es un transmisor supervisado ideal para la protecci\u00f3n inal\u00e1mbrica de puertas\/ventanas en aplicaciones residenciales y en peque\u00f1os negocios. Su comunicaci\u00f3n inal\u00e1mbrica bidireccional con la central proporciona una mayor seguridad de comunicaci\u00f3n&hellip;<\/p>\n","protected":false},"featured_media":4050,"comment_status":"open","ping_status":"closed","template":"","meta":{"om_disable_all_campaigns":false,"_monsterinsights_skip_tracking":false,"_monsterinsights_sitenote_active":false,"_monsterinsights_sitenote_note":"","_monsterinsights_sitenote_category":0},"product_brand":[],"product_cat":[285],"product_tag":[212,211,151],"class_list":{"0":"post-4051","1":"product","2":"type-product","3":"status-publish","4":"has-post-thumbnail","6":"product_cat-sensores-de-alarma-alarmas-risco","7":"product_tag-alarmas","8":"product_tag-alarmas-e-intrusion","9":"product_tag-seguridad","11":"first","12":"instock","13":"sale","14":"taxable","15":"shipping-taxable","16":"purchasable","17":"product-type-simple"},"aioseo_notices":[],"_links":{"self":[{"href":"https:\/\/tecsecmty.com\/index.php\/wp-json\/wp\/v2\/product\/4051","targetHints":{"allow":["GET"]}}],"collection":[{"href":"https:\/\/tecsecmty.com\/index.php\/wp-json\/wp\/v2\/product"}],"about":[{"href":"https:\/\/tecsecmty.com\/index.php\/wp-json\/wp\/v2\/types\/product"}],"replies":[{"embeddable":true,"href":"https:\/\/tecsecmty.com\/index.php\/wp-json\/wp\/v2\/comments?post=4051"}],"version-history":[{"count":0,"href":"https:\/\/tecsecmty.com\/index.php\/wp-json\/wp\/v2\/product\/4051\/revisions"}],"wp:featuredmedia":[{"embeddable":true,"href":"https:\/\/tecsecmty.com\/index.php\/wp-json\/wp\/v2\/media\/4050"}],"wp:attachment":[{"href":"https:\/\/tecsecmty.com\/index.php\/wp-json\/wp\/v2\/media?parent=4051"}],"wp:term":[{"taxonomy":"product_brand","embeddable":true,"href":"https:\/\/tecsecmty.com\/index.php\/wp-json\/wp\/v2\/product_brand?post=4051"},{"taxonomy":"product_cat","embeddable":true,"href":"https:\/\/tecsecmty.com\/index.php\/wp-json\/wp\/v2\/product_cat?post=4051"},{"taxonomy":"product_tag","embeddable":true,"href":"https:\/\/tecsecmty.com\/index.php\/wp-json\/wp\/v2\/product_tag?post=4051"}],"curies":[{"name":"wp","href":"https:\/\/api.w.org\/{rel}","templated":true}]}}