{"id":4053,"date":"2023-02-23T00:29:58","date_gmt":"2023-02-23T06:29:58","guid":{"rendered":"https:\/\/tecsecmty.com\/index.php\/producto\/risco-rwx95p43300b-sensor-de-movimiento-inalambrico-2-vias-433-mhz-compatible-con-wicomm-lightsys-plus\/"},"modified":"2023-03-22T23:23:48","modified_gmt":"2023-03-23T05:23:48","slug":"risco-rwx95p43300b-sensor-de-movimiento-inalambrico-2-vias-433-mhz-compatible-con-wicomm-lightsys-plus","status":"publish","type":"product","link":"https:\/\/tecsecmty.com\/index.php\/producto\/risco-rwx95p43300b-sensor-de-movimiento-inalambrico-2-vias-433-mhz-compatible-con-wicomm-lightsys-plus\/","title":{"rendered":"RISCO RWX95P43300B &#8211; Sensor de Movimiento Inalambrico 2 vias \/ 433 Mhz \/ Compatible con Wicomm-LightSYS Plus+"},"content":{"rendered":"<div class=\"row aling-items-center padding-bottom-2x\">\n<div class=\"col-lg-12\">\n<h5 class=\"card-title text-center\">iWAVE\u2122 PIR\/Anti-mascotas bidireccional inal\u00e1mbrico<\/h5>\n<p>El detector PIR Inal\u00e1mbrico bidireccional iWAVE\u2122 Anti-Mascostas de 12m es un detector infrarrojo pasivo de elegante montaje en pared, inmunidad contra mascotas de peso hasta 36Kg (80 lb). Ideal para instalaciones en hogares, oficinas y peque\u00f1os comercios.<\/p>\n<p>Su comunicaci\u00f3n inal\u00e1mbrica bidireccional proporciona un nivel de seguridad m\u00e1s elevado, reducci\u00f3n del n\u00famero de transmisiones y eliminaci\u00f3n de posibles congesti\u00f3n inal\u00e1mbricas y comunicaci\u00f3n remota de Control y Diagnosticos.<\/p>\n<p>El iWAVE\u2122 es de f\u00e1cil instalaci\u00f3n a pared mediante un sencillo soporte. Dispone de un compartimiento independiente para la bater\u00eda lo cual permite que la bater\u00eda sea sustituida f\u00e1cilmente por el usuario.<\/p>\n<p><img decoding=\"async\" class=\"overview-center-img-web\" src=\"https:\/\/tvc.mx\/media\/389083\/RISCO-RWX95P43300B-Sensor-de-Movimiento-Inalambrico-2-vias-433-Mhz-Compatible-con-Wicomm-Lightsys-Prosys-Plus-1.png\" alt=\"\" \/><\/p>\n<\/div>\n<\/div>\n<div class=\"row align-items-center padding-bottom-2x\">\n<div class=\"col-md-5 order-md-2\"><img decoding=\"async\" class=\"d-block m-auto img-thumbnail\" src=\"https:\/\/tvc.mx\/media\/389103\/RISCO-RWX95P43300B-Sensor-de-Movimiento-Inalambrico-2-vias-433-Mhz-Compatible-con-Wicomm-Lightsys-Prosys-Plus-7.png\" alt=\" \" \/><\/div>\n<div class=\"col-md-7 order-md-1 text-md-left text-center\">\n<h2>Incluye:<\/h2>\n<ul>\n<li>1 Sensor de Movimiento Inalambrico con base de fijaci\u00f3n<\/li>\n<li>2 Baterias CR123<\/li>\n<li>5 Tornillos de fijaci\u00f3n<\/li>\n<li>1 Manual de instalaci\u00f3n<\/li>\n<\/ul>\n<p>&nbsp;<\/p>\n<\/div>\n<\/div>\n<hr class=\"padding-bottom-2x\" \/>\n<div class=\"row align-items-center padding-bottom-2x\">\n<div class=\"col-md-5\"><img decoding=\"async\" class=\"d-block m-auto img-thumbnail\" src=\"https:\/\/tvc.mx\/media\/389099\/RISCO-RWX95P43300B-Sensor-de-Movimiento-Inalambrico-2-vias-433-Mhz-Compatible-con-Wicomm-Lightsys-Prosys-Plus-5.png\" alt=\" \" \/><\/div>\n<div class=\"col-md-7 text-md-left text-center\">\n<h2>Caracter\u00edsticas<\/h2>\n<ul>\n<li>Alcance: 12 x 12m (40\u2019x40\u2019) gran angular<\/li>\n<li>Para mascotas de hasta 36Kg (80lb) con \u201cUmbral Anti-mascotas Variable\u201d (VPT\u2122)<\/li>\n<li>Inal\u00e1mbrico bidireccional proporciona un nivel de seguridad m\u00e1s elevado, reducci\u00f3n del n\u00famero de transmisiones y eliminaci\u00f3n de posibles congesti\u00f3n inal\u00e1mbricas y comunicaci\u00f3n remota de Control y Diagnosticos.<\/li>\n<li>Procesamiento Inteligente de la Se\u00f1al Digital<\/li>\n<li>Carcasa protectora del sensor para evitar falsas alarmas provocadas por insectos<\/li>\n<li>Lente pigmentada para protecci\u00f3n contra luz blanca<\/li>\n<li>F\u00e1cil instalaci\u00f3n ediante soporte<\/li>\n<li>Tamper de pared y esquinas<\/li>\n<li>Incluye 2 bater\u00edas de Litio de 3V de larga duraci\u00f3n<\/li>\n<li>Lente de largo alcance opcional: 12m (40\u2019) para cortina<\/li>\n<li>Disponible en modelos PIR y unidireccional<\/li>\n<li>Compatible con los sistemas de RISCO: Agility\u2122,<\/li>\n<li>Modelos:<\/li>\n<li>RWX95 iWAVE PIR bidireccional inal\u00e1mbrico<\/li>\n<li>RWX95P iWAVE antimascotas bidireccional inal\u00e1mbrico<\/li>\n<\/ul>\n<p>&nbsp;<\/p>\n<\/div>\n<\/div>\n<hr class=\"padding-bottom-2x\" \/>\n<div class=\"row align-items-center padding-bottom-2x\">\n<div class=\"col-md-5\"><img decoding=\"async\" class=\"d-block m-auto img-thumbnail\" src=\"https:\/\/tvc.mx\/media\/389123\/RISCO-RWX95P43300B-Sensor-de-Movimiento-Inalambrico-2-vias-433-Mhz-Compatible-con-Wicomm-Lightsys-Prosys-Plus-9.png\" alt=\" \" \/><\/div>\n<div class=\"col-md-7 text-md-left text-center\">\n<h2>Especificaciones T\u00e9cnicas<\/h2>\n<ul>\n<li>Alcance: 12 x 12m (40pies x 40pies)<\/li>\n<li>Altura de montaje: De 2,20 a 2,50m (7pies a 8pies)<\/li>\n<li>Tipo de Bater\u00eda: 2 de Litio de 3V CR123<\/li>\n<li>Consumo: 16\u00b5A en reposo<\/li>\n<li>Frecuencias: 868,65MHz \/ 433,92MHz<\/li>\n<li>Transmisi\u00f3n de Supervisi\u00f3n: De 0 a 255 minutos<\/li>\n<li>Vida media de la bater\u00eda: 3 a\u00f1os<\/li>\n<li>Filtrado: Protecci\u00f3n contra Luz Blanca<\/li>\n<li>Mascotas: de hasta 36Kg (80 lb)<\/li>\n<\/ul>\n<\/div>\n<\/div>\n","protected":false},"excerpt":{"rendered":"<p>iWAVE\u2122 PIR\/Anti-mascotas bidireccional inal\u00e1mbrico El detector PIR Inal\u00e1mbrico bidireccional iWAVE\u2122 Anti-Mascostas de 12m es un detector infrarrojo pasivo de elegante montaje en pared, inmunidad contra mascotas de peso hasta 36Kg (80 lb). Ideal para instalaciones en hogares, oficinas y peque\u00f1os comercios. Su comunicaci\u00f3n inal\u00e1mbrica bidireccional&hellip;<\/p>\n","protected":false},"featured_media":4052,"comment_status":"open","ping_status":"closed","template":"","meta":{"om_disable_all_campaigns":false,"_monsterinsights_skip_tracking":false,"_monsterinsights_sitenote_active":false,"_monsterinsights_sitenote_note":"","_monsterinsights_sitenote_category":0},"product_brand":[],"product_cat":[285],"product_tag":[212,211,151],"class_list":{"0":"post-4053","1":"product","2":"type-product","3":"status-publish","4":"has-post-thumbnail","6":"product_cat-sensores-de-alarma-alarmas-risco","7":"product_tag-alarmas","8":"product_tag-alarmas-e-intrusion","9":"product_tag-seguridad","11":"first","12":"instock","13":"sale","14":"taxable","15":"shipping-taxable","16":"purchasable","17":"product-type-simple"},"aioseo_notices":[],"_links":{"self":[{"href":"https:\/\/tecsecmty.com\/index.php\/wp-json\/wp\/v2\/product\/4053","targetHints":{"allow":["GET"]}}],"collection":[{"href":"https:\/\/tecsecmty.com\/index.php\/wp-json\/wp\/v2\/product"}],"about":[{"href":"https:\/\/tecsecmty.com\/index.php\/wp-json\/wp\/v2\/types\/product"}],"replies":[{"embeddable":true,"href":"https:\/\/tecsecmty.com\/index.php\/wp-json\/wp\/v2\/comments?post=4053"}],"version-history":[{"count":0,"href":"https:\/\/tecsecmty.com\/index.php\/wp-json\/wp\/v2\/product\/4053\/revisions"}],"wp:featuredmedia":[{"embeddable":true,"href":"https:\/\/tecsecmty.com\/index.php\/wp-json\/wp\/v2\/media\/4052"}],"wp:attachment":[{"href":"https:\/\/tecsecmty.com\/index.php\/wp-json\/wp\/v2\/media?parent=4053"}],"wp:term":[{"taxonomy":"product_brand","embeddable":true,"href":"https:\/\/tecsecmty.com\/index.php\/wp-json\/wp\/v2\/product_brand?post=4053"},{"taxonomy":"product_cat","embeddable":true,"href":"https:\/\/tecsecmty.com\/index.php\/wp-json\/wp\/v2\/product_cat?post=4053"},{"taxonomy":"product_tag","embeddable":true,"href":"https:\/\/tecsecmty.com\/index.php\/wp-json\/wp\/v2\/product_tag?post=4053"}],"curies":[{"name":"wp","href":"https:\/\/api.w.org\/{rel}","templated":true}]}}