{"id":4061,"date":"2023-02-23T00:30:08","date_gmt":"2023-02-23T06:30:08","guid":{"rendered":"https:\/\/tecsecmty.com\/index.php\/producto\/seco-larm-e936s45rrgq-sensor-de-haz-fotoelectrico-reflectante-cumple-con-el-estandar-ul325-13-metros-de-alcance-45-ft\/"},"modified":"2023-03-22T23:24:23","modified_gmt":"2023-03-23T05:24:23","slug":"seco-larm-e936s45rrgq-sensor-de-haz-fotoelectrico-reflectante-cumple-con-el-estandar-ul325-13-metros-de-alcance-45-ft","status":"publish","type":"product","link":"https:\/\/tecsecmty.com\/index.php\/producto\/seco-larm-e936s45rrgq-sensor-de-haz-fotoelectrico-reflectante-cumple-con-el-estandar-ul325-13-metros-de-alcance-45-ft\/","title":{"rendered":"Seco-Larm E936S45RRGQ &#8211; Sensor de haz fotoel\u00e9ctrico reflectante . Cumple con el est\u00e1ndar UL325, 13 metros de alcance ( 45 ft)"},"content":{"rendered":"<h5 class=\"card-title text-center\">E-936-S45RRGQ<\/h5>\n<h3>SENSOR DE RAYOS FOTOEL\u00c9CTICO REFLECTIVO<\/h3>\n<ul>\n<li>Sensor de seguridad para puertas\u00a0de garaje<\/li>\n<li>Automatizaci\u00f3n industrial &#8211; detecta peque\u00f1os objetos en la l\u00ednea\u00a0de fabricaci\u00f3n<\/li>\n<\/ul>\n<p>CARACTERISTICAS:<\/p>\n<ul>\n<li>Construcci\u00f3n impermeable (IP66) para usarse interior\/exterior<\/li>\n<li>Cord\u00f3n pre-cableado\u00a0de 6 pies<\/li>\n<li>Soporte y hardware de montaje incluido para ambos sensor y el espejo<\/li>\n<li>Sensibilidad ajustable para la distancia<\/li>\n<li>Tama\u00f1o compacto<\/li>\n<li>Salida monitoreada: N.C., 10k\u03a9 resistor<\/li>\n<\/ul>\n<p>&nbsp;<\/p>\n<p>&nbsp;<\/p>\n<p>&nbsp;<\/p>\n<p>&nbsp;<\/p>\n<p><img decoding=\"async\" class=\"overview-center-img-web\" src=\"https:\/\/tvc.mx\/media\/329249\/E936S45RRGQ-g.png\" alt=\"\" \/><\/p>\n","protected":false},"excerpt":{"rendered":"<p>E-936-S45RRGQ SENSOR DE RAYOS FOTOEL\u00c9CTICO REFLECTIVO Sensor de seguridad para puertas\u00a0de garaje Automatizaci\u00f3n industrial &#8211; detecta peque\u00f1os objetos en la l\u00ednea\u00a0de fabricaci\u00f3n CARACTERISTICAS: Construcci\u00f3n impermeable (IP66) para usarse interior\/exterior Cord\u00f3n pre-cableado\u00a0de 6 pies Soporte y hardware de montaje incluido para ambos sensor y el espejo&hellip;<\/p>\n","protected":false},"featured_media":4060,"comment_status":"open","ping_status":"closed","template":"","meta":{"om_disable_all_campaigns":false,"_monsterinsights_skip_tracking":false,"_monsterinsights_sitenote_active":false,"_monsterinsights_sitenote_note":"","_monsterinsights_sitenote_category":0},"product_brand":[],"product_cat":[286],"product_tag":[212,211,151],"class_list":{"0":"post-4061","1":"product","2":"type-product","3":"status-publish","4":"has-post-thumbnail","6":"product_cat-sensores-de-alarma-alarmas-seco-larm","7":"product_tag-alarmas","8":"product_tag-alarmas-e-intrusion","9":"product_tag-seguridad","11":"first","12":"instock","13":"sale","14":"taxable","15":"shipping-taxable","16":"purchasable","17":"product-type-simple"},"aioseo_notices":[],"_links":{"self":[{"href":"https:\/\/tecsecmty.com\/index.php\/wp-json\/wp\/v2\/product\/4061","targetHints":{"allow":["GET"]}}],"collection":[{"href":"https:\/\/tecsecmty.com\/index.php\/wp-json\/wp\/v2\/product"}],"about":[{"href":"https:\/\/tecsecmty.com\/index.php\/wp-json\/wp\/v2\/types\/product"}],"replies":[{"embeddable":true,"href":"https:\/\/tecsecmty.com\/index.php\/wp-json\/wp\/v2\/comments?post=4061"}],"version-history":[{"count":0,"href":"https:\/\/tecsecmty.com\/index.php\/wp-json\/wp\/v2\/product\/4061\/revisions"}],"wp:featuredmedia":[{"embeddable":true,"href":"https:\/\/tecsecmty.com\/index.php\/wp-json\/wp\/v2\/media\/4060"}],"wp:attachment":[{"href":"https:\/\/tecsecmty.com\/index.php\/wp-json\/wp\/v2\/media?parent=4061"}],"wp:term":[{"taxonomy":"product_brand","embeddable":true,"href":"https:\/\/tecsecmty.com\/index.php\/wp-json\/wp\/v2\/product_brand?post=4061"},{"taxonomy":"product_cat","embeddable":true,"href":"https:\/\/tecsecmty.com\/index.php\/wp-json\/wp\/v2\/product_cat?post=4061"},{"taxonomy":"product_tag","embeddable":true,"href":"https:\/\/tecsecmty.com\/index.php\/wp-json\/wp\/v2\/product_tag?post=4061"}],"curies":[{"name":"wp","href":"https:\/\/api.w.org\/{rel}","templated":true}]}}