{"id":4065,"date":"2023-02-23T00:30:10","date_gmt":"2023-02-23T06:30:10","guid":{"rendered":"https:\/\/tecsecmty.com\/index.php\/producto\/seco-larm-sm205qw-contacto-mini-con-montaje-de-tornillo-o-adhesivo-gap-3-4-n-c-blanco-compatible-paneles-dsc-risco-bosch\/"},"modified":"2023-03-22T23:24:24","modified_gmt":"2023-03-23T05:24:24","slug":"seco-larm-sm205qw-contacto-mini-con-montaje-de-tornillo-o-adhesivo-gap-3-4-n-c-blanco-compatible-paneles-dsc-risco-bosch","status":"publish","type":"product","link":"https:\/\/tecsecmty.com\/index.php\/producto\/seco-larm-sm205qw-contacto-mini-con-montaje-de-tornillo-o-adhesivo-gap-3-4-n-c-blanco-compatible-paneles-dsc-risco-bosch\/","title":{"rendered":"Seco-Larm SM205QW &#8211; Contacto Mini con montaje de tornillo o adhesivo. Gap 3\/4 N.C BLANCO Compatible paneles DSC \/ RISCO \/ BOSCH"},"content":{"rendered":"<div class=\"row aling-items-center padding-bottom-2x\">\n<div class=\"col-lg-12\">\n<h5 class=\"card-title text-center\">SM205QW<\/h5>\n<h4 class=\"ql-align-center\"><strong>CONTACTO MAGN\u00c9TICO MINI DE MONTAJE SUPERFICIAL SM205QW<\/strong><\/h4>\n<p>Caracter\u00edsticas:<\/p>\n<ul>\n<li>Contacto miniatura para colocaci\u00f3n de montaje superficial con cinta decisiva discreto y estetico para puertas\/ ventanas<\/li>\n<li>Una pulgada (25 mm) hueco, del lado de conductores\u00a0Miniatura tipo de brida de montaje en superficie de contactos magn\u00e9ticos son perfectas para puertas y ventanas correderas donde el espacio es limitado<\/li>\n<li>Tornillo o soporte adhesivo<\/li>\n<li>Brida de montaje se desprende de tama\u00f1o miniatura adicional<\/li>\n<li>De alto impacto estuche de pl\u00e1stico ABS resistente a la intemperie<\/li>\n<li>Interruptor de contacto reed es unipolar, rodio desactivado sobre chapado en oro, por una larga vida<\/li>\n<\/ul>\n<p>Especificaciones:<\/p>\n<ul>\n<li>Gap de\u00a03\/4\u00a0pulgada (19mm) entre el reed swith e im\u00e1n<\/li>\n<li>38 cm cables se extienden de un lado del interruptor<\/li>\n<li>Para circuitos N.C.<\/li>\n<li>Dimensiones del interruptor\u00a01-3\/8&#8243; x 3\/8&#8243; x 1\/4&#8243; (35 x 10 x 6 mm<\/li>\n<li>Clasificaci\u00f3n del contacto 1.0A@10VCC (max), 10W (max)<\/li>\n<li>Terminales 38 cm cables se extienden de un lado del interruptor<\/li>\n<li>Temperatura de operaci\u00f3n -15\u00ba~+160\u00ba F (-25\u00ba~70\u00ba C)<\/li>\n<li>Los tornillos de montaje incluido<\/li>\n<li>Garant\u00eda de por vida limitada<\/li>\n<li><a href=\"http:\/\/www.seco-larm.com\/es\/Security\/magnetic-contacts\/SM-205Q-BR\" target=\"_blank\" rel=\"noopener\"><strong>Marr\u00f3n tambi\u00e9n disponible!<\/strong><\/a><\/li>\n<\/ul>\n<p><img decoding=\"async\" class=\"overview-center-img-web\" src=\"https:\/\/tvc.mx\/media\/64998\/B-SM205QW.jpg\" alt=\"\" \/><\/div>\n<\/div>\n<div class=\"row aling-items-center padding-bottom-2x\">\n<div class=\"col-lg-12\">\n<h5 class=\"card-title text-center\">SM205QW<\/h5>\n<h4 class=\"ql-align-center\"><strong>DIAGRAMA DEL DISPOSITIVO<\/strong><\/h4>\n<p><strong>Instrucciones de instalaci\u00f3n:<\/strong><\/p>\n<p>1. Monte el contacto encima de la puerta o ventana en el marco. Para puertas, aseg\u00farese de que el montaje est\u00e9 m\u00e1s alejado del lado con bisagras de la puerta.<\/p>\n<p>2. Conecte dos cables a los terminales de contacto y al panel de control de alarma<\/p>\n<p>3. Monte el im\u00e1n en la puerta\/ventana de modo que quede orientado hacia el contacto. Aseg\u00farese de que el espacio entre el contacto y el im\u00e1n no exceda las 3 \/4&#8243; (19mm).<\/p>\n<p>Notas:<\/p>\n<p>1. El contacto y el im\u00e1n deben instalarse en el lado protegido de la puerta o ventana.<\/p>\n<p>2. Se incluyen espaciadores para instalaciones dif\u00edciles o desalineadas.<\/p>\n<p><img decoding=\"async\" class=\"overview-center-img-web\" src=\"https:\/\/tvc.mx\/media\/65007\/B-Diagrama.jpg\" alt=\"\" \/><\/div>\n<\/div>\n","protected":false},"excerpt":{"rendered":"<p>SM205QW CONTACTO MAGN\u00c9TICO MINI DE MONTAJE SUPERFICIAL SM205QW Caracter\u00edsticas: Contacto miniatura para colocaci\u00f3n de montaje superficial con cinta decisiva discreto y estetico para puertas\/ ventanas Una pulgada (25 mm) hueco, del lado de conductores\u00a0Miniatura tipo de brida de montaje en superficie de contactos magn\u00e9ticos son&hellip;<\/p>\n","protected":false},"featured_media":4064,"comment_status":"open","ping_status":"closed","template":"","meta":{"om_disable_all_campaigns":false,"_monsterinsights_skip_tracking":false,"_monsterinsights_sitenote_active":false,"_monsterinsights_sitenote_note":"","_monsterinsights_sitenote_category":0},"product_brand":[],"product_cat":[286],"product_tag":[212,211,151],"class_list":{"0":"post-4065","1":"product","2":"type-product","3":"status-publish","4":"has-post-thumbnail","6":"product_cat-sensores-de-alarma-alarmas-seco-larm","7":"product_tag-alarmas","8":"product_tag-alarmas-e-intrusion","9":"product_tag-seguridad","11":"first","12":"instock","13":"sale","14":"taxable","15":"shipping-taxable","16":"purchasable","17":"product-type-simple"},"aioseo_notices":[],"_links":{"self":[{"href":"https:\/\/tecsecmty.com\/index.php\/wp-json\/wp\/v2\/product\/4065","targetHints":{"allow":["GET"]}}],"collection":[{"href":"https:\/\/tecsecmty.com\/index.php\/wp-json\/wp\/v2\/product"}],"about":[{"href":"https:\/\/tecsecmty.com\/index.php\/wp-json\/wp\/v2\/types\/product"}],"replies":[{"embeddable":true,"href":"https:\/\/tecsecmty.com\/index.php\/wp-json\/wp\/v2\/comments?post=4065"}],"version-history":[{"count":0,"href":"https:\/\/tecsecmty.com\/index.php\/wp-json\/wp\/v2\/product\/4065\/revisions"}],"wp:featuredmedia":[{"embeddable":true,"href":"https:\/\/tecsecmty.com\/index.php\/wp-json\/wp\/v2\/media\/4064"}],"wp:attachment":[{"href":"https:\/\/tecsecmty.com\/index.php\/wp-json\/wp\/v2\/media?parent=4065"}],"wp:term":[{"taxonomy":"product_brand","embeddable":true,"href":"https:\/\/tecsecmty.com\/index.php\/wp-json\/wp\/v2\/product_brand?post=4065"},{"taxonomy":"product_cat","embeddable":true,"href":"https:\/\/tecsecmty.com\/index.php\/wp-json\/wp\/v2\/product_cat?post=4065"},{"taxonomy":"product_tag","embeddable":true,"href":"https:\/\/tecsecmty.com\/index.php\/wp-json\/wp\/v2\/product_tag?post=4065"}],"curies":[{"name":"wp","href":"https:\/\/api.w.org\/{rel}","templated":true}]}}