{"id":4067,"date":"2023-02-23T00:30:12","date_gmt":"2023-02-23T06:30:12","guid":{"rendered":"https:\/\/tecsecmty.com\/index.php\/producto\/seco-larm-sm2075qw-contacto-magnetico-blanco-gap-3-4-de-embutido-tipo-taquete-compatible-paneles-dsc-risco-bosch\/"},"modified":"2023-03-22T23:24:24","modified_gmt":"2023-03-23T05:24:24","slug":"seco-larm-sm2075qw-contacto-magnetico-blanco-gap-3-4-de-embutido-tipo-taquete-compatible-paneles-dsc-risco-bosch","status":"publish","type":"product","link":"https:\/\/tecsecmty.com\/index.php\/producto\/seco-larm-sm2075qw-contacto-magnetico-blanco-gap-3-4-de-embutido-tipo-taquete-compatible-paneles-dsc-risco-bosch\/","title":{"rendered":"Seco-Larm SM2075QW &#8211; Contacto magnetico BLANCO Gap 3\/4 de EMBUTIDO Tipo Taquete Compatible paneles DSC \/ RISCO \/ BOSCH"},"content":{"rendered":"<div class=\"row aling-items-center padding-bottom-2x\">\n<div class=\"col-lg-12\">\n<h5 class=\"card-title text-center\">SM2075Q\/W<\/h5>\n<h4 class=\"ql-align-center\"><strong>CONTACTO MAGN\u00c9TICO DE EMPOTRAR SM-207-5Q\/W<\/strong><\/h4>\n<p class=\"ql-align-center\">Contacto Magnetico de empotrar para puertas\/ ventanas color Blanco estetico con Gap de 10 mm<\/p>\n<p>Caracter\u00edsticas:<\/p>\n<ul>\n<li class=\"ql-align-justify\">Se utiliza para proteger puertas corredizas y ventanas donde el espacio es limitado<\/li>\n<li class=\"ql-align-justify\">3 \/8\u2033 (10mm) Montaje a presi\u00f3n<\/li>\n<li class=\"ql-align-justify\">15\u2033 (38cm) cables conductores<\/li>\n<li class=\"ql-align-justify\">El interruptor de leng\u00fceta de contacto es SPST, rodio desactivado en chapado de oro para una vida \u00fatil m\u00e1s larga<\/li>\n<li class=\"ql-align-justify\">El compuesto \u00fanico de pegamento\/epoxi protege el interruptor de lamina<\/li>\n<li class=\"ql-align-justify\">Para circuitos cerrados<\/li>\n<li class=\"ql-align-justify\">3 \/8\u2033 (10mm) Brecha<\/li>\n<li class=\"ql-align-justify\">Garant\u00eda limitada de por vida<\/li>\n<\/ul>\n<p class=\"ql-align-justify\">Especificaciones:<\/p>\n<ul>\n<li class=\"ql-align-justify\">Tipo de circuitoN.C.<\/li>\n<li class=\"ql-align-justify\">Clasificaci\u00f3n de contacto 1.0A@10VCC (max), 10W (max)<\/li>\n<li class=\"ql-align-justify\">Temperatura -15\u00ba~+160\u00ba F (-25\u00ba~70\u00ba C)<\/li>\n<li class=\"ql-align-justify\">Dimensiones de interruptor 3\/4&#8243; x 7\/16&#8243; x 3\/8&#8243; (19 x 11 x 9 mm)<\/li>\n<li class=\"ql-align-justify\">Dimensiones de im\u00e1n 3\/4&#8243; x 7\/16&#8243; x 3\/8&#8243; (19 x 11 x 9 mm)<\/li>\n<\/ul>\n<p><img decoding=\"async\" class=\"overview-center-img-web\" src=\"https:\/\/tvc.mx\/media\/64377\/B-SM2075QW.jpg\" alt=\"\" \/><\/div>\n<\/div>\n<div class=\"row aling-items-center padding-bottom-2x\">\n<div class=\"col-lg-12\">\n<h5 class=\"card-title text-center\">SM2075Q\/W<\/h5>\n<h4 class=\"ql-align-center\"><strong>DIAGRAMA DE DISPOSITIVO<\/strong><\/h4>\n<p>Instrucciones de instalaci\u00f3n<\/p>\n<p class=\"ql-align-justify\">1. Monte el contacto encima de la puerta o ventana en el marco. Para puertas, aseg\u00farese de que el montaje est\u00e9 m\u00e1s alejado del lado con bisagras de la puerta.<\/p>\n<p class=\"ql-align-justify\">2. Conecte dos cables a los terminales de contacto y al panel de control de alarma<\/p>\n<p class=\"ql-align-justify\">3. Monte el im\u00e1n en la puerta\/ventana de modo que quede orientado hacia el contacto. Aseg\u00farese de que el espacio entre el contacto y el im\u00e1n no exceda las 3 \/8&#8243; (10mm).<\/p>\n<p><img decoding=\"async\" class=\"overview-center-img-web\" src=\"https:\/\/tvc.mx\/media\/64380\/B-Diagrama.jpg\" alt=\"\" \/><\/div>\n<\/div>\n","protected":false},"excerpt":{"rendered":"<p>SM2075Q\/W CONTACTO MAGN\u00c9TICO DE EMPOTRAR SM-207-5Q\/W Contacto Magnetico de empotrar para puertas\/ ventanas color Blanco estetico con Gap de 10 mm Caracter\u00edsticas: Se utiliza para proteger puertas corredizas y ventanas donde el espacio es limitado 3 \/8\u2033 (10mm) Montaje a presi\u00f3n 15\u2033 (38cm) cables conductores&hellip;<\/p>\n","protected":false},"featured_media":4066,"comment_status":"open","ping_status":"closed","template":"","meta":{"om_disable_all_campaigns":false,"_monsterinsights_skip_tracking":false,"_monsterinsights_sitenote_active":false,"_monsterinsights_sitenote_note":"","_monsterinsights_sitenote_category":0},"product_brand":[],"product_cat":[286],"product_tag":[212,211,151],"class_list":{"0":"post-4067","1":"product","2":"type-product","3":"status-publish","4":"has-post-thumbnail","6":"product_cat-sensores-de-alarma-alarmas-seco-larm","7":"product_tag-alarmas","8":"product_tag-alarmas-e-intrusion","9":"product_tag-seguridad","11":"first","12":"instock","13":"sale","14":"taxable","15":"shipping-taxable","16":"purchasable","17":"product-type-simple"},"aioseo_notices":[],"_links":{"self":[{"href":"https:\/\/tecsecmty.com\/index.php\/wp-json\/wp\/v2\/product\/4067","targetHints":{"allow":["GET"]}}],"collection":[{"href":"https:\/\/tecsecmty.com\/index.php\/wp-json\/wp\/v2\/product"}],"about":[{"href":"https:\/\/tecsecmty.com\/index.php\/wp-json\/wp\/v2\/types\/product"}],"replies":[{"embeddable":true,"href":"https:\/\/tecsecmty.com\/index.php\/wp-json\/wp\/v2\/comments?post=4067"}],"version-history":[{"count":0,"href":"https:\/\/tecsecmty.com\/index.php\/wp-json\/wp\/v2\/product\/4067\/revisions"}],"wp:featuredmedia":[{"embeddable":true,"href":"https:\/\/tecsecmty.com\/index.php\/wp-json\/wp\/v2\/media\/4066"}],"wp:attachment":[{"href":"https:\/\/tecsecmty.com\/index.php\/wp-json\/wp\/v2\/media?parent=4067"}],"wp:term":[{"taxonomy":"product_brand","embeddable":true,"href":"https:\/\/tecsecmty.com\/index.php\/wp-json\/wp\/v2\/product_brand?post=4067"},{"taxonomy":"product_cat","embeddable":true,"href":"https:\/\/tecsecmty.com\/index.php\/wp-json\/wp\/v2\/product_cat?post=4067"},{"taxonomy":"product_tag","embeddable":true,"href":"https:\/\/tecsecmty.com\/index.php\/wp-json\/wp\/v2\/product_tag?post=4067"}],"curies":[{"name":"wp","href":"https:\/\/api.w.org\/{rel}","templated":true}]}}