{"id":4071,"date":"2023-02-23T00:30:17","date_gmt":"2023-02-23T06:30:17","guid":{"rendered":"https:\/\/tecsecmty.com\/index.php\/producto\/seco-larm-sm216qgy-contacto-magnetico-uso-rudo-gris-con-terminales-de-tornillo-gap-2-3-4-70mm-compatible-paneles-dsc-risco-bosch\/"},"modified":"2023-03-22T23:24:24","modified_gmt":"2023-03-23T05:24:24","slug":"seco-larm-sm216qgy-contacto-magnetico-uso-rudo-gris-con-terminales-de-tornillo-gap-2-3-4-70mm-compatible-paneles-dsc-risco-bosch","status":"publish","type":"product","link":"https:\/\/tecsecmty.com\/index.php\/producto\/seco-larm-sm216qgy-contacto-magnetico-uso-rudo-gris-con-terminales-de-tornillo-gap-2-3-4-70mm-compatible-paneles-dsc-risco-bosch\/","title":{"rendered":"Seco-Larm SM216QGY &#8211; Contacto Magnetico Uso Rudo GRIS con terminales de tornillo Gap 2 3\/4 (70mm) Compatible paneles DSC \/ RISCO \/ BOSCH"},"content":{"rendered":"<div class=\"row aling-items-center padding-bottom-2x\">\n<div class=\"col-lg-12\">\n<h5 class=\"card-title text-center\">SM216Q\/GY<\/h5>\n<h4 class=\"ql-align-justify\">DESCRIPCI\u00d3N T\u00c9CNICA<\/h4>\n<p>CONTACTO MAGN\u00c9TICO DE USO RUDO, GRIS, ALIMENTACI\u00d3N 100 VDC, VOLTAJE SOPORTADO 10 VDC CORRIENTE M\u00c1XIMA SOPORTADA 1A, CONSUMO 10W, TEMPERATURA DE FUNCIONAMIENTO -25\u00b0C A 70\u00b0C.<\/p>\n<p>EL CONTACTO MAGN\u00c9TICO TIENE COMO FUNCI\u00d3N PRINCIPAL PROTEGER PUERTAS Y VENTANAS, EN CUANTO EL DISPOSITIVO DETECTA LA APERTURA O EXISTE UNA SEPARACI\u00d3N DE LA HOJA CON EL IM\u00c1N, EL CIRCUITO ENV\u00cdA UNA SE\u00d1AL AL PANEL Y ESTE POR MEDIO DE DISPOSITIVOS DE NOTIFICACI\u00d3N ACTIVA LA ALARMA.<\/p>\n<p><img decoding=\"async\" class=\"overview-center-img-web\" src=\"https:\/\/tvc.mx\/media\/63867\/SM216QGY-1920X400.png\" alt=\"\" \/><\/div>\n<\/div>\n<div class=\"row align-items-center padding-bottom-2x\">\n<div class=\"col-md-5\"><img decoding=\"async\" class=\"d-block m-auto img-thumbnail\" src=\"https:\/\/tvc.mx\/media\/63873\/SM216Q-400X300-1.png\" alt=\" \" \/><\/div>\n<div class=\"col-md-7 text-md-left text-center\">\n<h2>SM216Q\/GY<\/h2>\n<p class=\"text-muted\">\n<p>CONTACTO MAGN\u00c9TICO DE MONTAJE EN SUPERFICIE CON CAJA DE PL\u00c1STICO ABS Y ORIFICIOS DE MONTAJE INTEGRADOS. SU USO ES IDEAL PARA PUERTAS Y VENTANAS QUE EST\u00c9N SUELTAS.<\/p>\n<\/div>\n<\/div>\n","protected":false},"excerpt":{"rendered":"<p>SM216Q\/GY DESCRIPCI\u00d3N T\u00c9CNICA CONTACTO MAGN\u00c9TICO DE USO RUDO, GRIS, ALIMENTACI\u00d3N 100 VDC, VOLTAJE SOPORTADO 10 VDC CORRIENTE M\u00c1XIMA SOPORTADA 1A, CONSUMO 10W, TEMPERATURA DE FUNCIONAMIENTO -25\u00b0C A 70\u00b0C. EL CONTACTO MAGN\u00c9TICO TIENE COMO FUNCI\u00d3N PRINCIPAL PROTEGER PUERTAS Y VENTANAS, EN CUANTO EL DISPOSITIVO DETECTA LA&hellip;<\/p>\n","protected":false},"featured_media":4070,"comment_status":"open","ping_status":"closed","template":"","meta":{"om_disable_all_campaigns":false,"_monsterinsights_skip_tracking":false,"_monsterinsights_sitenote_active":false,"_monsterinsights_sitenote_note":"","_monsterinsights_sitenote_category":0},"product_brand":[],"product_cat":[286],"product_tag":[212,211,151],"class_list":{"0":"post-4071","1":"product","2":"type-product","3":"status-publish","4":"has-post-thumbnail","6":"product_cat-sensores-de-alarma-alarmas-seco-larm","7":"product_tag-alarmas","8":"product_tag-alarmas-e-intrusion","9":"product_tag-seguridad","11":"first","12":"instock","13":"sale","14":"taxable","15":"shipping-taxable","16":"purchasable","17":"product-type-simple"},"aioseo_notices":[],"_links":{"self":[{"href":"https:\/\/tecsecmty.com\/index.php\/wp-json\/wp\/v2\/product\/4071","targetHints":{"allow":["GET"]}}],"collection":[{"href":"https:\/\/tecsecmty.com\/index.php\/wp-json\/wp\/v2\/product"}],"about":[{"href":"https:\/\/tecsecmty.com\/index.php\/wp-json\/wp\/v2\/types\/product"}],"replies":[{"embeddable":true,"href":"https:\/\/tecsecmty.com\/index.php\/wp-json\/wp\/v2\/comments?post=4071"}],"version-history":[{"count":0,"href":"https:\/\/tecsecmty.com\/index.php\/wp-json\/wp\/v2\/product\/4071\/revisions"}],"wp:featuredmedia":[{"embeddable":true,"href":"https:\/\/tecsecmty.com\/index.php\/wp-json\/wp\/v2\/media\/4070"}],"wp:attachment":[{"href":"https:\/\/tecsecmty.com\/index.php\/wp-json\/wp\/v2\/media?parent=4071"}],"wp:term":[{"taxonomy":"product_brand","embeddable":true,"href":"https:\/\/tecsecmty.com\/index.php\/wp-json\/wp\/v2\/product_brand?post=4071"},{"taxonomy":"product_cat","embeddable":true,"href":"https:\/\/tecsecmty.com\/index.php\/wp-json\/wp\/v2\/product_cat?post=4071"},{"taxonomy":"product_tag","embeddable":true,"href":"https:\/\/tecsecmty.com\/index.php\/wp-json\/wp\/v2\/product_tag?post=4071"}],"curies":[{"name":"wp","href":"https:\/\/api.w.org\/{rel}","templated":true}]}}