{"id":4087,"date":"2023-02-23T00:30:28","date_gmt":"2023-02-23T06:30:28","guid":{"rendered":"https:\/\/tecsecmty.com\/index.php\/producto\/ajax-homesiren-w-sirena-interior-inalambrica-color-blanco\/"},"modified":"2023-03-22T23:20:49","modified_gmt":"2023-03-23T05:20:49","slug":"ajax-homesiren-w-sirena-interior-inalambrica-color-blanco","status":"publish","type":"product","link":"https:\/\/tecsecmty.com\/index.php\/producto\/ajax-homesiren-w-sirena-interior-inalambrica-color-blanco\/","title":{"rendered":"AJAX HomeSiren W &#8211; Sirena interior inal\u00e1mbrica. Color Blanco"},"content":{"rendered":"<div class=\"row aling-items-center padding-bottom-2x\">\n<div class=\"col-lg-12\">\n<h5 class=\"card-title text-center\">Descripci\u00f3n<\/h5>\n<h3><strong>Sirena interior inal\u00e1mbrica. Color Blanco.<\/strong><\/h3>\n<p><strong>HomeSiren<\/strong>\u00a0es una sirena inal\u00e1mbrica\u00a0<strong>para interior<\/strong>, con\u00a0<strong>capacidad de hasta 105 dB<\/strong>. Funciona como parte del sistema de seguridad Ajax y se conecta a trav\u00e9s del\u00a0<strong>protocolo de seguridad Jeweller\u00a0al\u00a0hub.<\/strong><\/p>\n<p><strong>El dispositivo se configura a trav\u00e9s de una\u00a0aplicaci\u00f3n m\u00f3vil para smartphones<\/strong>\u00a0disponible para iOS y Android.\u00a0<strong>Se notifica al usuario de todos los eventos<\/strong>\u00a0a trav\u00e9s de notificaciones push, mensajes SMS y llamadas (si est\u00e1n activadas).<\/p>\n<p><img decoding=\"async\" class=\"overview-center-img-web\" src=\"https:\/\/tvc.mx\/media\/432323\/AJAX-HomeSiren-W---Sirena-interior-inal%C3%A1mbrica.-Color-Blanco.png\" alt=\"\" \/><\/p>\n<\/div>\n<\/div>\n<div class=\"row align-items-center padding-bottom-2x\">\n<div class=\"col-md-5 order-md-2\"><img decoding=\"async\" class=\"d-block m-auto img-thumbnail\" src=\"https:\/\/tvc.mx\/media\/439135\/jeweller.png\" alt=\" \" \/><\/div>\n<div class=\"col-md-7 order-md-1 text-md-left text-center\">\n<h2>Protocolo v\u00eda radio AJAX<\/h2>\n<p><strong>Jeweller<\/strong>\u00a0es un protocolo de radio\u00a0<strong>desarrollado por Ajax System<\/strong>. Garantiza una interacci\u00f3n ininterrumpida entre el hub y los dispositivos del sistema de seguridad. permite crear sistemas de seguridad de cualquier escala conectando hasta 200 dispositivos a un solo panel de control.<\/p>\n<p>&nbsp;<\/p>\n<\/div>\n<\/div>\n<hr class=\"padding-bottom-2x\" \/>\n<div class=\"row align-items-center padding-bottom-2x\">\n<div class=\"col-md-5\"><img decoding=\"async\" class=\"d-block m-auto img-thumbnail\" src=\"https:\/\/tvc.mx\/media\/432327\/AJAX-HomeSiren-W---Sirena-interior-inal%C3%A1mbrica.-Color-Blanco-lado.png\" alt=\" \" \/><\/div>\n<div class=\"col-md-7 text-md-left text-center\">\n<h2>Principio de funcionamiento<\/h2>\n<p>El dispositivo alerta sobre la activaci\u00f3n del detector con una alarma audible. Que alerta intensamente sobre la activaci\u00f3n.\u00a0El volumen y la duraci\u00f3n de la alarma se pueden ajustar en la aplicaci\u00f3n m\u00f3vil.<\/p>\n<p>Se instala en el interior del hogar para alertar del peligro o disuadir a los intrusos.<\/p>\n<p>Si la instalaci\u00f3n es correcta, ser\u00e1 dif\u00edcil desmontar y desactivar la sirena accionada: la carcasa es firme, la fuente de alimentaci\u00f3n es aut\u00f3noma y el bot\u00f3n de encendido\/apagado se bloquea cuando el sistema de seguridad\u00a0<strong>se acciona<\/strong>.<\/p>\n<p>&nbsp;<\/p>\n<\/div>\n<\/div>\n<hr class=\"padding-bottom-2x\" \/>\n<div class=\"row aling-items-center padding-bottom-2x\">\n<div class=\"col-lg-12\">\n<h5 class=\"card-title text-center\">Elementos funcionales:<\/h5>\n<p>1.\u00a0\u00a0\u00a0Indicador luminoso.<\/p>\n<p>2.\u00a0\u00a0\u00a0Zumbador de la sirena cubierto con una red met\u00e1lica<\/p>\n<p>3.\u00a0\u00a0\u00a0Panel de fijaci\u00f3n SmartBracket<\/p>\n<p>4.\u00a0\u00a0\u00a0C\u00f3digo QR<\/p>\n<p>5.\u00a0\u00a0\u00a0Interruptor antisabotaje<\/p>\n<p>6.\u00a0\u00a0\u00a0Entrada para conectar un indicador luminoso externo<\/p>\n<p>7.\u00a0\u00a0\u00a0Bot\u00f3n de encendido\/apagado<\/p>\n<p><img decoding=\"async\" class=\"overview-center-img-web\" src=\"https:\/\/tvc.mx\/media\/432335\/AJAX-HomeSiren-B---Sirena-interior-inal%C3%A1mbrica.-Color-blanco-elementos-funcionales.png\" alt=\"\" \/><\/p>\n<\/div>\n<\/div>\n<div class=\"row aling-items-center padding-bottom-2x\">\n<div class=\"col-lg-12\">\n<h5 class=\"card-title text-center\">Recomendaciones de instalaci\u00f3n<\/h5>\n<p>Fije el panel SmartBracket en la superficie usando los tornillos incluidos. Si usa cualquier otro aditamento de fijaci\u00f3n, aseg\u00farese de que no da\u00f1a o deforma el panel.<\/p>\n<p>Coloque la sirena en el panel SmartBracket y g\u00edrela en el sentido de las agujas del reloj. Cuando instale el panel de fijaci\u00f3n, el interruptor antisabotaje se activar\u00e1 y el LED de la sirena parpadear\u00e1.<\/p>\n<p>Si el indicador luminoso de la sirena no se activa tras la instalaci\u00f3n en el SmartBracket, compruebe el estado del interruptor antisabotaje.<\/p>\n<p>En cualquier intento de desmontar la sirena, recibir\u00e1 la notificaci\u00f3n correspondiente.<\/p>\n<p><img decoding=\"async\" class=\"overview-center-img-web\" src=\"https:\/\/tvc.mx\/media\/432339\/AJAX-HomeSiren-W---Sirena-interior-inal%C3%A1mbrica.-Color-Blanco-recomendacion-de-instalaci%C3%B3n-.png\" alt=\"\" \/><\/p>\n<\/div>\n<\/div>\n<div class=\"row align-items-center padding-bottom-2x\">\n<div class=\"col-md-5 order-md-2\"><img decoding=\"async\" class=\"d-block m-auto img-thumbnail\" src=\"https:\/\/tvc.mx\/media\/432359\/AJAX-HomeSiren-W---Sirena-interior-inal%C3%A1mbrica.-Color-Blanco-este-paquete-incluye.png\" alt=\" \" \/><\/div>\n<div class=\"col-md-7 order-md-1 text-md-left text-center\">\n<h2>Este paquete incluye:<\/h2>\n<p>HomeSiren blanca.<\/p>\n<p>Panel de fijaci\u00f3n SmartBracket.<\/p>\n<p>Pila CR123A (preinstalada): 2 unidades<\/p>\n<p>Tornillos de fijaci\u00f3n.<\/p>\n<p>Gu\u00eda r\u00e1pida de inicio.<\/p>\n<\/div>\n<\/div>\n","protected":false},"excerpt":{"rendered":"<p>Descripci\u00f3n Sirena interior inal\u00e1mbrica. Color Blanco. HomeSiren\u00a0es una sirena inal\u00e1mbrica\u00a0para interior, con\u00a0capacidad de hasta 105 dB. Funciona como parte del sistema de seguridad Ajax y se conecta a trav\u00e9s del\u00a0protocolo de seguridad Jeweller\u00a0al\u00a0hub. El dispositivo se configura a trav\u00e9s de una\u00a0aplicaci\u00f3n m\u00f3vil para smartphones\u00a0disponible para&hellip;<\/p>\n","protected":false},"featured_media":4086,"comment_status":"open","ping_status":"closed","template":"","meta":{"om_disable_all_campaigns":false,"_monsterinsights_skip_tracking":false,"_monsterinsights_sitenote_active":false,"_monsterinsights_sitenote_note":"","_monsterinsights_sitenote_category":0},"product_brand":[],"product_cat":[287],"product_tag":[212,211,151],"class_list":{"0":"post-4087","1":"product","2":"type-product","3":"status-publish","4":"has-post-thumbnail","6":"product_cat-sirenas","7":"product_tag-alarmas","8":"product_tag-alarmas-e-intrusion","9":"product_tag-seguridad","11":"first","12":"instock","13":"sale","14":"taxable","15":"shipping-taxable","16":"purchasable","17":"product-type-simple"},"aioseo_notices":[],"_links":{"self":[{"href":"https:\/\/tecsecmty.com\/index.php\/wp-json\/wp\/v2\/product\/4087","targetHints":{"allow":["GET"]}}],"collection":[{"href":"https:\/\/tecsecmty.com\/index.php\/wp-json\/wp\/v2\/product"}],"about":[{"href":"https:\/\/tecsecmty.com\/index.php\/wp-json\/wp\/v2\/types\/product"}],"replies":[{"embeddable":true,"href":"https:\/\/tecsecmty.com\/index.php\/wp-json\/wp\/v2\/comments?post=4087"}],"version-history":[{"count":0,"href":"https:\/\/tecsecmty.com\/index.php\/wp-json\/wp\/v2\/product\/4087\/revisions"}],"wp:featuredmedia":[{"embeddable":true,"href":"https:\/\/tecsecmty.com\/index.php\/wp-json\/wp\/v2\/media\/4086"}],"wp:attachment":[{"href":"https:\/\/tecsecmty.com\/index.php\/wp-json\/wp\/v2\/media?parent=4087"}],"wp:term":[{"taxonomy":"product_brand","embeddable":true,"href":"https:\/\/tecsecmty.com\/index.php\/wp-json\/wp\/v2\/product_brand?post=4087"},{"taxonomy":"product_cat","embeddable":true,"href":"https:\/\/tecsecmty.com\/index.php\/wp-json\/wp\/v2\/product_cat?post=4087"},{"taxonomy":"product_tag","embeddable":true,"href":"https:\/\/tecsecmty.com\/index.php\/wp-json\/wp\/v2\/product_tag?post=4087"}],"curies":[{"name":"wp","href":"https:\/\/api.w.org\/{rel}","templated":true}]}}