{"id":4093,"date":"2023-02-23T00:30:35","date_gmt":"2023-02-23T06:30:35","guid":{"rendered":"https:\/\/tecsecmty.com\/index.php\/producto\/dahua-dhi-ara13-w2-sirena-inalambrica-para-exterior-con-estrobo-110db-multiples-sonidos-de-alarma-ip65-alarma-de-bateria-baja-lonuevo-alarmasdahua\/"},"modified":"2023-03-22T23:22:30","modified_gmt":"2023-03-23T05:22:30","slug":"dahua-dhi-ara13-w2-sirena-inalambrica-para-exterior-con-estrobo-110db-multiples-sonidos-de-alarma-ip65-alarma-de-bateria-baja-lonuevo-alarmasdahua","status":"publish","type":"product","link":"https:\/\/tecsecmty.com\/index.php\/producto\/dahua-dhi-ara13-w2-sirena-inalambrica-para-exterior-con-estrobo-110db-multiples-sonidos-de-alarma-ip65-alarma-de-bateria-baja-lonuevo-alarmasdahua\/","title":{"rendered":"DAHUA DHI-ARA13-W2 &#8211; Sirena Inal\u00e1mbrica para Exterior con Estrobo \/ 110dB \/ M\u00faltiples sonidos de Alarma \/ IP65 \/ Alarma de Bater\u00eda Baja \/ #LoNuevo #AlarmasDahua"},"content":{"rendered":"<div class=\"row aling-items-center padding-bottom-2x\">\n<div class=\"col-lg-12\">\n<h5 class=\"card-title text-center\">Informaci\u00f3n General<\/h5>\n<p>La sirena exterior inal\u00e1mbrica es una sirena con estrobo para exterior que emite un sonido fuerte cuando ocurre un evento de alarma, atrayendo la atenci\u00f3n de todos los que se encuentran cerca. Cuenta con alarma de luz y varios sonidos incluidos los de incendio, m\u00e9dico, intrusi\u00f3n, p\u00e1nico.<\/p>\n<h3>Caracter\u00edsticas<\/h3>\n<ul>\n<li>Producto para exterior IP65<\/li>\n<li>M\u00faltiples sonidos de alarma: Incendio, m\u00e9dico, intrusi\u00f3n, p\u00e1nico y m\u00e1s<\/li>\n<li>Nivel de presi\u00f3n sonora: 110 dB<\/li>\n<li>Configuraci\u00f3n de 3 vol\u00famenes de sonido<\/li>\n<li>Programaci\u00f3n de duraci\u00f3n de sonido de la sirena<\/li>\n<li>Indicador led de estatus<\/li>\n<li>Tamper antisabotaje<\/li>\n<li>Medici\u00f3n y Alarma de bater\u00eda baja del dispositivo<\/li>\n<li>Medici\u00f3n de temperatura ambiente<\/li>\n<li>Detecci\u00f3n de intensidad de se\u00f1al<\/li>\n<li>Vinculaci\u00f3n Alarma &#8211; Sirena, cuando se activa una alarma, el sensor informar\u00e1 los eventos de alarma al HUB y alertar\u00e1n con una sirena<\/li>\n<li>La funci\u00f3n de salto de frecuencia y la tecnolog\u00eda de comunicaci\u00f3n bidireccional garantizan la estabilidad de la comunicaci\u00f3n<\/li>\n<li>Actualizaci\u00f3n en la nube y recuperaci\u00f3n autom\u00e1tica de errores de actualizaci\u00f3n<\/li>\n<\/ul>\n<p><img decoding=\"async\" class=\"overview-center-img-web\" src=\"https:\/\/tvc.mx\/media\/497832\/sirena-inalambrica-para-exterior-con-estrobo-ARA13-W2-Dahua.png\" alt=\"\" \/><\/div>\n<\/div>\n<div class=\"row align-items-center padding-bottom-2x\">\n<div class=\"col-md-5\"><img decoding=\"async\" class=\"d-block m-auto img-thumbnail\" src=\"https:\/\/tvc.mx\/media\/497836\/sirena-inalambrica-para-exterior-con-estrobo-ARA13-W2-Dahua-caracteristicas.png\" alt=\" \" \/><\/div>\n<div class=\"col-md-7 text-md-left text-center\">\n<h2>Especificaciones<\/h2>\n<p class=\"text-muted\">\n<ul>\n<li>Fuente de alimentaci\u00f3n de 4 bater\u00edas CR123A (incluidas)<\/li>\n<li>Duraci\u00f3n de bater\u00edas de hasta 3 a\u00f1os<\/li>\n<li>Terminal de alimentaci\u00f3n de 12 VCC\u00a0(cable no incluido)<\/li>\n<li>Consumo: Corriente de reposo: 92 uA; Max. corriente: 420 mA<\/li>\n<li>Dimensiones Producto 200 mm \u00d7 200 mm \u00d7 52,5 mm (Largo \u00d7 Ancho \u00d7 Alto)<\/li>\n<li>Dimensiones Empaque 255 mm \u00d7 239 mm \u00d7 64 mm (Largo \u00d7 Ancho \u00d7 Alto)<\/li>\n<li>Peso Bruto 920 g<\/li>\n<li>Distancia de comunicaci\u00f3n hasta 1200 m<\/li>\n<li>Funci\u00f3n de salto de frecuencia (433,1 MHz\u2013434,6 MHz) y tecnolog\u00eda de comunicaci\u00f3n bidireccional encriptada en AES128 garantizando la estabilidad de la comunicaci\u00f3n<\/li>\n<li>Temperatura de funcionamiento en exterior de \u2013 25 \u00b0C a + 60 \u00b0C<\/li>\n<li>Montaje a Pared (incluye tornillos y taquetes)<\/li>\n<\/ul>\n<\/div>\n<\/div>\n","protected":false},"excerpt":{"rendered":"<p>Informaci\u00f3n General La sirena exterior inal\u00e1mbrica es una sirena con estrobo para exterior que emite un sonido fuerte cuando ocurre un evento de alarma, atrayendo la atenci\u00f3n de todos los que se encuentran cerca. Cuenta con alarma de luz y varios sonidos incluidos los de&hellip;<\/p>\n","protected":false},"featured_media":4092,"comment_status":"open","ping_status":"closed","template":"","meta":{"om_disable_all_campaigns":false,"_monsterinsights_skip_tracking":false,"_monsterinsights_sitenote_active":false,"_monsterinsights_sitenote_note":"","_monsterinsights_sitenote_category":0},"product_brand":[],"product_cat":[288],"product_tag":[212,211,151],"class_list":{"0":"post-4093","1":"product","2":"type-product","3":"status-publish","4":"has-post-thumbnail","6":"product_cat-sirenas-alarmas-dahua-alarmas-intrusion","7":"product_tag-alarmas","8":"product_tag-alarmas-e-intrusion","9":"product_tag-seguridad","11":"first","12":"instock","13":"sale","14":"taxable","15":"shipping-taxable","16":"purchasable","17":"product-type-simple"},"aioseo_notices":[],"_links":{"self":[{"href":"https:\/\/tecsecmty.com\/index.php\/wp-json\/wp\/v2\/product\/4093","targetHints":{"allow":["GET"]}}],"collection":[{"href":"https:\/\/tecsecmty.com\/index.php\/wp-json\/wp\/v2\/product"}],"about":[{"href":"https:\/\/tecsecmty.com\/index.php\/wp-json\/wp\/v2\/types\/product"}],"replies":[{"embeddable":true,"href":"https:\/\/tecsecmty.com\/index.php\/wp-json\/wp\/v2\/comments?post=4093"}],"version-history":[{"count":0,"href":"https:\/\/tecsecmty.com\/index.php\/wp-json\/wp\/v2\/product\/4093\/revisions"}],"wp:featuredmedia":[{"embeddable":true,"href":"https:\/\/tecsecmty.com\/index.php\/wp-json\/wp\/v2\/media\/4092"}],"wp:attachment":[{"href":"https:\/\/tecsecmty.com\/index.php\/wp-json\/wp\/v2\/media?parent=4093"}],"wp:term":[{"taxonomy":"product_brand","embeddable":true,"href":"https:\/\/tecsecmty.com\/index.php\/wp-json\/wp\/v2\/product_brand?post=4093"},{"taxonomy":"product_cat","embeddable":true,"href":"https:\/\/tecsecmty.com\/index.php\/wp-json\/wp\/v2\/product_cat?post=4093"},{"taxonomy":"product_tag","embeddable":true,"href":"https:\/\/tecsecmty.com\/index.php\/wp-json\/wp\/v2\/product_tag?post=4093"}],"curies":[{"name":"wp","href":"https:\/\/api.w.org\/{rel}","templated":true}]}}