{"id":4095,"date":"2023-02-23T00:30:38","date_gmt":"2023-02-23T06:30:38","guid":{"rendered":"https:\/\/tecsecmty.com\/index.php\/producto\/dsc-pg9901-batt-sirena-con-led-espectroscopico-interior-110-db-c-bateria-inalambrica-power-g-compatible-con-neo-pro-qolsys-e-iotega\/"},"modified":"2023-03-22T23:23:21","modified_gmt":"2023-03-23T05:23:21","slug":"dsc-pg9901-batt-sirena-con-led-espectroscopico-interior-110-db-c-bateria-inalambrica-power-g-compatible-con-neo-pro-qolsys-e-iotega","status":"publish","type":"product","link":"https:\/\/tecsecmty.com\/index.php\/producto\/dsc-pg9901-batt-sirena-con-led-espectroscopico-interior-110-db-c-bateria-inalambrica-power-g-compatible-con-neo-pro-qolsys-e-iotega\/","title":{"rendered":"DSC PG9901 BATT &#8211; Sirena con led espectrosc\u00f3pico Interior 110 dB c\/bater\u00eda Inal\u00e1mbrica Power G compatible con NEO, PRO, Qolsys e IoTega"},"content":{"rendered":"<div class=\"row aling-items-center padding-bottom-2x\">\n<div class=\"col-lg-12\">\n<h5 class=\"card-title text-center\">Descripci\u00f3n<\/h5>\n<p><strong>Sirena inal\u00e1mbrica PowerG PG9901 para interiores<\/strong><\/p>\n<p>La sirena interior PG9901 Wireless PowerG es una sirena totalmente supervisada y rentable que proporciona alertas audibles y visuales diferenciadas en caso de incendio, mon\u00f3xido de carbono, robo e inundaciones. Adem\u00e1s de proporcionar una alerta audible fuerte, el PG9901 tambi\u00e9n contiene una luz estrobosc\u00f3pica blanca de alta potencia incorporada que proporciona una alerta visual del evento.<\/p>\n<p>Con su dise\u00f1o elegante y moderno, el PG9901 se ajustar\u00e1 a la mayor\u00eda de los espacios internos.<\/p>\n<p><strong>Descripci\u00f3n Comercial<\/strong><\/p>\n<p>Sirena con luz estrobo para interior de la serie POWER NEO con 85 decibeles de potencia.<\/p>\n<p><strong>Descripci\u00f3n T\u00e9cnica<\/strong><\/p>\n<p>La sirena inalambrica para interior de la serie NEO, cuenta con radio frecuencia de dos v\u00edas, cuenta con bater\u00eda de litio de 3.6 VDC, programable para funcionamiento de sirena sin estrobo o con estrobo y enrolamiento por medio de tamper.<\/p>\n<p><strong>Beneficios Adicionales<\/strong><\/p>\n<p>Cuenta con la tecnolog\u00eda de radiofrecuencia de dos v\u00edas, por las cuales trasmite y recibe se\u00f1ales sin p\u00e9rdida de datos.<\/p>\n<p><strong>Para que sirve:<\/strong><\/p>\n<p>La sirena inalambrica para interior sirve para cualquier domicilio o negocio con sus 85 decibeles de sonido, sa un gran alcance de audio, sirve para notificar activaciones de robo, incendio, inundaciones y mon\u00f3xido de carbono.<\/p>\n<p><strong>Datos Adicionales<\/strong><\/p>\n<p>Incluye bater\u00eda<\/p>\n<p><img decoding=\"async\" class=\"overview-center-img-web\" src=\"https:\/\/tvc.mx\/media\/28893\/DSC1190001.jpg\" alt=\"\" \/><\/div>\n<\/div>\n<div class=\"row align-items-center padding-bottom-2x\">\n<div class=\"col-md-5\"><img decoding=\"async\" class=\"d-block m-auto img-thumbnail\" src=\"https:\/\/tvc.mx\/media\/28894\/DSC1190001-1.jpg\" alt=\" \" \/><\/div>\n<div class=\"col-md-7 text-md-left text-center\">\n<h2>Caracter\u00edsticas<\/h2>\n<p class=\"text-muted\">\n<p>PowerG * tecnolog\u00eda inal\u00e1mbrica de grado comercial l\u00edder en la industria<\/p>\n<p>\u2022 Indicador de calidad de enlace visible en el dispositivo \u2022 Sirena de 110db con luz estrobosc\u00f3pica \u2022 Sonidos de sirena para fuego, mon\u00f3xido de carbono,<\/p>\n<p>Eventos de robo e inundaci\u00f3n<\/p>\n<p>\u2022 Bater\u00edas de litio de larga duraci\u00f3n.<\/p>\n<p>\u2022\u00a0<strong>Compatible con PowerSeries Neo systems<\/strong><\/p>\n<p>El poder de PowerG: *<\/p>\n<p>El poder detr\u00e1s de PowerSeries Neo reside en varias tecnolog\u00edas innovadoras, incluida la revolucionaria PowerG, que, agrupadas, proporcionan<\/p>\n<p>Una plataforma robusta y rica en caracter\u00edsticas dise\u00f1ada para reducir los costos operativos para los distribuidores y proporcionar la m\u00e1xima fiabilidad para los usuarios finales.<\/p>\n<p>\u2022 Tecnolog\u00eda multicanal de espectro ensanchado por salto de frecuencia: para superar el bloqueo de frecuencia y la interferencia<\/p>\n<p>\u2022 Potencia de transmisi\u00f3n adaptativa: para preservar la vida \u00fatil de la bater\u00eda<\/p>\n<p>\u2022 Altos rangos de transmisi\u00f3n: para una comunicaci\u00f3n confiable dentro de una l\u00ednea de visi\u00f3n de hasta 2 km \/ 2187 yardas<\/p>\n<p>\u2022 Tecnolog\u00eda de comunicaci\u00f3n sincronizada TDMA: para evitar colisiones de mensajes<\/p>\n<p>\u2022 Encriptaci\u00f3n AES de 128 bits: protecci\u00f3n de alto nivel contra herramientas de an\u00e1lisis y ataques digitales<\/p>\n<p>&nbsp;<\/p>\n<\/div>\n<\/div>\n<hr class=\"padding-bottom-2x\" \/>\n<div class=\"row align-items-center padding-bottom-2x\">\n<div class=\"col-md-5 order-md-2\"><img decoding=\"async\" class=\"d-block m-auto img-thumbnail\" src=\"https:\/\/tvc.mx\/media\/28895\/DSC1190001-2.jpg\" alt=\" \" \/><\/div>\n<div class=\"col-md-7 order-md-1 text-md-left text-center\">\n<h2>Funciones<\/h2>\n<p class=\"text-muted\">\n<ul>\n<li>F\u00e1cil de instalar | Indicaci\u00f3n de calidad de se\u00f1al<\/li>\n<li>Como el PG9901 es inal\u00e1mbrico,<\/li>\n<li>se puede instalar convenientemente en numerosos lugares dentro del hogar. Con menos agujeros para perforar y un tiempo de instalaci\u00f3n reducido, un instalador puede pasar r\u00e1pidamente a otra instalaci\u00f3n.<\/li>\n<li>La sirena interior PG9901 Wireless PowerG est\u00e1 equipada con un indicador LED de calidad de se\u00f1al visible que permite al instalador elegir la ubicaci\u00f3n \u00f3ptima para la instalaci\u00f3n, eliminando el esfuerzo de ir y venir al teclado. Todos los ajustes de configuraci\u00f3n de la sirena se manejan en el teclado sin necesidad de volver a abrir el dispositivo una vez instalado.<\/li>\n<\/ul>\n<p>&nbsp;<\/p>\n<\/div>\n<\/div>\n<hr class=\"padding-bottom-2x\" \/>\n<div class=\"row align-items-center padding-bottom-2x\">\n<div class=\"col-md-5\"><img decoding=\"async\" class=\"d-block m-auto img-thumbnail\" src=\"https:\/\/tvc.mx\/media\/28896\/DSC1190001-3.jpg\" alt=\" \" \/><\/div>\n<div class=\"col-md-7 text-md-left text-center\">\n<h2>Especificaciones<\/h2>\n<p class=\"text-muted\">\n<p><strong>Dimensiones:<\/strong>\u00a0161 x 161 x 50 mm (6-7 \/ 16 x 6-7 \/ 16 x 1-3 \/ 4 pulgadas)<\/p>\n<p><strong>Duraci\u00f3n de la bater\u00eda:<\/strong>\u00a08 a\u00f1os (uso t\u00edpico)<\/p>\n<p><strong>Tipo de Bater\u00eda:<\/strong>\u00a03.6V, cloruro de li-tionilo 0-102710<\/p>\n<p><strong>Peso (incluida la bater\u00eda):<\/strong>\u00a0470gr (16.5oz.)<\/p>\n<p><strong>Temperatura de funcionamiento:<\/strong>\u00a0-10 \u00b0 C a 55 \u00b0 C (14 \u00b0 F &#8211; 131 \u00b0 F)<\/p>\n<p><strong>Aprobaciones:<\/strong><\/p>\n<p>FCC \/ IC, UL \/ ULC, CSFM<\/p>\n<p>Consulte www.dsc.com para obtener las listas de aprobaci\u00f3n m\u00e1s recientes. Compatibilidad:<\/p>\n<p>PowerSeries Neo Systems<\/p>\n<\/div>\n<\/div>\n","protected":false},"excerpt":{"rendered":"<p>Descripci\u00f3n Sirena inal\u00e1mbrica PowerG PG9901 para interiores La sirena interior PG9901 Wireless PowerG es una sirena totalmente supervisada y rentable que proporciona alertas audibles y visuales diferenciadas en caso de incendio, mon\u00f3xido de carbono, robo e inundaciones. Adem\u00e1s de proporcionar una alerta audible fuerte, el&hellip;<\/p>\n","protected":false},"featured_media":4094,"comment_status":"open","ping_status":"closed","template":"","meta":{"om_disable_all_campaigns":false,"_monsterinsights_skip_tracking":false,"_monsterinsights_sitenote_active":false,"_monsterinsights_sitenote_note":"","_monsterinsights_sitenote_category":0},"product_brand":[],"product_cat":[289],"product_tag":[212,211,151],"class_list":{"0":"post-4095","1":"product","2":"type-product","3":"status-publish","4":"has-post-thumbnail","6":"product_cat-sirenas-alarmas-dsc","7":"product_tag-alarmas","8":"product_tag-alarmas-e-intrusion","9":"product_tag-seguridad","11":"first","12":"instock","13":"sale","14":"taxable","15":"shipping-taxable","16":"purchasable","17":"product-type-simple"},"aioseo_notices":[],"_links":{"self":[{"href":"https:\/\/tecsecmty.com\/index.php\/wp-json\/wp\/v2\/product\/4095","targetHints":{"allow":["GET"]}}],"collection":[{"href":"https:\/\/tecsecmty.com\/index.php\/wp-json\/wp\/v2\/product"}],"about":[{"href":"https:\/\/tecsecmty.com\/index.php\/wp-json\/wp\/v2\/types\/product"}],"replies":[{"embeddable":true,"href":"https:\/\/tecsecmty.com\/index.php\/wp-json\/wp\/v2\/comments?post=4095"}],"version-history":[{"count":0,"href":"https:\/\/tecsecmty.com\/index.php\/wp-json\/wp\/v2\/product\/4095\/revisions"}],"wp:featuredmedia":[{"embeddable":true,"href":"https:\/\/tecsecmty.com\/index.php\/wp-json\/wp\/v2\/media\/4094"}],"wp:attachment":[{"href":"https:\/\/tecsecmty.com\/index.php\/wp-json\/wp\/v2\/media?parent=4095"}],"wp:term":[{"taxonomy":"product_brand","embeddable":true,"href":"https:\/\/tecsecmty.com\/index.php\/wp-json\/wp\/v2\/product_brand?post=4095"},{"taxonomy":"product_cat","embeddable":true,"href":"https:\/\/tecsecmty.com\/index.php\/wp-json\/wp\/v2\/product_cat?post=4095"},{"taxonomy":"product_tag","embeddable":true,"href":"https:\/\/tecsecmty.com\/index.php\/wp-json\/wp\/v2\/product_tag?post=4095"}],"curies":[{"name":"wp","href":"https:\/\/api.w.org\/{rel}","templated":true}]}}