{"id":4097,"date":"2023-02-23T00:30:40","date_gmt":"2023-02-23T06:30:40","guid":{"rendered":"https:\/\/tecsecmty.com\/index.php\/producto\/dsc-pg9911bbatt-sirena-con-luz-espectroscopica-exterior-110-db-c-bateria-inalambrica-power-g-compatible-con-neo-pro-qolsys-e-iotega\/"},"modified":"2023-03-22T23:23:21","modified_gmt":"2023-03-23T05:23:21","slug":"dsc-pg9911bbatt-sirena-con-luz-espectroscopica-exterior-110-db-c-bateria-inalambrica-power-g-compatible-con-neo-pro-qolsys-e-iotega","status":"publish","type":"product","link":"https:\/\/tecsecmty.com\/index.php\/producto\/dsc-pg9911bbatt-sirena-con-luz-espectroscopica-exterior-110-db-c-bateria-inalambrica-power-g-compatible-con-neo-pro-qolsys-e-iotega\/","title":{"rendered":"DSC PG9911BBATT &#8211; Sirena con luz espectrosc\u00f3pica Exterior 110 dB c\/bater\u00eda Inal\u00e1mbrica Power G compatible con NEO, PRO, Qolsys e IoTega"},"content":{"rendered":"<h5 class=\"card-title text-center\">Informaci\u00f3n General<\/h5>\n<h3><strong>Descripci\u00f3n<\/strong><\/h3>\n<p>El PG9911B es una sirena para exteriores que puede producir sonidos de hasta 110 dB. Incluye una luz estrobosc\u00f3pica azul para proporcionar una indicaci\u00f3n visual de una alarma. El dispositivo presenta un impresionante alcance de 2 km con una l\u00ednea de visi\u00f3n clara, lo que permite su uso en cualquier lugar de la propiedad.<\/p>\n<h3><strong>Caracter\u00edsticas<\/strong><\/h3>\n<p>\u2022 PowerG * robusto, l\u00edder en la industria<\/p>\n<p>tecnolog\u00eda inal\u00e1mbrica de grado comercial<\/p>\n<p>\u2022 Dise\u00f1o elegante y resistente a la intemperie.<\/p>\n<p>vivienda (IP55)<\/p>\n<p>\u2022 Sirena de 110dB con luz estrobosc\u00f3pica<\/p>\n<p>\u2022 Bater\u00edas de litio de larga duraci\u00f3n.<\/p>\n<p>\u2022 Compatible con PowerSeries Neo<\/p>\n<p>sistemas.<\/p>\n<p><strong>El PG9911 es totalmente supervisado. Wireless PowerG Outdoor<\/strong><\/p>\n<p>Sirena, dise\u00f1ada para instalaci\u00f3n en \u00e1reas en las que el cableado es dif\u00edcil o imposible El PG9911 es un exterior inal\u00e1mbrico auto alimentado sirena que proporciona el perfecto soluci\u00f3n de seguridad para propietarios de viviendas buscando una sirena externa que es asequible y f\u00e1cil de usar Instalar en pc. El PG9911 combina forma y funci\u00f3n para proporcionar mejoras protecci\u00f3n contra intrusos, antes tienen la oportunidad de ingresar al casa.<\/p>\n<h3><strong>Especificaciones<\/strong><\/h3>\n<p>Dimensiones: &#8230; 295 x 186 x 63 mm (11.63 x 7.31 x 2.5 pulg.)<\/p>\n<p>Duraci\u00f3n de la bater\u00eda: &#8230;&#8230;&#8230;&#8230;&#8230;&#8230;&#8230;&#8230;&#8230;. hasta 8 a\u00f1os (uso t\u00edpico)<\/p>\n<p>Tipo de bater\u00eda: &#8230;&#8230;&#8230;&#8230; 3.6V, cloruro de li-tionilo 0-102710<\/p>\n<p>Peso (incluida la bater\u00eda): &#8230;&#8230;&#8230;&#8230;&#8230;&#8230;&#8230;&#8230;&#8230;. 970 g (34 oz)<\/p>\n<p>Temperatura de funcionamiento: &#8230;&#8230;&#8230;&#8230;&#8230;&#8230;&#8230;&#8230;&#8230;- 33 \u00b0 C a 70 \u00b0 C<\/p>\n<p>(-27.4 \u00b0 F a 158 \u00b0 F)<\/p>\n<p><img decoding=\"async\" class=\"overview-center-img-web\" src=\"https:\/\/tvc.mx\/media\/33521\/DSC1220013.jpg\" alt=\"\" \/><\/p>\n","protected":false},"excerpt":{"rendered":"<p>Informaci\u00f3n General Descripci\u00f3n El PG9911B es una sirena para exteriores que puede producir sonidos de hasta 110 dB. Incluye una luz estrobosc\u00f3pica azul para proporcionar una indicaci\u00f3n visual de una alarma. El dispositivo presenta un impresionante alcance de 2 km con una l\u00ednea de visi\u00f3n&hellip;<\/p>\n","protected":false},"featured_media":4096,"comment_status":"open","ping_status":"closed","template":"","meta":{"om_disable_all_campaigns":false,"_monsterinsights_skip_tracking":false,"_monsterinsights_sitenote_active":false,"_monsterinsights_sitenote_note":"","_monsterinsights_sitenote_category":0},"product_brand":[],"product_cat":[289],"product_tag":[212,211,151],"class_list":{"0":"post-4097","1":"product","2":"type-product","3":"status-publish","4":"has-post-thumbnail","6":"product_cat-sirenas-alarmas-dsc","7":"product_tag-alarmas","8":"product_tag-alarmas-e-intrusion","9":"product_tag-seguridad","11":"first","12":"instock","13":"sale","14":"taxable","15":"shipping-taxable","16":"purchasable","17":"product-type-simple"},"aioseo_notices":[],"_links":{"self":[{"href":"https:\/\/tecsecmty.com\/index.php\/wp-json\/wp\/v2\/product\/4097","targetHints":{"allow":["GET"]}}],"collection":[{"href":"https:\/\/tecsecmty.com\/index.php\/wp-json\/wp\/v2\/product"}],"about":[{"href":"https:\/\/tecsecmty.com\/index.php\/wp-json\/wp\/v2\/types\/product"}],"replies":[{"embeddable":true,"href":"https:\/\/tecsecmty.com\/index.php\/wp-json\/wp\/v2\/comments?post=4097"}],"version-history":[{"count":0,"href":"https:\/\/tecsecmty.com\/index.php\/wp-json\/wp\/v2\/product\/4097\/revisions"}],"wp:featuredmedia":[{"embeddable":true,"href":"https:\/\/tecsecmty.com\/index.php\/wp-json\/wp\/v2\/media\/4096"}],"wp:attachment":[{"href":"https:\/\/tecsecmty.com\/index.php\/wp-json\/wp\/v2\/media?parent=4097"}],"wp:term":[{"taxonomy":"product_brand","embeddable":true,"href":"https:\/\/tecsecmty.com\/index.php\/wp-json\/wp\/v2\/product_brand?post=4097"},{"taxonomy":"product_cat","embeddable":true,"href":"https:\/\/tecsecmty.com\/index.php\/wp-json\/wp\/v2\/product_cat?post=4097"},{"taxonomy":"product_tag","embeddable":true,"href":"https:\/\/tecsecmty.com\/index.php\/wp-json\/wp\/v2\/product_tag?post=4097"}],"curies":[{"name":"wp","href":"https:\/\/api.w.org\/{rel}","templated":true}]}}