{"id":4099,"date":"2023-02-23T00:30:41","date_gmt":"2023-02-23T06:30:41","guid":{"rendered":"https:\/\/tecsecmty.com\/index.php\/producto\/dsc-s20wgpaq-paquete-sirena-exterior-20w-con-gabinete\/"},"modified":"2023-03-22T23:23:24","modified_gmt":"2023-03-23T05:23:24","slug":"dsc-s20wgpaq-paquete-sirena-exterior-20w-con-gabinete","status":"publish","type":"product","link":"https:\/\/tecsecmty.com\/index.php\/producto\/dsc-s20wgpaq-paquete-sirena-exterior-20w-con-gabinete\/","title":{"rendered":"DSC S20WGPAQ &#8211; Paquete Sirena Exterior 20W con Gabinete"},"content":{"rendered":"<h5 class=\"card-title text-center\">Descripci\u00f3n<\/h5>\n<p><strong>Sirena de exterior de 20 watts<\/strong><\/p>\n<p>Sirena de doble tono con 20 watts de potencia, alimentaci\u00f3n de 12VDC 1100ma intensidad de volumen de 110DB, pl\u00e1stico ABS.<\/p>\n<h4 class=\"ql-align-justify\"><strong>Beneficios adicionales<\/strong><\/h4>\n<p>Sirena compacta y resistente<\/p>\n<p><strong>Para que sirve<\/strong><\/p>\n<p>Alarma Sonora que puede prevenir un robo o intrusi\u00f3n.<\/p>\n<h4 class=\"ql-align-justify\"><strong>Compatibilidad<\/strong><\/h4>\n<p class=\"ql-align-justify\">Compatible con cualquier sistema de intrusi\u00f3n.<\/p>\n<p class=\"ql-align-justify\"><strong>Caracter\u00edsticas:<\/strong><\/p>\n<ul>\n<li>Potencia: 20W<\/li>\n<li>Voltaje: 12VCD<\/li>\n<li>Current(Max.): 1100mA<\/li>\n<li>Presi\u00f3n ac\u00fastica m\u00e1xima: 110dB SPL<\/li>\n<li>Acabado: en ABS. Color blanco<\/li>\n<li>Observaciones: Adecuado para intemperie, protecci\u00f3n IP-65.<\/li>\n<\/ul>\n<p><strong>Funciones del gabinete:<\/strong><\/p>\n<p>\u2022 Dise\u00f1ada para instalar en exterior de la vivienda.<\/p>\n<p>\u2022 Cuenta con preparaci\u00f3n para instalar dos switch tamper (no incluidos), uno para alertar cuando se abra la tapa y el otro alarmar\u00e1 cuando se retire el gabinete del muro.<\/p>\n<p>\u2022 La tapa cierra con un par de tornillos.<\/p>\n<p>\u2022 Cuenta con perforaciones para pasar el cableado al exterior del gabinete.<\/p>\n<p><strong>Caracter\u00edsticas F\u00edsicas:<\/strong><\/p>\n<p>\u2022 Pintura: Electrost\u00e1tica.<\/p>\n<p>\u2022 Aplicaci\u00f3n: Exterior.<\/p>\n<p>\u2022 Material: Acero calibre 26.<\/p>\n<p>\u2022 Unidades Rack: N\/A.<\/p>\n<p><strong>Recomendaciones:<\/strong><\/p>\n<p>\u2022 Se recomienda que el lado de la rejilla apunte hacia abajo para evitar la acumulaci\u00f3n de part\u00edculas.<\/p>\n<p>\u2022 Aseg\u00farese de que la instalaci\u00f3n sea realizada por un profesional capacitado.<\/p>\n<p>\u2022 Peri\u00f3dicamente revise que la torniller\u00eda este correctamente ajustada.<\/p>\n<p>\u2022 Programe un plan de mantenimiento para eliminar exceso de polvo y suciedad en el equipo.<\/p>\n<p><img decoding=\"async\" class=\"overview-center-img-web\" src=\"https:\/\/tvc.mx\/media\/30742\/kit-sirena-20w.jpg\" alt=\"\" \/><\/p>\n","protected":false},"excerpt":{"rendered":"<p>Descripci\u00f3n Sirena de exterior de 20 watts Sirena de doble tono con 20 watts de potencia, alimentaci\u00f3n de 12VDC 1100ma intensidad de volumen de 110DB, pl\u00e1stico ABS. Beneficios adicionales Sirena compacta y resistente Para que sirve Alarma Sonora que puede prevenir un robo o intrusi\u00f3n.&hellip;<\/p>\n","protected":false},"featured_media":4098,"comment_status":"open","ping_status":"closed","template":"","meta":{"om_disable_all_campaigns":false,"_monsterinsights_skip_tracking":false,"_monsterinsights_sitenote_active":false,"_monsterinsights_sitenote_note":"","_monsterinsights_sitenote_category":0},"product_brand":[],"product_cat":[289],"product_tag":[212,211,151],"class_list":{"0":"post-4099","1":"product","2":"type-product","3":"status-publish","4":"has-post-thumbnail","6":"product_cat-sirenas-alarmas-dsc","7":"product_tag-alarmas","8":"product_tag-alarmas-e-intrusion","9":"product_tag-seguridad","11":"first","12":"instock","13":"sale","14":"taxable","15":"shipping-taxable","16":"purchasable","17":"product-type-simple"},"aioseo_notices":[],"_links":{"self":[{"href":"https:\/\/tecsecmty.com\/index.php\/wp-json\/wp\/v2\/product\/4099","targetHints":{"allow":["GET"]}}],"collection":[{"href":"https:\/\/tecsecmty.com\/index.php\/wp-json\/wp\/v2\/product"}],"about":[{"href":"https:\/\/tecsecmty.com\/index.php\/wp-json\/wp\/v2\/types\/product"}],"replies":[{"embeddable":true,"href":"https:\/\/tecsecmty.com\/index.php\/wp-json\/wp\/v2\/comments?post=4099"}],"version-history":[{"count":0,"href":"https:\/\/tecsecmty.com\/index.php\/wp-json\/wp\/v2\/product\/4099\/revisions"}],"wp:featuredmedia":[{"embeddable":true,"href":"https:\/\/tecsecmty.com\/index.php\/wp-json\/wp\/v2\/media\/4098"}],"wp:attachment":[{"href":"https:\/\/tecsecmty.com\/index.php\/wp-json\/wp\/v2\/media?parent=4099"}],"wp:term":[{"taxonomy":"product_brand","embeddable":true,"href":"https:\/\/tecsecmty.com\/index.php\/wp-json\/wp\/v2\/product_brand?post=4099"},{"taxonomy":"product_cat","embeddable":true,"href":"https:\/\/tecsecmty.com\/index.php\/wp-json\/wp\/v2\/product_cat?post=4099"},{"taxonomy":"product_tag","embeddable":true,"href":"https:\/\/tecsecmty.com\/index.php\/wp-json\/wp\/v2\/product_tag?post=4099"}],"curies":[{"name":"wp","href":"https:\/\/api.w.org\/{rel}","templated":true}]}}