{"id":4105,"date":"2023-02-23T00:30:47","date_gmt":"2023-02-23T06:30:47","guid":{"rendered":"https:\/\/tecsecmty.com\/index.php\/producto\/dsc-sd15w-sirena-cableada-para-interior-12-vcd-15w-2-tonos-85-db-losprincipales\/"},"modified":"2023-03-22T23:23:24","modified_gmt":"2023-03-23T05:23:24","slug":"dsc-sd15w-sirena-cableada-para-interior-12-vcd-15w-2-tonos-85-db-losprincipales","status":"publish","type":"product","link":"https:\/\/tecsecmty.com\/index.php\/producto\/dsc-sd15w-sirena-cableada-para-interior-12-vcd-15w-2-tonos-85-db-losprincipales\/","title":{"rendered":"DSC SD15W &#8211; Sirena Cableada para Interior 12 VCD 15W 2 tonos 85 dB #LosPrincipales"},"content":{"rendered":"<div class=\"row aling-items-center padding-bottom-2x\">\n<div class=\"col-lg-12\">\n<h5 class=\"card-title text-center\">Informaci\u00f3n general<\/h5>\n<p>La sirena SD-15W es una sirena de dos tonos para interior encapsulada con montaje en superficie. Est\u00e1 dise\u00f1ada para sistemas de alarma dom\u00e9sticos o tambi\u00e9n es apta para sistemas de incendio. Cuando se alimenta la sirena, produce un tono sostenido de acuerdo con el cableado.<\/p>\n<p><img decoding=\"async\" class=\"overview-center-img-web\" src=\"https:\/\/tvc.mx\/media\/29016\/banner.png\" alt=\"\" \/><\/div>\n<\/div>\n<div class=\"row align-items-center padding-bottom-2x\">\n<div class=\"col-md-5\"><img decoding=\"async\" class=\"d-block m-auto img-thumbnail\" src=\"https:\/\/tvc.mx\/media\/29017\/OVL2.png\" alt=\" \" \/><\/div>\n<div class=\"col-md-7 text-md-left text-center\">\n<h2>Especificaciones.<\/h2>\n<p class=\"text-muted\">\n<p>Especificaciones T\u00e9cnicas<\/p>\n<ul>\n<li>Fabricada en pl\u00e1stico ABS<\/li>\n<li>Dimensiones: 110x110x55.2mm<\/li>\n<li>Voltaje de alimentaci\u00f3n: 12VCD<\/li>\n<li>Corriente m\u00e1xima: 404mA<\/li>\n<li>Potencia: 15W<\/li>\n<li>Intensidad de volumen: 90dB<\/li>\n<\/ul>\n<\/div>\n<\/div>\n","protected":false},"excerpt":{"rendered":"<p>Informaci\u00f3n general La sirena SD-15W es una sirena de dos tonos para interior encapsulada con montaje en superficie. Est\u00e1 dise\u00f1ada para sistemas de alarma dom\u00e9sticos o tambi\u00e9n es apta para sistemas de incendio. Cuando se alimenta la sirena, produce un tono sostenido de acuerdo con&hellip;<\/p>\n","protected":false},"featured_media":4104,"comment_status":"open","ping_status":"closed","template":"","meta":{"om_disable_all_campaigns":false,"_monsterinsights_skip_tracking":false,"_monsterinsights_sitenote_active":false,"_monsterinsights_sitenote_note":"","_monsterinsights_sitenote_category":0},"product_brand":[],"product_cat":[289],"product_tag":[212,211,151],"class_list":{"0":"post-4105","1":"product","2":"type-product","3":"status-publish","4":"has-post-thumbnail","6":"product_cat-sirenas-alarmas-dsc","7":"product_tag-alarmas","8":"product_tag-alarmas-e-intrusion","9":"product_tag-seguridad","11":"first","12":"instock","13":"sale","14":"taxable","15":"shipping-taxable","16":"purchasable","17":"product-type-simple"},"aioseo_notices":[],"_links":{"self":[{"href":"https:\/\/tecsecmty.com\/index.php\/wp-json\/wp\/v2\/product\/4105","targetHints":{"allow":["GET"]}}],"collection":[{"href":"https:\/\/tecsecmty.com\/index.php\/wp-json\/wp\/v2\/product"}],"about":[{"href":"https:\/\/tecsecmty.com\/index.php\/wp-json\/wp\/v2\/types\/product"}],"replies":[{"embeddable":true,"href":"https:\/\/tecsecmty.com\/index.php\/wp-json\/wp\/v2\/comments?post=4105"}],"version-history":[{"count":0,"href":"https:\/\/tecsecmty.com\/index.php\/wp-json\/wp\/v2\/product\/4105\/revisions"}],"wp:featuredmedia":[{"embeddable":true,"href":"https:\/\/tecsecmty.com\/index.php\/wp-json\/wp\/v2\/media\/4104"}],"wp:attachment":[{"href":"https:\/\/tecsecmty.com\/index.php\/wp-json\/wp\/v2\/media?parent=4105"}],"wp:term":[{"taxonomy":"product_brand","embeddable":true,"href":"https:\/\/tecsecmty.com\/index.php\/wp-json\/wp\/v2\/product_brand?post=4105"},{"taxonomy":"product_cat","embeddable":true,"href":"https:\/\/tecsecmty.com\/index.php\/wp-json\/wp\/v2\/product_cat?post=4105"},{"taxonomy":"product_tag","embeddable":true,"href":"https:\/\/tecsecmty.com\/index.php\/wp-json\/wp\/v2\/product_tag?post=4105"}],"curies":[{"name":"wp","href":"https:\/\/api.w.org\/{rel}","templated":true}]}}