{"id":4111,"date":"2023-02-23T00:30:53","date_gmt":"2023-02-23T06:30:53","guid":{"rendered":"https:\/\/tecsecmty.com\/index.php\/producto\/ihorn-hc-05-led-estrobo-color-rojo-90-destellos-por-minuto-compatible-con-paneles-ihorn-risco-dsc-bosch-cer\/"},"modified":"2023-03-22T23:23:28","modified_gmt":"2023-03-23T05:23:28","slug":"ihorn-hc-05-led-estrobo-color-rojo-90-destellos-por-minuto-compatible-con-paneles-ihorn-risco-dsc-bosch-cer","status":"publish","type":"product","link":"https:\/\/tecsecmty.com\/index.php\/producto\/ihorn-hc-05-led-estrobo-color-rojo-90-destellos-por-minuto-compatible-con-paneles-ihorn-risco-dsc-bosch-cer\/","title":{"rendered":"IHORN HC-05-LED &#8211; Estrobo Color Rojo \/ 90 Destellos por minuto compatible con paneles IHORN \/ RISCO \/ DSC \/ BOSCH #cer ."},"content":{"rendered":"<div class=\"row aling-items-center padding-bottom-2x\">\n<div class=\"col-lg-12\">\n<h5 class=\"card-title text-center\">Descripci\u00f3n<\/h5>\n<p>Este producto sirve para conectarse a un sistema con salida de rel\u00e9 para que pueda ser activada e indicar de forma visual el evento de alerta u operaci\u00f3n.<\/p>\n<p><img decoding=\"async\" class=\"overview-center-img-web\" src=\"https:\/\/tvc.mx\/media\/80104\/estrobocentral.jpg\" alt=\"\" \/><\/div>\n<\/div>\n<div class=\"row align-items-center padding-bottom-2x\">\n<div class=\"col-md-5\"><img decoding=\"async\" class=\"d-block m-auto img-thumbnail\" src=\"https:\/\/tvc.mx\/media\/80108\/estrobo-lateral.jpg\" alt=\" \" \/><\/div>\n<div class=\"col-md-7 text-md-left text-center\">\n<h2>Especificaciones<\/h2>\n<p class=\"text-muted\">\n<ul>\n<li><strong>Modelo:\u00a0<\/strong>HC-05<\/li>\n<li><strong>Tipo:\u00a0<\/strong>Luz estrobosc\u00f3pica<\/li>\n<li><strong>Corriente nominal (mA):\u00a0<\/strong>\u2264200<\/li>\n<li><strong>Tensi\u00f3n nominal (V CD):<\/strong>9-15<\/li>\n<li><strong>Destellos \/ Minuto:<\/strong>150<\/li>\n<\/ul>\n<\/div>\n<\/div>\n","protected":false},"excerpt":{"rendered":"<p>Descripci\u00f3n Este producto sirve para conectarse a un sistema con salida de rel\u00e9 para que pueda ser activada e indicar de forma visual el evento de alerta u operaci\u00f3n. Especificaciones Modelo:\u00a0HC-05 Tipo:\u00a0Luz estrobosc\u00f3pica Corriente nominal (mA):\u00a0\u2264200 Tensi\u00f3n nominal (V CD):9-15 Destellos \/ Minuto:150<\/p>\n","protected":false},"featured_media":4110,"comment_status":"open","ping_status":"closed","template":"","meta":{"om_disable_all_campaigns":false,"_monsterinsights_skip_tracking":false,"_monsterinsights_sitenote_active":false,"_monsterinsights_sitenote_note":"","_monsterinsights_sitenote_category":0},"product_brand":[],"product_cat":[290],"product_tag":[212,211,151],"class_list":{"0":"post-4111","1":"product","2":"type-product","3":"status-publish","4":"has-post-thumbnail","6":"product_cat-sirenas-alarmas-horn","7":"product_tag-alarmas","8":"product_tag-alarmas-e-intrusion","9":"product_tag-seguridad","11":"first","12":"instock","13":"sale","14":"taxable","15":"shipping-taxable","16":"purchasable","17":"product-type-simple"},"aioseo_notices":[],"_links":{"self":[{"href":"https:\/\/tecsecmty.com\/index.php\/wp-json\/wp\/v2\/product\/4111","targetHints":{"allow":["GET"]}}],"collection":[{"href":"https:\/\/tecsecmty.com\/index.php\/wp-json\/wp\/v2\/product"}],"about":[{"href":"https:\/\/tecsecmty.com\/index.php\/wp-json\/wp\/v2\/types\/product"}],"replies":[{"embeddable":true,"href":"https:\/\/tecsecmty.com\/index.php\/wp-json\/wp\/v2\/comments?post=4111"}],"version-history":[{"count":0,"href":"https:\/\/tecsecmty.com\/index.php\/wp-json\/wp\/v2\/product\/4111\/revisions"}],"wp:featuredmedia":[{"embeddable":true,"href":"https:\/\/tecsecmty.com\/index.php\/wp-json\/wp\/v2\/media\/4110"}],"wp:attachment":[{"href":"https:\/\/tecsecmty.com\/index.php\/wp-json\/wp\/v2\/media?parent=4111"}],"wp:term":[{"taxonomy":"product_brand","embeddable":true,"href":"https:\/\/tecsecmty.com\/index.php\/wp-json\/wp\/v2\/product_brand?post=4111"},{"taxonomy":"product_cat","embeddable":true,"href":"https:\/\/tecsecmty.com\/index.php\/wp-json\/wp\/v2\/product_cat?post=4111"},{"taxonomy":"product_tag","embeddable":true,"href":"https:\/\/tecsecmty.com\/index.php\/wp-json\/wp\/v2\/product_tag?post=4111"}],"curies":[{"name":"wp","href":"https:\/\/api.w.org\/{rel}","templated":true}]}}