{"id":4115,"date":"2023-02-23T00:30:58","date_gmt":"2023-02-23T06:30:58","guid":{"rendered":"https:\/\/tecsecmty.com\/index.php\/producto\/ihorn-hc103f433m-sirena-inalambrica-para-interior-compatible-con-panel-ldh8001-l-hd8003-rango-inalambrico-de-100\/"},"modified":"2023-03-22T23:23:28","modified_gmt":"2023-03-23T05:23:28","slug":"ihorn-hc103f433m-sirena-inalambrica-para-interior-compatible-con-panel-ldh8001-l-hd8003-rango-inalambrico-de-100","status":"publish","type":"product","link":"https:\/\/tecsecmty.com\/index.php\/producto\/ihorn-hc103f433m-sirena-inalambrica-para-interior-compatible-con-panel-ldh8001-l-hd8003-rango-inalambrico-de-100\/","title":{"rendered":"IHORN HC103F433M &#8211; Sirena inalambrica para interior \/ Compatible con panel LDH8001 &amp; L HD8003 \/ Rango inalambrico de 100"},"content":{"rendered":"<h5 class=\"card-title text-center\">Descripci\u00f3n<\/h5>\n<p>Esta sirena inal\u00e1mbrica es compatible con los paneles de alarma modelo LDH8001 Y LHD8003, cuenta con comunicaci\u00f3n inal\u00e1mbrica de Radio Frecuencia a 433MHz y cuenta con estrobo para notificaci\u00f3n visual.<\/p>\n<p><img decoding=\"async\" class=\"overview-center-img-web\" src=\"https:\/\/tvc.mx\/media\/80304\/sirena-estrobo.jpg\" alt=\"\" \/><\/p>\n","protected":false},"excerpt":{"rendered":"<p>Descripci\u00f3n Esta sirena inal\u00e1mbrica es compatible con los paneles de alarma modelo LDH8001 Y LHD8003, cuenta con comunicaci\u00f3n inal\u00e1mbrica de Radio Frecuencia a 433MHz y cuenta con estrobo para notificaci\u00f3n visual.<\/p>\n","protected":false},"featured_media":4114,"comment_status":"open","ping_status":"closed","template":"","meta":{"om_disable_all_campaigns":false,"_monsterinsights_skip_tracking":false,"_monsterinsights_sitenote_active":false,"_monsterinsights_sitenote_note":"","_monsterinsights_sitenote_category":0},"product_brand":[],"product_cat":[290],"product_tag":[212,211,151],"class_list":{"0":"post-4115","1":"product","2":"type-product","3":"status-publish","4":"has-post-thumbnail","6":"product_cat-sirenas-alarmas-horn","7":"product_tag-alarmas","8":"product_tag-alarmas-e-intrusion","9":"product_tag-seguridad","11":"first","12":"instock","13":"sale","14":"taxable","15":"shipping-taxable","16":"purchasable","17":"product-type-simple"},"aioseo_notices":[],"_links":{"self":[{"href":"https:\/\/tecsecmty.com\/index.php\/wp-json\/wp\/v2\/product\/4115","targetHints":{"allow":["GET"]}}],"collection":[{"href":"https:\/\/tecsecmty.com\/index.php\/wp-json\/wp\/v2\/product"}],"about":[{"href":"https:\/\/tecsecmty.com\/index.php\/wp-json\/wp\/v2\/types\/product"}],"replies":[{"embeddable":true,"href":"https:\/\/tecsecmty.com\/index.php\/wp-json\/wp\/v2\/comments?post=4115"}],"version-history":[{"count":0,"href":"https:\/\/tecsecmty.com\/index.php\/wp-json\/wp\/v2\/product\/4115\/revisions"}],"wp:featuredmedia":[{"embeddable":true,"href":"https:\/\/tecsecmty.com\/index.php\/wp-json\/wp\/v2\/media\/4114"}],"wp:attachment":[{"href":"https:\/\/tecsecmty.com\/index.php\/wp-json\/wp\/v2\/media?parent=4115"}],"wp:term":[{"taxonomy":"product_brand","embeddable":true,"href":"https:\/\/tecsecmty.com\/index.php\/wp-json\/wp\/v2\/product_brand?post=4115"},{"taxonomy":"product_cat","embeddable":true,"href":"https:\/\/tecsecmty.com\/index.php\/wp-json\/wp\/v2\/product_cat?post=4115"},{"taxonomy":"product_tag","embeddable":true,"href":"https:\/\/tecsecmty.com\/index.php\/wp-json\/wp\/v2\/product_tag?post=4115"}],"curies":[{"name":"wp","href":"https:\/\/api.w.org\/{rel}","templated":true}]}}