{"id":4117,"date":"2023-02-23T00:31:03","date_gmt":"2023-02-23T06:31:03","guid":{"rendered":"https:\/\/tecsecmty.com\/index.php\/producto\/ihorn-hc105f-sirena-inalambrica-exterior-ip-55-105-db-compatible-con-panel-nd1-y-n8003\/"},"modified":"2023-03-22T23:23:28","modified_gmt":"2023-03-23T05:23:28","slug":"ihorn-hc105f-sirena-inalambrica-exterior-ip-55-105-db-compatible-con-panel-nd1-y-n8003","status":"publish","type":"product","link":"https:\/\/tecsecmty.com\/index.php\/producto\/ihorn-hc105f-sirena-inalambrica-exterior-ip-55-105-db-compatible-con-panel-nd1-y-n8003\/","title":{"rendered":"IHORN HC105F &#8211; Sirena inalambrica exterior \/ IP 55 \/ 105 dB \/ Compatible con panel ND1 y N8003"},"content":{"rendered":"<div class=\"row aling-items-center padding-bottom-2x\">\n<div class=\"col-lg-12\">\n<h5 class=\"card-title text-center\">Descripci\u00f3n<\/h5>\n<p>La\u00a0sirena Horn modelo\u00a0<strong>HC109F<\/strong>\u00a0se podr\u00eda utilizar en interiores que dar\u00e1 luz estrobosc\u00f3pica y alarma de sonido cuando hay alarma activada. Y tambi\u00e9n podr\u00eda ser utilizado mini sistema de alarma que podr\u00eda ser conectado a accesorios inal\u00e1mbricos directamente. \u00a0compatible con los paneles de alarma ND1 y N8003<\/p>\n<p><img decoding=\"async\" class=\"overview-center-img-web\" src=\"https:\/\/tvc.mx\/media\/80616\/LGH109015.jpg\" alt=\"\" \/><\/div>\n<\/div>\n<div class=\"row align-items-center padding-bottom-2x\">\n<div class=\"col-md-5\"><img decoding=\"async\" class=\"d-block m-auto img-thumbnail\" src=\"https:\/\/tvc.mx\/media\/27709\/LGH109015_1.jpg\" alt=\" \" \/><\/div>\n<div class=\"col-md-7 text-md-left text-center\">\n<h2>Especificaciones<\/h2>\n<p class=\"text-muted\">\n<ul>\n<li>\u00a0Protocolo inal\u00e1mbrico: ASK433Mhz.<\/li>\n<li>Voltaje de trabajo: DC5V.<\/li>\n<li>Bater\u00eda de reserva 3.7V.<\/li>\n<li>Temperatura de trabajo: -10 \u00b0 C ~ 55 \u00b0 C.<\/li>\n<li>Distancia inal\u00e1mbrica:&gt; 100m.<\/li>\n<li>Baja tensi\u00f3n: 3,5 \u00b1 0,1V.<\/li>\n<li>Trasmici\u00f3n: &lt;14dBm.<\/li>\n<li>Recepci\u00f3n: -108dBm.<\/li>\n<li>Tama\u00f1o: 80x45mm.<\/li>\n<\/ul>\n<\/div>\n<\/div>\n","protected":false},"excerpt":{"rendered":"<p>Descripci\u00f3n La\u00a0sirena Horn modelo\u00a0HC109F\u00a0se podr\u00eda utilizar en interiores que dar\u00e1 luz estrobosc\u00f3pica y alarma de sonido cuando hay alarma activada. Y tambi\u00e9n podr\u00eda ser utilizado mini sistema de alarma que podr\u00eda ser conectado a accesorios inal\u00e1mbricos directamente. \u00a0compatible con los paneles de alarma ND1 y&hellip;<\/p>\n","protected":false},"featured_media":4116,"comment_status":"open","ping_status":"closed","template":"","meta":{"om_disable_all_campaigns":false,"_monsterinsights_skip_tracking":false,"_monsterinsights_sitenote_active":false,"_monsterinsights_sitenote_note":"","_monsterinsights_sitenote_category":0},"product_brand":[],"product_cat":[290],"product_tag":[212,211,151],"class_list":{"0":"post-4117","1":"product","2":"type-product","3":"status-publish","4":"has-post-thumbnail","6":"product_cat-sirenas-alarmas-horn","7":"product_tag-alarmas","8":"product_tag-alarmas-e-intrusion","9":"product_tag-seguridad","11":"first","12":"instock","13":"sale","14":"taxable","15":"shipping-taxable","16":"purchasable","17":"product-type-simple"},"aioseo_notices":[],"_links":{"self":[{"href":"https:\/\/tecsecmty.com\/index.php\/wp-json\/wp\/v2\/product\/4117","targetHints":{"allow":["GET"]}}],"collection":[{"href":"https:\/\/tecsecmty.com\/index.php\/wp-json\/wp\/v2\/product"}],"about":[{"href":"https:\/\/tecsecmty.com\/index.php\/wp-json\/wp\/v2\/types\/product"}],"replies":[{"embeddable":true,"href":"https:\/\/tecsecmty.com\/index.php\/wp-json\/wp\/v2\/comments?post=4117"}],"version-history":[{"count":0,"href":"https:\/\/tecsecmty.com\/index.php\/wp-json\/wp\/v2\/product\/4117\/revisions"}],"wp:featuredmedia":[{"embeddable":true,"href":"https:\/\/tecsecmty.com\/index.php\/wp-json\/wp\/v2\/media\/4116"}],"wp:attachment":[{"href":"https:\/\/tecsecmty.com\/index.php\/wp-json\/wp\/v2\/media?parent=4117"}],"wp:term":[{"taxonomy":"product_brand","embeddable":true,"href":"https:\/\/tecsecmty.com\/index.php\/wp-json\/wp\/v2\/product_brand?post=4117"},{"taxonomy":"product_cat","embeddable":true,"href":"https:\/\/tecsecmty.com\/index.php\/wp-json\/wp\/v2\/product_cat?post=4117"},{"taxonomy":"product_tag","embeddable":true,"href":"https:\/\/tecsecmty.com\/index.php\/wp-json\/wp\/v2\/product_tag?post=4117"}],"curies":[{"name":"wp","href":"https:\/\/api.w.org\/{rel}","templated":true}]}}