{"id":4121,"date":"2023-02-23T00:31:06","date_gmt":"2023-02-23T06:31:06","guid":{"rendered":"https:\/\/tecsecmty.com\/index.php\/producto\/imou-siren-ara10-sw-sirena-inalambrica-con-estrobo-integrado-85-db-433-mhz-baterias-cr123a-seguridad\/"},"modified":"2023-03-22T23:23:32","modified_gmt":"2023-03-23T05:23:32","slug":"imou-siren-ara10-sw-sirena-inalambrica-con-estrobo-integrado-85-db-433-mhz-baterias-cr123a-seguridad","status":"publish","type":"product","link":"https:\/\/tecsecmty.com\/index.php\/producto\/imou-siren-ara10-sw-sirena-inalambrica-con-estrobo-integrado-85-db-433-mhz-baterias-cr123a-seguridad\/","title":{"rendered":"IMOU SIREN (ARA10-SW) &#8211; Sirena Inalambrica con Estrobo integrado\/ 85 dB\/ 433 MHz\/ Baterias CR123A \/ #Seguridad"},"content":{"rendered":"<div class=\"row aling-items-center padding-bottom-2x\">\n<div class=\"col-lg-12\">\n<h5 class=\"card-title text-center\">Sirena Local de 85dB y Luz<\/h5>\n<p>La\u00a0<strong>IMOU SIREN<\/strong>\u00a0se puede usar como un sistema de seguridad para el hogar con los detectores Imou. Tambi\u00e9n se puede vincular a la c\u00e1mara Wi-Fi habilitada con Airfly para protecci\u00f3n de seguridad. Cuando el sensor Imou detecta una intrusi\u00f3n, la sirena sonar\u00e1 y el volumen puede alcanzar hasta 85dB.<\/p>\n<p><img decoding=\"async\" class=\"overview-center-img-web\" src=\"https:\/\/tvc.mx\/media\/403759\/imou-siren-inalambrica-con-estrobo-integrado-b.png\" alt=\"\" \/><\/div>\n<\/div>\n<div class=\"row align-items-center padding-bottom-2x\">\n<div class=\"col-md-5 order-md-2\"><img decoding=\"async\" class=\"d-block m-auto img-thumbnail\" src=\"https:\/\/tvc.mx\/media\/403763\/imou-siren-sin-cables.png\" alt=\" \" \/><\/div>\n<div class=\"col-md-7 order-md-1 text-md-left text-center\">\n<h2>100% Sin Cables<\/h2>\n<p class=\"text-muted\">\n<p>La\u00a0<strong>IMOU SIREN<\/strong>\u00a0es alimentada con 4 bater\u00edas tipo\u00a04 pilas CR123A (Incluidas) las cuales proveen de la energ\u00eda suficiente para operar la sirena\u00a0y para ser enlazada se puede realizar con equipos que soportan Airfly *, puede colocarlo en cualquier lugar una vez configurado.<\/p>\n<p>* Enlace inteligente con detectores de alarma Imou y la estaci\u00f3n de alarma.<\/p>\n<p>&nbsp;<\/p>\n<\/div>\n<\/div>\n<hr class=\"padding-bottom-2x\" \/>\n<div class=\"row align-items-center padding-bottom-2x\">\n<div class=\"col-md-5\"><img decoding=\"async\" class=\"d-block m-auto img-thumbnail\" src=\"https:\/\/tvc.mx\/media\/403767\/imou-siren-proteccion-contra-manipulacion.png\" alt=\" \" \/><\/div>\n<div class=\"col-md-7 text-md-left text-center\">\n<h2>Protecci\u00f3n Contra Manipulaci\u00f3n<\/h2>\n<p class=\"text-muted\">\n<p>La\u00a0<strong>IMOU SIREN\u00a0<\/strong>cuenta con un tamper al frente y un tamper en la parte trasera, cuando se quita la sirena de la pared se activar\u00e1 una alarma local. La estaci\u00f3n de alarma enviar\u00e1 una alerta de manipulaci\u00f3n a su tel\u00e9fono inteligente previamente configurado desde la app m\u00f3vil.<\/p>\n<p>&nbsp;<\/p>\n<\/div>\n<\/div>\n<hr class=\"padding-bottom-2x\" \/>\n<div class=\"row align-items-center padding-bottom-2x\">\n<div class=\"col-md-5 order-md-2\"><img decoding=\"async\" class=\"d-block m-auto img-thumbnail\" src=\"https:\/\/tvc.mx\/media\/403771\/imou-siren-soluciones-para-el-hogar.png\" alt=\" \" \/><\/div>\n<div class=\"col-md-7 order-md-1 text-md-left text-center\">\n<h2>Soluciones de Seguridad Para el Hogar Inteligente<\/h2>\n<p class=\"text-muted\">\n<p>La\u00a0<strong>IMOU SIREN\u00a0<\/strong>en conjunto con m\u00e1s accesorios incluida la Estaci\u00f3n de Alarma protege el sitio de manera efectiva, como por ejemplo en el hogar, oficina, etc.<\/p>\n<p>&nbsp;<\/p>\n<\/div>\n<\/div>\n<hr class=\"padding-bottom-2x\" \/>\n<div class=\"row align-items-center padding-bottom-2x\">\n<div class=\"col-md-5\"><img decoding=\"async\" class=\"d-block m-auto img-thumbnail\" src=\"https:\/\/tvc.mx\/media\/403775\/imou-siren-bajo-consumo-energia.png\" alt=\" \" \/><\/div>\n<div class=\"col-md-7 text-md-left text-center\">\n<h2>Bajo Consumo de Energ\u00eda<\/h2>\n<p class=\"text-muted\">\n<p>Con la finalidad de tener la\u00a0<strong>IMOU SIREN\u00a0<\/strong>de manera independiente tanto en comunicaci\u00f3n como con la energ\u00eda para alimentarla, soporta la alimentaci\u00f3n mediante cuatro bater\u00edas CR123A que se pueden usar por hasta un a\u00f1o y medio (varea por las condiciones de uso en cada sitio).<\/p>\n<p>&nbsp;<\/p>\n<\/div>\n<\/div>\n<hr class=\"padding-bottom-2x\" \/>\n<div class=\"row align-items-center padding-bottom-2x\">\n<div class=\"col-md-5 order-md-2\"><img decoding=\"async\" class=\"d-block m-auto img-thumbnail\" src=\"https:\/\/tvc.mx\/media\/403819\/imou-siren-inalambrica-con-estrobo-integrado-caracteristicas.png\" alt=\" \" \/><\/div>\n<div class=\"col-md-7 order-md-1 text-md-left text-center\">\n<h2>Principales Caracter\u00edsticas<\/h2>\n<p class=\"text-muted\">\n<ul>\n<li>Intensidad de sonido: 85dB (1m)<\/li>\n<li>Frecuencias Inal\u00e1mbricas: 433MHz<\/li>\n<li>Potencia de transmisi\u00f3n: 10dBm<\/li>\n<li>Distancia de transmisi\u00f3n: \u00e1rea abierta de 250m<\/li>\n<li>Sabotaje: protecci\u00f3n de la cubierta delantera y trasera<\/li>\n<li>Potencia: 4 pilas CR123A, 1,5 a\u00f1os de duraci\u00f3n de la bater\u00eda (incluidas)<\/li>\n<li>Ambiente de trabajo: &#8211;10\u2103~+ 55\u2103, menos del 95% de HR<\/li>\n<li>Instalaci\u00f3n: montaje en pared<\/li>\n<li>Dimensi\u00f3n: 134 \u00d7 74 \u00d7 33 mm (5.3 \u00d7 2.9 \u00d7 1.3 pulgadas)<\/li>\n<li>Peso: 0.13Kg<\/li>\n<li>Certificaci\u00f3n: CE<\/li>\n<\/ul>\n<p>&nbsp;<\/p>\n<\/div>\n<\/div>\n<hr class=\"padding-bottom-2x\" \/>\n<div class=\"row align-items-center padding-bottom-2x\">\n<div class=\"col-md-5\"><img decoding=\"async\" class=\"d-block m-auto img-thumbnail\" src=\"https:\/\/tvc.mx\/media\/403823\/logo-imou.png\" alt=\" \" \/><\/div>\n<div class=\"col-md-7 text-md-left text-center\">\n<h2>Incluye<\/h2>\n<p class=\"text-muted\">\n<ul>\n<li>Sirena<\/li>\n<li>Bater\u00eda CR123A<\/li>\n<li>Gu\u00eda r\u00e1pida<\/li>\n<li>Paquete de tornillos<\/li>\n<\/ul>\n<\/div>\n<\/div>\n","protected":false},"excerpt":{"rendered":"<p>Sirena Local de 85dB y Luz La\u00a0IMOU SIREN\u00a0se puede usar como un sistema de seguridad para el hogar con los detectores Imou. Tambi\u00e9n se puede vincular a la c\u00e1mara Wi-Fi habilitada con Airfly para protecci\u00f3n de seguridad. Cuando el sensor Imou detecta una intrusi\u00f3n, la&hellip;<\/p>\n","protected":false},"featured_media":4120,"comment_status":"open","ping_status":"closed","template":"","meta":{"om_disable_all_campaigns":false,"_monsterinsights_skip_tracking":false,"_monsterinsights_sitenote_active":false,"_monsterinsights_sitenote_note":"","_monsterinsights_sitenote_category":0},"product_brand":[],"product_cat":[288],"product_tag":[212,211,151],"class_list":{"0":"post-4121","1":"product","2":"type-product","3":"status-publish","4":"has-post-thumbnail","6":"product_cat-sirenas-alarmas-dahua-alarmas-intrusion","7":"product_tag-alarmas","8":"product_tag-alarmas-e-intrusion","9":"product_tag-seguridad","11":"first","12":"instock","13":"sale","14":"taxable","15":"shipping-taxable","16":"purchasable","17":"product-type-simple"},"aioseo_notices":[],"_links":{"self":[{"href":"https:\/\/tecsecmty.com\/index.php\/wp-json\/wp\/v2\/product\/4121","targetHints":{"allow":["GET"]}}],"collection":[{"href":"https:\/\/tecsecmty.com\/index.php\/wp-json\/wp\/v2\/product"}],"about":[{"href":"https:\/\/tecsecmty.com\/index.php\/wp-json\/wp\/v2\/types\/product"}],"replies":[{"embeddable":true,"href":"https:\/\/tecsecmty.com\/index.php\/wp-json\/wp\/v2\/comments?post=4121"}],"version-history":[{"count":0,"href":"https:\/\/tecsecmty.com\/index.php\/wp-json\/wp\/v2\/product\/4121\/revisions"}],"wp:featuredmedia":[{"embeddable":true,"href":"https:\/\/tecsecmty.com\/index.php\/wp-json\/wp\/v2\/media\/4120"}],"wp:attachment":[{"href":"https:\/\/tecsecmty.com\/index.php\/wp-json\/wp\/v2\/media?parent=4121"}],"wp:term":[{"taxonomy":"product_brand","embeddable":true,"href":"https:\/\/tecsecmty.com\/index.php\/wp-json\/wp\/v2\/product_brand?post=4121"},{"taxonomy":"product_cat","embeddable":true,"href":"https:\/\/tecsecmty.com\/index.php\/wp-json\/wp\/v2\/product_cat?post=4121"},{"taxonomy":"product_tag","embeddable":true,"href":"https:\/\/tecsecmty.com\/index.php\/wp-json\/wp\/v2\/product_tag?post=4121"}],"curies":[{"name":"wp","href":"https:\/\/api.w.org\/{rel}","templated":true}]}}