{"id":4123,"date":"2023-02-23T00:31:10","date_gmt":"2023-02-23T06:31:10","guid":{"rendered":"https:\/\/tecsecmty.com\/index.php\/producto\/risco-rs200wa0000b-prosound-sirena-antivandalica-con-proteccion-de-proximidad-grado-3-compatible-lightsys-plus-bancos-gobierno-retail\/"},"modified":"2023-03-22T23:23:48","modified_gmt":"2023-03-23T05:23:48","slug":"risco-rs200wa0000b-prosound-sirena-antivandalica-con-proteccion-de-proximidad-grado-3-compatible-lightsys-plus-bancos-gobierno-retail","status":"publish","type":"product","link":"https:\/\/tecsecmty.com\/index.php\/producto\/risco-rs200wa0000b-prosound-sirena-antivandalica-con-proteccion-de-proximidad-grado-3-compatible-lightsys-plus-bancos-gobierno-retail\/","title":{"rendered":"RISCO RS200WA0000B-PROSOUND Sirena Antivand\u00e1lica Con Protecci\u00f3n de Proximidad Grado 3 \/ Compatible LightSYS Plus+ \/ Bancos-Gobierno-Retail"},"content":{"rendered":"<div class=\"row aling-items-center padding-bottom-2x\">\n<div class=\"col-lg-12\">\n<h5 class=\"card-title text-center\">Descripci\u00f3n general<\/h5>\n<p>La Sirena de Exterior de RISCO Group combina alto rendimiento y fiabilidad con un dise\u00f1o exclusivo, por lo que es el toque final perfecto para sus instalaciones de intrusi\u00f3n e incendio. ProSound puede conectarse a cualquier sistema de alarma, o puede instalarse en el BUS de los sistemas de seguridad integrados ProSYS o LightSYS de RISCO Group. Cuando se instala conjuntamente con ProSYS\/LightSYS se dispone de un nivel completamente nuevo de diagn\u00f3sticos y control remotos, ahorr\u00e1ndole tiempo y reduciendo las visitas a la instalaci\u00f3n.<\/p>\n<p><img decoding=\"async\" class=\"overview-center-img-web\" src=\"https:\/\/tvc.mx\/media\/193726\/SIRENA-PROSOUND-RISCO-LIGHTSYS2-PROSYSPLUS.jpg\" alt=\"\" \/><\/div>\n<\/div>\n<div class=\"row align-items-center padding-bottom-2x\">\n<div class=\"col-md-5\"><img decoding=\"async\" class=\"d-block m-auto img-thumbnail\" src=\"https:\/\/tvc.mx\/media\/332249\/RISCO-RS200WA-NUEVA-PROSOUND-SIRENA-ANTIVANDALICA-CON-PROTECCION-PROXIMIDAD-SOPORTA-BATERIA-RESPALDO-12V-2.2AMP-CABLEADO-BUS-TRADICIONAL-MODALIDAD-STAND-ALONE-%28OPCIONAL%29-%281%29-%281%29-%281%29-min-%2812%29.png\" alt=\" \" \/><\/div>\n<div class=\"col-md-7 text-md-left text-center\">\n<h2>Caracter\u00edsticas<\/h2>\n<p class=\"text-muted\">\n<ul>\n<li>Totalmente alimentada por bater\u00eda<\/li>\n<li>Inal\u00e1mbrica bidireccional<\/li>\n<li>Totalmente supervisada<\/li>\n<li>Salida de sonido piezo de 105dB, con volumen ajustable<\/li>\n<li>Indicaci\u00f3n de Alarma\/Tamper<\/li>\n<li>Indicaci\u00f3n de Bater\u00eda Baja<\/li>\n<li>Auto Prueba de la Sirena<\/li>\n<li>Alarma de sabotaje local tras el tiempo de retardo de entrada<\/li>\n<li>Soporta programaci\u00f3n y diagn\u00f3stico remoto<\/li>\n<li>Tamper: De tapa y posterior<\/li>\n<li>Compatible con los sistemas de RISCO: Agility\u21223, LightSYS\u21222, WisDom<\/li>\n<li>Modelo: RWS20<\/li>\n<\/ul>\n<p>&nbsp;<\/p>\n<\/div>\n<\/div>\n<hr class=\"padding-bottom-2x\" \/>\n<div class=\"row align-items-center padding-bottom-2x\">\n<div class=\"col-md-5 order-md-2\"><img decoding=\"async\" class=\"d-block m-auto img-thumbnail\" src=\"https:\/\/tvc.mx\/media\/37848\/RSC109023-2.jpg\" alt=\" \" \/><\/div>\n<div class=\"col-md-7 order-md-1 text-md-left text-center\">\n<h2>Especificaciones<\/h2>\n<p class=\"text-muted\">\n<ul>\n<li><strong>Entrada de alimentaci\u00f3n Vcc:\u00a0<\/strong>13.5 \u2013 14.2 Vcc, 200 mA m\u00e1ximo<\/li>\n<li><strong>Consumo de Corriente en Reposo:\u00a0<\/strong>54 mA + corriente de carga<\/li>\n<li><strong>Corriente de Carga de la Bater\u00eda:<\/strong>140 mA m\u00e1ximo<\/li>\n<li><strong>Consumo de Corriente en funcionamiento (Sirena + Estrobosc\u00f3pico):<\/strong>1.6 A<\/li>\n<li><strong>Nivel de sonido del Altavoz:<\/strong>106 dB @ 3 metros<\/li>\n<li><strong>Frecuencia de tono:<\/strong>1500-1800 Hz<\/li>\n<li><strong>Lente del Estroboscopio:\u00a0<\/strong>Policarbonato de color \u00e1mbar<\/li>\n<li><strong>Frecuencia de parpadeo del estroboscopio:\u00a0<\/strong>60 veces por minuto (m\u00e1ximo)<\/li>\n<li><strong>Bater\u00eda de respaldo (recargable):\u00a0<\/strong>Bater\u00eda recargable de Plomo-\u00c1cido Sellada (SLA), 12 V, 2.2 Ah, Tama\u00f1o M\u00e1ximo (L x A x P): 17.8 cm x 6.4 cm x 3.5 cm\u00a0<strong>\u00abNO INCLUYE DE RESPALDO\u00bb<\/strong><\/li>\n<li><strong>Protecci\u00f3n de descarga de la bater\u00eda:<\/strong>Desconexi\u00f3n autom\u00e1tica abajo de 10.5 VDC<\/li>\n<li><strong>Protecci\u00f3n Inversi\u00f3n Polaridad Bater\u00eda:\u00a0<\/strong>cargador de bater\u00eda desconectado para voltajes de bater\u00eda por debajo de 9 V.<\/li>\n<li><strong>Protecci\u00f3n contra la penetraci\u00f3n:<\/strong>IP44<\/li>\n<li><strong>Temperatura de funcionamiento:<\/strong>-25\u00b0 C a 70\u00b0 C (-13\u00b0 F a 158\u00b0 F)<\/li>\n<li><strong>Humedad 95% m\u00e1ximo:<\/strong>95% m\u00e1ximo<\/li>\n<li><strong>Contacto Tamper:\u00a0<\/strong>0.1 A, 24 V, terminaci\u00f3n NC o RFL interna<\/li>\n<li><strong>Contacto de Proximidad Anti-Espuma:<\/strong>0.1 A, 24 V, terminaci\u00f3n N.C.<\/li>\n<li><strong>Material de la caja:\u00a0<\/strong>Policarbonato con protecci\u00f3n UV<\/li>\n<li><strong>Dimensiones (L x A x P):\u00a0<\/strong>30.5 cm X 21.8 cm X 11.6 cm<\/li>\n<li><strong>Peso (sin bater\u00eda):<\/strong>1.4 kg<\/li>\n<li><strong>Compatibilidad:<\/strong>Compatible con cualquier central<\/li>\n<li><strong>Compatibilidad con ProSYS:<\/strong>Bus de 4 hilos, hasta 300m desde el panel principal<\/li>\n<\/ul>\n<\/div>\n<\/div>\n","protected":false},"excerpt":{"rendered":"<p>Descripci\u00f3n general La Sirena de Exterior de RISCO Group combina alto rendimiento y fiabilidad con un dise\u00f1o exclusivo, por lo que es el toque final perfecto para sus instalaciones de intrusi\u00f3n e incendio. ProSound puede conectarse a cualquier sistema de alarma, o puede instalarse en&hellip;<\/p>\n","protected":false},"featured_media":4122,"comment_status":"open","ping_status":"closed","template":"","meta":{"om_disable_all_campaigns":false,"_monsterinsights_skip_tracking":false,"_monsterinsights_sitenote_active":false,"_monsterinsights_sitenote_note":"","_monsterinsights_sitenote_category":0},"product_brand":[],"product_cat":[291],"product_tag":[212,211,151],"class_list":{"0":"post-4123","1":"product","2":"type-product","3":"status-publish","4":"has-post-thumbnail","6":"product_cat-sirenas-alarmas-risco","7":"product_tag-alarmas","8":"product_tag-alarmas-e-intrusion","9":"product_tag-seguridad","11":"first","12":"instock","13":"sale","14":"taxable","15":"shipping-taxable","16":"purchasable","17":"product-type-simple"},"aioseo_notices":[],"_links":{"self":[{"href":"https:\/\/tecsecmty.com\/index.php\/wp-json\/wp\/v2\/product\/4123","targetHints":{"allow":["GET"]}}],"collection":[{"href":"https:\/\/tecsecmty.com\/index.php\/wp-json\/wp\/v2\/product"}],"about":[{"href":"https:\/\/tecsecmty.com\/index.php\/wp-json\/wp\/v2\/types\/product"}],"replies":[{"embeddable":true,"href":"https:\/\/tecsecmty.com\/index.php\/wp-json\/wp\/v2\/comments?post=4123"}],"version-history":[{"count":0,"href":"https:\/\/tecsecmty.com\/index.php\/wp-json\/wp\/v2\/product\/4123\/revisions"}],"wp:featuredmedia":[{"embeddable":true,"href":"https:\/\/tecsecmty.com\/index.php\/wp-json\/wp\/v2\/media\/4122"}],"wp:attachment":[{"href":"https:\/\/tecsecmty.com\/index.php\/wp-json\/wp\/v2\/media?parent=4123"}],"wp:term":[{"taxonomy":"product_brand","embeddable":true,"href":"https:\/\/tecsecmty.com\/index.php\/wp-json\/wp\/v2\/product_brand?post=4123"},{"taxonomy":"product_cat","embeddable":true,"href":"https:\/\/tecsecmty.com\/index.php\/wp-json\/wp\/v2\/product_cat?post=4123"},{"taxonomy":"product_tag","embeddable":true,"href":"https:\/\/tecsecmty.com\/index.php\/wp-json\/wp\/v2\/product_tag?post=4123"}],"curies":[{"name":"wp","href":"https:\/\/api.w.org\/{rel}","templated":true}]}}