{"id":4125,"date":"2023-02-23T00:31:13","date_gmt":"2023-02-23T06:31:13","guid":{"rendered":"https:\/\/tecsecmty.com\/index.php\/producto\/risco-rws50-sirena-triangular-exterior-inalambrica-estroboscopica-433-mhz-compatible-con-wicomm-lightsys-plus\/"},"modified":"2023-03-22T23:23:48","modified_gmt":"2023-03-23T05:23:48","slug":"risco-rws50-sirena-triangular-exterior-inalambrica-estroboscopica-433-mhz-compatible-con-wicomm-lightsys-plus","status":"publish","type":"product","link":"https:\/\/tecsecmty.com\/index.php\/producto\/risco-rws50-sirena-triangular-exterior-inalambrica-estroboscopica-433-mhz-compatible-con-wicomm-lightsys-plus\/","title":{"rendered":"RISCO RWS50 &#8211; Sirena Triangular Exterior Inalambrica \/ Estroboscopica \/ 433 Mhz \/ Compatible con Wicomm-LightSYS Plus+"},"content":{"rendered":"<div class=\"row aling-items-center padding-bottom-2x\">\n<div class=\"col-lg-12\">\n<h5 class=\"card-title text-center\">RISCO RWS50-SIRENA TRIANGULAR EXTERIOR INALAMBRICA<\/h5>\n<p class=\"ql-align-justify\">La Sirena\u00a0Triangular de exterior inal\u00e1mbrica RWS50 de RISCO Group est\u00e1 dise\u00f1ada para ampliar las capacidades de se\u00f1alizaci\u00f3n del sistema de seguridad fuera de la \u00e1rea protegida, en cualquier ambiente exterior. Siendo inal\u00e1mbrica y totalmente alimentada por bater\u00eda, la sirena triangular inal\u00e1mbrica es una soluci\u00f3n f\u00e1cil y flexible para una r\u00e1pida instalaci\u00f3n.<\/p>\n<p class=\"ql-align-justify\">\n<p><img decoding=\"async\" class=\"overview-center-img-web\" src=\"https:\/\/tvc.mx\/media\/332087\/RISCO-PROSYS-PLUS-Panel-grado-3-64-512-zonas-32-Particiones-256-Zonas-inalambricas-Hasta-500-usuarios-15-%282%29-%281%29-%281%29-%281%29-%281%29-%281%29-%289%29.png\" alt=\"\" \/><\/div>\n<\/div>\n<div class=\"row align-items-center padding-bottom-2x\">\n<div class=\"col-md-5\"><img decoding=\"async\" class=\"d-block m-auto img-thumbnail\" src=\"https:\/\/tvc.mx\/media\/218447\/RISCO-RWS50-Sirena-Triangular-Exterior-Inalambrica-Estroboscopica-433-Mhz-Compatible-Wicomm-Ligthsys-Prosys-Plus-1.png\" alt=\" \" \/><\/div>\n<div class=\"col-md-7 text-md-left text-center\">\n<h2>Caracter\u00edsticas<\/h2>\n<p class=\"text-muted\">\n<ul>\n<li>Totalmente alimentada por bater\u00eda<\/li>\n<li>Inal\u00e1mbrica bidireccional<\/li>\n<li>Totalmente supervisada<\/li>\n<li>Salida de sonido piezo de 105dB, con volumen ajustable<\/li>\n<li>Indicaci\u00f3n de Alarma\/Tamper<\/li>\n<li>Indicaci\u00f3n de Bater\u00eda Baja<\/li>\n<li>Auto Prueba de la Sirena<\/li>\n<li>Alarma de sabotaje local tras el tiempo de retardo de entrada<\/li>\n<li>Soporta programaci\u00f3n y diagn\u00f3stico remoto<\/li>\n<li>Tamper: De tapa y posterior<\/li>\n<li>Compatible con los sistemas de RISCO: Agility\u21223, LightSYS\u21222, WisDom<\/li>\n<li>Modelo: RWS20<\/li>\n<\/ul>\n<p>&nbsp;<\/p>\n<\/div>\n<\/div>\n<hr class=\"padding-bottom-2x\" \/>\n<div class=\"row align-items-center padding-bottom-2x\">\n<div class=\"col-md-5 order-md-2\"><img decoding=\"async\" class=\"d-block m-auto img-thumbnail\" src=\"https:\/\/tvc.mx\/media\/332207\/RISCO-RWS50-Sirena-Triangular-Exterior-Inalambrica-Estroboscopica-433-Mhz-Compatible-Wicomm-Ligthsys-Prosys-Plus-BANNER400X300-1-%283%29.png\" alt=\" \" \/><\/div>\n<div class=\"col-md-7 order-md-1 text-md-left text-center\">\n<h2>Especificaciones T\u00e9cnicas<\/h2>\n<p class=\"text-muted\">\n<ul>\n<li class=\"ql-align-justify\">Alimentaci\u00f3n: 5 Bater\u00edas de Litio de 3V CR123.<\/li>\n<li class=\"ql-align-justify\">Vida media de las bater\u00edas: 3 a\u00f1os.<\/li>\n<li class=\"ql-align-justify\">Volumen del sonido: 105dB a 1m (3.3\u201d) \u2013 ajustable.<\/li>\n<li class=\"ql-align-justify\">Lente estrobosc\u00f3pica de Policarbonato.<\/li>\n<li class=\"ql-align-justify\">Frecuencia m\u00e1x. de flash: 60 veces por minuto.<\/li>\n<li class=\"ql-align-justify\">Dimensiones (AlxAnxP): 273 x 230 x 64 mm.<\/li>\n<li class=\"ql-align-justify\">Peso (incluyendo bater\u00edas): 1Kg.<\/li>\n<\/ul>\n<p><strong>Inal\u00e1mbricas<\/strong><\/p>\n<ul>\n<li>Frecuencia: 433MHz<\/li>\n<li>Alcance: 150m (492\u2019)<\/li>\n<\/ul>\n<p><strong>Ambientales<\/strong><\/p>\n<ul>\n<li class=\"ql-align-justify\">Temperatura: De -25\u00b0C a 60\u00b0C<\/li>\n<\/ul>\n<p>&nbsp;<\/p>\n<\/div>\n<\/div>\n<hr class=\"padding-bottom-2x\" \/>\n<div class=\"row aling-items-center padding-bottom-2x\">\n<div class=\"col-lg-12\">\n<h5 class=\"card-title text-center\">RWS50<\/h5>\n<p class=\"ql-align-justify\">La sirena incluye una funci\u00f3n de pre-alarma con la cual se inicia un conteo regresivo del retardo de entrada y el sistema enviar\u00e1 una alarma a CRA si los sistemas inal\u00e1mbricos de RISCO Group son destruidos durante dicho retardo. En esta situaci\u00f3n, la sirena se activar\u00e1 independientemente del panel de control.<\/p>\n<p class=\"ql-align-justify\">La sirena tri\u00e1ngular tambi\u00e9n puede proporcionar notificaciones de pitido cuando el sistema es armado o desarmado, incluyendo una notificaci\u00f3n especial de 4 pitidos indicando que la alarma ha sido disparada, lo que podr\u00eda significar una intrusi\u00f3n.<\/p>\n<p class=\"ql-align-justify\">Varias sirenas inal\u00e1mbricas pueden ser asignadas a un solo sistema.<\/p>\n<p><img decoding=\"async\" class=\"overview-center-img-web\" src=\"https:\/\/tvc.mx\/media\/332180\/RISCO-RWS50-Sirena-Triangular-Exterior-Inalambrica-Estroboscopica-433-Mhz-Compatible-Wicomm-Ligthsys-Prosys-Plus-BANNER400X300-1-%282%29.png\" alt=\"\" \/><\/div>\n<\/div>\n","protected":false},"excerpt":{"rendered":"<p>RISCO RWS50-SIRENA TRIANGULAR EXTERIOR INALAMBRICA La Sirena\u00a0Triangular de exterior inal\u00e1mbrica RWS50 de RISCO Group est\u00e1 dise\u00f1ada para ampliar las capacidades de se\u00f1alizaci\u00f3n del sistema de seguridad fuera de la \u00e1rea protegida, en cualquier ambiente exterior. Siendo inal\u00e1mbrica y totalmente alimentada por bater\u00eda, la sirena triangular&hellip;<\/p>\n","protected":false},"featured_media":4124,"comment_status":"open","ping_status":"closed","template":"","meta":{"om_disable_all_campaigns":false,"_monsterinsights_skip_tracking":false,"_monsterinsights_sitenote_active":false,"_monsterinsights_sitenote_note":"","_monsterinsights_sitenote_category":0},"product_brand":[],"product_cat":[291],"product_tag":[212,211,151],"class_list":{"0":"post-4125","1":"product","2":"type-product","3":"status-publish","4":"has-post-thumbnail","6":"product_cat-sirenas-alarmas-risco","7":"product_tag-alarmas","8":"product_tag-alarmas-e-intrusion","9":"product_tag-seguridad","11":"first","12":"instock","13":"sale","14":"taxable","15":"shipping-taxable","16":"purchasable","17":"product-type-simple"},"aioseo_notices":[],"_links":{"self":[{"href":"https:\/\/tecsecmty.com\/index.php\/wp-json\/wp\/v2\/product\/4125","targetHints":{"allow":["GET"]}}],"collection":[{"href":"https:\/\/tecsecmty.com\/index.php\/wp-json\/wp\/v2\/product"}],"about":[{"href":"https:\/\/tecsecmty.com\/index.php\/wp-json\/wp\/v2\/types\/product"}],"replies":[{"embeddable":true,"href":"https:\/\/tecsecmty.com\/index.php\/wp-json\/wp\/v2\/comments?post=4125"}],"version-history":[{"count":0,"href":"https:\/\/tecsecmty.com\/index.php\/wp-json\/wp\/v2\/product\/4125\/revisions"}],"wp:featuredmedia":[{"embeddable":true,"href":"https:\/\/tecsecmty.com\/index.php\/wp-json\/wp\/v2\/media\/4124"}],"wp:attachment":[{"href":"https:\/\/tecsecmty.com\/index.php\/wp-json\/wp\/v2\/media?parent=4125"}],"wp:term":[{"taxonomy":"product_brand","embeddable":true,"href":"https:\/\/tecsecmty.com\/index.php\/wp-json\/wp\/v2\/product_brand?post=4125"},{"taxonomy":"product_cat","embeddable":true,"href":"https:\/\/tecsecmty.com\/index.php\/wp-json\/wp\/v2\/product_cat?post=4125"},{"taxonomy":"product_tag","embeddable":true,"href":"https:\/\/tecsecmty.com\/index.php\/wp-json\/wp\/v2\/product_tag?post=4125"}],"curies":[{"name":"wp","href":"https:\/\/api.w.org\/{rel}","templated":true}]}}