{"id":4127,"date":"2023-02-23T00:31:16","date_gmt":"2023-02-23T06:31:16","guid":{"rendered":"https:\/\/tecsecmty.com\/index.php\/producto\/seco-larm-sh816ssmqr-sirena-autonoma-de-915-v-cc-de-115-db-con-tono-de-trino-altavoz-de-20w-con-entrada-de-audio-para-emision-de-mensajes-salida-antisabotaje-integrada-ip65-lente-roja\/"},"modified":"2023-03-22T23:24:24","modified_gmt":"2023-03-23T05:24:24","slug":"seco-larm-sh816ssmqr-sirena-autonoma-de-915-v-cc-de-115-db-con-tono-de-trino-altavoz-de-20w-con-entrada-de-audio-para-emision-de-mensajes-salida-antisabotaje-integrada-ip65-lente-roja","status":"publish","type":"product","link":"https:\/\/tecsecmty.com\/index.php\/producto\/seco-larm-sh816ssmqr-sirena-autonoma-de-915-v-cc-de-115-db-con-tono-de-trino-altavoz-de-20w-con-entrada-de-audio-para-emision-de-mensajes-salida-antisabotaje-integrada-ip65-lente-roja\/","title":{"rendered":"Seco-Larm SH816SSMQR- Sirena aut\u00f3noma de 9~15 V CC de 115 dB con tono de trino. Altavoz de 20W con entrada de audio para emisi\u00f3n de mensajes, salida antisabotaje integrada, IP65. lente roja."},"content":{"rendered":"<div class=\"row aling-items-center padding-bottom-2x\">\n<div class=\"col-lg-12\">\n<h5 class=\"card-title text-center\">Informaci\u00f3n general<\/h5>\n<p>La SH-816S-SMQ-R de Seco-Larm es una sirena\/luz estrobosc\u00f3pica multiprop\u00f3sito 4 en 1 .\u00a0Sirena\/luz estrobosc\u00f3pica multiusos 4 en 1 (roja).\u00a0La sirena\/luz estrobosc\u00f3pica multiprop\u00f3sito ENFORCER 4 en 1 es m\u00faltiples dispositivos de comunicaci\u00f3n y se\u00f1alizaci\u00f3n en uno: sirena, mensaje interno (hasta 2 MB .WAV o MP3), transmisi\u00f3n y (solo SH-816S-SMQ) una luz estrobosc\u00f3pica LED .\u00a0Sirena aut\u00f3noma de 9~15 V CC de 115 dB con tono de trino.\u00a0Altavoz de 20W con entrada de audio para emisi\u00f3n de mensajes, salida antisabotaje integrada, IP65.\u00a0Lente \u00e1mbar.<\/p>\n<\/div>\n<\/div>\n<div class=\"row align-items-center padding-bottom-2x\">\n<div class=\"col-md-5\"><img decoding=\"async\" class=\"d-block m-auto img-thumbnail alignnone\" src=\"https:\/\/tvc.mx\/media\/653547\/SH816SSMQR-2.png\" alt=\" \" \/><\/div>\n<div class=\"col-md-7 text-md-left text-center\">\n<h2>Especificaciones<\/h2>\n<p class=\"text-muted\">\n<ul>\n<li><strong>Voltaje de operaci\u00f3n:<\/strong>\u00a09 &#8211; 15 VDC<\/li>\n<li><strong>Entradas de alarma:<\/strong>\u00a02 entradas (mensaje\/sonido personalizado) anula la entrada 1 (sirena)<\/li>\n<li><strong>Entrada de audio:<\/strong>\u00a0El voltaje de entrada de audio no puede exceder los 2V<\/li>\n<li><strong>Consumo de corriente:<\/strong><\/li>\n<\/ul>\n<ol>\n<li>Sirena: 1A @ 12VCD<\/li>\n<li>Estrobo: 50 mA @ 12VCD<\/li>\n<li>Ambos: 1050 mA @ 12 VCD<\/li>\n<\/ol>\n<ul>\n<li><strong>Volumen de sirena:<\/strong>\u00a0115 dB<\/li>\n<li><strong>Speaker:<\/strong>\u00a020 W<\/li>\n<li><strong>Mensaje personalizado:<\/strong>\u00a0Formato WAV o MP3, hasta 2MB<\/li>\n<li><strong>Interfaz de carga:<\/strong>\u00a0Micro-USB<\/li>\n<li><strong>Tasa de flash estrobosc\u00f3pico:\u00a0<\/strong>60 por minuto<\/li>\n<li><strong>Salida de tamper:<\/strong>\u00a0100 mA@30 VAC\/VDC<\/li>\n<li><strong>Protecci\u00f3n:<\/strong>\u00a0IP65<\/li>\n<li><strong>Humedad de funcionamiento:\u00a0<\/strong>0 ~ 98%<\/li>\n<li><strong>Temperatura de funcionamiento:<\/strong>\u00a0-4\u00b0 ~ 131\u00b0 F (-20\u00b0 ~ 55\u00b0 C)<\/li>\n<li><strong>Material:<\/strong>\u00a0Policarbonato<\/li>\n<li><strong>Dimensiones:<\/strong>\u00a0155X178X115 mm<\/li>\n<li><strong>Peso:<\/strong>\u00a0957 g<\/li>\n<\/ul>\n<\/div>\n<\/div>\n","protected":false},"excerpt":{"rendered":"<p>Informaci\u00f3n general La SH-816S-SMQ-R de Seco-Larm es una sirena\/luz estrobosc\u00f3pica multiprop\u00f3sito 4 en 1 .\u00a0Sirena\/luz estrobosc\u00f3pica multiusos 4 en 1 (roja).\u00a0La sirena\/luz estrobosc\u00f3pica multiprop\u00f3sito ENFORCER 4 en 1 es m\u00faltiples dispositivos de comunicaci\u00f3n y se\u00f1alizaci\u00f3n en uno: sirena, mensaje interno (hasta 2 MB .WAV o&hellip;<\/p>\n","protected":false},"featured_media":4126,"comment_status":"open","ping_status":"closed","template":"","meta":{"om_disable_all_campaigns":false,"_monsterinsights_skip_tracking":false,"_monsterinsights_sitenote_active":false,"_monsterinsights_sitenote_note":"","_monsterinsights_sitenote_category":0},"product_brand":[],"product_cat":[292],"product_tag":[212,211,151],"class_list":{"0":"post-4127","1":"product","2":"type-product","3":"status-publish","4":"has-post-thumbnail","6":"product_cat-sirenas-alarmas-seco-larm","7":"product_tag-alarmas","8":"product_tag-alarmas-e-intrusion","9":"product_tag-seguridad","11":"first","12":"instock","13":"sale","14":"taxable","15":"shipping-taxable","16":"purchasable","17":"product-type-simple"},"aioseo_notices":[],"_links":{"self":[{"href":"https:\/\/tecsecmty.com\/index.php\/wp-json\/wp\/v2\/product\/4127","targetHints":{"allow":["GET"]}}],"collection":[{"href":"https:\/\/tecsecmty.com\/index.php\/wp-json\/wp\/v2\/product"}],"about":[{"href":"https:\/\/tecsecmty.com\/index.php\/wp-json\/wp\/v2\/types\/product"}],"replies":[{"embeddable":true,"href":"https:\/\/tecsecmty.com\/index.php\/wp-json\/wp\/v2\/comments?post=4127"}],"version-history":[{"count":0,"href":"https:\/\/tecsecmty.com\/index.php\/wp-json\/wp\/v2\/product\/4127\/revisions"}],"wp:featuredmedia":[{"embeddable":true,"href":"https:\/\/tecsecmty.com\/index.php\/wp-json\/wp\/v2\/media\/4126"}],"wp:attachment":[{"href":"https:\/\/tecsecmty.com\/index.php\/wp-json\/wp\/v2\/media?parent=4127"}],"wp:term":[{"taxonomy":"product_brand","embeddable":true,"href":"https:\/\/tecsecmty.com\/index.php\/wp-json\/wp\/v2\/product_brand?post=4127"},{"taxonomy":"product_cat","embeddable":true,"href":"https:\/\/tecsecmty.com\/index.php\/wp-json\/wp\/v2\/product_cat?post=4127"},{"taxonomy":"product_tag","embeddable":true,"href":"https:\/\/tecsecmty.com\/index.php\/wp-json\/wp\/v2\/product_tag?post=4127"}],"curies":[{"name":"wp","href":"https:\/\/api.w.org\/{rel}","templated":true}]}}