{"id":4129,"date":"2023-02-23T00:31:17","date_gmt":"2023-02-23T06:31:17","guid":{"rendered":"https:\/\/tecsecmty.com\/index.php\/producto\/seco-larm-sl126qr-luz-estroboscopica-alambrica-6-12vdc-roja-compatible-ihorn-risco-dsc-bosch\/"},"modified":"2023-03-22T23:24:24","modified_gmt":"2023-03-23T05:24:24","slug":"seco-larm-sl126qr-luz-estroboscopica-alambrica-6-12vdc-roja-compatible-ihorn-risco-dsc-bosch","status":"publish","type":"product","link":"https:\/\/tecsecmty.com\/index.php\/producto\/seco-larm-sl126qr-luz-estroboscopica-alambrica-6-12vdc-roja-compatible-ihorn-risco-dsc-bosch\/","title":{"rendered":"Seco-Larm SL126QR &#8211; Luz Estrobosc\u00f3pica Al\u00e1mbrica, 6-12VDC, Roja Compatible IHORN \/ RISCO \/ DSC \/ BOSCH"},"content":{"rendered":"<h5 class=\"card-title text-center\">SEC SL126QR<\/h5>\n<p>Modelo: SL126QR<\/p>\n<p>Voltaje de Operaci\u00f3n: 6-12 VCD<\/p>\n<p>Consumo de Corriente: 200mA@12VCD<\/p>\n<p>Velocidad de Flash: 90\/min@12VCD<\/p>\n<p>Brillo: 100.000 candelas de poder<\/p>\n<p>Proteccion electrica: Reversible (polaridad proteguida)<\/p>\n<p>Vida de operaci\u00f3n: Mas de 300 horas continuas \u00f3 2,000,000 flashes<\/p>\n<p>Operaci\u00f3n de temperatura: -30\u00b0 = -60\u00b0 C<\/p>\n<p>Tipo de base: Base tipo alto impacto negra ABS<\/p>\n<p>Lente: De alto impacto acr\u00edlico de alta calidad<\/p>\n<p>Dimensiones: 100&#215;74 mm (3 15\/16&#8243; 2 15\/16&#8243;)<\/p>\n<p>Estrobo de Xenon de alta calidad, ideal para instalaciones de intrusion compatible con DSC. RISCO Ihorn y Bosch, de alta calidad y candela, disponible solo en ROJO en este modelo.<\/p>\n<p>La marca SECOLARM se a caracterizado por ser eficiente y de alta calidad en sus productos, es por eso que optamos por ofrecerle este modelo indispensable para sus instalaciones de intrusion y sea complementario. este equipo es multivoltaje con rango de 6 hasta 12 volts ideal para cableados extendidos y suministros de caida de voltaje, su lus Xenon aplifica considerablemente la candela y ahorra espacio y potencia para el fin de la instalacion.<\/p>\n<p>Nota: Estrobo recomendado para instalaciones interiores<\/p>\n<p><img decoding=\"async\" class=\"overview-center-img-web\" src=\"https:\/\/tvc.mx\/media\/122254\/sl126qr.png\" alt=\"\" \/><\/p>\n","protected":false},"excerpt":{"rendered":"<p>SEC SL126QR Modelo: SL126QR Voltaje de Operaci\u00f3n: 6-12 VCD Consumo de Corriente: 200mA@12VCD Velocidad de Flash: 90\/min@12VCD Brillo: 100.000 candelas de poder Proteccion electrica: Reversible (polaridad proteguida) Vida de operaci\u00f3n: Mas de 300 horas continuas \u00f3 2,000,000 flashes Operaci\u00f3n de temperatura: -30\u00b0 = -60\u00b0 C&hellip;<\/p>\n","protected":false},"featured_media":4128,"comment_status":"open","ping_status":"closed","template":"","meta":{"om_disable_all_campaigns":false,"_monsterinsights_skip_tracking":false,"_monsterinsights_sitenote_active":false,"_monsterinsights_sitenote_note":"","_monsterinsights_sitenote_category":0},"product_brand":[],"product_cat":[292],"product_tag":[212,211,151],"class_list":{"0":"post-4129","1":"product","2":"type-product","3":"status-publish","4":"has-post-thumbnail","6":"product_cat-sirenas-alarmas-seco-larm","7":"product_tag-alarmas","8":"product_tag-alarmas-e-intrusion","9":"product_tag-seguridad","11":"first","12":"instock","13":"sale","14":"taxable","15":"shipping-taxable","16":"purchasable","17":"product-type-simple"},"aioseo_notices":[],"_links":{"self":[{"href":"https:\/\/tecsecmty.com\/index.php\/wp-json\/wp\/v2\/product\/4129","targetHints":{"allow":["GET"]}}],"collection":[{"href":"https:\/\/tecsecmty.com\/index.php\/wp-json\/wp\/v2\/product"}],"about":[{"href":"https:\/\/tecsecmty.com\/index.php\/wp-json\/wp\/v2\/types\/product"}],"replies":[{"embeddable":true,"href":"https:\/\/tecsecmty.com\/index.php\/wp-json\/wp\/v2\/comments?post=4129"}],"version-history":[{"count":0,"href":"https:\/\/tecsecmty.com\/index.php\/wp-json\/wp\/v2\/product\/4129\/revisions"}],"wp:featuredmedia":[{"embeddable":true,"href":"https:\/\/tecsecmty.com\/index.php\/wp-json\/wp\/v2\/media\/4128"}],"wp:attachment":[{"href":"https:\/\/tecsecmty.com\/index.php\/wp-json\/wp\/v2\/media?parent=4129"}],"wp:term":[{"taxonomy":"product_brand","embeddable":true,"href":"https:\/\/tecsecmty.com\/index.php\/wp-json\/wp\/v2\/product_brand?post=4129"},{"taxonomy":"product_cat","embeddable":true,"href":"https:\/\/tecsecmty.com\/index.php\/wp-json\/wp\/v2\/product_cat?post=4129"},{"taxonomy":"product_tag","embeddable":true,"href":"https:\/\/tecsecmty.com\/index.php\/wp-json\/wp\/v2\/product_tag?post=4129"}],"curies":[{"name":"wp","href":"https:\/\/api.w.org\/{rel}","templated":true}]}}