{"id":4137,"date":"2023-02-23T00:31:26","date_gmt":"2023-02-23T06:31:26","guid":{"rendered":"https:\/\/tecsecmty.com\/index.php\/producto\/dahua-dhi-ark30t-w2-teclado-inalambrico-interior-touch-para-armado-y-desarmado-soporta-hasta-32-usuarios-con-pin-o-tarjetas-mifare-indicadores-led-de-status-del-hub-alarma-de-bateria-baja-l\/"},"modified":"2023-03-22T23:22:30","modified_gmt":"2023-03-23T05:22:30","slug":"dahua-dhi-ark30t-w2-teclado-inalambrico-interior-touch-para-armado-y-desarmado-soporta-hasta-32-usuarios-con-pin-o-tarjetas-mifare-indicadores-led-de-status-del-hub-alarma-de-bateria-baja-l","status":"publish","type":"product","link":"https:\/\/tecsecmty.com\/index.php\/producto\/dahua-dhi-ark30t-w2-teclado-inalambrico-interior-touch-para-armado-y-desarmado-soporta-hasta-32-usuarios-con-pin-o-tarjetas-mifare-indicadores-led-de-status-del-hub-alarma-de-bateria-baja-l\/","title":{"rendered":"DAHUA DHI-ARK30T-W2 &#8211; Teclado Inal\u00e1mbrico Interior Touch para Armado y Desarmado \/ Soporta hasta 32 usuarios con Pin o Tarjetas Mifare \/ Indicadores Led de Status del Hub \/ Alarma de Bater\u00eda Baja \/ #LoNuevo #AlarmasDahua"},"content":{"rendered":"<div class=\"row aling-items-center padding-bottom-2x\">\n<div class=\"col-lg-12\">\n<h5 class=\"card-title text-center\">Informaci\u00f3n General<\/h5>\n<h2>Teclado inal\u00e1mbrico<\/h2>\n<p class=\"ql-align-justify\">El teclado inal\u00e1mbrico se utiliza con el concentrador de alarmas (Hub) y se pueden dar de alta varios usuarios, lo que permite que cada uno acceda al sistema de seguridad de alarma con su propia contrase\u00f1a privada o con una tarjeta IC. El sistema tambi\u00e9n mantiene convenientemente un registro de las operaciones realizadas por cada usuario, lo que facilita la revisi\u00f3n y el an\u00e1lisis del historial de uso.<\/p>\n<p>Se pueden configurar 3 tipos de alarmas directo en el teclado: m\u00e9dica, incendio, emergencia.<\/p>\n<h2>Principales caracter\u00edsticas:<\/h2>\n<ul>\n<li>Luz indicadora de 4 estados del Hub (comunicaci\u00f3n, armado y desarmado, falla y alarma)<\/li>\n<li>Teclado Touch con ajuste de brillo<\/li>\n<li>Zumbador incorporado<\/li>\n<li>Tamper antisabotaje<\/li>\n<li>Medici\u00f3n y Alarma de bater\u00eda baja del dispositivo<\/li>\n<li>Medici\u00f3n de temperatura ambiente<\/li>\n<li>Detecci\u00f3n de intensidad de se\u00f1al entre el dispositivo y el Hub<\/li>\n<li>Vinculaci\u00f3n Alarma &#8211; Sirena, cuando se activa una alarma, el sensor informar\u00e1 los eventos de alarma al hub y alertar\u00e1n con una sirena y el zumbador del teclado<\/li>\n<li>La funci\u00f3n de salto de frecuencia y la tecnolog\u00eda de comunicaci\u00f3n bidireccional garantizan la estabilidad de la comunicaci\u00f3n<\/li>\n<li>Actualizaci\u00f3n en la nube y recuperaci\u00f3n autom\u00e1tica de errores de actualizaci\u00f3n<\/li>\n<\/ul>\n<p><img decoding=\"async\" class=\"overview-center-img-web\" src=\"https:\/\/tvc.mx\/media\/482292\/Alarma_Teclado_RF_Mifare_Inalambrico_Salto_Frecuencia_Dahua_DHI-ARK30T-W2_Over_Ppal.png\" alt=\"\" \/><\/div>\n<\/div>\n<div class=\"row align-items-center padding-bottom-2x\">\n<div class=\"col-md-5\"><img decoding=\"async\" class=\"d-block m-auto img-thumbnail\" src=\"https:\/\/tvc.mx\/media\/482314\/Alarma_Teclado_RF_Mifare_Inalambrico_Salto_Frecuencia_Dahua_DHI-ARK30T-W2_Over_M.png\" alt=\" \" \/><\/div>\n<div class=\"col-md-7 text-md-left text-center\">\n<h2>Especificaciones<\/h2>\n<p class=\"text-muted\">\n<ul>\n<li>Fuente de alimentaci\u00f3n 4 pilas AA incluidas<\/li>\n<li>Duraci\u00f3n de la bater\u00eda hasta 3 a\u00f1os (si el dispositivo se usa para armar y desarmar una vez al d\u00eda)<\/li>\n<li>Dimensiones producto 146,0 mm \u00d7 82,0 mm \u00d7 22,6 mm (Largo \u00d7 Ancho \u00d7 Alto)<\/li>\n<li>Dimensiones empaque 180,0 mm \u00d7 104,0 mm \u00d7 58,0 mm (Largo \u00d7 Ancho \u00d7 Alto)<\/li>\n<li>Peso bruto 370 g<\/li>\n<li>Funci\u00f3n de salto de frecuencia (433,1 MHz\u2013434,6 MHz) y tecnolog\u00eda de comunicaci\u00f3n bidireccional encriptada en AES128 garantizando la estabilidad de la comunicaci\u00f3n<\/li>\n<li>Temperatura de funcionamiento en interior de \u2013 10 \u00b0C a +55 \u00b0C<\/li>\n<li>Montaje con tapa a pared (incluye tornillos y taquetes)<\/li>\n<\/ul>\n<\/div>\n<\/div>\n","protected":false},"excerpt":{"rendered":"<p>Informaci\u00f3n General Teclado inal\u00e1mbrico El teclado inal\u00e1mbrico se utiliza con el concentrador de alarmas (Hub) y se pueden dar de alta varios usuarios, lo que permite que cada uno acceda al sistema de seguridad de alarma con su propia contrase\u00f1a privada o con una tarjeta&hellip;<\/p>\n","protected":false},"featured_media":4136,"comment_status":"open","ping_status":"closed","template":"","meta":{"om_disable_all_campaigns":false,"_monsterinsights_skip_tracking":false,"_monsterinsights_sitenote_active":false,"_monsterinsights_sitenote_note":"","_monsterinsights_sitenote_category":0},"product_brand":[],"product_cat":[294],"product_tag":[212,211,151],"class_list":{"0":"post-4137","1":"product","2":"type-product","3":"status-publish","4":"has-post-thumbnail","6":"product_cat-teclados-alarmas-dahua-alarmas-intrusion","7":"product_tag-alarmas","8":"product_tag-alarmas-e-intrusion","9":"product_tag-seguridad","11":"first","12":"instock","13":"sale","14":"taxable","15":"shipping-taxable","16":"purchasable","17":"product-type-simple"},"aioseo_notices":[],"_links":{"self":[{"href":"https:\/\/tecsecmty.com\/index.php\/wp-json\/wp\/v2\/product\/4137","targetHints":{"allow":["GET"]}}],"collection":[{"href":"https:\/\/tecsecmty.com\/index.php\/wp-json\/wp\/v2\/product"}],"about":[{"href":"https:\/\/tecsecmty.com\/index.php\/wp-json\/wp\/v2\/types\/product"}],"replies":[{"embeddable":true,"href":"https:\/\/tecsecmty.com\/index.php\/wp-json\/wp\/v2\/comments?post=4137"}],"version-history":[{"count":0,"href":"https:\/\/tecsecmty.com\/index.php\/wp-json\/wp\/v2\/product\/4137\/revisions"}],"wp:featuredmedia":[{"embeddable":true,"href":"https:\/\/tecsecmty.com\/index.php\/wp-json\/wp\/v2\/media\/4136"}],"wp:attachment":[{"href":"https:\/\/tecsecmty.com\/index.php\/wp-json\/wp\/v2\/media?parent=4137"}],"wp:term":[{"taxonomy":"product_brand","embeddable":true,"href":"https:\/\/tecsecmty.com\/index.php\/wp-json\/wp\/v2\/product_brand?post=4137"},{"taxonomy":"product_cat","embeddable":true,"href":"https:\/\/tecsecmty.com\/index.php\/wp-json\/wp\/v2\/product_cat?post=4137"},{"taxonomy":"product_tag","embeddable":true,"href":"https:\/\/tecsecmty.com\/index.php\/wp-json\/wp\/v2\/product_tag?post=4137"}],"curies":[{"name":"wp","href":"https:\/\/api.w.org\/{rel}","templated":true}]}}