{"id":4143,"date":"2023-02-23T00:31:30","date_gmt":"2023-02-23T06:31:30","guid":{"rendered":"https:\/\/tecsecmty.com\/index.php\/producto\/dsc-hs2icnrf9-teclado-cableado-de-iconos-con-transceptor-power-g-integrado-128-zonas-compatible-con-neo\/"},"modified":"2023-03-22T23:23:17","modified_gmt":"2023-03-23T05:23:17","slug":"dsc-hs2icnrf9-teclado-cableado-de-iconos-con-transceptor-power-g-integrado-128-zonas-compatible-con-neo","status":"publish","type":"product","link":"https:\/\/tecsecmty.com\/index.php\/producto\/dsc-hs2icnrf9-teclado-cableado-de-iconos-con-transceptor-power-g-integrado-128-zonas-compatible-con-neo\/","title":{"rendered":"DSC HS2ICNRF9 &#8211; Teclado Cableado de Iconos con Transceptor Power G integrado 128 zonas compatible con NEO"},"content":{"rendered":"<div class=\"row aling-items-center padding-bottom-2x\">\n<div class=\"col-lg-12\">\n<h5 class=\"card-title text-center\">Informaci\u00f3n General<\/h5>\n<p>Teclado de \u00edconos de la serie Power Neo, con un dise\u00f1o delgado y moderno, patanlla de LCD azul, con luz de fondo y zumbador ajustable.<\/p>\n<p>Cuenta con receptor integrado y lector de proximidad<\/p>\n<h2><strong>Caracter\u00edsticas<\/strong><\/h2>\n<ul data-checked=\"false\">\n<li>Se admiten hasta 128 zonas cableadas o inal\u00e1mbricas<\/li>\n<li>Teclado horizontal moderno y delgado<\/li>\n<li>Teclas retroiluminadas blancas<\/li>\n<li>Pantalla LCD azul<\/li>\n<li>5 teclas de funci\u00f3n programables<\/li>\n<li>Terminal de entrada \/ salida<\/li>\n<li>Llaves de incendio, m\u00e9dicas y de p\u00e1nico.<\/li>\n<li>Luz de fondo ajustable y teclado zumbador<\/li>\n<li>Disponible con teclas de funci\u00f3n en ingl\u00e9s<\/li>\n<li>Proximidad con etiquetas MPT mini prox<\/li>\n<li>Certificado con el listado de robo comercial inal\u00e1mbrico ULC bajo el est\u00e1ndar ULC-S304-16<\/li>\n<li>Disponible en tres opciones de visualizaci\u00f3n: mensaje completo LCD de 2&#215;16 caracteres, ICON<\/li>\n<li>Pantalla azul en las versiones LCD e ICON<\/li>\n<li>Botones grandes y blancos con teclado retroiluminado<\/li>\n<li>E \/ S para zona o salida programable<\/li>\n<li>5 teclas de funci\u00f3n programables<\/li>\n<li>3 teclas de p\u00e1nico separadas<\/li>\n<li>Luz de fondo ajustable y zumbador de teclado<\/li>\n<li>M\u00faltiples campanas de puerta por zona<\/li>\n<li>Soporta 8 particiones<\/li>\n<li>Sabotaje de montaje delantero y trasero<\/li>\n<li>Prox. Etiqueta (opcional)<\/li>\n<li>Con transceptor PowerG incorporado (opcional)<\/li>\n<li>Bisagra de montaje f\u00e1cil de instalar.<\/li>\n<li>Montaje en caja de superficie o de una unidad<\/li>\n<li>Firmware remoto actualizableCompatible con los sistemas PowerSeries Neo<\/li>\n<\/ul>\n<h2><strong>Especificaciones<\/strong><\/h2>\n<p class=\"ql-align-justify\"><strong>Dimensiones<\/strong><\/p>\n<p class=\"ql-align-justify\">(L x W x D): 168 mm x 122 mm x 20 mm<\/p>\n<p class=\"ql-align-justify\"><strong>\u00c1rea visible del LCD<\/strong><\/p>\n<p class=\"ql-align-justify\">99 mm x 24 mm<\/p>\n<p class=\"ql-align-justify\"><strong>Consumo de corriente<\/strong><\/p>\n<p class=\"ql-align-justify\">125 mA (M\u00e1x. )<\/p>\n<p class=\"ql-align-justify\"><strong>\u00a0HS2ICN<\/strong><\/p>\n<p class=\"ql-align-justify\">60 mA<\/p>\n<p class=\"ql-align-justify\"><strong>Voltaje<\/strong><\/p>\n<p class=\"ql-align-justify\">12 VDC nominal<\/p>\n<p class=\"ql-align-justify\"><strong>Entorno operativo<\/strong><\/p>\n<p class=\"ql-align-justify\">-10 \u00b0 C a 55 \u00b0 C<\/p>\n<h2 class=\"ql-align-justify\"><strong>Compatibilidad<\/strong><\/h2>\n<p class=\"ql-align-justify\">Los teclados son compatibles con todos los PowerSeries Neo<\/p>\n<p class=\"ql-align-justify\">paneles de control<\/p>\n<p><img decoding=\"async\" class=\"overview-center-img-web\" src=\"https:\/\/tvc.mx\/media\/427011\/HS2ICNRF9-G.png\" alt=\"\" \/><\/div>\n<\/div>\n<div class=\"row align-items-center padding-bottom-2x\">\n<div class=\"col-md-5\"><img decoding=\"async\" class=\"d-block m-auto img-thumbnail\" src=\"https:\/\/tvc.mx\/media\/427099\/Incluye.png\" alt=\" \" \/><\/div>\n<div class=\"col-md-7 text-md-left text-center\">\n<h2>Incluye<\/h2>\n<p class=\"text-muted\">\n<ul>\n<li>Teclado de \u00edconos con Transceptor.<\/li>\n<li>Manual de instalaci\u00f3n.<\/li>\n<li>Taquete y pijas para fijar.<\/li>\n<li>Bot\u00f3n de tamper.<\/li>\n<\/ul>\n<p>&nbsp;<\/p>\n<\/div>\n<\/div>\n<hr class=\"padding-bottom-2x\" \/>\n<div class=\"row aling-items-center padding-bottom-2x\">\n<div class=\"col-lg-12\">\n<h5 class=\"card-title text-center\">Tecnolog\u00eda PowerG<\/h5>\n<h2>Pioneros en la tecnolog\u00eda inal\u00e1mbrica habilitada con PowerG para una seguridad c\u00f3moda y sin compromisos<\/h2>\n<p>Los dispositivos inal\u00e1mbricos PowerG funcionan con tecnolog\u00eda de vanguardia y ofrecen una fiabilidad y un rendimiento \u00f3ptimos. La integraci\u00f3n bidireccional inal\u00e1mbrica PowerG refuerza la seguridad de sus instalaciones con escalabilidad de alto nivel y capacidad de ampliaci\u00f3n de la red de seguridad. Esta tecnolog\u00eda innovadora permite a los usuarios integrar y reforzar todo el ecosistema de dispositivos en sus instalaciones, d\u00e1ndoles un control sin problemas sobre su propia seguridad.<\/p>\n<p><img decoding=\"async\" class=\"overview-center-img-web\" src=\"https:\/\/tvc.mx\/media\/427171\/Power-g1.png\" alt=\"\" \/><\/div>\n<\/div>\n","protected":false},"excerpt":{"rendered":"<p>Informaci\u00f3n General Teclado de \u00edconos de la serie Power Neo, con un dise\u00f1o delgado y moderno, patanlla de LCD azul, con luz de fondo y zumbador ajustable. Cuenta con receptor integrado y lector de proximidad Caracter\u00edsticas Se admiten hasta 128 zonas cableadas o inal\u00e1mbricas Teclado&hellip;<\/p>\n","protected":false},"featured_media":4142,"comment_status":"open","ping_status":"closed","template":"","meta":{"om_disable_all_campaigns":false,"_monsterinsights_skip_tracking":false,"_monsterinsights_sitenote_active":false,"_monsterinsights_sitenote_note":"","_monsterinsights_sitenote_category":0},"product_brand":[],"product_cat":[295],"product_tag":[212,211,151],"class_list":{"0":"post-4143","1":"product","2":"type-product","3":"status-publish","4":"has-post-thumbnail","6":"product_cat-teclados-alarmas-dsc","7":"product_tag-alarmas","8":"product_tag-alarmas-e-intrusion","9":"product_tag-seguridad","11":"first","12":"instock","13":"sale","14":"taxable","15":"shipping-taxable","16":"purchasable","17":"product-type-simple"},"aioseo_notices":[],"_links":{"self":[{"href":"https:\/\/tecsecmty.com\/index.php\/wp-json\/wp\/v2\/product\/4143","targetHints":{"allow":["GET"]}}],"collection":[{"href":"https:\/\/tecsecmty.com\/index.php\/wp-json\/wp\/v2\/product"}],"about":[{"href":"https:\/\/tecsecmty.com\/index.php\/wp-json\/wp\/v2\/types\/product"}],"replies":[{"embeddable":true,"href":"https:\/\/tecsecmty.com\/index.php\/wp-json\/wp\/v2\/comments?post=4143"}],"version-history":[{"count":0,"href":"https:\/\/tecsecmty.com\/index.php\/wp-json\/wp\/v2\/product\/4143\/revisions"}],"wp:featuredmedia":[{"embeddable":true,"href":"https:\/\/tecsecmty.com\/index.php\/wp-json\/wp\/v2\/media\/4142"}],"wp:attachment":[{"href":"https:\/\/tecsecmty.com\/index.php\/wp-json\/wp\/v2\/media?parent=4143"}],"wp:term":[{"taxonomy":"product_brand","embeddable":true,"href":"https:\/\/tecsecmty.com\/index.php\/wp-json\/wp\/v2\/product_brand?post=4143"},{"taxonomy":"product_cat","embeddable":true,"href":"https:\/\/tecsecmty.com\/index.php\/wp-json\/wp\/v2\/product_cat?post=4143"},{"taxonomy":"product_tag","embeddable":true,"href":"https:\/\/tecsecmty.com\/index.php\/wp-json\/wp\/v2\/product_tag?post=4143"}],"curies":[{"name":"wp","href":"https:\/\/api.w.org\/{rel}","templated":true}]}}