{"id":4145,"date":"2023-02-23T00:31:31","date_gmt":"2023-02-23T06:31:31","guid":{"rendered":"https:\/\/tecsecmty.com\/index.php\/producto\/dsc-hs2lcdn-teclado-cableado-lcd-alfanumerico-de-32-caracteres-admite-128-zonas-compatible-con-neo\/"},"modified":"2023-03-22T23:23:17","modified_gmt":"2023-03-23T05:23:17","slug":"dsc-hs2lcdn-teclado-cableado-lcd-alfanumerico-de-32-caracteres-admite-128-zonas-compatible-con-neo","status":"publish","type":"product","link":"https:\/\/tecsecmty.com\/index.php\/producto\/dsc-hs2lcdn-teclado-cableado-lcd-alfanumerico-de-32-caracteres-admite-128-zonas-compatible-con-neo\/","title":{"rendered":"DSC HS2LCDN &#8211; Teclado Cableado LCD Alfanum\u00e9rico de 32 caracteres admite 128 zonas compatible con NEO"},"content":{"rendered":"<div class=\"row aling-items-center padding-bottom-2x\">\n<div class=\"col-lg-12\">\n<h5 class=\"card-title text-center\">Descripci\u00f3n<\/h5>\n<p>Este teclado proporciona operaci\u00f3n b\u00e1sica del sistema y programaci\u00f3n del sistema para cualquier sistema de alarma PowerSeries NEO. Se conecta directamente al Corbus en el panel de alarma.<\/p>\n<p>El DSC HS2LCD N es ideal para usar como teclado de sistema primario o secundario. Poder programar localmente su sistema es una funci\u00f3n esencial para cualquier usuario de bricolaje. Puede agregar nuevos sensores, editar zonas y ajustar la configuraci\u00f3n del sistema con facilidad. Los usuarios habituales apreciar\u00e1n la capacidad de usar el teclado para funciones simples como armar y desarmar. Esto lo convierte en un teclado ideal tanto para instaladores como para usuarios finales. Tambi\u00e9n hay una campana incorporada para identificar cu\u00e1ndo fallan las zonas. Puede agregar hasta ocho (8) teclados en la mayor\u00eda de los sistemas PowerSeries NEO y 16 en el DSC HS2128NK NEO de 128 zonas.<\/p>\n<p><strong>Caracter\u00edsticas:<\/strong><\/p>\n<ul>\n<li>Tiene una pantalla de 32 caracteres y se puede usar para programar todas las zonas cableadas o inal\u00e1mbricas del sistema.<\/li>\n<li>Recuerde, necesitar\u00e1 un transceptor inal\u00e1mbrico para usar zonas inal\u00e1mbricas.<\/li>\n<li>El teclado ofrece una programaci\u00f3n completa del men\u00fa y el estado de la partici\u00f3n global para la comodidad del usuario final.<\/li>\n<li>Tiene soporte para seis (6) idiomas diferentes.<\/li>\n<li>Hay cinco (5) teclas de funci\u00f3n programables y pantalla de temperatura exterior.<\/li>\n<li>Las teclas retroiluminadas y una pantalla LCD azul retroiluminada ajustable facilitan el uso del teclado por la noche.<\/li>\n<li>Tambi\u00e9n se incluyen teclas de incendio, m\u00e9dicas y de p\u00e1nico, adem\u00e1s de un terminal de entrada \/ salida.<\/li>\n<li>El teclado mide 168 mm x 122 mm x 20 mm.<\/li>\n<\/ul>\n<p><strong>Especificaciones:<\/strong><\/p>\n<ul>\n<li>Rango de temperatura: &#8211; 10\u00b0C a +55\u00b0C<\/li>\n<li>Humedad (max) 93% humedad relativa sin condensaci\u00f3n<\/li>\n<li>Grado de protecci\u00f3n del alojamiento de pl\u00e1stico IP30, IK40<\/li>\n<li>Voltaje nominal: 13,8 VCC nominal (alimentaci\u00f3n proporcionada con el panel de control compatible).<\/li>\n<li>Se conecta con el panel de control mediante el Corbus de 4 hilos.<\/li>\n<li>1 entrada de zonas o la salida de PGM configurable<\/li>\n<li>Consumo de corriente: 55 mA (min) \/ 105 mA (max).<\/li>\n<li>Protecci\u00f3n contra manipulaci\u00f3n para montaje en pared<\/li>\n<li>5 teclas de funci\u00f3n programables<\/li>\n<li>Listo (LED verde), Armado (LED Rojo), Aver\u00eda (LED Amarillo), CA (LED Verde)<\/li>\n<li>Dimensiones: (Largo x Ancho x Profundo): 168mm x 122 mm x 20mm.<\/li>\n<li>Peso:260g<\/li>\n<li>Sensor de baja temperatura<\/li>\n<li>Frecuencia: 43 MHz.<\/li>\n<li>Hasta:128 zonas inal\u00e1mbricas.<\/li>\n<\/ul>\n<p><img decoding=\"async\" class=\"overview-center-img-web\" src=\"https:\/\/tvc.mx\/media\/427043\/HS2LCDN-G.png\" alt=\"\" \/><\/div>\n<\/div>\n<div class=\"row align-items-center padding-bottom-2x\">\n<div class=\"col-md-5\"><img decoding=\"async\" class=\"d-block m-auto img-thumbnail\" src=\"https:\/\/tvc.mx\/media\/427083\/Incluye.png\" alt=\" \" \/><\/div>\n<div class=\"col-md-7 text-md-left text-center\">\n<h2>Incluye<\/h2>\n<p class=\"text-muted\">\n<ul>\n<li>Teclado cableado.<\/li>\n<li>Manual de instalaci\u00f3n.<\/li>\n<li>Taquetes y pijas para fijar.<\/li>\n<li>Bot\u00f3n de tamper.<\/li>\n<\/ul>\n<\/div>\n<\/div>\n","protected":false},"excerpt":{"rendered":"<p>Descripci\u00f3n Este teclado proporciona operaci\u00f3n b\u00e1sica del sistema y programaci\u00f3n del sistema para cualquier sistema de alarma PowerSeries NEO. Se conecta directamente al Corbus en el panel de alarma. El DSC HS2LCD N es ideal para usar como teclado de sistema primario o secundario. Poder&hellip;<\/p>\n","protected":false},"featured_media":4144,"comment_status":"open","ping_status":"closed","template":"","meta":{"om_disable_all_campaigns":false,"_monsterinsights_skip_tracking":false,"_monsterinsights_sitenote_active":false,"_monsterinsights_sitenote_note":"","_monsterinsights_sitenote_category":0},"product_brand":[],"product_cat":[295],"product_tag":[212,211,151],"class_list":{"0":"post-4145","1":"product","2":"type-product","3":"status-publish","4":"has-post-thumbnail","6":"product_cat-teclados-alarmas-dsc","7":"product_tag-alarmas","8":"product_tag-alarmas-e-intrusion","9":"product_tag-seguridad","11":"first","12":"instock","13":"sale","14":"taxable","15":"shipping-taxable","16":"purchasable","17":"product-type-simple"},"aioseo_notices":[],"_links":{"self":[{"href":"https:\/\/tecsecmty.com\/index.php\/wp-json\/wp\/v2\/product\/4145","targetHints":{"allow":["GET"]}}],"collection":[{"href":"https:\/\/tecsecmty.com\/index.php\/wp-json\/wp\/v2\/product"}],"about":[{"href":"https:\/\/tecsecmty.com\/index.php\/wp-json\/wp\/v2\/types\/product"}],"replies":[{"embeddable":true,"href":"https:\/\/tecsecmty.com\/index.php\/wp-json\/wp\/v2\/comments?post=4145"}],"version-history":[{"count":0,"href":"https:\/\/tecsecmty.com\/index.php\/wp-json\/wp\/v2\/product\/4145\/revisions"}],"wp:featuredmedia":[{"embeddable":true,"href":"https:\/\/tecsecmty.com\/index.php\/wp-json\/wp\/v2\/media\/4144"}],"wp:attachment":[{"href":"https:\/\/tecsecmty.com\/index.php\/wp-json\/wp\/v2\/media?parent=4145"}],"wp:term":[{"taxonomy":"product_brand","embeddable":true,"href":"https:\/\/tecsecmty.com\/index.php\/wp-json\/wp\/v2\/product_brand?post=4145"},{"taxonomy":"product_cat","embeddable":true,"href":"https:\/\/tecsecmty.com\/index.php\/wp-json\/wp\/v2\/product_cat?post=4145"},{"taxonomy":"product_tag","embeddable":true,"href":"https:\/\/tecsecmty.com\/index.php\/wp-json\/wp\/v2\/product_tag?post=4145"}],"curies":[{"name":"wp","href":"https:\/\/api.w.org\/{rel}","templated":true}]}}