{"id":4147,"date":"2023-02-23T00:31:33","date_gmt":"2023-02-23T06:31:33","guid":{"rendered":"https:\/\/tecsecmty.com\/index.php\/producto\/dsc-hs2lcdpn-teclado-cableado-lcd-alfanumerico-con-lector-de-proximidad-de-32-caracteres-admite-128-zonas-compatible-con-neo\/"},"modified":"2023-03-22T23:23:17","modified_gmt":"2023-03-23T05:23:17","slug":"dsc-hs2lcdpn-teclado-cableado-lcd-alfanumerico-con-lector-de-proximidad-de-32-caracteres-admite-128-zonas-compatible-con-neo","status":"publish","type":"product","link":"https:\/\/tecsecmty.com\/index.php\/producto\/dsc-hs2lcdpn-teclado-cableado-lcd-alfanumerico-con-lector-de-proximidad-de-32-caracteres-admite-128-zonas-compatible-con-neo\/","title":{"rendered":"DSC HS2LCDPN &#8211; Teclado Cableado LCD Alfanum\u00e9rico con Lector de Proximidad de 32 caracteres admite 128 zonas compatible con NEO"},"content":{"rendered":"<h5 class=\"card-title text-center\">Descripci\u00f3n<\/h5>\n<p class=\"ql-align-justify\"><strong>Descripci\u00f3n comercial<\/strong><\/p>\n<p class=\"ql-align-justify\">Teclado alfanum\u00e9rico de la serie power neo, con un dise\u00f1o delgado y moderno, pantalla de lcd azul, con luz de fondo y zumbador ajustable. Con lector de proximidad<\/p>\n<p class=\"ql-align-justify\"><strong>Descripci\u00f3n t\u00e9cnica<\/strong><\/p>\n<p class=\"ql-align-justify\">Teclado alfanum\u00e9rico con proximidad, soporta hasta 128 zonas, incluye borne para zona cableada, pantalla de lcd azul, cuenta con 5 teclas programables, teclas de fuego, medica y p\u00e1nico.<\/p>\n<ul>\n<li class=\"ql-align-justify\">Soporte de 6 idiomas<\/li>\n<li class=\"ql-align-justify\">Estado de partici\u00f3n global<\/li>\n<li class=\"ql-align-justify\">Se admiten hasta 128 zonas cableadas o inal\u00e1mbricas<\/li>\n<li class=\"ql-align-justify\">Etiquetas programables completas de 32 caracteres<\/li>\n<li class=\"ql-align-justify\">Programacion de menu<\/li>\n<li class=\"ql-align-justify\">Teclado horizontal moderno y delgado<\/li>\n<li class=\"ql-align-justify\">Teclas retroiluminadas blancas<\/li>\n<li class=\"ql-align-justify\">Pantalla lcd azul<\/li>\n<li class=\"ql-align-justify\">Muestra la temperatura exterior<\/li>\n<li class=\"ql-align-justify\">5 teclas de funci\u00f3n programables<\/li>\n<li class=\"ql-align-justify\">Programaci\u00f3n intuitiva del reloj<\/li>\n<li class=\"ql-align-justify\">Terminal de entrada \/ salida<\/li>\n<li class=\"ql-align-justify\">Llaves de incendio, m\u00e9dicas y de p\u00e1nico.<\/li>\n<li class=\"ql-align-justify\">Luz de fondo ajustable y teclado zumbador<\/li>\n<li class=\"ql-align-justify\">Sabotaje doble de montaje en pared y tapa frontal<\/li>\n<li class=\"ql-align-justify\">Disponible con teclas de funci\u00f3n en ingl\u00e9s<\/li>\n<li class=\"ql-align-justify\">Proximidad con etiquetas mpt mini prox<\/li>\n<\/ul>\n<p class=\"ql-align-justify\"><strong>Beneficios adicionales<\/strong><\/p>\n<p class=\"ql-align-justify\">Cuenta con lector de proximidad, se le pueden cargar etiquetas personalizadas a zonas o particiones.<\/p>\n<p class=\"ql-align-justify\"><strong>Para que sirve<\/strong><\/p>\n<p class=\"ql-align-justify\">Permite al usuario el arme y desarme de el sistema de intrusi\u00f3n, adem\u00e1s, cuenta con 5 teclas programables de acceso r\u00e1pido a funciones especificas.<\/p>\n<p class=\"ql-align-justify\"><strong>Compatibilidad<\/strong><\/p>\n<p class=\"ql-align-justify\">Panel de alarma hs2032, hs2064, hs2128<\/p>\n<p class=\"ql-align-justify\"><strong>Notas adicionales<\/strong><\/p>\n<p class=\"ql-align-justify\">Proximidad con mini credenciales mpt<\/p>\n<p><img decoding=\"async\" class=\"overview-center-img-web\" src=\"https:\/\/tvc.mx\/media\/30045\/banner.png\" alt=\"\" \/><\/p>\n","protected":false},"excerpt":{"rendered":"<p>Descripci\u00f3n Descripci\u00f3n comercial Teclado alfanum\u00e9rico de la serie power neo, con un dise\u00f1o delgado y moderno, pantalla de lcd azul, con luz de fondo y zumbador ajustable. Con lector de proximidad Descripci\u00f3n t\u00e9cnica Teclado alfanum\u00e9rico con proximidad, soporta hasta 128 zonas, incluye borne para zona&hellip;<\/p>\n","protected":false},"featured_media":4146,"comment_status":"open","ping_status":"closed","template":"","meta":{"om_disable_all_campaigns":false,"_monsterinsights_skip_tracking":false,"_monsterinsights_sitenote_active":false,"_monsterinsights_sitenote_note":"","_monsterinsights_sitenote_category":0},"product_brand":[],"product_cat":[295],"product_tag":[212,211,151],"class_list":{"0":"post-4147","1":"product","2":"type-product","3":"status-publish","4":"has-post-thumbnail","6":"product_cat-teclados-alarmas-dsc","7":"product_tag-alarmas","8":"product_tag-alarmas-e-intrusion","9":"product_tag-seguridad","11":"first","12":"instock","13":"sale","14":"taxable","15":"shipping-taxable","16":"purchasable","17":"product-type-simple"},"aioseo_notices":[],"_links":{"self":[{"href":"https:\/\/tecsecmty.com\/index.php\/wp-json\/wp\/v2\/product\/4147","targetHints":{"allow":["GET"]}}],"collection":[{"href":"https:\/\/tecsecmty.com\/index.php\/wp-json\/wp\/v2\/product"}],"about":[{"href":"https:\/\/tecsecmty.com\/index.php\/wp-json\/wp\/v2\/types\/product"}],"replies":[{"embeddable":true,"href":"https:\/\/tecsecmty.com\/index.php\/wp-json\/wp\/v2\/comments?post=4147"}],"version-history":[{"count":0,"href":"https:\/\/tecsecmty.com\/index.php\/wp-json\/wp\/v2\/product\/4147\/revisions"}],"wp:featuredmedia":[{"embeddable":true,"href":"https:\/\/tecsecmty.com\/index.php\/wp-json\/wp\/v2\/media\/4146"}],"wp:attachment":[{"href":"https:\/\/tecsecmty.com\/index.php\/wp-json\/wp\/v2\/media?parent=4147"}],"wp:term":[{"taxonomy":"product_brand","embeddable":true,"href":"https:\/\/tecsecmty.com\/index.php\/wp-json\/wp\/v2\/product_brand?post=4147"},{"taxonomy":"product_cat","embeddable":true,"href":"https:\/\/tecsecmty.com\/index.php\/wp-json\/wp\/v2\/product_cat?post=4147"},{"taxonomy":"product_tag","embeddable":true,"href":"https:\/\/tecsecmty.com\/index.php\/wp-json\/wp\/v2\/product_tag?post=4147"}],"curies":[{"name":"wp","href":"https:\/\/api.w.org\/{rel}","templated":true}]}}